{"id":1804,"date":"2026-02-28T00:55:30","date_gmt":"2026-02-28T03:55:30","guid":{"rendered":"https:\/\/bibliotecajuridicavirtual.cl\/?post_type=product&#038;p=1804"},"modified":"2026-02-28T00:55:55","modified_gmt":"2026-02-28T03:55:55","slug":"el-mandato-en-la-jurisprudencia-jose-luis-zavala-ortiz-1-edicion-actualizada-ano-2024-191-paginas","status":"publish","type":"product","link":"https:\/\/bibliotecajuridicavirtual.cl\/index.php\/product\/el-mandato-en-la-jurisprudencia-jose-luis-zavala-ortiz-1-edicion-actualizada-ano-2024-191-paginas\/","title":{"rendered":"El Mandato en la Jurisprudencia &#8211; Jos\u00e9 Luis Zavala Ortiz &#8211; 1\u00b0 edici\u00f3n actualizada a\u00f1o 2024 &#8211; 191 P\u00e1ginas"},"content":{"rendered":"<p style=\"font-weight: 400;\">El mandato como contrato tiene una relevancia pr\u00e1ctica en el Derecho que ha significado que numerosas controversias jur\u00eddicas sean llevadas a los tribunales, fijando la Primera Sala de la Corte Suprema y las Cortes de Apelaciones diversos criterios jurisprudenciales.<\/p>\n<p style=\"font-weight: 400;\">Este libro pretende describir dichos criterios y soluciones judiciales, identificando c\u00f3mo se han analizado los elementos esenciales de este contrato; las formalidades y aceptaci\u00f3n de parte del mandatario; la administraci\u00f3n y obligaciones del mandatario y del mandante; el mandato falso, aparente e inexistente; el mandato t\u00e1cito y rec\u00edproco; la extinci\u00f3n del mandato, el mandato judicial y el corretaje.<\/p>\n<p style=\"font-weight: 400;\">Los criterios jurisprudencia se presentan con un t\u00edtulo descriptivo de cada sentencia, un sumario de la misma y los datos objetivos del fallo, esto es Corte y Rol.<\/p>\n<p style=\"font-weight: 400;\">El autor espera aportar con este libro en el ejercicio de la pr\u00e1ctica jur\u00eddica por abogados y dem\u00e1s operadores jur\u00eddicos.<\/p>\n<p style=\"font-weight: 400;\"><b><strong>PRIMERA PARTE<\/strong><\/b><br \/>\n<b><strong>ELEMENTOS ESENCIALES DEL MANDATO<\/strong><\/b><\/p>\n<ol>\n<li style=\"font-weight: 400;\">Elementos esenciales del mandato<br \/>\n2. Diferencias entre el mandato y representaci\u00f3n<br \/>\n3. Alcance de expresi\u00f3n \u201cnegocio\u201d<br \/>\n4. Es elemento caracter\u00edstico del mandato que mandatario obre \u201cpor cuenta y riesgo\u201d del mandante<\/li>\n<\/ol>\n<p style=\"font-weight: 400;\"><b><strong>SEGUNDA PARTE<\/strong><\/b><br \/>\n<b><strong>FORMALIDADES Y ACEPTACI\u00d3N DEL MANDATO<\/strong><\/b><\/p>\n<ol>\n<li style=\"font-weight: 400;\"><b><strong> Formalidades del mandato<\/strong><\/b><\/li>\n<li style=\"font-weight: 400;\">Mandato para celebrar un acto que requiera de escritura p\u00fablica debe necesariamente someterse a la misma solemnidad<br \/>\n2. Mandato para celebrar compraventa de inmuebles debe ser por escritura p\u00fablica y se rige por limitaciones probatorias<br \/>\n3. Que gestiones encargadas sean solemnes no extiende la solemnidad al contrato de mandato<\/li>\n<li style=\"font-weight: 400;\"><b><strong> Aceptaci\u00f3n del mandato<\/strong><\/b><\/li>\n<li style=\"font-weight: 400;\">Fundamentos de la doctrina del mandato t\u00e1cito<br \/>\n2. Acreditaci\u00f3n de traspaso de fondos no es suficiente para probar existencia de contrato de mandato para su administraci\u00f3n<br \/>\n3. Prueba del mandato. Testigos. Principio de prueba por escrito<\/li>\n<\/ol>\n<p style=\"font-weight: 400;\"><b><strong>TERCERA PARTE<\/strong><\/b><br \/>\n<b><strong>ADMINISTRACI\u00d3N DEL MANDATO<\/strong><\/b><\/p>\n<ol>\n<li style=\"font-weight: 400;\"><b><strong> Mandatario se ce\u00f1ir\u00e1 rigorosamente a los t\u00e9rminos del mandato<\/strong><\/b><\/li>\n<li style=\"font-weight: 400;\">Cobrar por trabajos realizados por contrato celebrado por mandatario implica una ratificaci\u00f3n t\u00e1cita de lo obrado<br \/>\n2. Mandato para celebrar usufructo vitalicio por el cual mandatario cobr\u00f3 valor inferior al aval\u00fao fiscal no configura incumplimiento de contrato<br \/>\n3. Hay incumplimiento de obligaciones de mandato al contratar seguro de desgravamen en favor de s\u00f3lo uno de los dos mandantes<br \/>\n4. Mandato que se\u00f1ala \u201cenajenar de cualquier forma\u201d bienes inmuebles es suficiente para que mandatarios procedan a la donaci\u00f3n de dichos bienes a trav\u00e9s de insinuaci\u00f3n<br \/>\n5. A mandante le son inoponibles actuaciones realizadas por mandatario al no ce\u00f1irse a los t\u00e9rminos del mandato ya que arrend\u00f3 inmueble en una renta menor a la acordada<br \/>\n6. Mandato para celebrar usufructo vitalicio por el cual mandatario cobr\u00f3 valor inferior al aval\u00fao fiscal no configura incumplimiento de contrato<br \/>\n7. Hay incumplimiento de mandatario que no cumple gesti\u00f3n encargada ocasionando cierre de contrato de seguros para mandante<br \/>\n8. Hay dolo de mandatario que act\u00faa m\u00e1s all\u00e1 de las facultades otorgadas y que ocasiona perjuicio a patrimonio de la sociedad<\/li>\n<li style=\"font-weight: 400;\"><b><strong> Mandato especial<\/strong><\/b><\/li>\n<li style=\"font-weight: 400;\">El mandatario con poder para suscribir cualquier instrumento privado incluyendo un pagar\u00e9 no requiere una especial facultad para que su firma sea autorizada por un notario<br \/>\n2. Mandatario con poder para suscribir cualquier instrumento privado no requiere facultad especial para que su firma sea reconocida y certificada por notario<br \/>\n3. Mandatario que ostenta poder para suscribir cualquier instrumento privado no requiere facultad especial para que su firma sea reconocida y certificada por notario p\u00fablico<br \/>\n4. Mandato que involucra suscribir pagar\u00e9 contempla posibilidad de que mandatario autorice su firma ante notario<br \/>\n5. Mandatario que encarg\u00f3 celebraci\u00f3n de contrato de arrendamiento es legitimado activo para impetrar acci\u00f3n de t\u00e9rmino de contrato<br \/>\n6. Mandatario no requiere autorizaci\u00f3n especial para suscribir pagar\u00e9 ante notario si tiene poder para suscribir cualquier instrumento privado<br \/>\n7. Si mandatario act\u00faa dentro de l\u00edmites del mandado general pero mandante reclama no haber otorgado dichas facultades sus actos adolecer\u00edan de inoponibilidad<\/li>\n<\/ol>\n<p style=\"font-weight: 400;\"><b><strong>III. Facultad de autocontrataci\u00f3n<\/strong><\/b><\/p>\n<ol>\n<li style=\"font-weight: 400;\">Acci\u00f3n de nulidad no es la pertinente para dejar sin efecto actos de mandatario con facultades de auto contrataci\u00f3n<br \/>\n2. Mandatario tiene facultad de autocontrato si es representante convencional de una parte y heredera de la otra<\/li>\n<li style=\"font-weight: 400;\"><b><strong> Mandatario que act\u00faa con m\u00e1s gravamen y menos beneficio para mandante<\/strong><\/b><\/li>\n<li style=\"font-weight: 400;\"><b><strong> Mandatario debe abstenerse de cumplir el mandato cuya ejecuci\u00f3n ser\u00eda manifiestamente perniciosa al mandante<\/strong><\/b><\/li>\n<li style=\"font-weight: 400;\"><b><strong> Mandatario que se halle imposibilidad de obrar conforme a instrucciones. Agente oficioso<\/strong><\/b><\/li>\n<\/ol>\n<p style=\"font-weight: 400;\"><b><strong>VII. Mandatario que contrata a su propio nombre<\/strong><\/b><\/p>\n<p style=\"font-weight: 400;\"><b><strong>VIII. Extralimitaci\u00f3n del mandatario en los t\u00e9rminos del mandato conferido<\/strong><\/b><\/p>\n<ol>\n<li style=\"font-weight: 400;\">Sanci\u00f3n de acto jur\u00eddico en que mandatario actu\u00f3 m\u00e1s all\u00e1 del poder conferido es la inoponibilidad y no la nulidad<br \/>\n2. A mandante le son inoponibles actuaciones realizadas por mandatario al no ce\u00f1irse a los t\u00e9rminos del mandato ya que arrend\u00f3 inmueble en una renta menor a la acordada<br \/>\n3. Si mandatario excede facultades para llenado de pagar\u00e9 es inoponible<br \/>\n4. Mandatario que est\u00e1 autorizado para suscribir pagar\u00e9 lo puede hacer ante notario<br \/>\n5. Si mandatario act\u00faa dentro de l\u00edmites del mandado general pero mandante reclama no haber otorgado dichas facultades sus actos adolecer\u00edan de inoponibilidad<\/li>\n<li style=\"font-weight: 400;\"><b><strong> Rendici\u00f3n de cuentas del mandatario<\/strong><\/b><\/li>\n<li style=\"font-weight: 400;\">Obligaci\u00f3n de rendir cuenta es una obligaci\u00f3n de la esencia del contrato de mandato<br \/>\n2. Diversas hip\u00f3tesis de juicios de rendici\u00f3n de cuenta en el mandato<br \/>\n3. Alcance del deber de rendici\u00f3n de cuenta en el mandato: L\u00edmite a las operaciones llevadas a cabo<br \/>\n4. Informes y liquidaciones contenidas en p\u00e1gina web de mandatario y comisionista no son suficientes para estimarlas como una completa y satisfactoria rendici\u00f3n de cuentas<br \/>\n5. Procede rendici\u00f3n de cuenta por parte de mandatario que celebr\u00f3 contrato de compraventa de veh\u00edculo a nombre de sociedad mandante<br \/>\n6. Plazo de prescripci\u00f3n de acci\u00f3n de rendici\u00f3n de cuentas emanada de mandato corre desde la extinci\u00f3n de dicho contrato<br \/>\n7. De no existir plazo para rendir la cuenta de mandato se podr\u00e1 establecer por resoluci\u00f3n judicial. Para que se inicie juicio de cuentas es necesario que cuenta haya sido presentada a tribunal e impugnada<br \/>\n8. Prueba de la obligaci\u00f3n de rendir cuenta del mandatario<br \/>\n9. Juicio sumario de rendici\u00f3n de cuentas tiene por objeto determinar la existencia de la obligaci\u00f3n del mandatario respectivo de rendir cuenta por su administraci\u00f3n<br \/>\n10. Si obligado a rendir cuenta niega su obligaci\u00f3n debe realizarse juicio declarativo previo a uno de rendici\u00f3n de cuenta<br \/>\n11. Aplicaci\u00f3n de la obligaci\u00f3n de rendici\u00f3n de cuentas a administradores de sociedades<br \/>\n12. Juez partidor de sociedad conyugal en calidad de mandatario para vender bien de la misma tiene obligaci\u00f3n de rendir nuevamente cuenta de dicha compraventa si sentencia de laudo fue anulada<\/li>\n<\/ol>\n<p style=\"font-weight: 400;\"><b><strong>CUARTA PARTE<\/strong><\/b><br \/>\n<b><strong>DE LAS OBLIGACIONES DEL MANDANTE<\/strong><\/b><\/p>\n<ol>\n<li style=\"font-weight: 400;\">Presunci\u00f3n del mandato remunerado<br \/>\n2. Prueba de los honorarios pactados en mandato<br \/>\n3. Determinaci\u00f3n de honorarios pactados por gesti\u00f3n de mandato no est\u00e1 sujeta a limitaciones de prueba de testigos<br \/>\n4. Corresponde pagar honorarios si gesti\u00f3n a la que qued\u00f3 sujeto dicho pago fue cumplida en tiempo y forma por mandatario<br \/>\n5. Si quienes siendo partes en juicio no acuden a suscripci\u00f3n de mandato pero obtienen beneficios de servicio deben pagar remuneraci\u00f3n<br \/>\n6. Mandante est\u00e1 obligado a pagar remuneraci\u00f3n aun cuando no el negocio mandatado no haya tenido pleno \u00e9xito<br \/>\n7. Si en mandato se estipulan honorarios a todo evento \u00e9stos deben ser pagados aunque mandante no est\u00e9 conforme con resultado final de gesti\u00f3n<br \/>\n8. Obligaci\u00f3n de pagar remuneraci\u00f3n por herederos del mandante al mandatario<b><strong>QUINTA PARTE<\/strong><\/b><br \/>\n<b><strong>EXTINCI\u00d3N DEL MANDATO<\/strong><\/b><\/li>\n<li style=\"font-weight: 400;\"><b><strong> Revocaci\u00f3n del mandato<\/strong><\/b><\/li>\n<li style=\"font-weight: 400;\">Revocaci\u00f3n de mandato no surte efecto si se tienen instrucciones de realizar negocio de forma completa y esto interesa a mandatario<br \/>\n2. Enajenaciones realizadas por mandatario estando revocado el mandato son inoponibles a los mandantes<br \/>\n3. Siempre que la revocaci\u00f3n del mandato sea ignorada por el mandatario lo que \u00e9ste haya hecho en ejecuci\u00f3n del mandato ser\u00e1 v\u00e1lido<\/li>\n<li style=\"font-weight: 400;\"><b><strong> Muerte del mandante o del mandatario<\/strong><\/b><\/li>\n<li style=\"font-weight: 400;\">T\u00e9rmino del mandado por muerte del mandante. No es posible declarar nula inscripci\u00f3n de dominio si el portador no conoc\u00eda muerte del vendedor<br \/>\n2. Al verificar la muerte de mandante se termina el mandato a menos que \u00e9ste tenga como finalidad gesti\u00f3n post mortem<br \/>\n3. Mandato post mortem importa modalidad o elemento accidental que las partes han debido incorporar para modificar ese efecto extintivo ordinario que produce la muerte de cualquiera de los contratantes<br \/>\n4. Obligaci\u00f3n que recae sobre herederos de mandatario<br \/>\n5. Distinci\u00f3n de mandato civil y comisi\u00f3n por muerte del mandante<br \/>\n6. Alcance de obligaci\u00f3n que impone art\u00edculo 2170 del C\u00f3digo Civil a herederos del mandatario<br \/>\n1. Actos de mandatario son v\u00e1lidos mientras no se sepa de la muerte del mandante<br \/>\n2. Cl\u00e1usula de mandato al portador contenida en escritura. Muerte del mandante<\/li>\n<\/ol>\n<p style=\"font-weight: 400;\"><b><strong>SEXTA PARTE<br \/>\nMANDATO FALSO, APARENTE E INEXISTENTE<\/strong><\/b><\/p>\n<p style=\"font-weight: 400;\"><b><strong>S\u00c9PTIMA PARTE<\/strong><\/b><br \/>\n<b><strong>MANDATO T\u00c1CITO Y REC\u00cdPROCO<\/strong><\/b><\/p>\n<ol>\n<li style=\"font-weight: 400;\">Fundamentos del mandato t\u00e1cito y rec\u00edproco entre comuneros<br \/>\n2. Mandato t\u00e1cito y rec\u00edproco. Es irrelevante que actores no hayan mencionado en su libelo a todos los integrantes de la sucesi\u00f3n en acci\u00f3n reivindicatoria<br \/>\n3. No puede entenderse existencia de mandato t\u00e1cito y rec\u00edproco entre comuneros si se observan diferencias sus intereses<br \/>\n4. Cualquier comunero puede ejercer acci\u00f3n reivindicatoria en virtud del mandato t\u00e1cito y rec\u00edproco<br \/>\n5. Comunero es legitimado activo para interponer acci\u00f3n de precario en virtud de mandato t\u00e1cito y rec\u00edproco<br \/>\n6. Mandato t\u00e1cito y rec\u00edproco de comuneros. Acci\u00f3n de dominio conforme D.L. No 2695<br \/>\n7. Comunero es legitimado activo para incoar acci\u00f3n de desahucio de contrato de arrendamiento que versa sobre bien com\u00fan en virtud de mandato t\u00e1cito y rec\u00edproco<br \/>\n8. Mandato t\u00e1cito y reciproco permite a comunero a suscribir contrato de comodato<br \/>\n9. Comunera de inmueble que percibi\u00f3 indemnizaci\u00f3n por expropiaci\u00f3n de cosa com\u00fan en virtud de mandato t\u00e1cito y reciproco debe restituir todo lo recibido a nombre de comunidad<br \/>\n10. Cualquiera de los comuneros es legitimado activo para deducir acci\u00f3n de rescisi\u00f3n por lesi\u00f3n enorme<br \/>\n11. Uno de los herederos de arrendador tiene legitimaci\u00f3n activa en acci\u00f3n de t\u00e9rmino de contrato<br \/>\n12. El hecho de que un tercero que ingresa a la comunidad autoriza a otro tercero a usar y usufructuar de los bienes comunes no est\u00e1 contemplada dentro del mandato t\u00e1cito y rec\u00edproco de administraci\u00f3n y excede del mismo<\/li>\n<\/ol>\n<p style=\"font-weight: 400;\"><b><strong>OCTAVA PARTE<\/strong><\/b><br \/>\n<b><strong>MANDATO JUDICIAL<\/strong><\/b><\/p>\n<ol>\n<li style=\"font-weight: 400;\">Plena validez de mandato judicial por escritura p\u00fablica con firma electr\u00f3nica avanzada<br \/>\n2. Tenor de mandato judicial es claro al conferir facultad especial de absolver posiciones<br \/>\n3. Mandatario judicial se encuentra facultado para perseguir cobro de costas personales y procesales en virtud de cesi\u00f3n de aquellas<br \/>\n4. No procede absoluci\u00f3n de posiciones de abogado que renunci\u00f3 a mandato judicial<br \/>\n5. Revocaci\u00f3n de mandato por parte del cliente antes de audiencia preparatoria en que se alcanz\u00f3 acuerdo entre las partes no pone t\u00e9rmino a obligaci\u00f3n de remunerar<br \/>\n6. Mandato judicial no termina por muerte del mandante<br \/>\n7. Si mandante fallece antes de notificados todos los demandados se extingue mandato por no haberse trabado la litis<br \/>\n8. Procede admitir a tr\u00e1mite demanda a pesar de haber fallecido demandante. Mandato judicial no termina en virtud del art. 396 del COT<br \/>\n9. Mandato judicial continua vigente pese a fallecimiento de mandante al momento de iniciarse la acci\u00f3n<br \/>\n10. Mandato judicial. Facultades extraordinarias. Desistimiento<br \/>\n11. Tenor de mandato judicial es claro al conferir facultad especial de absolver posiciones<br \/>\n12. Procede acci\u00f3n indemnizatoria por incumplimiento contractual de mandato judicial ya que mandataria no acudi\u00f3 a audiencia de juicio generando incluso da\u00f1o moral<br \/>\n13. Revocaci\u00f3n de mandato por parte del cliente antes de audiencia preparatoria en que se alcanz\u00f3 acuerdo entre las partes no pone t\u00e9rmino a obligaci\u00f3n<br \/>\n14. Mandato a abogado es naturalmente oneroso correspondi\u00e9ndole al juez fijar el monto de los honorarios si las partes no lo hicieron<br \/>\n15. Si quienes siendo partes en juicio no acuden a suscripci\u00f3n de mandato pero obtienen beneficios de servicio deben pagar remuneraci\u00f3n<br \/>\n16. Costas personales y procesales cedidas a abogado en virtud de mandato judicial no produce efecto mientras no ha sido notificada por el cesionario al deudor o aceptada por este<\/li>\n<\/ol>\n<p style=\"font-weight: 400;\"><b><strong>NOVENA PARTE<\/strong><\/b><br \/>\n<b><strong>CONTRATO DE CORRETAJE<\/strong><\/b><\/p>\n<ol>\n<li style=\"font-weight: 400;\">Naturaleza jur\u00eddica del corretaje de bienes ra\u00edces<br \/>\n2. Procede pago de comisi\u00f3n a corredora de propiedades a pesar de la frustraci\u00f3n del contrato de promesa por hecho ajeno a esta \u00faltima<br \/>\n3. Corretaje. Remuneraci\u00f3n a corredor es elemento de la naturaleza del mandato<br \/>\n4. Hay incumplimiento de obligaci\u00f3n de quien no paga comisi\u00f3n por corretaje a quien cumpli\u00f3 con venta de inmueble<br \/>\n5. Procede cobro de honorarios al tener por acreditado contrato de corretaje y el \u00e9xito de gestiones<br \/>\n6. Contrato de corretaje de propiedades es innominado<\/li>\n<\/ol>\n","protected":false},"excerpt":{"rendered":"<div dir=\"auto\">V\u00eds\u00edtanos en <span class=\"html-span xdj266r x11i5rnm xat24cr x1mh8g0r xexx8yu x4uap5 x18d9i69 xkhd6sd x1hl2dhg x16tdsg8 x1vvkbs\"><a class=\"x1i10hfl xjbqb8w x1ejq31n xd10rxx x1sy0etr x17r0tee x972fbf xcfux6l x1qhh985 xm0m39n x9f619 x1ypdohk xt0psk2 xe8uvvx xdj266r x11i5rnm xat24cr x1mh8g0r xexx8yu x4uap5 x18d9i69 xkhd6sd x16tdsg8 x1hl2dhg xggy1nq x1a2a7pz x1sur9pj xkrqix3 x1fey0fg x1s688f\" tabindex=\"0\" role=\"link\" href=\"https:\/\/l.facebook.com\/l.php?u=http%3A%2F%2Fwww.bibliotecajuridicavirtual.cl%2F%3Ffbclid%3DIwZXh0bgNhZW0CMTAAAR0h7tH7auyKnXoQBZjtPiUkXbKqMTNg9FYzEUgUosHqoxKcmgpv5qNY1v4_aem_fX-WcV3XDQI4eRMIIHLnXw&amp;h=AT1A313JWXJ23o0OQsFUvGgoPCxg2kNJo3By-saSrtJEvAiJqvjC__83QqkJtVBPjPIWdsgP8YJ-1FYB2Vo5opXFVOe6J8pdZ7ZKLKn40_HfqbFgXqxSIgcA2qbCLko-rA&amp;__tn__=-UK-R&amp;c[0]=AT3AYn7i5lg9VPGSL6SJ9ZHhG6D3u8o6rHqVtCWKWfGWSWZn83q9bkC4QO-Ymhi02hlbrlFlwpBpDp4eoc_tczmnrlcOUWc716dd6heVtDA3Ya8-IDejuL5niHUwDy-aSOHao8qoRgQYCTh9fDaJqVYpntY5ysh9QKB0IbGm5Q5JIPBhEOquKFRVQT3f80nr1V1vcs_LDfC2quYbTt1ZdKrfuvMBYwk\" target=\"_blank\" rel=\"nofollow noopener\">www.bibliotecajuridicavirtual.cl<\/a><\/span> \/ Escr\u00edbenos +56930565235<\/div>\n<div dir=\"auto\">env\u00edos a todo Chile &#8211; Starken o Correos<\/div>\n<div dir=\"auto\">Te esperamos.<\/div>\n","protected":false},"featured_media":1854,"comment_status":"open","ping_status":"closed","template":"","meta":{"inline_featured_image":false,"_joinchat":[]},"product_brand":[],"product_cat":[27],"product_tag":[],"class_list":{"0":"post-1804","1":"product","2":"type-product","3":"status-publish","4":"has-post-thumbnail","6":"product_cat-civil","8":"first","9":"instock","10":"shipping-taxable","11":"purchasable","12":"product-type-simple"},"_links":{"self":[{"href":"https:\/\/bibliotecajuridicavirtual.cl\/index.php\/wp-json\/wp\/v2\/product\/1804","targetHints":{"allow":["GET"]}}],"collection":[{"href":"https:\/\/bibliotecajuridicavirtual.cl\/index.php\/wp-json\/wp\/v2\/product"}],"about":[{"href":"https:\/\/bibliotecajuridicavirtual.cl\/index.php\/wp-json\/wp\/v2\/types\/product"}],"replies":[{"embeddable":true,"href":"https:\/\/bibliotecajuridicavirtual.cl\/index.php\/wp-json\/wp\/v2\/comments?post=1804"}],"wp:featuredmedia":[{"embeddable":true,"href":"https:\/\/bibliotecajuridicavirtual.cl\/index.php\/wp-json\/wp\/v2\/media\/1854"}],"wp:attachment":[{"href":"https:\/\/bibliotecajuridicavirtual.cl\/index.php\/wp-json\/wp\/v2\/media?parent=1804"}],"wp:term":[{"taxonomy":"product_brand","embeddable":true,"href":"https:\/\/bibliotecajuridicavirtual.cl\/index.php\/wp-json\/wp\/v2\/product_brand?post=1804"},{"taxonomy":"product_cat","embeddable":true,"href":"https:\/\/bibliotecajuridicavirtual.cl\/index.php\/wp-json\/wp\/v2\/product_cat?post=1804"},{"taxonomy":"product_tag","embeddable":true,"href":"https:\/\/bibliotecajuridicavirtual.cl\/index.php\/wp-json\/wp\/v2\/product_tag?post=1804"}],"curies":[{"name":"wp","href":"https:\/\/api.w.org\/{rel}","templated":true}]}}