{"id":1805,"date":"2026-02-28T00:55:30","date_gmt":"2026-02-28T03:55:30","guid":{"rendered":"https:\/\/bibliotecajuridicavirtual.cl\/?post_type=product&#038;p=1805"},"modified":"2026-02-28T00:55:57","modified_gmt":"2026-02-28T03:55:57","slug":"fundamentos-de-la-punibilidad-por-el-delito-de-cohecho-una-aproximacion-a-la-exencion-de-pena","status":"publish","type":"product","link":"https:\/\/bibliotecajuridicavirtual.cl\/index.php\/product\/fundamentos-de-la-punibilidad-por-el-delito-de-cohecho-una-aproximacion-a-la-exencion-de-pena\/","title":{"rendered":"Fundamentos de la punibilidad por el delito de cohecho. Una aproximaci\u00f3n a la exenci\u00f3n de pena"},"content":{"rendered":"<p><span lang=\"ES-TRAD\">Nougu\u00e9s Cossio, Rosario J. (<\/span>Doctora en Derecho por la Universidad de Navarra Ma\u0301ster en Derechos Humanos por la Universidad de Navarra.\u00a0<span lang=\"ES-TRAD\">Ex Defensora Oficial Penal &#8211; Argentina<\/span><span lang=\"ES-TRAD\">):\u00a0Fundamentos de la punibilidad por el delito de cohecho. Una aproximaci\u00f3n a la exenci\u00f3n de pena.\u00a0El art. 426 del C\u00f3digo penal espa\u00f1ol. La exenci\u00f3n de pena en el cohecho en el marco de la no punibilidad. Conductas de retroceso con efectos subjetivos. Conductas de retroceso con efectos objetivos. Conductas de reestabilizaci\u00f3n con efectos subjetivos y objetivos. El art 426: una propuesta interpretativa de\u00a0lege lata y de lege ferenda. Reconstrucci\u00f3n sistem\u00e1tica y propuesta de reforma: la exenci\u00f3n de pena en el cohecho como un supuesto de reestabilizaci\u00f3n normativa con efectos objetivos. 2024.<\/span><\/p>\n","protected":false},"excerpt":{"rendered":"<div dir=\"auto\">Nougu\u00e9s Cossio, Rosario J. \/ 1\u00b0 Edici\u00f3n actualizada a\u00f1o octubre 2024 &#8211; 452 P\u00e1ginas<\/div>\n<div dir=\"auto\">V\u00eds\u00edtanos\u00a0 <span class=\"html-span xdj266r x11i5rnm xat24cr x1mh8g0r xexx8yu x4uap5 x18d9i69 xkhd6sd x1hl2dhg x16tdsg8 x1vvkbs\"><a class=\"x1i10hfl xjbqb8w x1ejq31n xd10rxx x1sy0etr x17r0tee x972fbf xcfux6l x1qhh985 xm0m39n x9f619 x1ypdohk xt0psk2 xe8uvvx xdj266r x11i5rnm xat24cr x1mh8g0r xexx8yu x4uap5 x18d9i69 xkhd6sd x16tdsg8 x1hl2dhg xggy1nq x1a2a7pz x1sur9pj xkrqix3 x1fey0fg x1s688f\" tabindex=\"0\" role=\"link\" href=\"http:\/\/www.bibliotecajuridicavirtual.cl\/?fbclid=IwZXh0bgNhZW0CMTAAAR0h7tH7auyKnXoQBZjtPiUkXbKqMTNg9FYzEUgUosHqoxKcmgpv5qNY1v4_aem_fX-WcV3XDQI4eRMIIHLnXw\" target=\"_blank\" rel=\"nofollow noopener\">www.bibliotecajuridicavirtual.cl<\/a><\/span> \/ Escr\u00edbenos al +56930565235<\/div>\n<div dir=\"auto\">env\u00edos a todo Chile &#8211; Starken o Correos<\/div>\n<div dir=\"auto\">RESERVAS &#8211; POCAS UNIDADES<\/div>\n","protected":false},"featured_media":1855,"comment_status":"open","ping_status":"closed","template":"","meta":{"inline_featured_image":false,"_joinchat":[]},"product_brand":[],"product_cat":[30],"product_tag":[],"class_list":{"0":"post-1805","1":"product","2":"type-product","3":"status-publish","4":"has-post-thumbnail","6":"product_cat-penal","8":"first","9":"instock","10":"shipping-taxable","11":"purchasable","12":"product-type-simple"},"_links":{"self":[{"href":"https:\/\/bibliotecajuridicavirtual.cl\/index.php\/wp-json\/wp\/v2\/product\/1805","targetHints":{"allow":["GET"]}}],"collection":[{"href":"https:\/\/bibliotecajuridicavirtual.cl\/index.php\/wp-json\/wp\/v2\/product"}],"about":[{"href":"https:\/\/bibliotecajuridicavirtual.cl\/index.php\/wp-json\/wp\/v2\/types\/product"}],"replies":[{"embeddable":true,"href":"https:\/\/bibliotecajuridicavirtual.cl\/index.php\/wp-json\/wp\/v2\/comments?post=1805"}],"wp:featuredmedia":[{"embeddable":true,"href":"https:\/\/bibliotecajuridicavirtual.cl\/index.php\/wp-json\/wp\/v2\/media\/1855"}],"wp:attachment":[{"href":"https:\/\/bibliotecajuridicavirtual.cl\/index.php\/wp-json\/wp\/v2\/media?parent=1805"}],"wp:term":[{"taxonomy":"product_brand","embeddable":true,"href":"https:\/\/bibliotecajuridicavirtual.cl\/index.php\/wp-json\/wp\/v2\/product_brand?post=1805"},{"taxonomy":"product_cat","embeddable":true,"href":"https:\/\/bibliotecajuridicavirtual.cl\/index.php\/wp-json\/wp\/v2\/product_cat?post=1805"},{"taxonomy":"product_tag","embeddable":true,"href":"https:\/\/bibliotecajuridicavirtual.cl\/index.php\/wp-json\/wp\/v2\/product_tag?post=1805"}],"curies":[{"name":"wp","href":"https:\/\/api.w.org\/{rel}","templated":true}]}}