{"id":1806,"date":"2026-02-28T00:55:30","date_gmt":"2026-02-28T03:55:30","guid":{"rendered":"https:\/\/bibliotecajuridicavirtual.cl\/?post_type=product&#038;p=1806"},"modified":"2026-02-28T00:55:57","modified_gmt":"2026-02-28T03:55:57","slug":"ley-karin-sobre-acoso-sexual-acoso-laboral-y-violencia-en-el-trabajo-francisco-javier-currieco-guerrero","status":"publish","type":"product","link":"https:\/\/bibliotecajuridicavirtual.cl\/index.php\/product\/ley-karin-sobre-acoso-sexual-acoso-laboral-y-violencia-en-el-trabajo-francisco-javier-currieco-guerrero\/","title":{"rendered":"Ley Karin &#8211; Sobre Acoso Sexual, Acoso Laboral y Violencia en el Trabajo &#8211; Francisco Javier Currieco Guerrero"},"content":{"rendered":"<p>Esta obra contiene una recopilaci\u00f3n de la normativa legal y administrativa vigente en Chile que busca prevenir, investigar y sancionar el acoso laboral, sexual y la violencia en el trabajo.<br \/>\nEsta normativa fue promulgada en respuesta al caso de Karin Salgado, una t\u00e9cnica en enfermer\u00eda, que se suicid\u00f3 en 2019 tras sufrir acoso laboral.<br \/>\nLa Ley N\u00b0 21.643 tiene por objeto asegurar que las relaciones laborales, -tanto en el sector p\u00fablico como en el sector privado, tengan como base un trato libre de violencia, compatible con la dignidad de la persona y con perspectiva de g\u00e9nero, previniendo el acoso sexual, el acoso laboral y la violencia en el trabajo.<br \/>\nLa necesidad de generar condiciones para la implementaci\u00f3n del Convenio N\u00b0190 sobre la violencia y el acoso de la Organizaci\u00f3n Internacional del Trabajo ratificado por Chile, que considera que todo miembro que ratifique el Convenio deber\u00e1 respetar, promover y asegurar el disfrute del derecho de toda persona a un mundo del trabajo libre de violencia y acoso.<br \/>\nEl balance del primer mes de aplicaci\u00f3n de esta nueva normativa da cuenta que las conductas que m\u00e1s se repiten son las de hostigamientos, malos tratos, bromas y comentarios negativos entre pares. Asimismo, se han observado conductas de acoso de parte de las jefaturas que se manifiestan a trav\u00e9s del ejercicio expl\u00edcito del poder, sobrecarga laboral y maltrato verbal.<br \/>\nPor ello, los especialistas apuntan a que las empresas debieran reforzar un ambiente de trabajo basado en el respeto, para generar espacios libres de acoso y riesgo psicosocial.<br \/>\nI. OBJETIVO<br \/>\nII. CONTENIDO<br \/>\nIII. DEFINICIONES B\u00c1SICAS<br \/>\nIV. PROCEDIMIENTOS<br \/>\nV. CAT\u00c1LOGO DE MULTAS LEY KARIN<br \/>\nVI. LEGISLACI\u00d3N Y NORMATIVA<br \/>\n1. Ley No 21.643. Modifica el C\u00f3digo del Trabajo y otros cuerpos legales, en materia de prevenci\u00f3n, investigaci\u00f3n y sanci\u00f3n del acoso laboral, sexual o de violencia en el trabajo<br \/>\n2. Ley No 21.675. Estatuye medidas para prevenir, sancionar y erradicar la violencia en contra de las mujeres, en raz\u00f3n de su g\u00e9nero<br \/>\n3. Convenio 190 sobre la violencia y el acoso de la Organizaci\u00f3n Internacional del Trabajo (D.S. 122-2023, del Ministerio de Relaciones Exteriores)<br \/>\n4. Decreto 21-2024, del Ministerio del Trabajo y Previsi\u00f3n Social. Aprueba Reglamento que establece las directrices a las cuales deber\u00e1n ajustarse los procedimientos de investigaci\u00f3n de acoso sexual, laboral o de violencia en el trabajo<br \/>\n5. Circular No 3813-2024, Superintendencia de Seguridad Social. Asistencia t\u00e9cnica para la prevenci\u00f3n del acoso sexual, laboral y violencia en el trabajo y otros aspectos contenidos en la Ley No 21.643 (Ley Karin)<br \/>\n6. Decreto 44, aprueba nuevo reglamento sobre gesti\u00f3n preventiva de los riesgos laborales para un entorno de trabajo seguro y saludable<br \/>\n7. Circular No 3819-2024, Superintendencia de Seguridad Social. Complementa instrucciones sobre asistencia t\u00e9cnica en materia de prevenci\u00f3n del acoso sexual, laboral y violencia en el trabajo<br \/>\n8. Protocolo de prevenci\u00f3n del acoso sexual, laboral y violencia en el trabajo para personas trabajadoras de casa particular<br \/>\n9. Circular No 3825-2024. Complementa normas sobre acoso y violencia en el trabajo, de acuerdo con lo establecido en el art\u00edculo 22\u00ba de la Ley No 21.765 que estatuye medidas para prevenir, sancionar y erradicar la violencia en contra de las mujeres, en raz\u00f3n de su g\u00e9nero<br \/>\n10. Dictamen 362\/19, 2024, de la Direcci\u00f3n del Trabajo. Fija el sentido y alcance de las modificaciones introducidas por la Ley No 21.643 al C\u00f3digo del Trabajo<br \/>\n11. Dictamen 497-21-2024 de la Direcci\u00f3n del Trabajo. Responde consultas varias<br \/>\n12. Dictamen E516610-2024. Imparte instrucciones sobre las modificaciones que la Ley No 21.643 (Ley Karin) introdujo en las leyes Nos 18.575, 18.834 y 18.883, en materia de prevenci\u00f3n, investigaci\u00f3n y sanci\u00f3n del acoso laboral, sexual o de violencia en el trabajo<br \/>\n13. Dictamen E523936-2024, Contralor\u00eda General de la Rep\u00fablica. Imparte instrucciones sobre las modificaciones que la Ley No 21.643 (Ley Karin) introdujo al C\u00f3digo del Trabajo, en materia de prevenci\u00f3n, investigaci\u00f3n y sanci\u00f3n del acoso laboral, sexual o de violencia en el trabajo, respecto de organismos p\u00fablicos cuyo personal se rija por ese C\u00f3digo<br \/>\n14. Actas Nos 103-2018 y 160-2024 de la Corte Suprema, sobre procedimiento de actuaci\u00f3n para la prevenci\u00f3n, denuncia y tratamiento del acoso sexual en el Poder Judicial chileno<br \/>\n15. Oficio Ord. 10 DJ No 1.189, de 5 de agosto de 2024, de la Superintendencia de Educaci\u00f3n, sobre aplicaci\u00f3n de la Ley No 21.643 en establecimientos educacionales<br \/>\n16. Tipificador de hechos infraccionales y pauta para aplicar multas administrativas por Ley Karin<\/p>\n<p>&nbsp;<\/p>\n","protected":false},"excerpt":{"rendered":"<div dir=\"auto\">1\u00b0 Edici\u00f3n actualizada Septiembre a\u00f1o 2024 &#8211; 388 P\u00e1ginas<\/div>\n<div dir=\"auto\">V\u00eds\u00edtanos en <span class=\"html-span xdj266r x11i5rnm xat24cr x1mh8g0r xexx8yu x4uap5 x18d9i69 xkhd6sd x1hl2dhg x16tdsg8 x1vvkbs\"><a class=\"x1i10hfl xjbqb8w x1ejq31n xd10rxx x1sy0etr x17r0tee x972fbf xcfux6l x1qhh985 xm0m39n x9f619 x1ypdohk xt0psk2 xe8uvvx xdj266r x11i5rnm xat24cr x1mh8g0r xexx8yu x4uap5 x18d9i69 xkhd6sd x16tdsg8 x1hl2dhg xggy1nq x1a2a7pz x1sur9pj xkrqix3 x1fey0fg x1s688f\" tabindex=\"0\" role=\"link\" href=\"http:\/\/www.bibliotecajuridicavirtual.cl\/?fbclid=IwZXh0bgNhZW0CMTAAAR0W56k6XjWMlBzgfiNx9f2WNOjm1C1IsWzQSgtabNTwChQfALvyHp1_4fg_aem_zDS58Yz_94tYeMJ-rce9vA\" target=\"_blank\" rel=\"nofollow noopener\">www.bibliotecajuridicavirtual.cl<\/a><\/span>\u00a0 Escr\u00edbenos al +56930565235<\/div>\n<div dir=\"auto\">env\u00edos a todo Chile &#8211; Starken o Correos Chile<\/div>\n<div dir=\"auto\">Te esperamos.<\/div>\n","protected":false},"featured_media":1856,"comment_status":"open","ping_status":"closed","template":"","meta":{"inline_featured_image":false,"_joinchat":[]},"product_brand":[],"product_cat":[27,41],"product_tag":[],"class_list":{"0":"post-1806","1":"product","2":"type-product","3":"status-publish","4":"has-post-thumbnail","6":"product_cat-civil","7":"product_cat-laboral","9":"first","10":"instock","11":"shipping-taxable","12":"purchasable","13":"product-type-simple"},"_links":{"self":[{"href":"https:\/\/bibliotecajuridicavirtual.cl\/index.php\/wp-json\/wp\/v2\/product\/1806","targetHints":{"allow":["GET"]}}],"collection":[{"href":"https:\/\/bibliotecajuridicavirtual.cl\/index.php\/wp-json\/wp\/v2\/product"}],"about":[{"href":"https:\/\/bibliotecajuridicavirtual.cl\/index.php\/wp-json\/wp\/v2\/types\/product"}],"replies":[{"embeddable":true,"href":"https:\/\/bibliotecajuridicavirtual.cl\/index.php\/wp-json\/wp\/v2\/comments?post=1806"}],"wp:featuredmedia":[{"embeddable":true,"href":"https:\/\/bibliotecajuridicavirtual.cl\/index.php\/wp-json\/wp\/v2\/media\/1856"}],"wp:attachment":[{"href":"https:\/\/bibliotecajuridicavirtual.cl\/index.php\/wp-json\/wp\/v2\/media?parent=1806"}],"wp:term":[{"taxonomy":"product_brand","embeddable":true,"href":"https:\/\/bibliotecajuridicavirtual.cl\/index.php\/wp-json\/wp\/v2\/product_brand?post=1806"},{"taxonomy":"product_cat","embeddable":true,"href":"https:\/\/bibliotecajuridicavirtual.cl\/index.php\/wp-json\/wp\/v2\/product_cat?post=1806"},{"taxonomy":"product_tag","embeddable":true,"href":"https:\/\/bibliotecajuridicavirtual.cl\/index.php\/wp-json\/wp\/v2\/product_tag?post=1806"}],"curies":[{"name":"wp","href":"https:\/\/api.w.org\/{rel}","templated":true}]}}