{"id":1807,"date":"2026-02-28T00:55:30","date_gmt":"2026-02-28T03:55:30","guid":{"rendered":"https:\/\/bibliotecajuridicavirtual.cl\/?post_type=product&#038;p=1807"},"modified":"2026-02-28T00:55:58","modified_gmt":"2026-02-28T03:55:58","slug":"concepcion-de-justicia-segun-el-pensamiento-de-john-rawls-bracho-fuenmayor-pedro-luis","status":"publish","type":"product","link":"https:\/\/bibliotecajuridicavirtual.cl\/index.php\/product\/concepcion-de-justicia-segun-el-pensamiento-de-john-rawls-bracho-fuenmayor-pedro-luis\/","title":{"rendered":"Concepci\u00f3n de justicia seg\u00fan el pensamiento de John Rawls &#8211; Bracho Fuenmayor, Pedro Luis"},"content":{"rendered":"<p>Quiz\u00e1 la obra de Rawls, tal como sostiene Bracho, pueda ser criticada por su significativo idealismo y por su abstracci\u00f3n de las realidades hist\u00f3ricas en las cuales se manifiesta cualquier ideal de justicia, cr\u00edtica por lo dem\u00e1s muy legitima; no obstante, lo que busca el gran pensador norteamericano es explicar, al menos desde la raz\u00f3n pura, como funciona un contrato social basado en la justicia en su sentido m\u00e1s completo y profundo. Este proyecto filos\u00f3fico de justicia puede ser perfectamente combinado con las herramientas de investigaci\u00f3n propias de las ciencias sociales y humanas que pueden llegar a explicar la forma como las personas ubicadas en un tiempo y espacio terminado viven y sienten los procesos de injusticia e injusticia.<\/p>\n<p>CONTENIDO<br \/>\nPr\u00f3logo&#8230;&#8230;&#8230;&#8230;&#8230;&#8230;&#8230;&#8230;&#8230;&#8230;&#8230;&#8230;&#8230;&#8230;&#8230;&#8230;&#8230;&#8230;&#8230;&#8230;&#8230;&#8230;&#8230;&#8230;&#8230;&#8230;&#8230;&#8230;&#8230;&#8230;&#8230;&#8230; 11<br \/>\nIntroducci\u00f3n&#8230;&#8230;&#8230;&#8230;&#8230;&#8230;&#8230;&#8230;&#8230;&#8230;&#8230;&#8230;&#8230;&#8230;&#8230;&#8230;&#8230;&#8230;&#8230;&#8230;&#8230;&#8230;&#8230;&#8230;&#8230;&#8230;&#8230;&#8230;. 17<br \/>\nCap\u00edtulo I<br \/>\nElementos de la concepci\u00f3n pol\u00edtica de justicia<br \/>\nseg\u00fan Rawls<br \/>\n1. ELEMENTOS DE JUSTICIA SEG\u00daN RAWLS&#8230;&#8230;&#8230;&#8230;&#8230;&#8230;. 29<br \/>\n1.1. Imparcialidad&#8230;&#8230;&#8230;&#8230;&#8230;&#8230;&#8230;&#8230;&#8230;&#8230;&#8230;&#8230;&#8230;&#8230;&#8230;&#8230;&#8230;&#8230;&#8230;&#8230;. 30<br \/>\n1.2. Igualdad &#8230;&#8230;&#8230;&#8230;&#8230;&#8230;&#8230;&#8230;&#8230;&#8230;&#8230;&#8230;&#8230;&#8230;&#8230;&#8230;&#8230;&#8230;&#8230;&#8230;&#8230;&#8230;.. 34<br \/>\n1.3. Equilibrio reflexivo&#8230;&#8230;&#8230;&#8230;&#8230;&#8230;&#8230;&#8230;&#8230;&#8230;&#8230;&#8230;&#8230;&#8230;&#8230;&#8230;. 36<br \/>\n1.4. Sociedad Justa &#8230;&#8230;&#8230;&#8230;&#8230;&#8230;&#8230;&#8230;&#8230;&#8230;&#8230;&#8230;&#8230;&#8230;&#8230;&#8230;&#8230;&#8230;&#8230;.. 38<br \/>\n1.5. Principios de justicia &#8230;&#8230;&#8230;&#8230;&#8230;&#8230;&#8230;&#8230;&#8230;&#8230;&#8230;&#8230;&#8230;&#8230;&#8230;&#8230; 42<br \/>\nCap\u00edtulo II<br \/>\nJusticia como equidad (1957)&#8230;&#8230;&#8230;&#8230;&#8230;&#8230;&#8230;&#8230;&#8230;&#8230;&#8230;&#8230;&#8230;&#8230;&#8230;.. 53<br \/>\nCap\u00edtulo III<br \/>\nTeor\u00eda de la justicia (1971)<br \/>\n1. CARACTER\u00cdSTICAS DE LA JUSTICIA DESDE<br \/>\nLA PERSPECTIVA DE RAWLS &#8230;&#8230;&#8230;&#8230;&#8230;&#8230;&#8230;&#8230;&#8230;&#8230;&#8230;&#8230;&#8230;&#8230;. 65<br \/>\nCap\u00edtulo IV<br \/>\nConstructivismo kantiano en la teor\u00eda moral (1980)&#8230;.. 71<\/p>\n<p>Cap\u00edtulo V<br \/>\nJusticia como igualdad: pol\u00edtica, no metaf\u00edsica (1985)&#8230;&#8230; 77<br \/>\nCap\u00edtulo VI<br \/>\nLiberalismo pol\u00edtico (1993)&#8230;&#8230;&#8230;&#8230;&#8230;&#8230;&#8230;&#8230;&#8230;&#8230;&#8230;&#8230;&#8230;&#8230;&#8230;&#8230;. 81<br \/>\n1. EL CONCEPTO DE PERSONA EN JOHN RAWLS:<br \/>\nENFOQUES PARA LLEGAR A SU PERCEPCI\u00d3N<br \/>\nEN LIBERALISMO POL\u00cdTICO&#8230;&#8230;&#8230;&#8230;&#8230;&#8230;&#8230;&#8230;&#8230;&#8230;&#8230;&#8230;&#8230;&#8230;.. 86<br \/>\nCap\u00edtulo VII<br \/>\nDerecho de gentes (1997)&#8230;&#8230;&#8230;&#8230;&#8230;&#8230;&#8230;&#8230;&#8230;&#8230;&#8230;&#8230;&#8230;&#8230;&#8230;&#8230;&#8230;.. 93<br \/>\nCap\u00edtulo VIII<br \/>\nJusticia como equidad: una reformulaci\u00f3n (2001)&#8230;&#8230;&#8230; 101<br \/>\nConclusiones&#8230;&#8230;&#8230;&#8230;&#8230;&#8230;&#8230;&#8230;&#8230;&#8230;&#8230;&#8230;&#8230;&#8230;&#8230;&#8230;&#8230;&#8230;&#8230;&#8230;&#8230;&#8230;&#8230;&#8230;&#8230;&#8230;&#8230;&#8230;. 107<br \/>\nBibliograf\u00eda&#8230;&#8230;&#8230;&#8230;&#8230;&#8230;&#8230;&#8230;&#8230;&#8230;&#8230;&#8230;&#8230;&#8230;&#8230;&#8230;&#8230;&#8230;&#8230;&#8230;&#8230;&#8230;&#8230;&#8230;&#8230;&#8230;&#8230;&#8230;&#8230; 115<\/p>\n","protected":false},"excerpt":{"rendered":"<p>1\u00b0 Edici\u00f3n a\u00f1o 2024. 128 p\u00e1gs. R\u00fastica.<\/p>\n<p>Escr\u00edbenos al +56930565235 Vis\u00edtanos www.bibliotecajuridicavirtual.cl<\/p>\n<p>Env\u00edos a todo Chile \/ Starken-correos<\/p>\n<p>&nbsp;<\/p>\n","protected":false},"featured_media":1857,"comment_status":"open","ping_status":"closed","template":"","meta":{"inline_featured_image":false,"_joinchat":[]},"product_brand":[],"product_cat":[44],"product_tag":[],"class_list":{"0":"post-1807","1":"product","2":"type-product","3":"status-publish","4":"has-post-thumbnail","6":"product_cat-filosofia-del-derecho-y-introduccion","8":"first","9":"instock","10":"shipping-taxable","11":"purchasable","12":"product-type-simple"},"_links":{"self":[{"href":"https:\/\/bibliotecajuridicavirtual.cl\/index.php\/wp-json\/wp\/v2\/product\/1807","targetHints":{"allow":["GET"]}}],"collection":[{"href":"https:\/\/bibliotecajuridicavirtual.cl\/index.php\/wp-json\/wp\/v2\/product"}],"about":[{"href":"https:\/\/bibliotecajuridicavirtual.cl\/index.php\/wp-json\/wp\/v2\/types\/product"}],"replies":[{"embeddable":true,"href":"https:\/\/bibliotecajuridicavirtual.cl\/index.php\/wp-json\/wp\/v2\/comments?post=1807"}],"wp:featuredmedia":[{"embeddable":true,"href":"https:\/\/bibliotecajuridicavirtual.cl\/index.php\/wp-json\/wp\/v2\/media\/1857"}],"wp:attachment":[{"href":"https:\/\/bibliotecajuridicavirtual.cl\/index.php\/wp-json\/wp\/v2\/media?parent=1807"}],"wp:term":[{"taxonomy":"product_brand","embeddable":true,"href":"https:\/\/bibliotecajuridicavirtual.cl\/index.php\/wp-json\/wp\/v2\/product_brand?post=1807"},{"taxonomy":"product_cat","embeddable":true,"href":"https:\/\/bibliotecajuridicavirtual.cl\/index.php\/wp-json\/wp\/v2\/product_cat?post=1807"},{"taxonomy":"product_tag","embeddable":true,"href":"https:\/\/bibliotecajuridicavirtual.cl\/index.php\/wp-json\/wp\/v2\/product_tag?post=1807"}],"curies":[{"name":"wp","href":"https:\/\/api.w.org\/{rel}","templated":true}]}}