{"id":1809,"date":"2026-02-28T00:55:30","date_gmt":"2026-02-28T03:55:30","guid":{"rendered":"https:\/\/bibliotecajuridicavirtual.cl\/?post_type=product&#038;p=1809"},"modified":"2026-02-28T00:55:59","modified_gmt":"2026-02-28T03:55:59","slug":"derecho-administrativo-y-politicas-publicas-2-vol-rodriguez-arana-jaime-coordinador-1-edicion-2024-1-440-paginas","status":"publish","type":"product","link":"https:\/\/bibliotecajuridicavirtual.cl\/index.php\/product\/derecho-administrativo-y-politicas-publicas-2-vol-rodriguez-arana-jaime-coordinador-1-edicion-2024-1-440-paginas\/","title":{"rendered":"Derecho Administrativo y Pol\u00edticas P\u00fablicas 2 Vol &#8211; Rodr\u00edguez-Arana, Jaime (Coordinador) 1\u00b0 Edici\u00f3n 2024 &#8211; 1.440 p\u00e1ginas"},"content":{"rendered":"<p><strong>Derecho administrativo y pol\u00edticas p\u00fablicas 2 Vols.<\/strong><\/p>\n<p>Los temas tratados giran, como queda expuesto, en torno al Derecho Administrativo y las Pol\u00edticas P\u00fablicas y el lector encontrar\u00e1 diferentes estudios y comentarios sobre los diferentes aspectos que conforman esta dimensi\u00f3n tan relevante de las relaciones entre el Derecho administrativo y la Ciencia de la administraci\u00f3n, entre el Derecho administrativo y las pol\u00edticas p\u00fablicas.<\/p>\n<p>&nbsp;<\/p>\n<p>&nbsp;<\/p>\n","protected":false},"excerpt":{"rendered":"<p>Escr\u00edbenos al +56930565235 \/ Vis\u00edtanos en www.bibliotecajuridicavirtual.cl<\/p>\n<p>Env\u00edos a todo Chile &#8211; Starken-correos<\/p>\n<p>Haz tu reserva \/ Pocas Unidades<\/p>\n","protected":false},"featured_media":1859,"comment_status":"open","ping_status":"closed","template":"","meta":{"inline_featured_image":false,"_joinchat":[]},"product_brand":[],"product_cat":[45,26],"product_tag":[],"class_list":{"0":"post-1809","1":"product","2":"type-product","3":"status-publish","4":"has-post-thumbnail","6":"product_cat-administrativo","7":"product_cat-derecho","9":"first","10":"instock","11":"shipping-taxable","12":"purchasable","13":"product-type-simple"},"_links":{"self":[{"href":"https:\/\/bibliotecajuridicavirtual.cl\/index.php\/wp-json\/wp\/v2\/product\/1809","targetHints":{"allow":["GET"]}}],"collection":[{"href":"https:\/\/bibliotecajuridicavirtual.cl\/index.php\/wp-json\/wp\/v2\/product"}],"about":[{"href":"https:\/\/bibliotecajuridicavirtual.cl\/index.php\/wp-json\/wp\/v2\/types\/product"}],"replies":[{"embeddable":true,"href":"https:\/\/bibliotecajuridicavirtual.cl\/index.php\/wp-json\/wp\/v2\/comments?post=1809"}],"wp:featuredmedia":[{"embeddable":true,"href":"https:\/\/bibliotecajuridicavirtual.cl\/index.php\/wp-json\/wp\/v2\/media\/1859"}],"wp:attachment":[{"href":"https:\/\/bibliotecajuridicavirtual.cl\/index.php\/wp-json\/wp\/v2\/media?parent=1809"}],"wp:term":[{"taxonomy":"product_brand","embeddable":true,"href":"https:\/\/bibliotecajuridicavirtual.cl\/index.php\/wp-json\/wp\/v2\/product_brand?post=1809"},{"taxonomy":"product_cat","embeddable":true,"href":"https:\/\/bibliotecajuridicavirtual.cl\/index.php\/wp-json\/wp\/v2\/product_cat?post=1809"},{"taxonomy":"product_tag","embeddable":true,"href":"https:\/\/bibliotecajuridicavirtual.cl\/index.php\/wp-json\/wp\/v2\/product_tag?post=1809"}],"curies":[{"name":"wp","href":"https:\/\/api.w.org\/{rel}","templated":true}]}}