{"id":1810,"date":"2026-02-28T00:55:30","date_gmt":"2026-02-28T03:55:30","guid":{"rendered":"https:\/\/bibliotecajuridicavirtual.cl\/?post_type=product&#038;p=1810"},"modified":"2026-02-28T00:55:59","modified_gmt":"2026-02-28T03:55:59","slug":"resolucion-de-controversias-estudio-y-aplicacion-desde-la-psicologia-al-derecho-daniela-mora-gomez","status":"publish","type":"product","link":"https:\/\/bibliotecajuridicavirtual.cl\/index.php\/product\/resolucion-de-controversias-estudio-y-aplicacion-desde-la-psicologia-al-derecho-daniela-mora-gomez\/","title":{"rendered":"Resoluci\u00f3n de Controversias &#8211; Estudio y Aplicaci\u00f3n Desde la Psicolog\u00eda al Derecho &#8211; Daniela Mora G\u00f3mez"},"content":{"rendered":"<div>\n<p class=\"gmail-MsoNoSpacing\"><span lang=\"ES\">Entre los cursos que ha realizado destacan los siguientes: Introducci\u00f3n a la Toxicolog\u00eda Laboral, por la Superintendencia del Trabajo (Argentina), Estr\u00e9s Laboral, Legislaci\u00f3n y Normas, Enfermedades Laborales, Autocuidado de la Columna Vertebral, Ergonom\u00eda B\u00e1sica, Riesgos en Espacios Laborales, Seguridad basada en la Conducta Humana, Identificaci\u00f3n de Peligros y Evaluaci\u00f3n de Riesgos,\u00a0 Condiciones Sanitarias B\u00e1sicas en el Trabajo, Ley N\u00b016.744, Obligaciones Legales, Simulador Costos de los Accidentes, Alcohol y Drogas, Enfermedades Musculoesquel\u00e9ticas, Autocuidado y Buenas Pr\u00e1cticas, y T\u00e9cnicas de Investigaci\u00f3n de Accidentes, impartidos por el Instituto de Seguridad Laboral.\u00a0<\/span>Selecci\u00f3n por Competencias, Capacitarte UBA.<\/p>\n<p class=\"gmail-MsoNoSpacing\"><span lang=\"ES\">Estrategias de Ense\u00f1anza y Modelo Educativo para Ayudantes, Protocolo y Comportamiento Social, Habilidades Personales para el Liderazgo y Morfometr\u00eda Geom\u00e9trica, por la Universidad del B\u00edo-B\u00edo. Aplicaci\u00f3n de estrategias de Neurodiversidad a la planificaci\u00f3n de procesos formativos en educaci\u00f3n superior (Santo Tom\u00e1s) .Y docente de diferentes asignaturas en Santo Tom\u00e1s, Chill\u00e1n.<\/span><\/p>\n<\/div>\n<div><\/div>\n<div><b>\u00a0Rese\u00f1a:<\/b><\/div>\n<div>\n<p class=\"gmail-MsoNoSpacing\"><span lang=\"ES\">La presente obra, tiene como finalidad entregar un an\u00e1lisis del conflicto, sus bases biol\u00f3gicas, sociales, y las distintas formas de resolverlos. De esta manera, se mencionan aspectos claves de arbitraje, t\u00e9cnicas de mediaci\u00f3n, justicia restaurativa, diplomacia, y gesti\u00f3n del conflicto.\u00a0<\/span><\/p>\n<p class=\"gmail-MsoNoSpacing\"><span lang=\"ES\">El cap\u00edtulo I, explica por qu\u00e9 se producen los conflictos, comprende, as\u00ed como tambi\u00e9n funciones cognitivas que participan en ellos.<\/span><\/p>\n<p class=\"gmail-MsoNoSpacing\"><span lang=\"ES\">El cap\u00edtulo II, conflictos derivados del factor humano, se refiere b\u00e1sicamente a los errores m\u00e1s comunes que cometen las personas, y que hacen que se generen los conflictos.<\/span><\/p>\n<p class=\"gmail-MsoNoSpacing\"><span lang=\"ES\">El cap\u00edtulo III, referido al arbitraje, explica el concepto y clases de arbitraje, y convenciones internacionales relacionadas con ello.<\/span><\/p>\n<p class=\"gmail-MsoNoSpacing\"><span lang=\"ES\">El cap\u00edtulo IV, guarda relaci\u00f3n con t\u00e9cnicas que pueden ser utilizadas en mediaci\u00f3n, y que permiten avanzar en el proceso, que siempre termina siendo muy complejo.<\/span><\/p>\n<p class=\"gmail-MsoNoSpacing\"><span lang=\"ES\">El cap\u00edtulo V, justicia restaurativa, explica por qu\u00e9 es importante recurrir a ella, y en qu\u00e9 instancias.<\/span><\/p>\n<p class=\"gmail-MsoNoSpacing\"><span lang=\"ES\">El cap\u00edtulo VI, que hace menci\u00f3n a la diplomacia, menciona su importancia, y tambi\u00e9n el caso de Chile y China en este \u00e1mbito.<\/span><\/p>\n<p class=\"gmail-MsoNoSpacing\"><span lang=\"ES\">El cap\u00edtulo VII, menciona algunas tem\u00e1ticas importantes para poder gestionar los conflictos, como, por ejemplo, escucha activa e inteligencia emocional.<\/span><\/p>\n<p><a href=\"https:\/\/www.editorialmetropolitana.cl\/wp-content\/uploads\/2024\/10\/indice-y-primeras-paginas_resolucion-de-controversias.pdf\">indice<\/a><\/p>\n<\/div>\n","protected":false},"excerpt":{"rendered":"<p>1\u00b0Edici\u00f3n Octubre a\u00f1o 2024 \/ 129 P\u00e1ginas<\/p>\n<p>Escr\u00edbenos al +56930565235 \/ www.bibliotecajuridicavirtual.cl<\/p>\n<p>Env\u00edos a todo Chile \/ Starken-correos<\/p>\n<p>&nbsp;<\/p>\n","protected":false},"featured_media":1860,"comment_status":"open","ping_status":"closed","template":"","meta":{"inline_featured_image":false,"_joinchat":[]},"product_brand":[],"product_cat":[27,26,46],"product_tag":[],"class_list":{"0":"post-1810","1":"product","2":"type-product","3":"status-publish","4":"has-post-thumbnail","6":"product_cat-civil","7":"product_cat-derecho","8":"product_cat-derecho-arbitral","10":"first","11":"instock","12":"shipping-taxable","13":"purchasable","14":"product-type-simple"},"_links":{"self":[{"href":"https:\/\/bibliotecajuridicavirtual.cl\/index.php\/wp-json\/wp\/v2\/product\/1810","targetHints":{"allow":["GET"]}}],"collection":[{"href":"https:\/\/bibliotecajuridicavirtual.cl\/index.php\/wp-json\/wp\/v2\/product"}],"about":[{"href":"https:\/\/bibliotecajuridicavirtual.cl\/index.php\/wp-json\/wp\/v2\/types\/product"}],"replies":[{"embeddable":true,"href":"https:\/\/bibliotecajuridicavirtual.cl\/index.php\/wp-json\/wp\/v2\/comments?post=1810"}],"wp:featuredmedia":[{"embeddable":true,"href":"https:\/\/bibliotecajuridicavirtual.cl\/index.php\/wp-json\/wp\/v2\/media\/1860"}],"wp:attachment":[{"href":"https:\/\/bibliotecajuridicavirtual.cl\/index.php\/wp-json\/wp\/v2\/media?parent=1810"}],"wp:term":[{"taxonomy":"product_brand","embeddable":true,"href":"https:\/\/bibliotecajuridicavirtual.cl\/index.php\/wp-json\/wp\/v2\/product_brand?post=1810"},{"taxonomy":"product_cat","embeddable":true,"href":"https:\/\/bibliotecajuridicavirtual.cl\/index.php\/wp-json\/wp\/v2\/product_cat?post=1810"},{"taxonomy":"product_tag","embeddable":true,"href":"https:\/\/bibliotecajuridicavirtual.cl\/index.php\/wp-json\/wp\/v2\/product_tag?post=1810"}],"curies":[{"name":"wp","href":"https:\/\/api.w.org\/{rel}","templated":true}]}}