{"id":1833,"date":"2026-02-28T00:55:51","date_gmt":"2026-02-28T03:55:51","guid":{"rendered":"https:\/\/bibliotecajuridicavirtual.cl\/?post_type=product&#038;p=1833"},"modified":"2026-02-28T00:56:02","modified_gmt":"2026-02-28T03:56:02","slug":"desafios-del-derecho-contencioso-administrativo-y-la-buena-administracion-2-tomos","status":"publish","type":"product","link":"https:\/\/bibliotecajuridicavirtual.cl\/index.php\/product\/desafios-del-derecho-contencioso-administrativo-y-la-buena-administracion-2-tomos\/","title":{"rendered":"Desaf\u00edos del Derecho Contencioso Administrativo y la Buena Administraci\u00f3n 2 tomos"},"content":{"rendered":"<p><strong>Desaf\u00edos del derecho contencioso administrativo y la buena administraci\u00f3n 2 tomos<\/strong><\/p>\n<p>Analizar los\u00a0<em>Desaf\u00edos del Contencioso Administrativo y la Buena Administraci\u00f3n<\/em>\u00a0como lo hace la presente publicaci\u00f3n, implica ocuparse de temas centrales del derecho administrativo y de un concepto que ha venido haci\u00e9ndose cada vez m\u00e1s importante dentro de nuestros sistemas jur\u00eddicos como es el de buena administraci\u00f3n, que ha llegado al punto que se proponga como un derecho fundamental de las personas para lograr el reconocimiento de sus derechos y el cumplimiento de los fines del Estado, que en cualquier sentido se materializan en el bienestar de quienes integran el grupo social.<\/p>\n<p>VER \u00cdNDICE AQU\u00cd.<\/p>\n<p>&nbsp;<\/p>\n<p>&nbsp;<\/p>\n","protected":false},"excerpt":{"rendered":"<p>G\u00fcecha Medina, Ciro Nolberto (Director acad\u00e9mico) 1\u00b0 Edici\u00f3n 2024. 1400 p\u00e1gs. Tapa Dura<\/p>\n<p>V\u00eds\u00edtanos en www.bibliotecajuridicavirtual.cl \/ Escr\u00edbenos al +56930565235<br \/>\nHacemos env\u00edos a todo Chile &#8211; Starken o Correos Chile \/ Te esperamos.<\/p>\n","protected":false},"featured_media":1863,"comment_status":"open","ping_status":"closed","template":"","meta":{"inline_featured_image":false,"_joinchat":[]},"product_brand":[],"product_cat":[45,33,26],"product_tag":[],"class_list":{"0":"post-1833","1":"product","2":"type-product","3":"status-publish","4":"has-post-thumbnail","6":"product_cat-administrativo","7":"product_cat-constitucional","8":"product_cat-derecho","10":"first","11":"instock","12":"shipping-taxable","13":"purchasable","14":"product-type-simple"},"_links":{"self":[{"href":"https:\/\/bibliotecajuridicavirtual.cl\/index.php\/wp-json\/wp\/v2\/product\/1833","targetHints":{"allow":["GET"]}}],"collection":[{"href":"https:\/\/bibliotecajuridicavirtual.cl\/index.php\/wp-json\/wp\/v2\/product"}],"about":[{"href":"https:\/\/bibliotecajuridicavirtual.cl\/index.php\/wp-json\/wp\/v2\/types\/product"}],"replies":[{"embeddable":true,"href":"https:\/\/bibliotecajuridicavirtual.cl\/index.php\/wp-json\/wp\/v2\/comments?post=1833"}],"wp:featuredmedia":[{"embeddable":true,"href":"https:\/\/bibliotecajuridicavirtual.cl\/index.php\/wp-json\/wp\/v2\/media\/1863"}],"wp:attachment":[{"href":"https:\/\/bibliotecajuridicavirtual.cl\/index.php\/wp-json\/wp\/v2\/media?parent=1833"}],"wp:term":[{"taxonomy":"product_brand","embeddable":true,"href":"https:\/\/bibliotecajuridicavirtual.cl\/index.php\/wp-json\/wp\/v2\/product_brand?post=1833"},{"taxonomy":"product_cat","embeddable":true,"href":"https:\/\/bibliotecajuridicavirtual.cl\/index.php\/wp-json\/wp\/v2\/product_cat?post=1833"},{"taxonomy":"product_tag","embeddable":true,"href":"https:\/\/bibliotecajuridicavirtual.cl\/index.php\/wp-json\/wp\/v2\/product_tag?post=1833"}],"curies":[{"name":"wp","href":"https:\/\/api.w.org\/{rel}","templated":true}]}}