{"id":1835,"date":"2026-02-28T00:55:52","date_gmt":"2026-02-28T03:55:52","guid":{"rendered":"https:\/\/bibliotecajuridicavirtual.cl\/?post_type=product&#038;p=1835"},"modified":"2026-02-28T00:56:04","modified_gmt":"2026-02-28T03:56:04","slug":"la-responsabilidad-medica-en-la-jurisprudencia-jose-luis-zavala-ortiz-octubre-ano-2024-170-paginas","status":"publish","type":"product","link":"https:\/\/bibliotecajuridicavirtual.cl\/index.php\/product\/la-responsabilidad-medica-en-la-jurisprudencia-jose-luis-zavala-ortiz-octubre-ano-2024-170-paginas\/","title":{"rendered":"La Responsabilidad M\u00e9dica en la Jurisprudencia &#8211; Jos\u00e9 Luis Zavala Ortiz &#8211; Octubre a\u00f1o 2024 \/ 170 P\u00e1ginas"},"content":{"rendered":"<p style=\"font-weight: 400;\">La responsabilidad m\u00e9dica \u2013tambi\u00e9n conocida en el \u00e1mbito judicial como negligencia m\u00e9dica\u2013 surge como una de las tem\u00e1ticas de mayor litigiosidad en el \u00e1mbito judicial.<\/p>\n<p style=\"font-weight: 400;\">As\u00ed la Corte Suprema y las Cortes de Apelaciones van fijando criterios decisionales respecto de la responsabilidad civil, tanto contractual como extracontractual, de m\u00e9dicos y profesionales de la salud, cl\u00ednicas y hospitales.<\/p>\n<p style=\"font-weight: 400;\">Este libro aborda los aspectos m\u00e1s relevantes de la responsabilidad m\u00e9dica: Fundamentos de la responsabilidad m\u00e9dica, consentimiento informado, error de diagn\u00f3stico, negligencia en el tratamiento, negligencia en procedimientos m\u00e9dicos, infecci\u00f3n intrahospitalaria, responsabilidad de cl\u00ednicas y establecimientos de salud, indemnizaci\u00f3n de perjuicios y prescripci\u00f3n.<\/p>\n<p style=\"font-weight: 400;\">\n<p style=\"font-weight: 400;\"><b><strong>PRIMERA PARTE<\/strong><\/b><br \/>\n<b><strong>FUNDAMENTOS DE LA RESPONSABILIDAD M\u00c9DICA<\/strong><\/b><\/p>\n<ol>\n<li style=\"font-weight: 400;\">Concepto de Lex Artis en \u00e1mbito de la salud<\/li>\n<li style=\"font-weight: 400;\">Deberes esenciales del m\u00e9dico en relaci\u00f3n con paciente<\/li>\n<li style=\"font-weight: 400;\">En responsabilidad m\u00e9dica obligaci\u00f3n es de medios y no de resultado<br \/>\n3.1. No se exige que profesional m\u00e9dico deba necesariamente curar o sanar al paciente, pues ello depende de m\u00faltiples condicionantes ajenas a la voluntad del tratante<br \/>\n3.2. Negligencia respecto de obligaci\u00f3n de medios<br \/>\n3.3. Obligaci\u00f3n de medios que recae sobre el m\u00e9dico y carga probatoria<\/li>\n<li style=\"font-weight: 400;\">\u00c1mbitos en la responsabilidad m\u00e9dica<\/li>\n<\/ol>\n<p style=\"font-weight: 400;\"><b><strong>SEGUNDA PARTE<\/strong><\/b><br \/>\n<b><strong>CONSENTIMIENTO INFORMADO<\/strong><\/b><\/p>\n<ol>\n<li style=\"font-weight: 400;\">Consentimiento informado de paciente requiere explicaciones detalladas, precisas, serias y fundadas sobre los probables resultados de intervenci\u00f3n<br \/>\n2. Consentimiento informado que no cumple con exigencias legales<br \/>\n3. Consentimiento informado no puede concebirse como un mecanismo de renuncia anticipada a actuaciones culposas por parte del facultativo<br \/>\n4. Corresponde rechazar acci\u00f3n indemnizatoria por negligencia m\u00e9dica al acreditarse que paciente fue debidamente informado<br \/>\n5. Procede rechazar acci\u00f3n indemnizatoria por prestaci\u00f3n m\u00e9dica al no configurarse violencia obst\u00e9trica y al haber cumplido derecho de informaci\u00f3n por parte de la demandada<br \/>\n6. Ficha en que consta consentimiento informado de parte del paciente libera de responsabilidad a establecimiento<br \/>\n7. Sin perjuicio de acreditarse falta de consentimiento de paciente param intervenci\u00f3n quir\u00fargica aquella se ajusta a lex artis en virtud de hallazgo operatorios encontrados durante intervenci\u00f3n no prevista antes<br \/>\n8. Firma de tres consentimientos previos y explicaci\u00f3n del m\u00e9dico al paciente impiden hacer surgir responsabilidad<br \/>\n9. M\u00e9dico que no comunic\u00f3 riesgo de sufrir un infarto o shock medular en la operaci\u00f3n por considerar que era de escasa ocurrencia. Riesgo de baja probabilidad. Deber de informar<\/li>\n<\/ol>\n<p style=\"font-weight: 400;\"><b><strong>TERCERA PARTE<\/strong><\/b><br \/>\n<b><strong>ERROR DE DIAGN\u00d3STICO<\/strong><\/b><\/p>\n<ol>\n<li style=\"font-weight: 400;\">Simple error de diagn\u00f3stico por s\u00ed solo no genera responsabilidad m\u00e9dica<br \/>\n2. No surge responsabilidad m\u00e9dica si no existi\u00f3 error en el diagn\u00f3stico informado por m\u00e9dico a paciente respecto a malformaci\u00f3n feto<br \/>\n3. No puede tenerse por acreditado que facultativa se haya alejado de lex artis por el solo hecho de un eventual mal diagn\u00f3stico y falta de derivaci\u00f3n a centro de alta resoluci\u00f3n<br \/>\n4. Error de diagn\u00f3stico accidente vascular encef\u00e1lico<br \/>\n5. No se acredita de vulneraci\u00f3n a lex artis y relaci\u00f3n de causalidad entre diagn\u00f3stico y fallecimiento por infarto card\u00edaco<br \/>\n6. Responsabilidad m\u00e9dica en diagn\u00f3stico errado y mal tratamiento de s\u00edntomas de fiebre alta y v\u00f3mitos<br \/>\n7. Responsabilidad m\u00e9dica por tardanza de diagn\u00f3stico a paciente<br \/>\n8. Err\u00f3neo diagn\u00f3stico de c\u00e1ncer rectal<br \/>\n9. Queda acreditada responsabilidad m\u00e9dica si tratamiento no es el adecuado para el diagn\u00f3stico<br \/>\n10. No se configura negligencia m\u00e9dica si m\u00e9dico se ajust\u00f3 a lex artis en diagn\u00f3stico primario. Fracturas ocultas<br \/>\n11. Falta de detecci\u00f3n de la cardiopat\u00eda que guarda relaci\u00f3n de causalidad directa con el agravamiento de paciente<br \/>\n12. Surge responsabilidad de m\u00e9dico que da de alta a paciente que no est\u00e1 en condiciones de ello<br \/>\n13. Error de diagn\u00f3stico. Muerte de paciente inmunodeprimido por leucemia<br \/>\n14. Responsabilidad de m\u00e9dico en muerte de paciente al no detectar tumores malignos a tiempo a pesar de realizaci\u00f3n de ex\u00e1menes correspondientes<br \/>\n15. Diagn\u00f3stico deficiente del m\u00e9dico contando oportunamente con la informaci\u00f3n necesaria<\/li>\n<\/ol>\n<p style=\"font-weight: 400;\"><b><strong>CUARTA PARTE<\/strong><\/b><br \/>\n<b><strong>NEGLIGENCIA EN TRATAMIENTO<\/strong><\/b><\/p>\n<ol>\n<li style=\"font-weight: 400;\">Ordenar tratamiento para contusi\u00f3n menor siendo que ex\u00e1menes demostraban mayor da\u00f1o acarrea responsabilidad por negligencia m\u00e9dica<br \/>\n2. Errado tratamiento de pielonefritis de lactante<br \/>\n3. M\u00e9dico no es responsable por falta de control y tratamiento de padres de paciente<br \/>\n4. Responsabilidad m\u00e9dica por error en comunicaci\u00f3n de riesgos del tratamiento al paciente<br \/>\n5. Tratamiento adoptado para fractura que se ajusta a lex artis<br \/>\n6. Comunicaci\u00f3n de riesgos del tratamiento al paciente<br \/>\n7. Hay negligencia m\u00e9dica si no se toman en cuenta todos los factores de riesgo derivados de una lesi\u00f3n y a causa de ello paciente pierde su pierna<br \/>\n8. Error en tratamiento. Desprendimiento de retina. Omisi\u00f3n de antecedentes en ficha cl\u00ednica<br \/>\n9. No es posible atribuir sin prueba suficiente responsabilidad m\u00e9dica por enfermedad diverticular despu\u00e9s de once meses desde alta m\u00e9dica<\/li>\n<\/ol>\n<p style=\"font-weight: 400;\"><b><strong>QUINTA PARTE<\/strong><\/b><br \/>\n<b><strong>NEGLIGENCIA EN PROCEDIMIENTOS M\u00c9DICOS<\/strong><\/b><\/p>\n<ol>\n<li style=\"font-weight: 400;\">Procedimiento exploratorios<br \/>\n1.1. No existe negligencia m\u00e9dica si se realiz\u00f3 cirug\u00eda exploratoria por riesgo vital de paciente por embarazo<br \/>\n1.2. No es responsable m\u00e9dico que utiliz\u00f3 procedimiento exploratorio y no extractivo<br \/>\n1.3. Surge responsabilidad m\u00e9dica si se somete a paciente a procedimiento exploratorio sin tomar todas las medidas de seguridad<br \/>\n1.4. Procedimiento exploratorio de laparatom\u00eda inadecuado que causa muerte de paciente<\/li>\n<li style=\"font-weight: 400;\">Embarazos y parto<br \/>\n2.1. Negligencia m\u00e9dica por lesiones que sufri\u00f3 reci\u00e9n nacido en proceso de parto en hospital que le provoc\u00f3 da\u00f1o neurol\u00f3gico<br \/>\n2.2. Negligencia m\u00e9dica en parto natural en mujer con diabetes gestacional y beb\u00e9 de m\u00e1s de 4.000 gramos<br \/>\n2.3. Embarazo de riesgo sin practicar ces\u00e1rea que produjo muerte del feto<br \/>\n2.4. Muerte de feto por parto normal no viable<br \/>\n2.5. Se configura culpa t\u00e9cnica respecto al incumplimiento de m\u00e9dico al ausentarse y desatender absolutamente a la paciente despu\u00e9s de asistir al parto haciendo caso omiso a signos de complicaci\u00f3n<br \/>\n2.6. Responsabilidad de m\u00e9dico tratante y cl\u00ednica al verificarse omisi\u00f3n de negligencia propia de la actividad m\u00e9dica relativa a ces\u00e1rea<br \/>\n2.7. Se rechaza acci\u00f3n indemnizatoria al acreditarse que no existi\u00f3 error en el diagn\u00f3stico informado por m\u00e9dico a paciente respecto a feto<br \/>\n2.8. Al transcurrir m\u00e1s de siete horas sin verificaci\u00f3n de control, auscultaci\u00f3n o monitorio id\u00f3neo a feto que se trata en embarazo de alto riesgo se configura negligencia m\u00e9dica<br \/>\n2.9. Negligencia m\u00e9dica de matrona rechazada. Corresponde al m\u00e9dico tratante adoptar los procedimientos que la situaci\u00f3n ameritaba ante los s\u00edntomas de sufrimiento fetal<\/li>\n<li style=\"font-weight: 400;\">No se configura responsabilidad extracontractual por negligencia m\u00e9dica ya que no pesaba respecto a m\u00e9dico tratante deber de control previo de calidad de insumo<\/li>\n<li style=\"font-weight: 400;\">No es posible atribuir responsabilidad a odont\u00f3logo por s\u00f3lo haber atentado al paciente<\/li>\n<li style=\"font-weight: 400;\">Infarto medular es complicaci\u00f3n descrita en la literatura m\u00e9dica comoriesgo en las operaciones de la columna cervical con graves consecuencias<\/li>\n<li style=\"font-weight: 400;\">No se configura negligencia m\u00e9dica por elevaci\u00f3n del diafragma ya que es una complicaci\u00f3n esperable y razonable de cirug\u00eda efectuada para extirpar tumor<\/li>\n<li style=\"font-weight: 400;\">Fragilidad de la paciente dada su condici\u00f3n m\u00e9dica y sus enfermedades de base<\/li>\n<li style=\"font-weight: 400;\">Negligencia m\u00e9dico en procedimiento debido a que anillo intracorneal debi\u00f3 haberse mantenido en su lugar<\/li>\n<li style=\"font-weight: 400;\">Procedimiento oftalmol\u00f3gico que no tiene un fin est\u00e9tico o embellecedor<\/li>\n<li style=\"font-weight: 400;\">Obligaci\u00f3n del m\u00e9dico en una cirug\u00eda pl\u00e1stica de car\u00e1cter est\u00e9tico es de resultado y no de medios<\/li>\n<li style=\"font-weight: 400;\">Negligencia m\u00e9dica en cirug\u00eda est\u00e9tica<\/li>\n<li style=\"font-weight: 400;\">No hay responsabilidad por negligencia m\u00e9dica si profesional realiza todo lo indicado en protocolo<\/li>\n<li style=\"font-weight: 400;\">No se configura negligencia m\u00e9dica en cirug\u00eda. Perforaci\u00f3n de \u00f3rgano no acreditada<\/li>\n<li style=\"font-weight: 400;\">Existe negligencia m\u00e9dica si en intervenci\u00f3n quir\u00fargica se dej\u00f3 aguja en cuerpo de paciente<\/li>\n<li style=\"font-weight: 400;\">No hay nexo causal si anestesista no particip\u00f3 ni debi\u00f3 hacerlo<\/li>\n<li style=\"font-weight: 400;\">Revisi\u00f3n de ficha cl\u00ednica de paciente fallecida. Atenci\u00f3n prestada a paciente fue oportuna<\/li>\n<li style=\"font-weight: 400;\">No hay responsabilidad m\u00e9dica por infecci\u00f3n surgida con posterioridad a procedimiento si no se acredita negligencia<\/li>\n<li style=\"font-weight: 400;\">Negligencia en operaci\u00f3n g\u00e1strica<\/li>\n<li style=\"font-weight: 400;\">Responsabilidad m\u00e9dica por tard\u00eda en atenci\u00f3n a paciente infartado<\/li>\n<li style=\"font-weight: 400;\">Negligencia m\u00e9dica al no seguirse procedimiento de mordedura deara\u00f1a falleciendo el paciente<\/li>\n<li style=\"font-weight: 400;\">Sometimiento a drogas supresoras de conciencia para intervenci\u00f3n nosupone per se riesgo vital. Ausencia de atenci\u00f3n<\/li>\n<li style=\"font-weight: 400;\">Negligencia m\u00e9dica. Lesi\u00f3n que afecta desarrollo de la vida sexual de a paciente<\/li>\n<li style=\"font-weight: 400;\">Cirug\u00eda refractiva practicada a sabiendas de patolog\u00edas previas y un post operatorio defectuoso<\/li>\n<li style=\"font-weight: 400;\">Riesgos derivados de la cirug\u00eda bari\u00e1trica de bypass g\u00e1strico que nofueron debidamente tratados por el m\u00e9dico<\/li>\n<li style=\"font-weight: 400;\">No surge responsabilidad m\u00e9dica por procedimiento en cuadro de peritonitis apendicular<\/li>\n<li style=\"font-weight: 400;\">Negligencia en recuento de compresas por equipo quir\u00fargico<\/li>\n<li style=\"font-weight: 400;\">Mera confusi\u00f3n de s\u00edntomas resulta insuficiente para exonerar de responsabilidad m\u00e9dica. Inexistencia de protocolo para el manejo de complicaci\u00f3n post-operatoria<\/li>\n<\/ol>\n<p style=\"font-weight: 400;\"><b><strong>SEXTA PARTE<\/strong><\/b><br \/>\n<b><strong>INFECCI\u00d3N INTRAHOSPITALARIA<\/strong><\/b><\/p>\n<ol>\n<li style=\"font-weight: 400;\">Concepto de infecciones intrahospitalarias<br \/>\n2. No es causal de exoneraci\u00f3n de responsabilidad por negligencia m\u00e9dica infecci\u00f3n intrahospitalaria<br \/>\n3. Fallecimiento de reci\u00e9n nacida por infecci\u00f3n intrahospitalaria y streptococcus agalactiae. Falta de eficiencias del equipo m\u00e9dicos en busca del foco de contagio y su supresi\u00f3n. Ausencia de ex\u00e1menes<br \/>\n4. Procede rechazar acci\u00f3n indemnizatoria ya que profesionales que intervinieron en tratamiento de pacientes se ajustaron a protocolos por infecci\u00f3n intrahospitalaria<br \/>\n5. Procede rechazar acci\u00f3n de indemnizaci\u00f3n de perjuicios por negligencia m\u00e9dica ya que si bien el paciente tuvo una infecci\u00f3n no se acredit\u00f3 origen intrahospitalario<br \/>\n6. Infecci\u00f3n intrahospitalaria que surge a ra\u00edz de negligencia de centro de salud. Conocimiento del riesgo impl\u00edcito<br \/>\n7. Error excusable no implica negligencia. Existencia de riesgos ex\u00f3genos en los procedimientos m\u00e9dicos. Infecciones intrahospitalarias<\/li>\n<\/ol>\n<p style=\"font-weight: 400;\"><b><strong>S\u00c9PTIMA PARTE<\/strong><\/b><br \/>\n<b><strong>RESPONSABILIDAD DE CL\u00cdNICAS Y ESTABLECIMIENTOS DE SALUD<\/strong><\/b><\/p>\n<ol>\n<li style=\"font-weight: 400;\">Fundamento de responsabilidad de cl\u00ednica y establecimientos de salud<br \/>\n2. Que facultativo agente del da\u00f1o reclamado no forma parte de staff de cl\u00ednica m\u00e9dica no exime a dicha instituci\u00f3n de responsabilidad por infracci\u00f3n a lex artis<br \/>\n3. Responsabilidad extracontractual de cl\u00ednica al dar de alta a menor que a\u00fan necesitaba cuidados<br \/>\n4. Acci\u00f3n de indemnizaci\u00f3n de perjuicios por responsabilidad contractual contra Cl\u00ednica a pesar de que en sede penal se lleg\u00f3 a acuerdo reparatorio entre demandante y m\u00e9dico tratante<br \/>\n5. Hay responsabilidad por incumplimiento de contrato de cl\u00ednica privada que no otorga los debidos cuidados con posterioridad a cirug\u00eda<br \/>\n6. Existe culpa de cl\u00ednica al dejar sin observaci\u00f3n a paciente psiqui\u00e1trica que intenta suicidarse provoc\u00e1ndose discapacidad<br \/>\n7. Responsabilidad de hospital. Proveer o suministrar equipos adecuados y sin desperfectos, para ser utilizados en las intervenciones m\u00e9dicas de pabell\u00f3n<br \/>\n8. Responsabilidad de establecimiento de salud. Tabla quir\u00fargica err\u00f3nea<\/li>\n<\/ol>\n<p style=\"font-weight: 400;\"><b><strong>OCTAVA PARTE<\/strong><\/b><br \/>\n<b><strong>INDEMNIZACIONES Y PRESCRIPCI\u00d3N<\/strong><\/b><\/p>\n<ol>\n<li style=\"font-weight: 400;\">Indemnizaciones<\/li>\n<li style=\"font-weight: 400;\">Da\u00f1o emergente a consecuencia de incumplimiento de contrato de prestaci\u00f3n de servicios m\u00e9dicos salud de paciente que empeor\u00f3<br \/>\n2. Traslado del grupo familiar a otro pa\u00eds y gastos m\u00e9dicos incurridos son consecuencia l\u00f3gica e inmediata del incumplimiento al aplicar un procedimiento m\u00e9dico quir\u00fargico deficiente<br \/>\n3. Da\u00f1o reflejo o por repercusi\u00f3n. Procede da\u00f1o emergente por gastos de atenciones m\u00e9dicas para obtener atenci\u00f3n oportuna del paciente fallecido<br \/>\n4. Cuantificaci\u00f3n da\u00f1o moral por negligencia m\u00e9dica en parto<br \/>\n5. Procede condenar a Cl\u00ednica indemnizar da\u00f1o moral a ni\u00f1a y su madre en virtud de error en diagnostico<br \/>\n6. Rebaja de indemnizaci\u00f3n al ser atendidas oportunamente las lesiones producidas en virtud de negligencia m\u00e9dica<br \/>\n7. Da\u00f1o moral rechazado a c\u00f3nyuge de v\u00edctima de negligencia m\u00e9dica asociado al impedimento del propio placer<br \/>\n8. P\u00e9rdida de la chance como consecuencia de negligencia m\u00e9dica<br \/>\n9. Privar al paciente de la oportunidad de someterse a un tratamiento o no se sana una herida pierde las chances de evitar una invalidez<\/li>\n<li style=\"font-weight: 400;\">Prescripci\u00f3n<\/li>\n<li style=\"font-weight: 400;\">Plazo de prescripci\u00f3n de la acci\u00f3n se debe computar desde que se produce el da\u00f1o<br \/>\n2. C\u00f3mputo de prescripci\u00f3n de acci\u00f3n indemnizatoria se realiza desde el momento que demandante toma conocimiento de existencia de examen de biopsia<br \/>\n3. Plazo de prescripci\u00f3n de acci\u00f3n indemnizatoria por negligencia m\u00e9dica se suspende desde la fecha de interposici\u00f3n de reclamo ante la Superintendencia de Salud y no desde la citaci\u00f3n de las partes<br \/>\n4. Acci\u00f3n indemnizatoria por negligencia m\u00e9dica que se encontraba prescrita al momento interponer la demanda. \u00daltima atenci\u00f3n<\/li>\n<\/ol>\n","protected":false},"excerpt":{"rendered":"<p>V\u00eds\u00edtanos en www.bibliotecajuridicavirtual.cl \/ Escr\u00edbenos al +56930565235<br \/>\nHacemos env\u00edos a todo Chile &#8211; Starken o Correos Chile \/ Te esperamos.<\/p>\n","protected":false},"featured_media":1865,"comment_status":"open","ping_status":"closed","template":"","meta":{"inline_featured_image":false,"_joinchat":[]},"product_brand":[],"product_cat":[27,26],"product_tag":[],"class_list":{"0":"post-1835","1":"product","2":"type-product","3":"status-publish","4":"has-post-thumbnail","6":"product_cat-civil","7":"product_cat-derecho","9":"first","10":"instock","11":"shipping-taxable","12":"purchasable","13":"product-type-simple"},"_links":{"self":[{"href":"https:\/\/bibliotecajuridicavirtual.cl\/index.php\/wp-json\/wp\/v2\/product\/1835","targetHints":{"allow":["GET"]}}],"collection":[{"href":"https:\/\/bibliotecajuridicavirtual.cl\/index.php\/wp-json\/wp\/v2\/product"}],"about":[{"href":"https:\/\/bibliotecajuridicavirtual.cl\/index.php\/wp-json\/wp\/v2\/types\/product"}],"replies":[{"embeddable":true,"href":"https:\/\/bibliotecajuridicavirtual.cl\/index.php\/wp-json\/wp\/v2\/comments?post=1835"}],"wp:featuredmedia":[{"embeddable":true,"href":"https:\/\/bibliotecajuridicavirtual.cl\/index.php\/wp-json\/wp\/v2\/media\/1865"}],"wp:attachment":[{"href":"https:\/\/bibliotecajuridicavirtual.cl\/index.php\/wp-json\/wp\/v2\/media?parent=1835"}],"wp:term":[{"taxonomy":"product_brand","embeddable":true,"href":"https:\/\/bibliotecajuridicavirtual.cl\/index.php\/wp-json\/wp\/v2\/product_brand?post=1835"},{"taxonomy":"product_cat","embeddable":true,"href":"https:\/\/bibliotecajuridicavirtual.cl\/index.php\/wp-json\/wp\/v2\/product_cat?post=1835"},{"taxonomy":"product_tag","embeddable":true,"href":"https:\/\/bibliotecajuridicavirtual.cl\/index.php\/wp-json\/wp\/v2\/product_tag?post=1835"}],"curies":[{"name":"wp","href":"https:\/\/api.w.org\/{rel}","templated":true}]}}