{"id":1836,"date":"2026-02-28T00:55:52","date_gmt":"2026-02-28T03:55:52","guid":{"rendered":"https:\/\/bibliotecajuridicavirtual.cl\/?post_type=product&#038;p=1836"},"modified":"2026-02-28T00:56:05","modified_gmt":"2026-02-28T03:56:05","slug":"estudios-de-derecho-civil-xvii-xix-jornadas-nacionales-de-derecho-civil-villarrica-2023","status":"publish","type":"product","link":"https:\/\/bibliotecajuridicavirtual.cl\/index.php\/product\/estudios-de-derecho-civil-xvii-xix-jornadas-nacionales-de-derecho-civil-villarrica-2023\/","title":{"rendered":"Estudios de Derecho Civil XVII &#8211; XIX Jornadas Nacionales de Derecho Civil &#8211; Villarrica 2023"},"content":{"rendered":"<p style=\"font-weight: 400;\">El presente volumen contiene la edici\u00f3n de los trabajos que se presentaron en las XVII Jornadas Nacionales de Derecho Civil que se realizaron en Villarrica, entre los d\u00edas 27 y 29 de abril de 2023, bajo la organizaci\u00f3n del Departamento de Derecho Privado de la Facultad de Derecho de la Pontificia Universidad Cat\u00f3lica de Chile.\u200b<\/p>\n<p style=\"font-weight: 400;\">Las Jornadas Nacionales de Derecho Civil constituyen uno de los principales espacios de reflexi\u00f3n y difusi\u00f3n, a nivel nacional, de las tem\u00e1ticas del Derecho Civil, espacio en que acad\u00e9micos y acad\u00e9micas de todas las universidades del pa\u00eds ponen en com\u00fan sus investigaciones y participan del debate que ellas generan.\u200b<\/p>\n<p style=\"font-weight: 400;\">Este volumen contiene setenta y dos trabajos que son resultado de las ponencias presentadas en las XVII Jornadas Nacionales de Derecho Civil, abordando materias de todas las \u00e1reas del Derecho Civil. La obra se estructura en ocho partes: Personas, Familias, Bienes, Sucesiones, Obligaciones, Contratos y Responsabilidad Civil.\u200b<\/p>\n<p style=\"font-weight: 400;\"><b><strong>PRIMERA PARTE<\/strong><\/b><br \/>\n<b><strong>PERSONAS, FAMILIA Y SUCESIONES<\/strong><\/b><\/p>\n<p style=\"font-weight: 400;\"><em>Reconocimiento jur\u00eddico de la relaci\u00f3n entre el nuevo c\u00f3nyuge o conviviente del progenitor(a) y el NNA en las familias reconstituidas<\/em><br \/>\nRommy \u00c1lvarez Escudero<\/p>\n<p style=\"font-weight: 400;\"><em>La protecci\u00f3n de neurodivergencia desde la perspectiva de su vulnerabilidad jur\u00eddica: el fortalecimiento del est\u00e1ndar del lenguaje claro y sencillo para reforzar su capacidad de ejercicio<\/em><br \/>\nFrancisca Mar\u00eda Barrientos Camus<\/p>\n<p style=\"font-weight: 400;\"><em>La circunstancia de hallarse el testador en su sano juicio. Criterios actuales para su determinaci\u00f3n<\/em><br \/>\nMarcelo Barrientos Zamorano<\/p>\n<p style=\"font-weight: 400;\"><em>Filiaci\u00f3n en t\u00e9cnicas de reproducci\u00f3n asistida. La reforma de la Ley No 21.400<\/em><br \/>\nHern\u00e1n Corral Talciani<\/p>\n<p style=\"font-weight: 400;\"><em>El juicio notarial sobre la capacidad de testar de las personas de edad avanzada<\/em><br \/>\nSusana Espada Mallorqu\u00edn<\/p>\n<p style=\"font-weight: 400;\"><em>Reflexiones sobre la titularidad de los bienes del patrimonio reservado de la mujer casada en sociedad conyugal a partir del estatuto de los bienes adquiridos con subsidio habitacional<\/em><br \/>\nMar\u00eda Paz Gatica Rodr\u00edguez &#8211; Mar\u00eda Agnes Salah Abusleme<\/p>\n<p style=\"font-weight: 400;\"><em>Explicaciones sobre la incorporaci\u00f3n del principio de autonom\u00eda progresiva de los ni\u00f1os, ni\u00f1as y adolescentes en el art\u00edculo 323 del C\u00f3digo Civil relativo a los alimentos<\/em><br \/>\nNicol\u00e1s Ib\u00e1\u00f1ez Meza<\/p>\n<p style=\"font-weight: 400;\"><em>Los supuestos de intervenci\u00f3n especializada en la ley sobre garant\u00edas y protecci\u00f3n integral de los derechos de la ni\u00f1ez y adolescencia<\/em><br \/>\nFabiola Lathrop G\u00f3mez<\/p>\n<p style=\"font-weight: 400;\"><em>Matrimonio igualitario y cambio de paradigma en materia de filiaci\u00f3n: hacia una relectura del art\u00edculo 189 del C\u00f3digo Civil<\/em><br \/>\nMario Opazo Gonz\u00e1lez<\/p>\n<p style=\"font-weight: 400;\"><em>La capacidad de ni\u00f1os, ni\u00f1as y adolescentes para constituir universitas personarum a la luz de la Ley No 21.430, sobre garant\u00edas y protecci\u00f3n integral de los derechos de la ni\u00f1ez y la adolescencia. \u00bfAlgo nuevo bajo el sol?<\/em><br \/>\nIsaac Ravetllat Ballest\u00e9<\/p>\n<p style=\"font-weight: 400;\"><em>Maternidad subrogada: entre el riesgo de venta de ni\u00f1os, el abuso de los vientres de alquiler y las adopciones ilegales \u00bfhacia d\u00f3nde vamos?<\/em><br \/>\nMar\u00eda Sara Rodr\u00edguez Pinto<\/p>\n<p style=\"font-weight: 400;\"><em>El legado infra legitimae con fines extintivos de leg\u00edtima: notas sobre su admisibilidad en el derecho chileno<\/em><br \/>\nRicardo Saavedra Alvarado<\/p>\n<p style=\"font-weight: 400;\"><em>Los bemoles de la protecci\u00f3n de la vivienda familiar en Chile<\/em><br \/>\nCarolina Salinas Su\u00e1rez<\/p>\n<p style=\"font-weight: 400;\"><em>El cuidado de los hijos y su repercusi\u00f3n en el derecho de alimentos<\/em><br \/>\nSusan Turner Saelzer<\/p>\n<p style=\"font-weight: 400;\"><b><strong>SEGUNDA PARTE<\/strong><\/b><br \/>\n<b><strong>BIENES<\/strong><\/b><\/p>\n<p style=\"font-weight: 400;\"><em>Las acciones reivindicatorias del comunero y del propietario de cuota en el C\u00f3digo Civil<\/em><br \/>\nMarcela Acu\u00f1a San Mart\u00edn<\/p>\n<p style=\"font-weight: 400;\"><em>Las consecuencias sustantivas del procedimiento monitorio aplicable al simple precario: \u00bfuna reconfiguraci\u00f3n de su r\u00e9gimen jur\u00eddico?<\/em><br \/>\nJaime Alcalde Silva<\/p>\n<p style=\"font-weight: 400;\"><em>La oposici\u00f3n en el Decreto Ley No 2.695 de 1979: notas cr\u00edticas a su regulaci\u00f3n y sus consecuencias pr\u00e1cticas<\/em><br \/>\nClaudia Bahamondes Oyarz\u00fan<\/p>\n<p style=\"font-weight: 400;\"><em>La purga del derecho de conservaci\u00f3n ambiental: algunas notas y cr\u00edticas sobre su configuraci\u00f3n sustantiva, procesal y registral<\/em><br \/>\nEmilio Jos\u00e9 B\u00e9car Labra\u00f1a<\/p>\n<p style=\"font-weight: 400;\"><em>La hipoteca con cl\u00e1usula de garant\u00eda general es una cauci\u00f3n no accesoria: demostraci\u00f3n y consecuencias<\/em><br \/>\nBruno Caprile Biermann<\/p>\n<p style=\"font-weight: 400;\"><em>La prescripci\u00f3n extraordinaria de un inmueble no inscrito a nombre del prescribiente<\/em><br \/>\nPatricio Carvajal Ram\u00edrez<\/p>\n<p style=\"font-weight: 400;\"><em>El antecedente que justifica la detentaci\u00f3n material en la acci\u00f3n de precario ante la Corte Suprema: el s\u00edntoma, el diagn\u00f3stico y la cura<\/em><br \/>\n\u00cd\u00f1igo de la Maza Gazmuri<\/p>\n<p style=\"font-weight: 400;\"><em>La hipoteca de cosa futura en la nueva ley de copropiedad inmobiliaria y sus problemas<\/em><br \/>\nFabi\u00e1n Elorriaga de Bonis<\/p>\n<p style=\"font-weight: 400;\"><em>No siempre querer es poder: la extensi\u00f3n de la calificaci\u00f3n registral y la protecci\u00f3n de la propiedad ind\u00edgena<\/em><br \/>\nArturo Ib\u00e1\u00f1ez Le\u00f3n<\/p>\n<p style=\"font-weight: 400;\"><em>Accesi\u00f3n de mueble a inmueble (inciso primero del art\u00edculo 669 del C\u00f3digo Civil chileno): \u00bfenriquecimiento injusto o enriquecimiento impuesto?<\/em><br \/>\nPatricia Leal Barros<\/p>\n<p style=\"font-weight: 400;\"><em>Un acercamiento a las consecuencias civiles del abandono de bienes muebles<\/em><br \/>\nPamela Mendoza Alonzo<\/p>\n<p style=\"font-weight: 400;\"><em>La modificaci\u00f3n de la resoluci\u00f3n que concede la posesi\u00f3n efectiva y su inscripci\u00f3n en el registro conservatorio: una respuesta desde la publicidad y la legitimaci\u00f3n registral<\/em><br \/>\nYasna Ot\u00e1rola Espinoza<\/p>\n<p style=\"font-weight: 400;\"><em>Tres deudas del precario: la posesi\u00f3n inscrita, la propiedad y el tiempo<\/em><br \/>\nEsteban Pereira Fredes<\/p>\n<p style=\"font-weight: 400;\"><em>La naturaleza cautelar de la querella de amparo y otras cuestiones que inciden en su ejercicio<\/em><br \/>\nRuperto Pinochet Olave<\/p>\n<p style=\"font-weight: 400;\"><em>M\u00e1s vale un mal acuerdo que un peor juicio divisorio: influencia de la normativa urban\u00edstica en las particiones arbitrales<\/em><br \/>\nGian Franco Rosso Elorriaga<\/p>\n<p style=\"font-weight: 400;\"><b><strong>TERCERA PARTE<\/strong><\/b><br \/>\n<b><strong>OBLIGACIONES Y CONTRATOS<\/strong><\/b><\/p>\n<p style=\"font-weight: 400;\"><em>Regla del art\u00edculo 2003 No 2 del C\u00f3digo Civil y su aplicaci\u00f3n en los contratos de construcci\u00f3n de obra a suma alzada en situaciones de crisis o \u00bfcu\u00e1ndo nos atrevemos a usar el C\u00f3digo Civil?<\/em><br \/>\nLaura Albornoz Pollmann<\/p>\n<p style=\"font-weight: 400;\"><em>Las cartas de patrocinio o comfort letters \u201cfuertes\u201d: algunas consideraciones dogm\u00e1ticas<\/em><br \/>\nJorge Baraona Gonz\u00e1lez<\/p>\n<p style=\"font-weight: 400;\"><em>La revocaci\u00f3n dentro de la teor\u00eda general del contrato<\/em><br \/>\nRodrigo Barcia Lehmann<\/p>\n<p style=\"font-weight: 400;\"><em>Imposibilidad fortuita en el derecho de contratos<\/em><br \/>\nEnrique Barros Bourie<\/p>\n<p style=\"font-weight: 400;\"><em>La teor\u00eda de la diferenciaci\u00f3n como punto de partida para el estudio del derecho de enriquecimiento injustificado. Tipos de condictio y su r\u00e9gimen jur\u00eddico en el C\u00f3digo Civil<\/em><br \/>\nSebasti\u00e1n Nicol\u00e1s Campos Micin<\/p>\n<p style=\"font-weight: 400;\"><em>La determinaci\u00f3n del cumplimiento o no de las condiciones: debate antiguo y presente<\/em><br \/>\nCarmen Dom\u00ednguez Hidalgo<\/p>\n<p style=\"font-weight: 400;\"><em>Consecuencias civiles de la introducci\u00f3n del procedimiento monitorio para cobro de pago de rentas en la Ley No 18.101 sobre arrendamiento de predios urbanos, en especial para el ejercicio de la acci\u00f3n resolutoria por no pago de rentas<\/em><br \/>\nJuan Ignacio Contardo Gonz\u00e1lez<\/p>\n<p style=\"font-weight: 400;\"><em>Las mejoras efectuadas en el inmueble arrendado ante la expropiaci\u00f3n y la protecci\u00f3n del inter\u00e9s del arrendatario: elementos para la discusi\u00f3n<\/em><br \/>\nPablo Cornejo<\/p>\n<p style=\"font-weight: 400;\"><em>El lugar de la autonom\u00eda relacional y la inclusi\u00f3n en el derecho de los contratos. Una cr\u00edtica a las nociones hipervulnerabilidad y d\u00e9bil jur\u00eddico<\/em><br \/>\nYerko Cubillos Rom\u00e1n<\/p>\n<p style=\"font-weight: 400;\"><em>Art\u00edculo 1470 No 3 del C\u00f3digo Civil \u00bfinterpretaci\u00f3n restrictiva de los actos o de las solemnidades?<\/em><br \/>\nRodrigo Fuentes Gu\u00ed\u00f1ez<\/p>\n<p style=\"font-weight: 400;\"><em>Las facultades disminuidas del deudor como situaci\u00f3n diversa, pero similar a la notoria insolvencia<\/em><br \/>\nPedro Antonio Goic Martinic<\/p>\n<p style=\"font-weight: 400;\"><em>El \u201carrendamiento abusivo\u201d en clave de derecho civil<\/em><br \/>\nJuan Luis Goldenberg Serrano<\/p>\n<p style=\"font-weight: 400;\"><em>Las reglas de interpretaci\u00f3n del C\u00f3digo Civil ante el art\u00edculo 2\u00ba ter de la Ley No 19.496<\/em><br \/>\nPatricio Lazo Gonz\u00e1lez<\/p>\n<p style=\"font-weight: 400;\"><em>Las cl\u00e1usulas abusivas en la contrataci\u00f3n civil: un intento de formulaci\u00f3n en el derecho civil chileno y determinaci\u00f3n de la tutela de la parte d\u00e9bil<\/em><br \/>\nPatricia Ver\u00f3nica L\u00f3pez D\u00edaz<\/p>\n<p style=\"font-weight: 400;\"><em>Hacia una visi\u00f3n equilibrada de la idea de equilibrio contractual en los contratos civiles y comerciales<\/em><br \/>\nRodrigo Momberg Uribe<\/p>\n<p style=\"font-weight: 400;\"><em>\u00bfPor qu\u00e9 la Corte Suprema no aplica el art\u00edculo 1936 del C\u00f3digo Civil?<\/em><br \/>\nGonzalo Montory Barriga<\/p>\n<p style=\"font-weight: 400;\"><em>Dos posturas acerca del consumidor empresario en Chile<\/em><br \/>\nMar\u00eda Elisa Morales Ortiz<\/p>\n<p style=\"font-weight: 400;\"><em>Los remedios de autoayuda en el derecho contractual chileno<\/em><br \/>\nAlberto Pino Emhart<\/p>\n<p style=\"font-weight: 400;\"><em>Sobre la eficacia de las \u201ccl\u00e1usulas de integridad\u201d en relaci\u00f3n con algunas reglas de interpretaci\u00f3n de los contratos del C\u00f3digo Civil chileno<\/em><br \/>\nFrancisco Rubio Varas<\/p>\n<p style=\"font-weight: 400;\"><em>Consumidor hipervulnerable o de vulnerabilidad agravada en el derecho chileno<\/em><br \/>\nMauricio Tapia Rodr\u00edguez<\/p>\n<p style=\"font-weight: 400;\"><em>Algunas cuestiones relativas al arrendamiento de inmuebles celebrado a trav\u00e9s de la plataforma digital Airbnb<\/em><br \/>\n\u00c1lvaro Vidal Olivares<\/p>\n<p style=\"font-weight: 400;\"><em>La inoponibilidad: algunos aspectos importantes para determinar su naturaleza y funci\u00f3n<\/em><br \/>\nNathalie Walker Silva<\/p>\n<p style=\"font-weight: 400;\"><em>Acuerdos preliminares de negociar de buena fe<\/em><br \/>\nIsabel Margarita Zuloaga R\u00edos<\/p>\n<p style=\"font-weight: 400;\"><b><strong>CUARTA PARTE<\/strong><\/b><br \/>\n<b><strong>RESPONSABILIDAD CIVIL<\/strong><\/b><\/p>\n<p style=\"font-weight: 400;\"><em>El v\u00ednculo de subordinaci\u00f3n y dependencia en la responsabilidad del empresario por hecho ajeno como mecanismo articulador del riesgo<\/em><br \/>\nCristian Aedo Barrena<\/p>\n<p style=\"font-weight: 400;\"><em>Dos problemas en torno a la p\u00e9rdida de la oportunidad en Chile<\/em><br \/>\nRodrigo Barr\u00eda D\u00edaz<\/p>\n<p style=\"font-weight: 400;\"><em>Algunas cuestiones derivadas de la convivencia de reg\u00edmenes de responsabilidad en el contrato de transporte a\u00e9reo<\/em><br \/>\nMar\u00eda Graciela Brantt Zumar\u00e1n<\/p>\n<p style=\"font-weight: 400;\"><em>La doctrina de la p\u00e9rdida de la chance: (ab)usos alternativos<\/em><br \/>\nHugo A. C\u00e1rdenas Villarreal<\/p>\n<p style=\"font-weight: 400;\"><em>Configuraci\u00f3n, naturaleza y extensi\u00f3n de la obligaci\u00f3n surgida como consecuencia de los da\u00f1os causados en estado de necesidad<\/em><br \/>\nCarlos C\u00e9spedes Mu\u00f1oz<\/p>\n<p style=\"font-weight: 400;\"><em>Indemnizaci\u00f3n del da\u00f1o moral de la v\u00edctima inconsciente<\/em><br \/>\nEduardo Court Murasso<\/p>\n<p style=\"font-weight: 400;\"><em>El buen padre de familia como est\u00e1ndar de diligencia: \u00bfun estereotipo obsoleto? An\u00e1lisis comparado<\/em><br \/>\nCarolina Devoto Berriman &#8211; Ignacio Seguel Ca\u00f1as<\/p>\n<p style=\"font-weight: 400;\"><em>La acci\u00f3n popular preventiva del art\u00edculo 2333 en favor de personas determinadas<\/em><br \/>\nCarlos Andr\u00e9s Dom\u00ednguez Scheid<\/p>\n<p style=\"font-weight: 400;\"><em>Causalidad en casos de responsabilidad por productos farmac\u00e9uticos defectuosos. La experiencia norteamericana y su posible aplicaci\u00f3n en Chile<\/em><br \/>\nMiguel Jos\u00e9 Dibarrart Ferrada<\/p>\n<p style=\"font-weight: 400;\"><em>Da\u00f1os ocasionados por sistemas inteligentes complejos y de alto riesgo ante la responsabilidad civil extracontractual \u00bfqui\u00e9n responde? Dos propuestas desde la legislaci\u00f3n civil vigente<\/em><br \/>\nFelipe Diez Ringele<\/p>\n<p style=\"font-weight: 400;\"><em>Sobre la indemnizaci\u00f3n de dos y hasta cinco veces el valor de la o las facturas objeto de las infracciones establecidas en el inciso final del art\u00edculo 4o de la Ley No 19.983: operatoria de un particular caso de da\u00f1o punitivo o pena privada<\/em><br \/>\nJos\u00e9 Luis Diez Schwerter<\/p>\n<p style=\"font-weight: 400;\"><em>La indemnizaci\u00f3n extracompensatoria del art\u00edculo 53 C letra c) de la Ley sobre Protecci\u00f3n de los Derechos de los Consumidores<\/em><br \/>\nGabriel Hern\u00e1ndez Paulsen<\/p>\n<p style=\"font-weight: 400;\"><em>Garant\u00eda legal y acci\u00f3n indemnizatoria: \u00bfson resarcibles los da\u00f1os a causa del producto?<\/em><br \/>\nErika Isler Soto<\/p>\n<p style=\"font-weight: 400;\"><em>La responsabilidad postcontractual, elementos que la configuran<\/em><br \/>\nClaudia Carolina Mej\u00edas Alonzo<\/p>\n<p style=\"font-weight: 400;\"><em>Sobre el recurso a la denominada prohibici\u00f3n de regreso en un contexto de incerteza causal<\/em><br \/>\nRenzo Esteban Munita Marambio<\/p>\n<p style=\"font-weight: 400;\"><em>Problematizando al estado de necesidad como causal de exoneraci\u00f3n de responsabilidad civil, a la luz del derecho chileno<\/em><br \/>\nPamela Prado L\u00f3pez<\/p>\n<p style=\"font-weight: 400;\"><em>Indemnizaci\u00f3n del da\u00f1o futuro: \u00bfun paso adelante en la direcci\u00f3n equivocada?<\/em><br \/>\nJoaqu\u00edn Reyes Barros<\/p>\n<p style=\"font-weight: 400;\"><em>La cl\u00e1usula general de responsabilidad por hecho ajeno<\/em><br \/>\nLilian C. San Mart\u00edn Neira<\/p>\n<p style=\"font-weight: 400;\"><em>Cl\u00e1usulas de limitaci\u00f3n y exoneraci\u00f3n de responsabilidad por declaraciones e informaci\u00f3n precontractual<\/em><br \/>\nAdri\u00e1n Schopf Olea<\/p>\n<p style=\"font-weight: 400;\"><em>Culpa infraccional y dolo infraccional<\/em><br \/>\nJuan Andr\u00e9s Varas Braun<\/p>\n","protected":false},"excerpt":{"rendered":"<p>Autora: Carmen Dom\u00ednguez Hidalgo \/ Octubre a\u00f1o 2024 &#8211; 1.236 P\u00e1ginas<\/p>\n<p>V\u00eds\u00edtanos en www.bibliotecajuridicavirtual.cl \/ Escr\u00edbenos al +56930565235<br \/>\nHacemos env\u00edos a todo Chile &#8211; Starken o Correos Chile \/ Te esperamos.<\/p>\n","protected":false},"featured_media":1866,"comment_status":"open","ping_status":"closed","template":"","meta":{"inline_featured_image":false,"_joinchat":[]},"product_brand":[],"product_cat":[27,26],"product_tag":[],"class_list":{"0":"post-1836","1":"product","2":"type-product","3":"status-publish","4":"has-post-thumbnail","6":"product_cat-civil","7":"product_cat-derecho","9":"first","10":"instock","11":"shipping-taxable","12":"purchasable","13":"product-type-simple"},"_links":{"self":[{"href":"https:\/\/bibliotecajuridicavirtual.cl\/index.php\/wp-json\/wp\/v2\/product\/1836","targetHints":{"allow":["GET"]}}],"collection":[{"href":"https:\/\/bibliotecajuridicavirtual.cl\/index.php\/wp-json\/wp\/v2\/product"}],"about":[{"href":"https:\/\/bibliotecajuridicavirtual.cl\/index.php\/wp-json\/wp\/v2\/types\/product"}],"replies":[{"embeddable":true,"href":"https:\/\/bibliotecajuridicavirtual.cl\/index.php\/wp-json\/wp\/v2\/comments?post=1836"}],"wp:featuredmedia":[{"embeddable":true,"href":"https:\/\/bibliotecajuridicavirtual.cl\/index.php\/wp-json\/wp\/v2\/media\/1866"}],"wp:attachment":[{"href":"https:\/\/bibliotecajuridicavirtual.cl\/index.php\/wp-json\/wp\/v2\/media?parent=1836"}],"wp:term":[{"taxonomy":"product_brand","embeddable":true,"href":"https:\/\/bibliotecajuridicavirtual.cl\/index.php\/wp-json\/wp\/v2\/product_brand?post=1836"},{"taxonomy":"product_cat","embeddable":true,"href":"https:\/\/bibliotecajuridicavirtual.cl\/index.php\/wp-json\/wp\/v2\/product_cat?post=1836"},{"taxonomy":"product_tag","embeddable":true,"href":"https:\/\/bibliotecajuridicavirtual.cl\/index.php\/wp-json\/wp\/v2\/product_tag?post=1836"}],"curies":[{"name":"wp","href":"https:\/\/api.w.org\/{rel}","templated":true}]}}