{"id":1837,"date":"2026-02-28T00:55:52","date_gmt":"2026-02-28T03:55:52","guid":{"rendered":"https:\/\/bibliotecajuridicavirtual.cl\/?post_type=product&#038;p=1837"},"modified":"2026-02-28T00:56:06","modified_gmt":"2026-02-28T03:56:06","slug":"la-puerta-giratoria-inhabilidades-administrativas-tamara-arancibia-madriaga-julio-ano-2024-144-paginas","status":"publish","type":"product","link":"https:\/\/bibliotecajuridicavirtual.cl\/index.php\/product\/la-puerta-giratoria-inhabilidades-administrativas-tamara-arancibia-madriaga-julio-ano-2024-144-paginas\/","title":{"rendered":"La Puerta Giratoria. Inhabilidades Administrativas &#8211; Tamara Arancibia Madriaga &#8211; Julio a\u00f1o 2024 &#8211; 144 P\u00e1ginas"},"content":{"rendered":"<p style=\"font-weight: 400;\">La presente obra realiza un an\u00e1lisis exhaustivo sobre los conflictos de intereses en el contexto del fen\u00f3meno conocido como \u201cpuertas giratorias\u201d o \u201crevolving doors\u201d, expresi\u00f3n que hace referencia a la circulaci\u00f3n o flujo de personas entre el Estado y las empresas, o entre lo p\u00fablico y lo privado, comprometiendo los intereses p\u00fablicos.<\/p>\n<p style=\"font-weight: 400;\">Durante d\u00e9cadas, tanto a nivel nacional como internacional, se ha puesto de relieve la necesidad de regular estas pr\u00e1cticas y sus efectos perniciosos, no obstante, nuestro ordenamiento jur\u00eddico no contempla una normativa acabada y sistem\u00e1tica sobre la materia, resultando ser insuficiente para enfrentar de forma integral el problema.<\/p>\n<p style=\"font-weight: 400;\">Por lo anterior, el objetivo de este libro es determinar los mecanismos adecuados para regular eficazmente el tr\u00e1nsito entre los sectores p\u00fablico y privado en nuestro pa\u00eds, formulando sugerencias para el perfeccionamiento del marco jur\u00eddico vigente.<\/p>\n<p style=\"font-weight: 400;\"><b><strong>CAP\u00cdTULO I<br \/>\n<\/strong><\/b><b><strong>BASES DOCTRINALES Y NORMATIVAS PARA EL AN\u00c1LISIS DEL FEN\u00d3MENO DE LAS PUERTAS GIRATORIAS ENTRE LOS SECTORES P\u00daBLICO Y PRIVADO<\/strong><\/b><\/p>\n<ol>\n<li style=\"font-weight: 400;\">INTERESES COMPROMETIDOS<\/li>\n<\/ol>\n<p style=\"font-weight: 400;\">1.1. \u00c9tica p\u00fablica y principio de probidad administrativa: algunas nociones<br \/>\n1.2. Corrupci\u00f3n y fen\u00f3meno de la captura de la decisi\u00f3n estatal<\/p>\n<ol start=\"2\">\n<li style=\"font-weight: 400;\">CONFLICTOS DE INTERESES<\/li>\n<\/ol>\n<p style=\"font-weight: 400;\">2.1. Buen gobierno, buena administraci\u00f3n y conflictos de intereses: aproximaci\u00f3n conceptual<\/p>\n<p>2.2. Panorama general de la regulaci\u00f3n de los conflictos de intereses en Chile<br \/>\nA) T\u00e9cnicas de control de los conflictos de intereses<br \/>\na. Inhabilidades<br \/>\nb. Incompatibilidades<br \/>\nc. Deber de abstenci\u00f3n<br \/>\nd. Declaraciones de intereses y de patrimonio<br \/>\ne. El mandato especial de administraci\u00f3n de cartera de valores y la enajenaci\u00f3n forzosa<br \/>\nB) Alcances y limitaciones de la consagraci\u00f3n del fen\u00f3meno de las puertas giratorias en nuestra legislaci\u00f3n<br \/>\na. Regla general<br \/>\nb. Regulaci\u00f3n especial<br \/>\nc. Deber de declaraci\u00f3n para autoridades pol\u00edticas, administrativas y parlamentarias<br \/>\nd. Deber de abstenci\u00f3n de las autoridades y los funcionarios de la Administraci\u00f3n del Estado<br \/>\ne. Regulaci\u00f3n de hip\u00f3tesis de \u201ccambio de bando\u201d<br \/>\nf. Prohibici\u00f3n de contratar en materia de compras p\u00fablicas<\/p>\n<p style=\"font-weight: 400;\"><b><strong>CAP\u00cdTULO II<\/strong><\/b><br \/>\n<b><strong>C\u00d3MO ENFRENTAR EL FEN\u00d3MENO DE LAS \u201cPUERTAS GIRATORIAS\u201d EN CHILE. RECOMENDACIONES, EXPERIENCIA COMPARADA Y PROPUESTAS<\/strong><\/b><\/p>\n<ol>\n<li style=\"font-weight: 400;\">RECOMENDACIONES EFECTUADAS POR \u00d3RGANOS NACIONALES Y ORGANISMOS INTERNACIONALES SOBRE LA MATERIA\n<p>1.1. Informes de consejos asesores presidenciales<br \/>\nA) Comisi\u00f3n Nacional de \u00c9tica P\u00fablica (1994)<br \/>\nB) Comisi\u00f3n para el Fortalecimiento de la Transparencia y la Probidad P\u00fablica y Agenda Pol\u00edtico-Legislativa para la Modernizaci\u00f3n del Estado, la Transparencia y la Promoci\u00f3n del Crecimiento (2003)<br \/>\nC) Grupo de Trabajo sobre Probidad y Transparencia (2006)<br \/>\nD) Consejo Asesor Presidencial contra los Conflictos de Inter\u00e9s, el Tr\u00e1fico de Influencias y la Corrupci\u00f3n, o \u201cComisi\u00f3n Engel\u201d (2015)<\/p>\n<p>1.2. Informes de organizaciones internacionales: Organizaci\u00f3n para la Cooperaci\u00f3n y el Desarrollo Econ\u00f3micos (OCDE) y Transparencia Internacional (TI)<br \/>\nA) Organizaci\u00f3n para la Cooperaci\u00f3n y el Desarrollo Econ\u00f3micos (OCDE)<br \/>\nB) Transparencia Internacional (TI)<\/li>\n<li style=\"font-weight: 400;\">REVISI\u00d3N DE LA EXPERIENCIA COMPARADA<\/li>\n<\/ol>\n<p style=\"font-weight: 400;\">2.1. Regulaciones sobre puertas giratorias en Am\u00e9rica: algunos ejemplos<br \/>\nA) Uruguay<br \/>\nB) Canad\u00e1<br \/>\nC) Estados Unidos<\/p>\n<p>2.2. Referencia al caso dan\u00e9s: el pa\u00eds menos corrupto del mundo<\/p>\n<ol start=\"3\">\n<li style=\"font-weight: 400;\">PROPUESTAS PARA ENFRENTAR EL FEN\u00d3MENO DE LAS \u201cPUERTAS GIRATORIAS\u201d EN CHILE<\/li>\n<\/ol>\n<p style=\"font-weight: 400;\">3.1. Premisa: insuficiencia de la regulaci\u00f3n vigente y de los proyectos de ley sobre la materia<\/p>\n<p>3.2. Bases para perfeccionar la regulaci\u00f3n de las puertas giratorias en nuestro pa\u00eds<br \/>\nA) Elementos de control<br \/>\nB) Elementos de orientaci\u00f3n<br \/>\nC) Elementos de gesti\u00f3n<\/p>\n<p>3.3. Cambios normativos necesarios para enfrentar el fen\u00f3meno<br \/>\nA) Introducci\u00f3n de regulaciones previas y coet\u00e1neas al ingreso al sector p\u00fablico<br \/>\nB) Fortalecimiento de la regulaci\u00f3n durante el ejercicio del cargo<br \/>\nC) Perfeccionamiento de la regulaci\u00f3n aplicable a los funcionarios tras el t\u00e9rmino de su servicio<\/p>\n","protected":false},"excerpt":{"rendered":"<p>V\u00eds\u00edtanos en www.bibliotecajuridicavirtual.cl \/ Escr\u00edbenos al +56930565235<br \/>\nHacemos env\u00edos a todo Chile &#8211; Starken o Correos Chile \/ Te esperamos.<\/p>\n","protected":false},"featured_media":1867,"comment_status":"open","ping_status":"closed","template":"","meta":{"inline_featured_image":false,"_joinchat":[]},"product_brand":[],"product_cat":[45,26],"product_tag":[],"class_list":{"0":"post-1837","1":"product","2":"type-product","3":"status-publish","4":"has-post-thumbnail","6":"product_cat-administrativo","7":"product_cat-derecho","9":"first","10":"instock","11":"shipping-taxable","12":"purchasable","13":"product-type-simple"},"_links":{"self":[{"href":"https:\/\/bibliotecajuridicavirtual.cl\/index.php\/wp-json\/wp\/v2\/product\/1837","targetHints":{"allow":["GET"]}}],"collection":[{"href":"https:\/\/bibliotecajuridicavirtual.cl\/index.php\/wp-json\/wp\/v2\/product"}],"about":[{"href":"https:\/\/bibliotecajuridicavirtual.cl\/index.php\/wp-json\/wp\/v2\/types\/product"}],"replies":[{"embeddable":true,"href":"https:\/\/bibliotecajuridicavirtual.cl\/index.php\/wp-json\/wp\/v2\/comments?post=1837"}],"wp:featuredmedia":[{"embeddable":true,"href":"https:\/\/bibliotecajuridicavirtual.cl\/index.php\/wp-json\/wp\/v2\/media\/1867"}],"wp:attachment":[{"href":"https:\/\/bibliotecajuridicavirtual.cl\/index.php\/wp-json\/wp\/v2\/media?parent=1837"}],"wp:term":[{"taxonomy":"product_brand","embeddable":true,"href":"https:\/\/bibliotecajuridicavirtual.cl\/index.php\/wp-json\/wp\/v2\/product_brand?post=1837"},{"taxonomy":"product_cat","embeddable":true,"href":"https:\/\/bibliotecajuridicavirtual.cl\/index.php\/wp-json\/wp\/v2\/product_cat?post=1837"},{"taxonomy":"product_tag","embeddable":true,"href":"https:\/\/bibliotecajuridicavirtual.cl\/index.php\/wp-json\/wp\/v2\/product_tag?post=1837"}],"curies":[{"name":"wp","href":"https:\/\/api.w.org\/{rel}","templated":true}]}}