{"id":1838,"date":"2026-02-28T00:55:52","date_gmt":"2026-02-28T03:55:52","guid":{"rendered":"https:\/\/bibliotecajuridicavirtual.cl\/?post_type=product&#038;p=1838"},"modified":"2026-02-28T00:56:07","modified_gmt":"2026-02-28T03:56:07","slug":"manual-sobre-las-penas-edison-carrasco-jimenez-julio-ano-2024-418-paginas","status":"publish","type":"product","link":"https:\/\/bibliotecajuridicavirtual.cl\/index.php\/product\/manual-sobre-las-penas-edison-carrasco-jimenez-julio-ano-2024-418-paginas\/","title":{"rendered":"Manual Sobre las Penas &#8211; Edison Carrasco Jim\u00e9nez &#8211; Julio a\u00f1o 2024 &#8211; 418 P\u00e1ginas"},"content":{"rendered":"<p style=\"font-weight: 400;\">Este libro intenta abarcar, en un examen exhaustivo, el estudio y an\u00e1lisis de penas penales, en el sistema jur\u00eddico chileno. La primera parte de este libro, \u201cPenas simples\u201d, hace un estudio sobre las penas elementales que dispone el cat\u00e1logo de sanciones del derecho penal general chileno, en tres cap\u00edtulos. En la segunda parte, \u201cPenas complejas\u201d, se ocupa del an\u00e1lisis de las penas copulativas, alternativas, y las penas accesorias. En la tercera parte, \u201cPenas Sustitutivas y Libertad Condicional\u201d, se efect\u00faa una revisi\u00f3n del estatuto de penas sustitutivas en la legislaci\u00f3n chilena, esto es, tanto aquellas de la Ley N\u00b018.216, como tambi\u00e9n las del C\u00f3digo Penal y las de la Ley N\u00b020.000. Se a\u00f1ade, adem\u00e1s, un apartado para la revisi\u00f3n de la libertad condicional del DL N\u00b0321. Por \u00faltimo, se incluyen en este trabajo las \u00faltimas modificaciones legales y la nueva legislaci\u00f3n hasta la fecha.<\/p>\n<p style=\"font-weight: 400;\">Esta obra est\u00e1 orientada principalmente a profesores y estudiantes de Derecho, y profesionales del \u00e1mbito psicosocial que trabaja en las instituciones relacionadas con las penas del sistema penal chileno.<\/p>\n<p style=\"font-weight: 400;\"><b><strong>PRIMERA PARTE<\/strong><\/b><br \/>\n<b><strong>ESTUDIOS TE\u00d3RICOS SOBRE LA PENA<\/strong><\/b><\/p>\n<ol>\n<li style=\"font-weight: 400;\">CONCEPTO DE PENA<\/li>\n<li style=\"font-weight: 400;\">Teor\u00edas de la pena<br \/>\n2.1. Introducci\u00f3n<br \/>\n2.2. Teor\u00edas absolutas de la pena<br \/>\nA) Fundamentos de la teor\u00eda absoluta de la pena<br \/>\nB) El derecho penal y las teor\u00edas absolutas de la pena<br \/>\n2.3. Teor\u00edas de la prevenci\u00f3n<br \/>\nA) Teor\u00edas de la prevenci\u00f3n negativa<br \/>\na. Teor\u00edas de prevenci\u00f3n general negativa (objetiva)<br \/>\nb. La teor\u00eda econ\u00f3mica del crimen<br \/>\nc. Teor\u00edas de la prevenci\u00f3n general a la reacci\u00f3n informal o teor\u00edas de la prevenci\u00f3n negativa subjetiva<br \/>\nd. Teor\u00eda de la prevenci\u00f3n general de las revoluciones<br \/>\ne. Teor\u00edas de la prevenci\u00f3n especial negativa<br \/>\nB) Teor\u00edas de la prevenci\u00f3n positiva<br \/>\na. Teor\u00edas de la prevenci\u00f3n general positiva<br \/>\nb. Teor\u00edas de la prevenci\u00f3n especial positiva<br \/>\n2.4. Teor\u00edas o f\u00f3rmulas de la restauraci\u00f3n como fin de la pena<br \/>\n2.5. Teor\u00edas de la uni\u00f3n, mixtas o ecl\u00e9cticas<br \/>\n2.6. Teor\u00edas esc\u00e9pticas de los fines de la pena<br \/>\na. La teor\u00eda de la autoconstataci\u00f3n ideol\u00f3gico-simb\u00f3lica<br \/>\nb. Teor\u00eda agn\u00f3stica de la pena<br \/>\nc. La posici\u00f3n frente al fin de la pena en Nietzsche<br \/>\nd. Del minimalismo penal a las teor\u00edas abolicionistas<\/li>\n<li style=\"font-weight: 400;\">CR\u00cdTICA A LAS TEOR\u00cdAS DE LA PENA<\/li>\n<\/ol>\n<p style=\"font-weight: 400;\">3.1. Cr\u00edtica al concepto \u201cfin de la pena\u201d<br \/>\n3.2. Cr\u00edtica al concepto \u201cteor\u00eda\u201d<br \/>\n3.3.. Refractariedad a la distinci\u00f3n conceptual entre teor\u00edas absolutas y relativas<br \/>\n3.4. Cr\u00edticas a la retribuci\u00f3n<br \/>\n3.5. Cr\u00edtica a la prevenci\u00f3n general negativa<br \/>\n3.6. Cr\u00edticas y observaciones a la teor\u00eda econ\u00f3mica del delito<br \/>\n3.7. Cr\u00edticas a la prevenci\u00f3n especial por la doctrina penal<br \/>\n3.8. Cr\u00edtica a la prevenci\u00f3n negativa especial<br \/>\n3.9. Cr\u00edtica a la prevenci\u00f3n especial positiva<br \/>\n3.10. Cr\u00edticas a la prevenci\u00f3n general positiva por la doctrina penal<br \/>\n3.11. Cr\u00edticas a las teor\u00edas de la uni\u00f3n, mixtas o ecl\u00e9cticas<br \/>\n3.12. Opini\u00f3n personal<\/p>\n<ol start=\"4\">\n<li style=\"font-weight: 400;\">MODO EN EL QUE SE ESTUDIAR\u00c1N LAS PENAS EN ESTE LIBRO (METODOLOG\u00cdA)<\/li>\n<\/ol>\n<p style=\"font-weight: 400;\"><b><strong>SEGUNDA PARTE<\/strong><\/b><br \/>\n<b><strong>PENAS SIMPLES<\/strong><\/b><\/p>\n<p style=\"font-weight: 400;\"><b><strong>CAP\u00cdTULO I<\/strong><\/b><br \/>\n<b><strong>PENAS QUE AFECTAN LA VIDA Y LA LIBERTAD INDIVIDUAL<\/strong><\/b><\/p>\n<ol>\n<li style=\"font-weight: 400;\">BREVE MENCI\u00d3N SOBRE LA PENA DE MUERTE<\/li>\n<\/ol>\n<p style=\"font-weight: 400;\">1.1. La pena de muerte en la actualidad<br \/>\n1.2. La pena de muerte en la legislaci\u00f3n chilena<\/p>\n<ol start=\"2\">\n<li style=\"font-weight: 400;\">PENAS PRIVATIVAS DE LIBERTAD<\/li>\n<\/ol>\n<p style=\"font-weight: 400;\">2.1. Problemas criminol\u00f3gicos de la privaci\u00f3n de libertad<br \/>\n2.2. Propuestas para el mejoramiento carcelario<br \/>\n2.3. Penas de presidio, reclusi\u00f3n y prisi\u00f3n<br \/>\nA) Efectos<br \/>\nB) Lugar de cumplimiento<\/p>\n<ol start=\"3\">\n<li style=\"font-weight: 400;\">PENAS RESTRICTIVAS DE LIBERTAD3.1. Algo de historia<br \/>\n3.2. Penas en espec\u00edfico<\/li>\n<li style=\"font-weight: 400;\">PENAS LIMITATIVAS DE LA LIBERTAD<\/li>\n<\/ol>\n<p style=\"font-weight: 400;\">4.1. Sujeci\u00f3n a la vigilancia de la autoridad<br \/>\nA) Regulaci\u00f3n<br \/>\nB) \u00bfEs la sujeci\u00f3n a la vigilancia de la autoridad una pena?<br \/>\n4.2. En qu\u00e9 consiste<br \/>\n4.3. Casos en que se impone<\/p>\n<p style=\"font-weight: 400;\"><b><strong>CAP\u00cdTULO II<\/strong><\/b><br \/>\n<b><strong>PENAS PECUNIARIAS<\/strong><\/b><\/p>\n<ol>\n<li style=\"font-weight: 400;\">GENERALIDADES<\/li>\n<li style=\"font-weight: 400;\">MULTA<\/li>\n<\/ol>\n<p style=\"font-weight: 400;\">2.1. Explicaci\u00f3n preliminar<br \/>\n2.2. Or\u00edgenes y desarrollo hist\u00f3rico de la multa<br \/>\n2.3. Regulaci\u00f3n de la multa<br \/>\n2.4. Caracter\u00edsticas de la multa<br \/>\n2.5. Ventajas de la multa<br \/>\nA) Ventajas penales<br \/>\nB) Ventajas procesales<br \/>\nC) Ventajas presupuestarias<br \/>\nD) Ventajas presupuestarias<br \/>\nE) Ventajas sociales<br \/>\nF) Ventajas humanas<br \/>\n2.6. Desventajas de la multa<br \/>\nA) Problemas con la efectividad de la multa<br \/>\n2.7. Clases de sistema de determinaci\u00f3n legal de la multa<br \/>\nA) Sistema de patr\u00f3n fijo o absoluto<br \/>\nB) Sistema de patr\u00f3n relativo o variable<br \/>\n2.8. Aplicaci\u00f3n y determinaci\u00f3n de la multa en el C\u00f3digo Penal<br \/>\n2.9. Car\u00e1cter \u201cresidual\u201d de la multa y orden de prelaci\u00f3n<br \/>\nA) Car\u00e1cter residual de la multa<br \/>\nB) Orden de prelaci\u00f3n de la multa<br \/>\n2.10.\u00a0\u00a0Observaciones generales<br \/>\nA) Disparidad en el uso de un patr\u00f3n \u00fanico<br \/>\nB) Ausencia de uniformidad en los marcos penales<br \/>\nC) Baja expectativa de cumplimiento de la multa por orden de prelaci\u00f3n<\/p>\n<ol start=\"3\">\n<li style=\"font-weight: 400;\">COMISO<\/li>\n<\/ol>\n<p style=\"font-weight: 400;\">3.1. Regulaci\u00f3n legal y concepto<br \/>\n3.2. Funci\u00f3n y caracter\u00edstica jur\u00eddica principal del comiso<br \/>\n3.3. Objeto del comiso<br \/>\nA) Objetos expresos en el C\u00f3digo Penal<br \/>\nB) Utilidad o ganancia en otros cuerpos normativos<br \/>\nC) Delitos espec\u00edficos sancionados con el comiso y sus objetos de comiso<br \/>\n3.4. Regulaci\u00f3n del comiso para las faltas<br \/>\n3.5. El comiso en el delito de drogas (Ley N\u00b0 20.000)<br \/>\nA) Objeto del comiso<br \/>\n3.6. El comiso en otras leyes<\/p>\n<ol start=\"4\">\n<li style=\"font-weight: 400;\">COSIFICACI\u00d3N<\/li>\n<\/ol>\n<p style=\"font-weight: 400;\">4.1. Historia<br \/>\n4.2. Menci\u00f3n constitucional<br \/>\n4.3. Problemas que exist\u00edan con la confiscaci\u00f3n<\/p>\n<ol start=\"5\">\n<li style=\"font-weight: 400;\">CAUCI\u00d3N<\/li>\n<\/ol>\n<p style=\"font-weight: 400;\"><b><strong>CAP\u00cdTULO III<\/strong><\/b><br \/>\n<b><strong>PENAS PRIVATIVAS DE DERECHOS<\/strong><\/b><\/p>\n<p>1. GENERALIDADES<\/p>\n<p style=\"font-weight: 400;\">1.1\u00a0\u00a0Exposici\u00f3n<br \/>\n1.2. Regulaci\u00f3n general<br \/>\n1.3. Historia legislativa<\/p>\n<ol start=\"2\">\n<li style=\"font-weight: 400;\">INHABLITACI\u00d3N<\/li>\n<\/ol>\n<p style=\"font-weight: 400;\">2.1. Regulai\u00f3n<br \/>\n2.2. Concepto y funci\u00f3n<br \/>\n2.3. Caracter\u00edsticas de la pena de inhabilitaci\u00f3n<br \/>\n2.4. Objetos de la inhabilitaci\u00f3n<br \/>\nA) Cargos y empleos<br \/>\nB) Derechos pol\u00edicos<br \/>\nC) Profesiones titulares<br \/>\nD) Emisi\u00f3n de licencias m\u00e9dicas<br \/>\n2.5. Clasificaci\u00f3n de la inhabilitaci\u00f3n<br \/>\nA) Seg\u00fan la escala de penas<br \/>\nB) Seg\u00fan su duraci\u00f3n<br \/>\nC) Seg\u00fan su extensi\u00f3n<br \/>\n2.6. Tiempo de inhabilitaci\u00f3n<br \/>\n2.7. Penas de las cuales la inhabilitaci\u00f3n es accesoria<br \/>\n2.8. Efectos de la pena de inhabiltaci\u00f3n<br \/>\n2.9. Relaci\u00f3n de la inhabilitaci\u00f3n con el indulto<br \/>\n2.10. Grados escala de penas de la inhabilitaci\u00f3n<br \/>\n2.11. La inhabilitaci\u00f3n como pena principal<\/p>\n<ol start=\"3\">\n<li style=\"font-weight: 400;\">SUSPENSI\u00d3N DE CARGO U OFICIO O PROFESI\u00d3N TITULAR<\/li>\n<\/ol>\n<p style=\"font-weight: 400;\">3.1. Regulaci\u00f3n<br \/>\n3.2. Efecto jur\u00eddico-penal<br \/>\n3.3. Escala<br \/>\n3.4. Suspensi\u00f3n como medida<\/p>\n<ol start=\"4\">\n<li style=\"font-weight: 400;\">INHABILIDAD O SUSPENSI\u00d3N PARA CONDUCIR VEH\u00cdCULOS A TRACCI\u00d3N MEC\u00c1NICA O ANIMAL<\/li>\n<li style=\"font-weight: 400;\">PENA DE INTERDICCI\u00d3N DEL DERECHO DE EJERCER LA GUARDA Y SER O\u00cdDOS COMO PARIENTES<\/li>\n<li style=\"font-weight: 400;\">P\u00c9RDIDA DE LA PATRIA POTESTAD O INHABILITACI\u00d3N PARA OBTENERLA<\/li>\n<li style=\"font-weight: 400;\">P\u00c9RDIDA DE LA AUTORIZACI\u00d3N PARA QUE LA V\u00cdCTIMA MENOR DE EDAD SALGA DEL PA\u00cdS<\/li>\n<li style=\"font-weight: 400;\">P\u00c9RDIDA DE TODOS LOS DERECHOS QUE POR EL MINISTERIO DE A LEY SE LE CONFIRIEREN RESPECTO DE LA PERSONA Y BIENES DEL OFENDIDO, DE SUS ASCENDIENTES Y DESCENDIENTES<\/li>\n<li style=\"font-weight: 400;\">INHABILITACI\u00d3N EN LOS DELITOS ECON\u00d3MICOS<\/li>\n<\/ol>\n<p style=\"font-weight: 400;\"><b><strong>TERCERA PARTE<\/strong><\/b><br \/>\n<b><strong>PENAS COMPUESTAS<\/strong><\/b><\/p>\n<p style=\"font-weight: 400;\"><b><strong>CAP\u00cdTULO I<\/strong><\/b><br \/>\n<b><strong>PENAS COMPLEJAS<\/strong><\/b><\/p>\n<ol>\n<li style=\"font-weight: 400;\">INTRODUCCI\u00d3N<\/li>\n<li style=\"font-weight: 400;\">EXPRESI\u00d3N NORMATIVA DE PENAS COPULATIVAS Y PENAS ALTERNATIVAS EN EL C\u00d3DIGO PENAL CHILENO<\/li>\n<li style=\"font-weight: 400;\">ESTRUCTURA L\u00d3GICA DEL LENGUAJE NORMATIVO PARA EL MARCO PENAL DE LAS PENAS COPULATIVAS Y DE LAS PENAS ALTERNATIVAS<\/li>\n<li style=\"font-weight: 400;\">LAS CR\u00cdTICAS Y OBSERVACIONES FORMULADAS POR LA DOCTRINA A LA UTILIZACI\u00d3N NORMATIVA DE LAS PENAS COPULATIVAS Y ALTERNATIVAS<\/li>\n<li style=\"font-weight: 400;\">PROPUESTAS DE APLICACI\u00d3N Y USO PARA CASOS ESPEC\u00cdFICOS DE PENAS CONJUNTAS Y ALTERNATIVAS<\/li>\n<li style=\"font-weight: 400;\">LA PROBLEM\u00c1TICA CATEGOR\u00cdA DE LAS \u201cPENAS FAULTATIVAS\u201d DE LA DOCTRINA CHILENA6.1. Estado de la cuesti\u00f3n y exposici\u00f3n del problema<br \/>\n6.2. An\u00e1lisis de las penas facultativas<br \/>\n6.3. Inexistente funci\u00f3n de la \u201cpena factultativa\u201d y de sus efectos jur\u00eddico-penales<br \/>\n6.4. Comentarios finales<\/li>\n<\/ol>\n<p style=\"font-weight: 400;\"><b><strong>CAP\u00cdTULO II<\/strong><\/b><br \/>\n<b><strong>PENAS ACCESORIAS<\/strong><\/b><\/p>\n<ol>\n<li style=\"font-weight: 400;\">CUADRO GENERAL DE LAS PENAS ACCESORIAS EN LA LEGISLACI\u00d3N CHILENA<\/li>\n<li style=\"font-weight: 400;\">PENAS CONSIDERADAS EXPRESAMENTE COMO ACCESORIAS EN EL C\u00d3DIGO PENAL<\/li>\n<li style=\"font-weight: 400;\">LOS PROBLEMAS PARA DETERMINAR CARACTER\u00cdSTIAS GENERALES EN LAS PENAS ACCESORIAS<\/li>\n<li style=\"font-weight: 400;\">CONSECUENCIAS DE LO EXPRESADO<\/li>\n<\/ol>\n<p style=\"font-weight: 400;\">4.1. Car\u00e1cter \u201cmaterialmente reglamentario\u201d de las penas accesorias<br \/>\n4.2. Car\u00e1cter funcional y relativo de la pena accesoria<br \/>\n4.3. C\u00f3mo podr\u00edan concebirse las penas accesorias bajo esta \u00f3ptica. Reflexiones de lege ferenda<\/p>\n<p style=\"font-weight: 400;\"><b><strong>CUARTA PARTE<\/strong><\/b><br \/>\n<b><strong>PENAS SUSTITUTIVAS Y LIBERTAD CONDICIONAL<\/strong><\/b><\/p>\n<p style=\"font-weight: 400;\"><b><strong>CAP\u00cdTULO I<\/strong><\/b><br \/>\n<b><strong>CUESTIONES INTRODUCTORIAS<\/strong><\/b><\/p>\n<ol>\n<li style=\"font-weight: 400;\">LOS SISTEMAS B\u00c1SICOS DE SUSTITUTIVOS PENALES EN OCCIDENTE<\/li>\n<\/ol>\n<p style=\"font-weight: 400;\">1.1. Sistema angloamericano<br \/>\nA) La probation System o Sistema de la Probation<br \/>\nB) Derivaciones de la \u201cProbation System\u201d<br \/>\nC) \u201cParole\u201d o libertad condicional<br \/>\n1.2. Sistema galo<\/p>\n<ol start=\"2\">\n<li style=\"font-weight: 400;\">INSTRUMENTOS INTERNACIONALES RELATIVOS A LAS PENAS SUSTITUTIVAS<\/li>\n<\/ol>\n<p style=\"font-weight: 400;\">2.1. Resoluci\u00f3n 45\/110 de la Asamblea General, reglas m\u00ednimas de las Naciones Unidas sobre las medidas no privativas de la libertad, conocida como \u201cReglas de Tokio\u201d (1990)<br \/>\n2.2. Resoluci\u00f3n 1998\/23, del Consejo Econ\u00f3mico y Social, de 30 de julio. Declaraci\u00f3n de Kadoma sobre el servicio a la comunidad y recomendaciones del seminario denominado \u201cJusticia penal: el problema del hacinamiento en las c\u00e1rceles\u201d, celebrado en San Jos\u00e9 de Costa Rica del 3 al 7 de febrero de 1997<br \/>\n2.3. Resoluci\u00f3n 65\/229, Reglas de las Naciones Unidas para el tratamiento de las reclusas y medidas no privativas de la libertad para las mujeres delincuentes (Reglas de Bangkok), 16 de marzo de 2011<br \/>\n2.4. Reforma penitenciaria y medidas alternativas al encarcelamiento en el contexto latinoamericano, opini\u00f3n t\u00e9cnica consultiva, ex Oficio N\u00b0 006\/2013, dirigida a los Estados de la regi\u00f3n de Am\u00e9rica Latina<\/p>\n<ol start=\"3\">\n<li style=\"font-weight: 400;\">PENAS SUSTITUTIVAS EN EL SISTEMA LEGAL CHILENO Y SUS CLASES<\/li>\n<\/ol>\n<p style=\"font-weight: 400;\">3.1. De qu\u00e9 tratan las penas sustitutivas<br \/>\n3.2. Pena sustitutiva por v\u00eda de conversi\u00f3n de la multa<br \/>\n3.3. Pena de multa sustituida por privaci\u00f3n de libertad<br \/>\n3.4. Pena sustitutiva a las penas privativas o restrictivas de libertad<\/p>\n<ol start=\"4\">\n<li style=\"font-weight: 400;\">FINES ESPEC\u00cdFICOS DE LAS PENAS SUSTITUTIVAS CHILENAS<\/li>\n<\/ol>\n<p style=\"font-weight: 400;\"><b><strong>CAP\u00cdTULO II<\/strong><\/b><br \/>\n<b><strong>PENA SUSTITUIDA POR V\u00cdA DE CONVERSI\u00d3N DE MULTA<\/strong><\/b><\/p>\n<ol>\n<li style=\"font-weight: 400;\">ANTECEDENTES HIST\u00d3RICOS<\/li>\n<li style=\"font-weight: 400;\">MARCO GENERAL<\/li>\n<li style=\"font-weight: 400;\">PENA SUSTITUTIVA DE PRESENTACI\u00d3N DE SERVICIOS EN BENEFICIO DE LA COMUNIDAD<\/li>\n<\/ol>\n<p style=\"font-weight: 400;\">3.1. Instrumentos internacionales relacionados indirectamente con la pena de trabajo o servicio<br \/>\n3.2. Los trabajos o servicios en beneficio de la comunidad como pena<br \/>\n3.3. Se\u00f1alamiento de la conversi\u00f3n de la multa por la pena de prestaci\u00f3n de servicios<br \/>\n3.4. Requisitos para la aplicaci\u00f3n de esta pena sustitutiva<br \/>\n3.5. Definici\u00f3n de la pena de prestaci\u00f3n de servicios en beneficio de la comunidad<br \/>\n3.6. Acuerdo del condenado<br \/>\n3.7. Tipo de servicio a realizar<br \/>\n3.8. Administraci\u00f3n de esta pena<br \/>\n3.9. Tiempo del servicio y sistema de conversi\u00f3n para la sustituci\u00f3n<br \/>\n3.10. Lugar de los servicios prestados<br \/>\n3.11. Informe y notificaci\u00f3n del trabajo a realizar por el condenado a los intervinientes<br \/>\n3.12. Ejecuci\u00f3n de la pena<br \/>\n3.13. T\u00e9rmino de la pena sustitutiva de prestaci\u00f3n de servicios<br \/>\n3.14. Cambio de lugar de trabajo<br \/>\n3.15. El delegado de la pena de prestaci\u00f3n de servicios<br \/>\n3.16. Funciones del delegado de la pena de prestaci\u00f3n de servicios en beneficio de la comunidad<\/p>\n<ol start=\"4\">\n<li style=\"font-weight: 400;\">PENA SUSTITUTIVA DE LA LEY DE DROGAS<\/li>\n<li style=\"font-weight: 400;\">ALGUNA MENCI\u00d3N AL ART\u00cdULO 483 B) DEL C\u00d3DIGO PENAL<\/li>\n<\/ol>\n<p style=\"font-weight: 400;\"><b><strong>CAP\u00cdTULO III<\/strong><\/b><br \/>\n<b><strong>PENAS SUSTITUTIVAS DE LAS PENAS PRIVATIVAS Y RESTRICTIVAS DE LIBERTAD (LEY N\u00b0 18.216)<\/strong><\/b><\/p>\n<ol>\n<li style=\"font-weight: 400;\">REGULACI\u00d3N LEGAL<\/li>\n<li style=\"font-weight: 400;\">CARACTER\u00cdSTICAS<\/li>\n<li style=\"font-weight: 400;\">ANTECEDENTES GENERALES3.1. Gradualidad en la aplicaci\u00f3n de la nueva Ley N\u00b0 18.216<\/li>\n<li style=\"font-weight: 400;\">CONTEXTO NORMATIVO DE LAS PENAS SUSTITUTIVAS<\/li>\n<li style=\"font-weight: 400;\">\u00c1MBITO DE APLICACI\u00d3N<\/li>\n<li style=\"font-weight: 400;\">REINCIDENCIA EN LA LEY N\u00b0 18.216<\/li>\n<li style=\"font-weight: 400;\">CAT\u00c1LOGO DE LAS PENAS SUSTITUTIVAS<\/li>\n<li style=\"font-weight: 400;\">REGLA SOBRE LA REINCIDENCIA<\/li>\n<li style=\"font-weight: 400;\">DETERMINACI\u00d3N DEL TIEMPO DE LA PENA SUSTITUTIVA ANTE UNA ABSORCI\u00d3N DE PENA<\/li>\n<li style=\"font-weight: 400;\">IMPROCEDENCIA DE LAS PENAS SUSTITUTIVAS<\/li>\n<\/ol>\n<p style=\"font-weight: 400;\">10.1. Marco legal<br \/>\n10.2. Delitos que hacen improcedente la pena sustitutiva<br \/>\n10.3. Limitaciones a la procedencia<\/p>\n<ol start=\"11\">\n<li style=\"font-weight: 400;\">CLASES DE PENAS SUSTITUTIVAS DE LA LEY N\u00b0 18.216<\/li>\n<\/ol>\n<p style=\"font-weight: 400;\">11.1. Remisi\u00f3n condicional<br \/>\n11.2. Reclusi\u00f3n parcial<br \/>\n11.3. Prestaci\u00f3n de servicios en beneficio de la comunidad<br \/>\n11.4. Libertad vigilada<br \/>\n11.5. Los funcionarios de la libertad vigilada: supervisor t\u00e9cnico y el delegado<\/p>\n<ol start=\"12\">\n<li style=\"font-weight: 400;\">TRATAMIENTO DE CONSUMO PROBLEM\u00c1TICO DE DROGAS Y ALCOHOL<\/li>\n<\/ol>\n<p style=\"font-weight: 400;\">12.1. Pena de expulsi\u00f3n de extranjeros<\/p>\n<ol start=\"13\">\n<li style=\"font-weight: 400;\">REEMPLAZO DE PENA SUSTITUTIVA<\/li>\n<li style=\"font-weight: 400;\">PENA MIXTA<\/li>\n<\/ol>\n<p style=\"font-weight: 400;\">14.1. Definici\u00f3n y caracter\u00edstica jur\u00eddica central de la pena mixta<br \/>\n14.2. Requisitos<br \/>\n14.3. Exigencias procesales para su procedencia<br \/>\n14.4. Audiencia de pena mixta<br \/>\n14.5. Cumplimiento de la pena mixta<br \/>\n14.6. Incompatibilidad con el reemplazo de la pena<\/p>\n<ol start=\"15\">\n<li style=\"font-weight: 400;\">PROCEDIMIENTO DE APLICACI\u00d3N DE LAS PENAS SUSTITUTIVAS<\/li>\n<\/ol>\n<p style=\"font-weight: 400;\">15.1. Momento procesal de su pronunciamiento<br \/>\n15.2. Presencia de la v\u00edctima<br \/>\n15.3. Obligaciones una vez ejecutoriada la sentencia que ordena una pena sustitutiva<br \/>\n15.4. Recurso de apelaci\u00f3n<\/p>\n<ol start=\"16\">\n<li style=\"font-weight: 400;\">INTERVINIENTES DURANTE LA EJECUCI\u00d3N<\/li>\n<li style=\"font-weight: 400;\">ACTITUDES PROCESALES DEL CONDENADO<\/li>\n<\/ol>\n<p style=\"font-weight: 400;\">17.1. Presentarse a cumplir la pena<br \/>\n17.2. Incumplimiento<br \/>\n17.3. Quebrantamiento<br \/>\n17.4. Audiencia de incumplimiento o quebrantamiento de pena sustitutiva<br \/>\n17.5. Resoluci\u00f3n de la audiencia de incumplimiento o quebrantamiento<\/p>\n<ol start=\"18\">\n<li style=\"font-weight: 400;\">MONITOREO TELEM\u00c1TICO<\/li>\n<\/ol>\n<p style=\"font-weight: 400;\">18.1. El sistema de monitoreo en general<br \/>\n18.2. El monitoreo telem\u00e1tico en la Ley N\u00b0 18.216<br \/>\n18.3. Penas a las cuales se dispone el monitoreo<br \/>\n18.4. Definiciones t\u00e9cnicas reglamentarias para el uso del monitoreo telem\u00e1tico<br \/>\n18.5. Caracter\u00edstica del sistema de monitoreo telem\u00e1tico<br \/>\n18.6. Casos particulares en que se hace uso del dispositivo de monitoreo telem\u00e1tico<br \/>\n18.7. Informe de factibilidad t\u00e9cnica<br \/>\n18.8. Orden del tribunal para el uso del monitoreo<br \/>\n18.9. Plazo de comparecencia para el cumplimiento de la pena<br \/>\n18.10. Informaci\u00f3n al condenado con el mecanismo monitoreo telem\u00e1tico<br \/>\n18.11. Advertencias que reporte el sistema de monitoreo telem\u00e1tico<br \/>\n18.12. Audiencia de modificaci\u00f3n de la medida de control<br \/>\n18.13. Informaci\u00f3n de lo obtenido por medios telem\u00e1ticos<br \/>\n18.14. Reparaci\u00f3n y reemplazo del dispositivo<br \/>\n18.15. Retiro del dispositivo<br \/>\n18.16. Obligaci\u00f3n de comunicar desperfecto del dispositivo por el condenado<br \/>\n18.17. Tipos penales especiales y sanciones relativas al monitoreo telem\u00e1tico<\/p>\n<ol start=\"19\">\n<li style=\"font-weight: 400;\">ESPECIFICACIONES EN CUANTO A LA ORG\u00c1NICA DE LA LEY<\/li>\n<li style=\"font-weight: 400;\">M\u00c1CULA PENAL<\/li>\n<li style=\"font-weight: 400;\">NORMAS ESPECIALES SOBRE LA SITUACI\u00d3N DEL PERSONAL DE LAS FUERZAS ARMADAS Y CARABINEROS DE CHILE MIENTRAS EST\u00c9 EN SERVICIO<\/li>\n<\/ol>\n<p style=\"font-weight: 400;\"><b><strong>CAP\u00cdTULO IV<\/strong><\/b><br \/>\n<b><strong>LIBERTAD CONDICIONAL<\/strong><\/b><\/p>\n<ol>\n<li style=\"font-weight: 400;\">REGULACI\u00d3N LEGAL<\/li>\n<li style=\"font-weight: 400;\">TIPO Y CONCEPTO DE LIBERTAD CONDICIONAL<\/li>\n<li style=\"font-weight: 400;\">FUNDAMENTO DE LA LIBERTAD CONDICIONAL<\/li>\n<li style=\"font-weight: 400;\">CARATER\u00cdSTICA JUR\u00cdDICA CENTRAL<\/li>\n<li style=\"font-weight: 400;\">\u00d3RGANOS Y FUNCIONES QUE INTERVIENEN EN LA LIBERTAD CONDICIONAL<\/li>\n<\/ol>\n<p style=\"font-weight: 400;\">5.1. Comisi\u00f3n de libertad condicional<br \/>\n5.2. Delegado de libertad condicional<br \/>\n5.3. Tribunal de conducta<\/p>\n<ol start=\"6\">\n<li style=\"font-weight: 400;\">REQUISITOS MATERIALES PARA OBTENER LA LIBERTAD CONDICIONAL<\/li>\n<li style=\"font-weight: 400;\">REVOCACI\u00d3N DE LA LIBERTAD CONDICIONAL<\/li>\n<li style=\"font-weight: 400;\">CONCESI\u00d3N DE LA LIBERTAD COMPLETA<\/li>\n<\/ol>\n","protected":false},"excerpt":{"rendered":"<p>V\u00eds\u00edtanos en www.bibliotecajuridicavirtual.cl \/ Escr\u00edbenos al +56930565235<br \/>\nHacemos env\u00edos a todo Chile &#8211; Starken o Correos Chile \/ Te esperamos.<\/p>\n","protected":false},"featured_media":1868,"comment_status":"open","ping_status":"closed","template":"","meta":{"inline_featured_image":false,"_joinchat":[]},"product_brand":[],"product_cat":[26,30,47],"product_tag":[],"class_list":{"0":"post-1838","1":"product","2":"type-product","3":"status-publish","4":"has-post-thumbnail","6":"product_cat-derecho","7":"product_cat-penal","8":"product_cat-sin-categorizar","10":"first","11":"instock","12":"shipping-taxable","13":"purchasable","14":"product-type-simple"},"_links":{"self":[{"href":"https:\/\/bibliotecajuridicavirtual.cl\/index.php\/wp-json\/wp\/v2\/product\/1838","targetHints":{"allow":["GET"]}}],"collection":[{"href":"https:\/\/bibliotecajuridicavirtual.cl\/index.php\/wp-json\/wp\/v2\/product"}],"about":[{"href":"https:\/\/bibliotecajuridicavirtual.cl\/index.php\/wp-json\/wp\/v2\/types\/product"}],"replies":[{"embeddable":true,"href":"https:\/\/bibliotecajuridicavirtual.cl\/index.php\/wp-json\/wp\/v2\/comments?post=1838"}],"wp:featuredmedia":[{"embeddable":true,"href":"https:\/\/bibliotecajuridicavirtual.cl\/index.php\/wp-json\/wp\/v2\/media\/1868"}],"wp:attachment":[{"href":"https:\/\/bibliotecajuridicavirtual.cl\/index.php\/wp-json\/wp\/v2\/media?parent=1838"}],"wp:term":[{"taxonomy":"product_brand","embeddable":true,"href":"https:\/\/bibliotecajuridicavirtual.cl\/index.php\/wp-json\/wp\/v2\/product_brand?post=1838"},{"taxonomy":"product_cat","embeddable":true,"href":"https:\/\/bibliotecajuridicavirtual.cl\/index.php\/wp-json\/wp\/v2\/product_cat?post=1838"},{"taxonomy":"product_tag","embeddable":true,"href":"https:\/\/bibliotecajuridicavirtual.cl\/index.php\/wp-json\/wp\/v2\/product_tag?post=1838"}],"curies":[{"name":"wp","href":"https:\/\/api.w.org\/{rel}","templated":true}]}}