{"id":1839,"date":"2026-02-28T00:55:52","date_gmt":"2026-02-28T03:55:52","guid":{"rendered":"https:\/\/bibliotecajuridicavirtual.cl\/?post_type=product&#038;p=1839"},"modified":"2026-02-28T00:56:08","modified_gmt":"2026-02-28T03:56:08","slug":"derecho-procesal-y-justicia-homenaje-a-cristian-maturana-miquel-directores-javier-maturana-baeza-maria-de-los-angeles-gonzalez-coulon","status":"publish","type":"product","link":"https:\/\/bibliotecajuridicavirtual.cl\/index.php\/product\/derecho-procesal-y-justicia-homenaje-a-cristian-maturana-miquel-directores-javier-maturana-baeza-maria-de-los-angeles-gonzalez-coulon\/","title":{"rendered":"Derecho Procesal y Justicia &#8211; Homenaje a Cristi\u00e1n Maturana Miquel &#8211; Directores: Javier Maturana Baeza &#8211; Mar\u00eda de los \u00c1ngeles Gonz\u00e1lez Coulon"},"content":{"rendered":"<p style=\"font-weight: 400;\">Considerando la impronta de Cristi\u00e1n Maturana y su profunda riqueza no s\u00f3lo como acad\u00e9mico, jurista y profesional, sino como persona, los directores de esta obra decidieron abrir un espacio para recibir, por un lado, testimonios y semblanzas que dieran cuenta de su invaluable trayectoria y el impacto generado; y, por otro lado, art\u00edculos sobre Derecho Procesal u otras materias afines con miras a contribuir a la disciplina y a los temas que el homenajeado ha desarrollado profusamente como parte de su excelente trabajo acad\u00e9mico.<\/p>\n<p><b><strong>I. TESTIMONIOS SOBRE CRISTI\u00c1N MATURANA MIQUEL<\/strong><\/b><\/p>\n<ol>\n<li style=\"font-weight: 400;\"><em> Semblanza y homenaje al destacado maestro y jurista Cristi\u00e1n Maturana Miquel<\/em><br \/>\nTestimonio de Jaime Jara Schnettler<\/li>\n<li style=\"font-weight: 400;\"><em> Siempre orgulloso de ti viejito<\/em><br \/>\nTestimonio de Juan Pablo Maturana Baeza<\/li>\n<li style=\"font-weight: 400;\"><em> Historia de amistad<\/em><br \/>\nTestimonio de Emilio V\u00e1squez Maldonado<\/li>\n<li style=\"font-weight: 400;\"><em> Gran persona<\/em><br \/>\nTestimonio de Jorge Burgos Varela y Patricia Salas S\u00e1ez<\/li>\n<li style=\"font-weight: 400;\"><em> Palabras para un profesor, mentor y amigo<\/em><br \/>\nTestimonio de Ximena Vial Valdivieso<\/li>\n<li style=\"font-weight: 400;\"><em> Elogio a un maestro: honestidad y lealtad<\/em><br \/>\nTestimonio de Constanza Coci\u00f1a Cholaky<\/li>\n<li style=\"font-weight: 400;\"><em> Agradecimiento de un disc\u00edpulo de la generaci\u00f3n 2005<\/em><br \/>\nTestimonio Felipe Rayo Cort\u00e9s<\/li>\n<li style=\"font-weight: 400;\"><em> Los aportes de un servidor p\u00fablico en la senda por reformar la justicia civil en Chile<\/em><br \/>\nTestimonio de Felipe Bulnes Serrano<\/li>\n<li style=\"font-weight: 400;\"><em> Un Rock Star del Derecho Procesal<\/em><br \/>\nTestimonio de Mariana Valenzuela Cruz<\/li>\n<li style=\"font-weight: 400;\"><em> El invaluable rol de Cristi\u00e1n Maturana en el Colegio de Abogados<\/em><br \/>\nTestimonio de Elisa Walker Echenique<\/li>\n<li style=\"font-weight: 400;\"><b><strong> CUESTIONES RELACIONADAS AL DERECHO PROCESAL, A LAS INSTITUCIONES ORG\u00c1NICAS Y A LA \u00c9TICA PROFESIONAL<\/strong><\/b><\/li>\n<li style=\"font-weight: 400;\"><em> Los caminos del proceso. Una breve rese\u00f1a de los pioneros<\/em><br \/>\nMar\u00eda de los \u00c1ngeles Gonz\u00e1lez Coulon<\/li>\n<li style=\"font-weight: 400;\"><em> La doctrina como fuente del derecho y el proceso civil chileno<\/em><br \/>\nAlejandro Romero Seguel<\/li>\n<li style=\"font-weight: 400;\"><em> Jurisdicci\u00f3n, paz social y eficiencia<\/em><br \/>\nNicol\u00e1s Carrasco Delgado<\/li>\n<li style=\"font-weight: 400;\"><em> Repensando la justicia de base. Algunas propuestas org\u00e1nicas y funcionales para un nuevo dise\u00f1o legal<\/em><br \/>\nMacarena Vargas Pavez<\/li>\n<li style=\"font-weight: 400;\"><em> Una revisi\u00f3n de instituciones org\u00e1nicas de justicia civil en el common law y su potencial aplicaci\u00f3n en Chile<\/em><br \/>\nJes\u00fas Ezurmendia \u00c1lvarez<\/li>\n<li style=\"font-weight: 400;\"><em> Breve reflexi\u00f3n sobre el deber de los jueces de aplicar las leyes y el control de constitucionalidad, a la luz de las disposiciones de la propuesta de Constituci\u00f3n de 2023<\/em><br \/>\nFelipe Rayo Cort\u00e9s<\/li>\n<li style=\"font-weight: 400;\"><em> Equidad judicial<\/em><br \/>\nHoracio Infante Caffi<\/li>\n<li style=\"font-weight: 400;\"><em> Control \u00e9tico en la profesi\u00f3n de abogado<\/em><br \/>\nDavor Harasic Yaksic<\/li>\n<\/ol>\n<p style=\"font-weight: 400;\"><b><strong>III. CUESTIONES RELACIONADAS AL ARBITRAJE<\/strong><\/b><\/p>\n<ol start=\"19\">\n<li style=\"font-weight: 400;\"><em> Una mirada al arbitraje nacional de car\u00e1cter institucional a partir de la experiencia del CAM Santiago<\/em><br \/>\nMar\u00eda Agnes Salah Abusleme<\/li>\n<li style=\"font-weight: 400;\"><em> \u00bfRegulaci\u00f3n monista para el arbitraje del siglo XXI? Chile: Una mirada desde la jurisprudencia<\/em><br \/>\nMacarena Letelier Velasco<\/li>\n<li style=\"font-weight: 400;\"><em> Arbitraje de Emergencia en Chile. Notas sobre su reciente incorporaci\u00f3n<\/em><br \/>\nJos\u00e9 Pedro Silva Prado &#8211; Nicol\u00e1s Jos\u00e9 Fr\u00edas Ossand\u00f3n<\/li>\n<li style=\"font-weight: 400;\"><b><strong> CUESTIONES RELACIONADAS A LA PRUEBA Y A LA COSA JUZGADA<\/strong><\/b><\/li>\n<li style=\"font-weight: 400;\"><em> \u00bfS\u00f3lo el gerente general puede comparecer a absolver posiciones por una persona jur\u00eddica ante el TDLC? An\u00e1lisis cr\u00edtico de una decisi\u00f3n reciente<\/em><br \/>\nAndr\u00e9s Rioseco L\u00f3pez<\/li>\n<li style=\"font-weight: 400;\"><em> La certeza de la oportunidad perdida: la relaci\u00f3n entre la certidumbre del da\u00f1o y el est\u00e1ndar de prueba civil<\/em><br \/>\nNicol\u00e1s Rojas Covarrubias &#8211; Vicente Caputo Sanhueza<\/li>\n<li style=\"font-weight: 400;\"><em> La presunci\u00f3n de verdad del inciso segundo del art\u00edculo 427 del C\u00f3digo de Procedimiento Civil. Fuera de las fronteras de la cosa juzgada<\/em><br \/>\nJavier Maturana Baeza<\/li>\n<li style=\"font-weight: 400;\"><em> Reflexiones sobre la acumulaci\u00f3n de autos en el sistema procesal chileno. Relaci\u00f3n con la cosa juzgada y la litispendencia<\/em><br \/>\nRen\u00e9e Marlene Rivero Hurtado<\/li>\n<li style=\"font-weight: 400;\"><b><strong> CUESTIONES RELACIONADAS A LOS RECURSOS PROCESALES<\/strong><\/b><\/li>\n<li style=\"font-weight: 400;\"><em> Estad\u00edsticas del Recurso de Casaci\u00f3n a\u00f1o 2019<\/em><br \/>\nJuan Carlos Mar\u00edn Gonz\u00e1lez<\/li>\n<li style=\"font-weight: 400;\"><em> Algunos comentarios sobre la des-unificaci\u00f3n de jurisprudencia<\/em><br \/>\nRa\u00fal Montero L\u00f3pez<\/li>\n<li style=\"font-weight: 400;\"><em> La orden de no innovar en la apelaci\u00f3n civil frente a la necesaria coordinaci\u00f3n entre la primera y la segunda instancia<\/em><br \/>\nClaudio Meneses Pacheco<\/li>\n<li style=\"font-weight: 400;\"><b><strong> CUESTIONES RELACIONADAS AL PROCESO PENAL<\/strong><\/b><\/li>\n<li style=\"font-weight: 400;\"><em> Del ideal acusatorio al advenimiento del sistema neo-inquisitivo: los peligros tras las reformas procesales penales<\/em><br \/>\nMar\u00eda In\u00e9s Horvitz Lennon<\/li>\n<li style=\"font-weight: 400;\"><em> La acci\u00f3n en el proceso penal \u00bfun concepto \u00fatil?<\/em><br \/>\nRa\u00fal N\u00fa\u00f1ez Ojeda<\/li>\n<li style=\"font-weight: 400;\"><em> Debido proceso y v\u00edctima<\/em><br \/>\nMat\u00edas Insunza Tagle<\/li>\n<li style=\"font-weight: 400;\"><em> La nueva era de la prueba penal (Ley No 21.577). T\u00e9cnicas especiales para la investigaci\u00f3n de la delincuencia organizada: Agentes encubiertos, agentes reveladores e informantes<\/em><br \/>\nRen\u00e9 N\u00fa\u00f1ez \u00c1vila<\/li>\n<li style=\"font-weight: 400;\"><em> La variabilidad de los principios de la l\u00f3gica en la valoraci\u00f3n de la prueba penal<\/em><br \/>\nJuan Sebasti\u00e1n Vera S\u00e1nchez<\/li>\n<\/ol>\n<p style=\"font-weight: 400;\"><b><strong>VII. CUESTIONES RELACIONADAS A LOS PROCEDIMIENTOS ADMINISTRATIVOS Y ESPECIALES<\/strong><\/b><\/p>\n<ol start=\"34\">\n<li style=\"font-weight: 400;\"><em> El plazo razonable en un procedimiento administrativo, a la luz de la Constituci\u00f3n Pol\u00edtica de la Rep\u00fablica<\/em><br \/>\nEnrique Navarro Beltr\u00e1n<\/li>\n<li style=\"font-weight: 400;\"><em> El procedimiento infraccional y la prueba en telecomunicaciones seg\u00fan la jurisprudencia del Ministerio de Transportes y Telecomunicaciones en el per\u00edodo 2018-2023<\/em><br \/>\nSebasti\u00e1n Morales Ramos<\/li>\n<li style=\"font-weight: 400;\"><em> La naturaleza jur\u00eddica de los intereses colectivos y difusos en la Ley de Protecci\u00f3n al Consumidor<\/em><br \/>\nJaime Lorenzini Barr\u00eda<\/li>\n<\/ol>\n","protected":false},"excerpt":{"rendered":"<p>1\u00b0 edici\u00f3n actualizada Octubre a\u00f1o 2024 \u00a0&#8211; 780 P\u00e1ginas &#8211; Tapa Dura<\/p>\n<p>Buscas un libro Jur\u00eddico.? Lo puedes encontrar en nuestra tienda virtual.<br \/>\nContamos con prestigiosos autores y muchas alternativas en sus diferentes materias al igual que grandes descuentos.! Vis\u00edtanos en www.bibliotecajuridicavirtual.cl<\/p>\n<p>Escr\u00edbenos al +56930565235 \/ <a class=\"QKwVMNcugJZCSCraHfEjkhgrjQqBBdvPIrI \" href=\"mailto:ventaslegallexglobal@gmail.com\" target=\"_self\" data-test-app-aware-link=\"\">ventaslegallexglobal@gmail.com<\/a><br \/>\nHacemos env\u00edos a todo Chile &#8211; Starken o Correos Chile \/ Te esperamos.<\/p>\n","protected":false},"featured_media":1869,"comment_status":"open","ping_status":"closed","template":"","meta":{"inline_featured_image":false,"_joinchat":[]},"product_brand":[],"product_cat":[26,50,39],"product_tag":[],"class_list":{"0":"post-1839","1":"product","2":"type-product","3":"status-publish","4":"has-post-thumbnail","6":"product_cat-derecho","7":"product_cat-procedimientos-civiles","8":"product_cat-procesal-civil","10":"first","11":"instock","12":"shipping-taxable","13":"purchasable","14":"product-type-simple"},"_links":{"self":[{"href":"https:\/\/bibliotecajuridicavirtual.cl\/index.php\/wp-json\/wp\/v2\/product\/1839","targetHints":{"allow":["GET"]}}],"collection":[{"href":"https:\/\/bibliotecajuridicavirtual.cl\/index.php\/wp-json\/wp\/v2\/product"}],"about":[{"href":"https:\/\/bibliotecajuridicavirtual.cl\/index.php\/wp-json\/wp\/v2\/types\/product"}],"replies":[{"embeddable":true,"href":"https:\/\/bibliotecajuridicavirtual.cl\/index.php\/wp-json\/wp\/v2\/comments?post=1839"}],"wp:featuredmedia":[{"embeddable":true,"href":"https:\/\/bibliotecajuridicavirtual.cl\/index.php\/wp-json\/wp\/v2\/media\/1869"}],"wp:attachment":[{"href":"https:\/\/bibliotecajuridicavirtual.cl\/index.php\/wp-json\/wp\/v2\/media?parent=1839"}],"wp:term":[{"taxonomy":"product_brand","embeddable":true,"href":"https:\/\/bibliotecajuridicavirtual.cl\/index.php\/wp-json\/wp\/v2\/product_brand?post=1839"},{"taxonomy":"product_cat","embeddable":true,"href":"https:\/\/bibliotecajuridicavirtual.cl\/index.php\/wp-json\/wp\/v2\/product_cat?post=1839"},{"taxonomy":"product_tag","embeddable":true,"href":"https:\/\/bibliotecajuridicavirtual.cl\/index.php\/wp-json\/wp\/v2\/product_tag?post=1839"}],"curies":[{"name":"wp","href":"https:\/\/api.w.org\/{rel}","templated":true}]}}