{"id":1840,"date":"2026-02-28T00:55:52","date_gmt":"2026-02-28T03:55:52","guid":{"rendered":"https:\/\/bibliotecajuridicavirtual.cl\/?post_type=product&#038;p=1840"},"modified":"2026-02-28T00:56:10","modified_gmt":"2026-02-28T03:56:10","slug":"sistemas-de-prevencion-y-modelos-de-responsabilidad-penal-frente-a-riesgo-sismico-y-riesgo-de-tsunami","status":"publish","type":"product","link":"https:\/\/bibliotecajuridicavirtual.cl\/index.php\/product\/sistemas-de-prevencion-y-modelos-de-responsabilidad-penal-frente-a-riesgo-sismico-y-riesgo-de-tsunami\/","title":{"rendered":"Sistemas de Prevenci\u00f3n y Modelos de Responsabilidad Penal Frente a Riesgo S\u00edsmico y Riesgo de Tsunami"},"content":{"rendered":"<p style=\"font-weight: 400;\"><b><strong>UNA COMPARACI\u00d3N ENTRE DERECHO PENAL CHILENO E ITALIANO<\/strong><\/b><\/p>\n<p>Los grandes terremotos son acontecimientos que marcan una \u00e9poca, capaces de transformar no solo el mundo de la ingenier\u00eda, que se ve impulsada a dise\u00f1ar edificios m\u00e1s seguros, sino tambi\u00e9n el mundo del Derecho, estimulando la creaci\u00f3n de organismos capaces de gestionar los grandes riesgos de forma cada vez m\u00e1s eficaz. El Derecho penal tambi\u00e9n desempe\u00f1a un papel protagonista, y no podr\u00eda ser de otro modo, dado el gran n\u00famero de v\u00edctimas y da\u00f1os materiales causados por estos macro-eventos.<\/p>\n<p style=\"font-weight: 400;\">Cecilia Valbonesi, con el cuidado de quien conoce desde dentro los complejos mecanismos de los organismos de Protecci\u00f3n Civil, describe las transformaciones que les han afectado en los \u00faltimos a\u00f1os, en una constante comparaci\u00f3n entre Chile e Italia. La autora cuestiona las respuestas ofrecidas por los juicios tras el mega-terremoto del 27 de febrero de 2010. Tanto el juicio por el derrumbe del condominio Alto R\u00edo como el que trat\u00f3 sobre los errores en la comunicaci\u00f3n interinstitucional, que retrasaron la alarma de Tsunami, pusieron a prueba los principios de reserva de ley, lex certa y culpabilidad en referencia al delito culposo.<\/p>\n<p style=\"font-weight: 400;\">Valbonesi no deja de mirar al futuro. Confiar el restablecimiento de los equilibrios sociales violados al paradigma del delito culposo ha demostrado ser un camino sistem\u00e1ticamente insatisfactorio para todos los implicados. Por eso es necesario explorar nuevos caminos, empezando a mirar, sin prejuicios, lo que podr\u00eda ofrecer el paradigma de la justicia restaurativa.<\/p>\n<p style=\"font-weight: 400;\"><b><strong>CAP\u00cdTULO 1<\/strong><\/b><br \/>\n<b><strong>SUPUESTOS, HECHOS Y RESPONSABILIDADES POR EL TERREMOTO Y EL MAREMOTO DEL 27 DE FEBRERO DE 2010: TRASFORMANDO UNA TRAGEDIA EN UNA OPORTUNIDAD<\/strong><\/b><\/p>\n<ol>\n<li style=\"font-weight: 400;\">Aclaraciones previas. Los sismos \u201cen\u201d la gesti\u00f3n del riesgo<\/li>\n<li style=\"font-weight: 400;\">Los casos Tsunami y Condominio Alto R\u00edo. Aspectos f\u00e1cticos e implicaciones procesales<br \/>\n2.1. El caso Tsunami<br \/>\n2.1.1. Las m\u00faltiples etiolog\u00edas que llevaron a la cat\u00e1strofe: de las falaces pol\u00edticas de urbanizaci\u00f3n costera a la falsa alerta de 2005<br \/>\n2.1.2. Cronolog\u00eda b\u00e1sica de los hechos ocurridos la noche del 27 de febrero de 2010<br \/>\n2.1.3. El proceso del caso Tsunami: las acusaciones de cuasidelito de homicidio<br \/>\n2.2. El caso Condominio Alto R\u00edo<\/li>\n<li style=\"font-weight: 400;\">El sistema nacional de gesti\u00f3n del riesgo de tsunami en Chile: posiciones de garant\u00eda y deberes de protecci\u00f3n bajo la prueba de cat\u00e1strofes<br \/>\n3.1. El sistema chileno de alerta de tsunamis: una articulaci\u00f3n compleja para la gesti\u00f3n de riesgos<br \/>\n3.2. Para un an\u00e1lisis de los perfiles disfuncionales del sistema detr\u00e1s de los tr\u00e1gicos sucesos de la noche del \u201c27F\u201d<br \/>\n3.2.1. Funciones y disfunciones, prevenci\u00f3n y gesti\u00f3n, en las mallas de la legislaci\u00f3n de protecci\u00f3n civil<br \/>\n3.2.2. Cuando un Plan Nacional de Protecci\u00f3n Civil se define como indicativo: obligaciones de intervenci\u00f3n y fines protectores en busca de una regulaci\u00f3n coherente<\/li>\n<\/ol>\n<p style=\"font-weight: 400;\">3.2.3. Dos c\u00f3digos para un mismo acontecimiento: cuando la comunicaci\u00f3n se convierte en un factor de realizaci\u00f3n del riesgo<br \/>\n3.3. La importancia de las estrategias locales en la gesti\u00f3n del riesgo de tsunami: el rol del Plan ACCEMAR en los sucesos de 2010<br \/>\n3.4. Algunos elementos de reflexi\u00f3n sobre el modelo italiano de protecci\u00f3n civil<br \/>\n3.5. Acerca de la dificultad de construir paradigmas adecuados para tratar el riesgo<\/p>\n<ol start=\"4\">\n<li style=\"font-weight: 400;\">La otra cara del riesgo s\u00edsmico: obligaciones en la construcci\u00f3n y sujetos objetivamente responsables. Luces y sombras en el caso Condominio Alto R\u00edo<br \/>\n4.1. Las normas involucradas<br \/>\n4.2. El sistema de responsabilidad objetiva que incumbe al fabricante primer vendedor y sus corolarios de aplicaci\u00f3n<br \/>\n4.3. Los reglamentos t\u00e9cnicos y los planes locales<br \/>\n4.4. Una mirada global a las identidades y posibilidades de evoluci\u00f3n<\/li>\n<\/ol>\n<p style=\"font-weight: 400;\"><b><strong>CAP\u00cdTULO 2<\/strong><\/b><br \/>\n<b><strong>LA RESPONSABILIDAD CULPOSA EN CHILE Y SU TERREMOTO<\/strong><\/b><\/p>\n<ol>\n<li style=\"font-weight: 400;\">La imputaci\u00f3n culposa en el caso Tsunami y en el caso Condominio Alto R\u00edo: las acusaciones y los perfiles cr\u00edticos planteados por las defensas<\/li>\n<li style=\"font-weight: 400;\">La responsabilidad culposa en el Derecho chileno<\/li>\n<\/ol>\n<p style=\"font-weight: 400;\">2.1. Los cuasidelitos que sancionan las lesiones a la salud y a la integridad f\u00edsica<br \/>\n2.2. El tipo penal del art\u00edculo 492 del C\u00f3digo penal<br \/>\n2.2.1. Otras normas de referencia<br \/>\n2.2.2. La noci\u00f3n de malicia<br \/>\n2.2.3. La mera imprudencia o negligencia: las distintas caras del incumplimiento del deber de cuidado<br \/>\n2.2.4. La noci\u00f3n de reglamento: alcance sem\u00e1ntico y latitud aplicativa en el marco del art. 492 CP<\/p>\n<ol start=\"3\">\n<li style=\"font-weight: 400;\">La crisis de la legalidad culposa en Chile: censuras a la constitucionalidad del art. 492 CP en el caso Tsunami y caso Condominio Alto R\u00edo<br \/>\n3.1. Las censuras al precepto del art. 492 CP: la referencia al necesario respeto de los principios de lex scripta y lex certa en las sentencias de constitucionalidad del caso Tsunami y del caso Condominio Alto R\u00edo<br \/>\n3.2. Preguntas que siguen abiertas<br \/>\n3.2.1. La funci\u00f3n de regulaci\u00f3n en opini\u00f3n del Tribunal Constitucional chileno<br \/>\n3.2.2. El art. 492 CP como ley penal en blanco. \u00bfQu\u00e9 naturaleza y qu\u00e9 consecuencias de aplicaci\u00f3n?<br \/>\n3.2.3. El reglamento como fuente de colpa generica o colpa specifica<br \/>\n3.2.4. La insistida vulneraci\u00f3n del principio de lex certa<br \/>\n3.3. La dudosa observancia del principio de culpabilidad en las sentencias del Tribunal Constitucional y de la Corte Suprema en el caso Condominio Alto R\u00edo<br \/>\n3.3.1. La posibilidad de conocer la regla de diligencia<br \/>\n3.3.2. Cr\u00edticas acerca de la responsabilidad objetiva del constructor<br \/>\n3.4. La incoherencia entre la imputaci\u00f3n contestada y el contenido de la sentencia de condena no conoce fronteras<br \/>\n3.5. Lecciones aprendidas<\/li>\n<\/ol>\n<p style=\"font-weight: 400;\"><b><strong>CAP\u00cdTULO 3<\/strong><\/b><br \/>\n<b><strong>A\u00daN NO ES TARDE. BUSCANDO UN PARADIGMA DE IMPUTACI\u00d3N CULPOSA POR MACRO-EVENTOS M\u00c1S ROBUSTO<\/strong><\/b><\/p>\n<ol>\n<li style=\"font-weight: 400;\">Los protocolos de gesti\u00f3n de riesgos y su papel para una consolidaci\u00f3n de la normatividad del reproche<br \/>\n2. Replanteamiento del sistema de graduaci\u00f3n de la culpa para un reproche acorde con las exigencias de la modernidad<br \/>\n3. La justicia restaurativa como respuesta a las consecuencias perjudiciales de los fen\u00f3menos naturales y los provocados por las personas<\/li>\n<\/ol>\n","protected":false},"excerpt":{"rendered":"<p>Autora: Cecilia Valbonesi (Italia)\u00a0 &#8211;\u00a0 Octubre A\u00f1o 2024 &#8211; 378 P\u00e1ginas<\/p>\n<p>V\u00eds\u00edtanos en www.bibliotecajuridicavirtual.cl \/ Escr\u00edbenos al +56930565235<br \/>\nHacemos env\u00edos a todo Chile &#8211; Starken o Correos Chile \/ Te esperamos.<\/p>\n","protected":false},"featured_media":1870,"comment_status":"open","ping_status":"closed","template":"","meta":{"inline_featured_image":false,"_joinchat":[]},"product_brand":[],"product_cat":[26,30],"product_tag":[],"class_list":{"0":"post-1840","1":"product","2":"type-product","3":"status-publish","4":"has-post-thumbnail","6":"product_cat-derecho","7":"product_cat-penal","9":"first","10":"instock","11":"shipping-taxable","12":"purchasable","13":"product-type-simple"},"_links":{"self":[{"href":"https:\/\/bibliotecajuridicavirtual.cl\/index.php\/wp-json\/wp\/v2\/product\/1840","targetHints":{"allow":["GET"]}}],"collection":[{"href":"https:\/\/bibliotecajuridicavirtual.cl\/index.php\/wp-json\/wp\/v2\/product"}],"about":[{"href":"https:\/\/bibliotecajuridicavirtual.cl\/index.php\/wp-json\/wp\/v2\/types\/product"}],"replies":[{"embeddable":true,"href":"https:\/\/bibliotecajuridicavirtual.cl\/index.php\/wp-json\/wp\/v2\/comments?post=1840"}],"wp:featuredmedia":[{"embeddable":true,"href":"https:\/\/bibliotecajuridicavirtual.cl\/index.php\/wp-json\/wp\/v2\/media\/1870"}],"wp:attachment":[{"href":"https:\/\/bibliotecajuridicavirtual.cl\/index.php\/wp-json\/wp\/v2\/media?parent=1840"}],"wp:term":[{"taxonomy":"product_brand","embeddable":true,"href":"https:\/\/bibliotecajuridicavirtual.cl\/index.php\/wp-json\/wp\/v2\/product_brand?post=1840"},{"taxonomy":"product_cat","embeddable":true,"href":"https:\/\/bibliotecajuridicavirtual.cl\/index.php\/wp-json\/wp\/v2\/product_cat?post=1840"},{"taxonomy":"product_tag","embeddable":true,"href":"https:\/\/bibliotecajuridicavirtual.cl\/index.php\/wp-json\/wp\/v2\/product_tag?post=1840"}],"curies":[{"name":"wp","href":"https:\/\/api.w.org\/{rel}","templated":true}]}}