{"id":1842,"date":"2026-02-28T00:55:52","date_gmt":"2026-02-28T03:55:52","guid":{"rendered":"https:\/\/bibliotecajuridicavirtual.cl\/?post_type=product&#038;p=1842"},"modified":"2026-02-28T00:56:11","modified_gmt":"2026-02-28T03:56:11","slug":"procedimientos-concursales-de-reorganizacion-y-renegociacion-comparacion-y-propuestas-a-la-luz-del-analisis-economico","status":"publish","type":"product","link":"https:\/\/bibliotecajuridicavirtual.cl\/index.php\/product\/procedimientos-concursales-de-reorganizacion-y-renegociacion-comparacion-y-propuestas-a-la-luz-del-analisis-economico\/","title":{"rendered":"Procedimientos Concursales de Reorganizaci\u00f3n y Renegociaci\u00f3n. Comparaci\u00f3n y Propuestas a la Luz del An\u00e1lisis Econ\u00f3mico."},"content":{"rendered":"<p style=\"font-weight: 400;\">Este trabajo realiza una comparaci\u00f3n de los dos procedimientos concursales no liquidatorios vigentes a la ley 20.720, contrastando no solo sus caracter\u00edsticas normativas, sino los resultados que \u00e9stos han generado, en base a datos estad\u00edsticos, y que luego son estudiados en base a los criterios de eficiencia provenientes del An\u00e1lisis Econ\u00f3mico del Derecho.<\/p>\n<p style=\"font-weight: 400;\">Debido a que se utilizaron datos estad\u00edsticos del a\u00f1o 2019 al a\u00f1o 2023, se realiz\u00f3 el an\u00e1lisis comparativo respecto del procedimiento de renegociaci\u00f3n de la persona deudora y de reorganizaci\u00f3n de la Empresa Deudora, bajo las reglas vigentes a la luz de la ley 20.720 original, sin perjuicio de que tambi\u00e9n se realiza un an\u00e1lisis prospectivo de las modificaciones introducidas por la ley 21.563, respecto de las cuales a\u00fan no hay suficientes datos para que sean debidamente estudiados y contrastados.<\/p>\n<p style=\"font-weight: 400;\">El objeto del an\u00e1lisis comparativo realizado es proponer la reasignaci\u00f3n de ciertos sujetos que se encuentren dentro del \u00e1mbito de aplicaci\u00f3n de un procedimiento, al otro. Adicionalmente, se realizan propuestas que permitan mejorar la eficiencia concursal y el \u00f3ptimo de costos procesales del procedimiento que se estima como m\u00e1s eficiente, para otorgar mayor valor no solo a dicho procedimiento, sino que tambi\u00e9n al sistema concursal general, en consideraci\u00f3n a la importancia que tienen los procedimientos reorganizativos en la obtenci\u00f3n de mejores tasas de recuperaci\u00f3n de cr\u00e9ditos.<\/p>\n<p style=\"font-weight: 400;\"><b><strong>CAP\u00cdTULO I<\/strong><\/b><\/p>\n<ol>\n<li style=\"font-weight: 400;\">IMPORTANCIA DE LOS PROCEDIMIENTOS NO LIQUIDATORIOS<\/li>\n<li style=\"font-weight: 400;\">PROCEDIMIENTOS DE REORGANIZACI\u00d3N EN LA LEY 20.720<\/li>\n<\/ol>\n<p style=\"font-weight: 400;\">2.1. Consideraciones generales<br \/>\n2.2. \u00c1mbito de aplicaci\u00f3n<br \/>\n2.3. Veedor<br \/>\n2.4. Breve exposici\u00f3n del procedimiento<br \/>\n2.5. Modificaciones introducidas por la ley N\u00b021.563<br \/>\n2.6. Reorganizaci\u00f3n extrajudicial<\/p>\n<ol start=\"3\">\n<li style=\"font-weight: 400;\">PROCEDIMIENTO DE RENEGOCIACI\u00d3N<\/li>\n<\/ol>\n<p style=\"font-weight: 400;\">3.1. Consideraciones generales<br \/>\n3.2. \u00c1mbito de aplicaci\u00f3n<br \/>\n3.3. Rol de la superintendencia<br \/>\n3.4. Breve exposici\u00f3n del procedimiento<br \/>\n3.4.1. Tramitaci\u00f3n de la solicitud de inicio<br \/>\n3.4.2. Desarrollo de las audiencias y t\u00e9rmino<br \/>\n3.5. Modificaciones introducidas por la ley 21.563<\/p>\n<ol start=\"4\">\n<li style=\"font-weight: 400;\">ASESOR\u00cdA ECON\u00d3MICA DE INSOLVENCIA<\/li>\n<\/ol>\n<p style=\"font-weight: 400;\">4.1. Consideraciones generales y \u00e1mbito de aplicaci\u00f3n<br \/>\n4.2. Asesor econ\u00f3mico de insolvencia<br \/>\n4.3. Procedimiento de asesor\u00eda econ\u00f3mica<\/p>\n<ol start=\"5\">\n<li style=\"font-weight: 400;\">ELEMENTOS RELEVANTES A CONSIDERAR<\/li>\n<\/ol>\n<p style=\"font-weight: 400;\"><b><strong>CAPITULO II<\/strong><\/b><\/p>\n<ol>\n<li style=\"font-weight: 400;\">ANALISIS ECON\u00d3MICO DEL DERECHO<\/li>\n<\/ol>\n<p style=\"font-weight: 400;\">1.1. Concepto e historia<br \/>\n1.2. An\u00e1lisis econ\u00f3mico del derecho normativo y positivo<br \/>\n1.3. Criterios de eficiencia<br \/>\n1.4. Aplicaci\u00f3n del an\u00e1lisis econ\u00f3mico del derecho en el sistema continental<\/p>\n<ol start=\"2\">\n<li style=\"font-weight: 400;\">AN\u00c1LISIS ECON\u00d3MICO DEL DERECHO EN MATERIA CONCURSAL<\/li>\n<\/ol>\n<p style=\"font-weight: 400;\">2.1. Introducci\u00f3n<br \/>\n2.2. Eficiencia concursal ex post<br \/>\n2.3. \u00d3ptimo de costos procesales<br \/>\n2.4. Otras consideraciones sobre los criterios de eficiencia<\/p>\n<p style=\"font-weight: 400;\"><b><strong>CAPITULO III<\/strong><\/b><\/p>\n<ol>\n<li style=\"font-weight: 400;\">ACLARACI\u00d3N<\/li>\n<li style=\"font-weight: 400;\">RECUPERACI\u00d3N DEL CR\u00c9DITO<\/li>\n<\/ol>\n<p style=\"font-weight: 400;\">2.1. Dificultades de determinar el c\u00e1lculo<br \/>\n2.2. Tasa de acuerdos aprobados<br \/>\n2.3. Tasa de recuperaci\u00f3n pronosticada en el acuerdo<br \/>\n2.4. Tasa de cumplimiento de acuerdos<\/p>\n<p style=\"font-weight: 400;\">3.DURACI\u00d3N DE LOS PROCEDIMIENTOS<\/p>\n<ol start=\"4\">\n<li style=\"font-weight: 400;\">AN\u00c1LISIS DE COSTOS<\/li>\n<\/ol>\n<p style=\"font-weight: 400;\">5.ALCANCES RESPECTODE LAS MODIFICACIONES INCORPORADAS POR LA LEY N\u00b0 21.563 QUE MODIFICA A LA LEYN\u00b0 20.720<\/p>\n<p style=\"font-weight: 400;\"><b><strong>CAP\u00cdTULO IV<\/strong><\/b><\/p>\n<ol>\n<li style=\"font-weight: 400;\">ELECCI\u00d3N PROCEDIMENTAL<\/li>\n<\/ol>\n<p style=\"font-weight: 400;\">1.1. Procedimiento de renegociaci\u00f3n como el m\u00e1s eficiente<br \/>\n1.2. Desaf\u00edos del cambio normativo<br \/>\n1.3. Sujetos que cambiar\u00edan de procedimiento<\/p>\n<ol start=\"2\">\n<li style=\"font-weight: 400;\">CONTRAFACTUAL CON LAS MODIFICACIONES INTRODUCIDAS POR LA LEY N\u00b0 21.563.<\/li>\n<\/ol>\n<p style=\"font-weight: 400;\">3.MEDIDAS COMPLEMENTARIAS O DE OPTIMIZACI\u00d3N DEL PROCEDIMIENTO SELECCIONADO<\/p>\n<p style=\"font-weight: 400;\">3.1. Ampliaci\u00f3n del objeto del acuerdo de renegociaci\u00f3n<br \/>\n3.2. Establecer reglas relativas al incumplimiento del acuerdo<br \/>\n3.3. Promover la especializaci\u00f3n de la superintendencia y resaltar sus deberes y responsabilidad<br \/>\n3.4. Exigencia de cierta informaci\u00f3n al deudor, para reducir asimetr\u00edas y costos del error<br \/>\n3.5. Establecimiento de medidas para proteger la viabilidad del acuerdo<br \/>\n3.6. Eliminaci\u00f3n del requisito de entrada consistente en no encontrarse notificado<br \/>\n3.7. Incentivar la b\u00fasqueda de beneficios estatales<br \/>\n3.8. Reforzamiento al acuerdo de ejecuci\u00f3n<\/p>\n","protected":false},"excerpt":{"rendered":"<p>Autor: Jos\u00e9 Guevara Bustamante &#8211; 1\u00b0 edici\u00f3n actualizada a\u00f1o octubre 2022\u00a0&#8211; 196 P\u00e1ginas<br \/>\nV\u00eds\u00edtanos en www.bibliotecajuridicavirtual.cl \/ Escr\u00edbenos al +56930565235<br \/>\nHacemos env\u00edos a todo Chile &#8211; Starken o Correos Chile \/ Te esperamos.<\/p>\n","protected":false},"featured_media":1872,"comment_status":"open","ping_status":"closed","template":"","meta":{"inline_featured_image":false,"_joinchat":[]},"product_brand":[],"product_cat":[48,26],"product_tag":[],"class_list":{"0":"post-1842","1":"product","2":"type-product","3":"status-publish","4":"has-post-thumbnail","6":"product_cat-comercial","7":"product_cat-derecho","9":"first","10":"instock","11":"shipping-taxable","12":"purchasable","13":"product-type-simple"},"_links":{"self":[{"href":"https:\/\/bibliotecajuridicavirtual.cl\/index.php\/wp-json\/wp\/v2\/product\/1842","targetHints":{"allow":["GET"]}}],"collection":[{"href":"https:\/\/bibliotecajuridicavirtual.cl\/index.php\/wp-json\/wp\/v2\/product"}],"about":[{"href":"https:\/\/bibliotecajuridicavirtual.cl\/index.php\/wp-json\/wp\/v2\/types\/product"}],"replies":[{"embeddable":true,"href":"https:\/\/bibliotecajuridicavirtual.cl\/index.php\/wp-json\/wp\/v2\/comments?post=1842"}],"wp:featuredmedia":[{"embeddable":true,"href":"https:\/\/bibliotecajuridicavirtual.cl\/index.php\/wp-json\/wp\/v2\/media\/1872"}],"wp:attachment":[{"href":"https:\/\/bibliotecajuridicavirtual.cl\/index.php\/wp-json\/wp\/v2\/media?parent=1842"}],"wp:term":[{"taxonomy":"product_brand","embeddable":true,"href":"https:\/\/bibliotecajuridicavirtual.cl\/index.php\/wp-json\/wp\/v2\/product_brand?post=1842"},{"taxonomy":"product_cat","embeddable":true,"href":"https:\/\/bibliotecajuridicavirtual.cl\/index.php\/wp-json\/wp\/v2\/product_cat?post=1842"},{"taxonomy":"product_tag","embeddable":true,"href":"https:\/\/bibliotecajuridicavirtual.cl\/index.php\/wp-json\/wp\/v2\/product_tag?post=1842"}],"curies":[{"name":"wp","href":"https:\/\/api.w.org\/{rel}","templated":true}]}}