{"id":1843,"date":"2026-02-28T00:55:52","date_gmt":"2026-02-28T03:55:52","guid":{"rendered":"https:\/\/bibliotecajuridicavirtual.cl\/?post_type=product&#038;p=1843"},"modified":"2026-02-28T00:56:14","modified_gmt":"2026-02-28T03:56:14","slug":"curso-de-argumentacion-juridica-manuel-atienza-870-paginas-reimpresion-ano-2019","status":"publish","type":"product","link":"https:\/\/bibliotecajuridicavirtual.cl\/index.php\/product\/curso-de-argumentacion-juridica-manuel-atienza-870-paginas-reimpresion-ano-2019\/","title":{"rendered":"Curso de Argumentaci\u00f3n Jur\u00eddica  Manuel Atienza &#8211; 870 P\u00e1ginas Reimpresi\u00f3n a\u00f1o 2019"},"content":{"rendered":"<p>La filosof\u00eda del derecho actual se caracteriza por el giro argumentativo que contempla el conjunto de los fen\u00f3menos jur\u00eddicos desde el punto de vista de la persuasi\u00f3n racional. En este nuevo contexto, se hac\u00eda imprescindible ofrecer a los juristas una orientaci\u00f3n te\u00f3rica y pr\u00e1ctica para enfrentarse con lo que constituye el n\u00facleo de su actividad profesional: argumentar jur\u00eddicamente.<\/p>\n<p>Este Curso construye una teor\u00eda unificada de la argumentaci\u00f3n jur\u00eddica desde tres perspectivas distintas: la formal (o l\u00f3gica), la material y la pragm\u00e1tica, y trata las tres preguntas fundamentales de la pr\u00e1ctica jur\u00eddica: c\u00f3mo analizar una argumentaci\u00f3n, c\u00f3mo evaluarla y c\u00f3mo argumentar.<\/p>\n<p>La exposici\u00f3n se acompa\u00f1a de numerosos materiales (sentencias, textos de fil\u00f3sofos del derecho, de fil\u00f3sofos sin m\u00e1s, de juristas te\u00f3ricos o pr\u00e1cticos, pol\u00e9micas o art\u00edculos de prensa) en los que se desarrollan o se problematizan los puntos principales previamente presentados de manera sint\u00e9tica y sistem\u00e1tica<\/p>\n","protected":false},"excerpt":{"rendered":"<p>Edici\u00f3n de lujo tapa dura (RESERVAS)<\/p>\n<p>V\u00eds\u00edtanos en www.bibliotecajuridicavirtual.cl \/ Escr\u00edbenos al +56930565235<br \/>\nHacemos env\u00edos a todo Chile &#8211; Starken o Correos Chile \/ Te esperamos.<\/p>\n<p>&nbsp;<\/p>\n","protected":false},"featured_media":1873,"comment_status":"open","ping_status":"closed","template":"","meta":{"inline_featured_image":false,"_joinchat":[]},"product_brand":[],"product_cat":[26,44],"product_tag":[],"class_list":{"0":"post-1843","1":"product","2":"type-product","3":"status-publish","4":"has-post-thumbnail","6":"product_cat-derecho","7":"product_cat-filosofia-del-derecho-y-introduccion","9":"first","10":"instock","11":"shipping-taxable","12":"purchasable","13":"product-type-simple"},"_links":{"self":[{"href":"https:\/\/bibliotecajuridicavirtual.cl\/index.php\/wp-json\/wp\/v2\/product\/1843","targetHints":{"allow":["GET"]}}],"collection":[{"href":"https:\/\/bibliotecajuridicavirtual.cl\/index.php\/wp-json\/wp\/v2\/product"}],"about":[{"href":"https:\/\/bibliotecajuridicavirtual.cl\/index.php\/wp-json\/wp\/v2\/types\/product"}],"replies":[{"embeddable":true,"href":"https:\/\/bibliotecajuridicavirtual.cl\/index.php\/wp-json\/wp\/v2\/comments?post=1843"}],"wp:featuredmedia":[{"embeddable":true,"href":"https:\/\/bibliotecajuridicavirtual.cl\/index.php\/wp-json\/wp\/v2\/media\/1873"}],"wp:attachment":[{"href":"https:\/\/bibliotecajuridicavirtual.cl\/index.php\/wp-json\/wp\/v2\/media?parent=1843"}],"wp:term":[{"taxonomy":"product_brand","embeddable":true,"href":"https:\/\/bibliotecajuridicavirtual.cl\/index.php\/wp-json\/wp\/v2\/product_brand?post=1843"},{"taxonomy":"product_cat","embeddable":true,"href":"https:\/\/bibliotecajuridicavirtual.cl\/index.php\/wp-json\/wp\/v2\/product_cat?post=1843"},{"taxonomy":"product_tag","embeddable":true,"href":"https:\/\/bibliotecajuridicavirtual.cl\/index.php\/wp-json\/wp\/v2\/product_tag?post=1843"}],"curies":[{"name":"wp","href":"https:\/\/api.w.org\/{rel}","templated":true}]}}