{"id":1844,"date":"2026-02-28T00:55:52","date_gmt":"2026-02-28T03:55:52","guid":{"rendered":"https:\/\/bibliotecajuridicavirtual.cl\/?post_type=product&#038;p=1844"},"modified":"2026-02-28T00:56:23","modified_gmt":"2026-02-28T03:56:23","slug":"estudios-sobre-contratos-y-obligaciones-hernan-corral-talciani-1-edicion-2016-240-paginas","status":"publish","type":"product","link":"https:\/\/bibliotecajuridicavirtual.cl\/index.php\/product\/estudios-sobre-contratos-y-obligaciones-hernan-corral-talciani-1-edicion-2016-240-paginas\/","title":{"rendered":"Estudios Sobre Contratos y Obligaciones &#8211; Hern\u00e1n Corral Talciani &#8211; 1\u00b0 edici\u00f3n 2016 &#8211; 240 p\u00e1ginas"},"content":{"rendered":"<p>Contenido: 1. La definici\u00f3n de contrato en el C\u00f3digo Civil chileno y su recepci\u00f3n doctrinal. Comparaci\u00f3n con el sistema franc\u00e9s; 2. Propuesta de principios latinoamericanos sobre la prestaci\u00f3n de la relaci\u00f3n obligatoria. Anexo: Texto de la normativa propuesta; 3. La ra\u00edz hist\u00f3rica del adagio\u00a0\u201dVenire contra factum proprium non valet\u201c; 4. El ejercicio de la acci\u00f3n de nulidad por un tercero no contratante; 5. La resoluci\u00f3n del contrato como instrumento de tutela del acreedor ante el incumplimiento; 6. Responsabilidad contractual: \u00bfunificaci\u00f3n o autonom\u00eda?; 7. La concurrencia de responsabilidades ex contrato y ex delito en los derechos chileno, argentino y colombiano; 8. La cl\u00e1usula penal en la resoluci\u00f3n del contrato; 9. Cl\u00e1usula penal y convenciones modificatorias de la responsabilidad; 10. Procedencia y funcionamiento de la cl\u00e1usula penal en la responsabilidad extracontractual. An\u00e1lisis desde la normativa de los c\u00f3digos civiles de Chile y Colombia; 11. Cl\u00e1usulas de exenci\u00f3n, limitaci\u00f3n y agravaci\u00f3n de responsabilidad civil en perjuicio del consumidor.<\/p>\n","protected":false},"excerpt":{"rendered":"<p>Buscas un libro Jur\u00eddico.? Lo puedes encontrar en nuestra tienda virtual.<br \/>\nContamos con prestigiosos autores y muchas alternativas en sus diferentes materias al igual que grandes descuentos.! Vis\u00edtanos en <a class=\"eETATgYTipaVsmrBChiBJJvFsdPhNpulhPZUVLHLo \" tabindex=\"0\" href=\"https:\/\/lnkd.in\/eiAG7jdZ\" target=\"_blank\" rel=\"noopener\" data-test-app-aware-link=\"\">https:\/\/lnkd.in\/eiAG7jdZ<\/a><br \/>\nEscr\u00edbenos al +56930565235 \/ <a class=\"eETATgYTipaVsmrBChiBJJvFsdPhNpulhPZUVLHLo \" tabindex=\"0\" href=\"mailto:ventaslegallexglobal@gmail.com\" target=\"_self\" data-test-app-aware-link=\"\">ventaslegallexglobal@gmail.com<\/a><br \/>\nHacemos env\u00edos a todo Chile \u2013 Starken o Correos Chile \/ Te esperamos<\/p>\n","protected":false},"featured_media":1896,"comment_status":"open","ping_status":"closed","template":"","meta":{"inline_featured_image":false,"_joinchat":[]},"product_brand":[],"product_cat":[27,26],"product_tag":[],"class_list":{"0":"post-1844","1":"product","2":"type-product","3":"status-publish","4":"has-post-thumbnail","6":"product_cat-civil","7":"product_cat-derecho","9":"first","10":"instock","11":"shipping-taxable","12":"purchasable","13":"product-type-simple"},"_links":{"self":[{"href":"https:\/\/bibliotecajuridicavirtual.cl\/index.php\/wp-json\/wp\/v2\/product\/1844","targetHints":{"allow":["GET"]}}],"collection":[{"href":"https:\/\/bibliotecajuridicavirtual.cl\/index.php\/wp-json\/wp\/v2\/product"}],"about":[{"href":"https:\/\/bibliotecajuridicavirtual.cl\/index.php\/wp-json\/wp\/v2\/types\/product"}],"replies":[{"embeddable":true,"href":"https:\/\/bibliotecajuridicavirtual.cl\/index.php\/wp-json\/wp\/v2\/comments?post=1844"}],"wp:featuredmedia":[{"embeddable":true,"href":"https:\/\/bibliotecajuridicavirtual.cl\/index.php\/wp-json\/wp\/v2\/media\/1896"}],"wp:attachment":[{"href":"https:\/\/bibliotecajuridicavirtual.cl\/index.php\/wp-json\/wp\/v2\/media?parent=1844"}],"wp:term":[{"taxonomy":"product_brand","embeddable":true,"href":"https:\/\/bibliotecajuridicavirtual.cl\/index.php\/wp-json\/wp\/v2\/product_brand?post=1844"},{"taxonomy":"product_cat","embeddable":true,"href":"https:\/\/bibliotecajuridicavirtual.cl\/index.php\/wp-json\/wp\/v2\/product_cat?post=1844"},{"taxonomy":"product_tag","embeddable":true,"href":"https:\/\/bibliotecajuridicavirtual.cl\/index.php\/wp-json\/wp\/v2\/product_tag?post=1844"}],"curies":[{"name":"wp","href":"https:\/\/api.w.org\/{rel}","templated":true}]}}