{"id":1845,"date":"2026-02-28T00:55:52","date_gmt":"2026-02-28T03:55:52","guid":{"rendered":"https:\/\/bibliotecajuridicavirtual.cl\/?post_type=product&#038;p=1845"},"modified":"2026-02-28T00:56:23","modified_gmt":"2026-02-28T03:56:23","slug":"tratado-de-los-contratos-r-j-pothier-tapa-lujo-2-tomos-edicion-ano-2020","status":"publish","type":"product","link":"https:\/\/bibliotecajuridicavirtual.cl\/index.php\/product\/tratado-de-los-contratos-r-j-pothier-tapa-lujo-2-tomos-edicion-ano-2020\/","title":{"rendered":"Tratado de los Contratos.  R.J. POTHIER Tapa lujo 2 tomos &#8211; edici\u00f3n a\u00f1o 2020"},"content":{"rendered":"<p><em>Tomo I.<\/em>\u00a0Tratado del contrato de venta: Primera Parte. De la naturaleza del contrato de venta y de lo que constituye su sustancia. Segunda Parte. De las obligaciones del vendedor y de las acciones que nacen de las mismas: Cap\u00edtulo I. De las obligaciones del vendedor que nacen de la naturaleza del contrato de venta. Cap\u00edtulo II. De las obligaciones del vendedor que nacen de la buena fe. Cap\u00edtulo III. De las obligaciones del vendedor, resultantes de las clausulas particulares. Cap\u00edtulo IV. De las obligaciones que el que ha vendido una cosa de otro contrae para con el propietario de la misma. Tercera Parte. De las obligaciones del comprador. Cuarta Parte. A riesgos de quien queda la cosa vendida durante el tiempo que media desde el contrato hasta la tradici\u00f3n. Quinta Parte. De la consumaci\u00f3n y de la anulaci\u00f3n del contrato de venta: Cap\u00edtulo I. De la consumaci\u00f3n del contrato de venta, y particularmente de la tradici\u00f3n o entrega de la cosa vendida. Cap\u00edtulo II. De la anulaci\u00f3n del contrato de venta. Sexta Parte. De las promesas de vender y comprar. De las arras y de varias especies particulares de venta: Cap\u00edtulo I. De las promesas de vender, de las promesas de comprar y de las arras. Cap\u00edtulo II. De las ventas forzadas, de los remates y de las ventas judiciales. Cap\u00edtulo III. De la venta de derechos sucesorios, y otros derechos inherentes a la persona del vendedor. Cap\u00edtulo IV. De la venta de rentas y otros cr\u00e9ditos. S\u00e9ptima Parte. De los actos y contratos semejantes a la compra y venta.\u00a0<em>Tomo II<\/em>. Tratado de los retractos y tratado del contrato de arrendamiento de renta: Primera Parte. Del retracto gentilicio: Cap\u00edtulo I. De las leyes que establecieron el derecho de retracto gentilicio, de la naturaleza de este derecho y del cuidado con que las leyes han sabido preservarlo de todo ataque. Cap\u00edtulo II. De la naturaleza de la acci\u00f3n de retracto gentilicio. Cap\u00edtulo III. De las cosas que est\u00e1n sujetas al retracto gentilicio. Cap\u00edtulo IV. De los contratos y actos que dan lugar al retracto gentilicio, y desde cu\u00e1ndo. Cap\u00edtulo V. A quien se concede el retracto gentilicio Por qui\u00e9n y sobre qui\u00e9n puede ejercerse. Cap\u00edtulo VI. Como cabe intentar el retracto; y si puede ejercerse por parte de lo que el contrato comprende. Cap\u00edtulo VII. En qu\u00e9 tiempo debe intentarse el retracto gentilicio. Cap\u00edtulo VIII. De la forma en que se ejerce el retracto. Cap\u00edtulo IX. De las obligaciones del retrayente. Cap\u00edtulo X. De las obligaciones del adquirente que reconoce el retracto, o contra el cual se dicta sentencia condenatoria. Cap\u00edtulo XI. Del efecto del retracto gentilicio. Cap\u00edtulo XII. Extinci\u00f3n del retracto gentilicio; defensas y excepciones que se pueden oponer a este derecho. Cap\u00edtulo XIII. Del retracto de cuota conyugal. Segunda Parte. De los derechos de retracto convencional y de retracto se\u00f1orial comparados con el derecho de retracto gentilicio. Tercera Parte. Tratado del contrato de arrendamiento de renta: Cap\u00edtulo I. Qu\u00e9 es el contrato de arrendamiento de renta; en qu\u00e9 se parece a los contratos de compraventa y arrendamiento, y en qu\u00e9 difiere de ellos. Cap\u00edtulo II. De las tres cosas que forman la substancia del arrendamiento de renta. Cap\u00edtulo III. De las obligaciones que nacen del contrato de arrendamiento de renta. Cap\u00edtulo IV. De las diferentes cl\u00e1usulas que se estipulan a veces en los contratos de arrendamiento de renta, y de las obligaciones que surgen de aquellas. Cap\u00edtulo V. De los derechos de los acreedores de las rentas inmobiliarias y de los poseedores de las fincas gravadas con ellas; y de las cargas a que se encuentran sujetos unos y otros. Cap\u00edtulo VI. De la rescisi\u00f3n y de la resoluci\u00f3n del contrato de arrendamiento de renta, y de la extinci\u00f3n de las rentas inmobiliarias.<\/p>\n","protected":false},"excerpt":{"rendered":"<p>Buscas un libro Jur\u00eddico.? Lo puedes encontrar en nuestra tienda virtual.<br \/>\nContamos con prestigiosos autores y muchas alternativas en sus diferentes materias al igual que grandes descuentos.! Vis\u00edtanos en <a class=\"BefCxZGaSWcPFahNZGheKUNEpFkmNKjephLXQ \" href=\"https:\/\/lnkd.in\/eiAG7jdZ\" target=\"_blank\" rel=\"noopener\" data-test-app-aware-link=\"\">https:\/\/lnkd.in\/eiAG7jdZ<\/a><br \/>\nEscr\u00edbenos al +56930565235 \/ <a class=\"BefCxZGaSWcPFahNZGheKUNEpFkmNKjephLXQ \" href=\"mailto:ventaslegallexglobal@gmail.com\" target=\"_self\" data-test-app-aware-link=\"\">ventaslegallexglobal@gmail.com<\/a><br \/>\nHacemos env\u00edos a todo Chile \u2013 Starken o Correos Chile \/ Te esperamos<\/p>\n","protected":false},"featured_media":1897,"comment_status":"open","ping_status":"closed","template":"","meta":{"inline_featured_image":false,"_joinchat":[]},"product_brand":[],"product_cat":[27],"product_tag":[],"class_list":{"0":"post-1845","1":"product","2":"type-product","3":"status-publish","4":"has-post-thumbnail","6":"product_cat-civil","8":"first","9":"instock","10":"shipping-taxable","11":"purchasable","12":"product-type-simple"},"_links":{"self":[{"href":"https:\/\/bibliotecajuridicavirtual.cl\/index.php\/wp-json\/wp\/v2\/product\/1845","targetHints":{"allow":["GET"]}}],"collection":[{"href":"https:\/\/bibliotecajuridicavirtual.cl\/index.php\/wp-json\/wp\/v2\/product"}],"about":[{"href":"https:\/\/bibliotecajuridicavirtual.cl\/index.php\/wp-json\/wp\/v2\/types\/product"}],"replies":[{"embeddable":true,"href":"https:\/\/bibliotecajuridicavirtual.cl\/index.php\/wp-json\/wp\/v2\/comments?post=1845"}],"wp:featuredmedia":[{"embeddable":true,"href":"https:\/\/bibliotecajuridicavirtual.cl\/index.php\/wp-json\/wp\/v2\/media\/1897"}],"wp:attachment":[{"href":"https:\/\/bibliotecajuridicavirtual.cl\/index.php\/wp-json\/wp\/v2\/media?parent=1845"}],"wp:term":[{"taxonomy":"product_brand","embeddable":true,"href":"https:\/\/bibliotecajuridicavirtual.cl\/index.php\/wp-json\/wp\/v2\/product_brand?post=1845"},{"taxonomy":"product_cat","embeddable":true,"href":"https:\/\/bibliotecajuridicavirtual.cl\/index.php\/wp-json\/wp\/v2\/product_cat?post=1845"},{"taxonomy":"product_tag","embeddable":true,"href":"https:\/\/bibliotecajuridicavirtual.cl\/index.php\/wp-json\/wp\/v2\/product_tag?post=1845"}],"curies":[{"name":"wp","href":"https:\/\/api.w.org\/{rel}","templated":true}]}}