{"id":1851,"date":"2026-02-28T00:55:52","date_gmt":"2026-02-28T03:55:52","guid":{"rendered":"https:\/\/bibliotecajuridicavirtual.cl\/?post_type=product&#038;p=1851"},"modified":"2026-02-28T00:56:28","modified_gmt":"2026-02-28T03:56:28","slug":"contratos-mercantiles-explicaciones-y-practica-forense-eric-a-chavez-chavez","status":"publish","type":"product","link":"https:\/\/bibliotecajuridicavirtual.cl\/index.php\/product\/contratos-mercantiles-explicaciones-y-practica-forense-eric-a-chavez-chavez\/","title":{"rendered":"Contratos Mercantiles &#8211; Explicaciones y Pr\u00e1ctica Forense &#8211; Eric A. Ch\u00e1vez Ch\u00e1vez"},"content":{"rendered":"<p style=\"font-weight: 400;\">La presente obra\u201d Contratos Mercantiles\u201d Explicaciones y Pr\u00e1ctica Forense, contiene los llamados contratos mercantiles cl\u00e1sicos y la llamada contrataci\u00f3n moderna, con sus explicaciones y luego los formatos o pr\u00e1ctica forense de los mismos.<\/p>\n<p style=\"font-weight: 400;\">\n<p style=\"font-weight: 400;\">La tem\u00e1tica en su elaboraci\u00f3n se consult\u00f3 los principales autores en la materia de Derecho Comercial, adem\u00e1s, obviamente con todas las actualizaciones en la materia [al cierre de la edici\u00f3n], esperando que sea de utilidad a los abogados que ejercen en el mundo o esfera de esta \u00e1rea.<\/p>\n<p style=\"font-weight: 400;\">\n<p style=\"font-weight: 400;\">Este libro no agota la materia, ni los formatos, ni las teor\u00edas, recordemos que el Derecho Comercial, siempre est\u00e1 en evoluci\u00f3n, en especial con la llamada contrataci\u00f3n electr\u00f3nica, que existen libros espec\u00edficos de autores nacionales, ac\u00e1 nos abocamos a los m\u00e1s cl\u00e1sicos, esperando que les sea \u00fatil y concreto en la elaboraci\u00f3n de la demanda, solicitud o contrato, seg\u00fan corresponda, teniendo en consideraci\u00f3n y lo realmente importante todo en un mismo texto.<\/p>\n","protected":false},"excerpt":{"rendered":"<p>1\u00b0 edici\u00f3n actualizada noviembre a\u00f1o 2024 \/ 708 P\u00e1ginas<\/p>\n<p>V\u00eds\u00edtanos en www.bibliotecajuridicavirtual.cl \/ Escr\u00edbenos al +56930565235<br \/>\nHacemos env\u00edos a todo Chile &#8211; Starken o Correos Chile \/ Te esperamos.<\/p>\n","protected":false},"featured_media":1903,"comment_status":"open","ping_status":"closed","template":"","meta":{"inline_featured_image":false,"_joinchat":[]},"product_brand":[],"product_cat":[27],"product_tag":[],"class_list":{"0":"post-1851","1":"product","2":"type-product","3":"status-publish","4":"has-post-thumbnail","6":"product_cat-civil","8":"first","9":"instock","10":"shipping-taxable","11":"purchasable","12":"product-type-simple"},"_links":{"self":[{"href":"https:\/\/bibliotecajuridicavirtual.cl\/index.php\/wp-json\/wp\/v2\/product\/1851","targetHints":{"allow":["GET"]}}],"collection":[{"href":"https:\/\/bibliotecajuridicavirtual.cl\/index.php\/wp-json\/wp\/v2\/product"}],"about":[{"href":"https:\/\/bibliotecajuridicavirtual.cl\/index.php\/wp-json\/wp\/v2\/types\/product"}],"replies":[{"embeddable":true,"href":"https:\/\/bibliotecajuridicavirtual.cl\/index.php\/wp-json\/wp\/v2\/comments?post=1851"}],"wp:featuredmedia":[{"embeddable":true,"href":"https:\/\/bibliotecajuridicavirtual.cl\/index.php\/wp-json\/wp\/v2\/media\/1903"}],"wp:attachment":[{"href":"https:\/\/bibliotecajuridicavirtual.cl\/index.php\/wp-json\/wp\/v2\/media?parent=1851"}],"wp:term":[{"taxonomy":"product_brand","embeddable":true,"href":"https:\/\/bibliotecajuridicavirtual.cl\/index.php\/wp-json\/wp\/v2\/product_brand?post=1851"},{"taxonomy":"product_cat","embeddable":true,"href":"https:\/\/bibliotecajuridicavirtual.cl\/index.php\/wp-json\/wp\/v2\/product_cat?post=1851"},{"taxonomy":"product_tag","embeddable":true,"href":"https:\/\/bibliotecajuridicavirtual.cl\/index.php\/wp-json\/wp\/v2\/product_tag?post=1851"}],"curies":[{"name":"wp","href":"https:\/\/api.w.org\/{rel}","templated":true}]}}