{"id":1878,"date":"2026-02-28T00:56:21","date_gmt":"2026-02-28T03:56:21","guid":{"rendered":"https:\/\/bibliotecajuridicavirtual.cl\/?post_type=product&#038;p=1878"},"modified":"2026-02-28T00:56:30","modified_gmt":"2026-02-28T03:56:30","slug":"teoria-de-la-argumentacion-juridica","status":"publish","type":"product","link":"https:\/\/bibliotecajuridicavirtual.cl\/index.php\/product\/teoria-de-la-argumentacion-juridica\/","title":{"rendered":"Teor\u00eda de la Argumentaci\u00f3n Jur\u00eddica"},"content":{"rendered":"<p>La\u00a0<em>Teor\u00eda de la argumentaci\u00f3n jur\u00eddica<\/em>\u00a0de Robert Alexy, publicada por primera vez en 1978 y traducida luego a varios idiomas, es, sin duda, una de las obras m\u00e1s influyentes en la cultura jur\u00eddica de las \u00faltimas d\u00e9cadas. Las razones no son dif\u00edciles de hallar. El libro, escrito en un estilo claro, aborda con profundidad filos\u00f3fica un problema central de la pr\u00e1ctica jur\u00eddica: el de la fundamentaci\u00f3n de las decisiones jur\u00eddicas y, en particular, de las judiciales. Puede decirse que, junto con el libro de Neil MacCormick (<em>Legal Reasoning and Legal Theory<\/em>) publicado tambi\u00e9n en esa misma fecha, constituye la principal aportaci\u00f3n de lo que se ha venido en llamar la \u201cteor\u00eda est\u00e1ndar de la argumentaci\u00f3n jur\u00eddica\u201d.<\/p>\n<p><strong>INTRODUCCI\u00d3N<\/strong><br \/>\n1.El problema de la fundamentaci\u00f3n de las decisiones jur\u00eddicas<br \/>\n2.Las ideas fundamentales de esta investigaci\u00f3n<br \/>\n3.Sobre la delimitaci\u00f3n de la t\u00f3pica<br \/>\n4.Sobre la valoraci\u00f3n de la necesidad de una teor\u00eda de la argumentaci\u00f3n jur\u00eddica racional<br \/>\nen la discusi\u00f3n metodol\u00f3gica actual<\/p>\n<p><strong>A. SOBRE ALGUNAS TEOR\u00cdAS DEL DISCURSO PR\u00c1CTICO<\/strong><br \/>\nI.El discurso pr\u00e1ctico en la \u00e9tica anal\u00edtica<br \/>\nII.La teor\u00eda consensual de la verdad de Habermas<br \/>\nIII.La teor\u00eda de la deliberaci\u00f3n pr\u00e1ctica de la escuela de Erlangen<br \/>\nIV.La teor\u00eda de la argumentaci\u00f3n de Chaim Perelman<\/p>\n<p><strong>B. BOSQUEJO DE UNA TEOR\u00cdA DEL DISCURSO PR\u00c1CTICO RACIONAL GENERAL<\/strong><br \/>\n1.Sobre el problema de la fundamentaci\u00f3n de proposiciones normativas<br \/>\n2.Teor\u00edas del discurso posibles<br \/>\n3.La fundamentaci\u00f3n de las reglas del discurso<br \/>\n4.Las reglas y formas del discurso pr\u00e1ctico general<br \/>\n5.Los l\u00edmites del discurso pr\u00e1ctico general<\/p>\n<p><strong>C. UNA TEOR\u00cdA DE LA ARGUMENTACI\u00d3N JUR\u00cdDICA<\/strong><br \/>\nI.El discurso jur\u00eddico como caso especial del discurso pr\u00e1ctico general<br \/>\nII.Rasgos fundamentales de la argumentaci\u00f3n jur\u00eddica<br \/>\nIII.Discurso jur\u00eddico y discurso pr\u00e1ctico general<\/p>\n<p><strong>AP\u00c9NDICE<\/strong><br \/>\n<strong>TABLA DE LAS REGLAS Y FORMAS ELABORADAS<\/strong><br \/>\nI.Las reglas y formas del discurso pr\u00e1ctico general<br \/>\nII.Reglas y formas del discurso jur\u00eddico<\/p>\n<p><strong>POSTFACIO<br \/>\nA) RESPUESTA A ALGUNOS CR\u00cdTICOS<\/strong><br \/>\nI.La concepci\u00f3n procedimental de la correcci\u00f3n pr\u00e1ctica<br \/>\nII.La tesis del caso especial<\/p>\n<p><strong>B) LA F\u00d3RMULA DEL PESO<\/strong><br \/>\nI.La base de teor\u00eda de las normas: reglas y principios<br \/>\nII.El principio de proporcionalidad en sentido estricto<br \/>\nIII.La escala tri\u00e1dica<br \/>\nIV.La f\u00f3rmula<br \/>\nV.La f\u00f3rmula extendida<\/p>\n<p><strong>C) ENTREVISTA A ROBERT ALEXY<\/strong><\/p>\n<p>Bibliograf\u00eda<br \/>\n\u00cdndice de nombres<br \/>\n\u00cdndice de materias<\/p>\n","protected":false},"excerpt":{"rendered":"<p>La teor\u00eda del discurso racional como teor\u00eda de la fundamentaci\u00f3n jur\u00eddica<\/p>\n<p>Autor: Robert Alexy &#8211; 3\u00b0Edici\u00f3n 2017 &#8211; 566 P\u00e1ginas<\/p>\n<p>Vis\u00edtanos en www.bibliotecajuridicavirtual.cl<\/p>\n<p>Escr\u00edbenos al +56930565235 &#8211; ventaslegallexglobal@gmail.com<br \/>\nHacemos env\u00edos a todo Chile &#8211; Starken o Correos Chile \/ Te esperamos.<\/p>\n","protected":false},"featured_media":1907,"comment_status":"open","ping_status":"closed","template":"","meta":{"inline_featured_image":false,"_joinchat":[]},"product_brand":[],"product_cat":[26,44],"product_tag":[],"class_list":{"0":"post-1878","1":"product","2":"type-product","3":"status-publish","4":"has-post-thumbnail","6":"product_cat-derecho","7":"product_cat-filosofia-del-derecho-y-introduccion","9":"first","10":"instock","11":"shipping-taxable","12":"purchasable","13":"product-type-simple"},"_links":{"self":[{"href":"https:\/\/bibliotecajuridicavirtual.cl\/index.php\/wp-json\/wp\/v2\/product\/1878","targetHints":{"allow":["GET"]}}],"collection":[{"href":"https:\/\/bibliotecajuridicavirtual.cl\/index.php\/wp-json\/wp\/v2\/product"}],"about":[{"href":"https:\/\/bibliotecajuridicavirtual.cl\/index.php\/wp-json\/wp\/v2\/types\/product"}],"replies":[{"embeddable":true,"href":"https:\/\/bibliotecajuridicavirtual.cl\/index.php\/wp-json\/wp\/v2\/comments?post=1878"}],"wp:featuredmedia":[{"embeddable":true,"href":"https:\/\/bibliotecajuridicavirtual.cl\/index.php\/wp-json\/wp\/v2\/media\/1907"}],"wp:attachment":[{"href":"https:\/\/bibliotecajuridicavirtual.cl\/index.php\/wp-json\/wp\/v2\/media?parent=1878"}],"wp:term":[{"taxonomy":"product_brand","embeddable":true,"href":"https:\/\/bibliotecajuridicavirtual.cl\/index.php\/wp-json\/wp\/v2\/product_brand?post=1878"},{"taxonomy":"product_cat","embeddable":true,"href":"https:\/\/bibliotecajuridicavirtual.cl\/index.php\/wp-json\/wp\/v2\/product_cat?post=1878"},{"taxonomy":"product_tag","embeddable":true,"href":"https:\/\/bibliotecajuridicavirtual.cl\/index.php\/wp-json\/wp\/v2\/product_tag?post=1878"}],"curies":[{"name":"wp","href":"https:\/\/api.w.org\/{rel}","templated":true}]}}