{"id":1879,"date":"2026-02-28T00:56:21","date_gmt":"2026-02-28T03:56:21","guid":{"rendered":"https:\/\/bibliotecajuridicavirtual.cl\/?post_type=product&#038;p=1879"},"modified":"2026-02-28T00:56:31","modified_gmt":"2026-02-28T03:56:31","slug":"el-acto-de-comercio-critica-a-la-teoria-tradicional-juan-esteban-puga-vial","status":"publish","type":"product","link":"https:\/\/bibliotecajuridicavirtual.cl\/index.php\/product\/el-acto-de-comercio-critica-a-la-teoria-tradicional-juan-esteban-puga-vial\/","title":{"rendered":"El Acto de Comercio. Cr\u00edtica a la Teor\u00eda Tradicional &#8211; Juan Esteban Puga Vial"},"content":{"rendered":"<p>\u00cdndice<br \/>\nPr\u00f3logo\u00a0\u00a0 \u00a0\u00a0\u00a0 \u00a013<br \/>\nIntroducci\u00f3n\u00a0\u00a0 \u00a0\u00a0\u00a0 \u00a015<br \/>\nPrimera Parte<br \/>\nOr\u00edgenes y desarrollo del derecho comercial y de la teor\u00eda tradicional<br \/>\ndel acto de comercio<br \/>\n1.\u00a0\u00a0 \u00a0TEOR\u00cdA TRADICIONAL DEL ACTO DE COMERCIO\u00a0\u00a0 \u00a0\u00a0\u00a0 \u00a019<br \/>\n2.\u00a0\u00a0 \u00a0CAR\u00c1CTER SUBJETIVO Y OBJETIVO DEL DERECHO COMERCIAL\u00a0\u00a0 \u00a0\u00a0\u00a0 \u00a025<br \/>\n3.\u00a0\u00a0 \u00a0INCONSISTENCIAS DE LA TEOR\u00cdA TRADICIONAL\u00a0\u00a0 \u00a0\u00a0\u00a0 \u00a027<br \/>\n4.\u00a0\u00a0 \u00a0INTER\u00c9S EN DIFERENCIAR ACTOS DE COMERCIO DE ACTOS NO MERCANTILES\u00a0\u00a0 \u00a0\u00a0\u00a0 \u00a033<br \/>\n5.\u00a0\u00a0 \u00a0HISTORIA DE C\u00d3MO SE GEST\u00d3 LA TEOR\u00cdA DEL ACTO DE COMERCIO\u00a0\u00a0 \u00a0\u00a0\u00a0 \u00a036<br \/>\n5.1.\u00a0\u00a0 \u00a0Una consideraci\u00f3n previa\u00a0\u00a0 \u00a0\u00a0\u00a0 \u00a036<br \/>\n5.2.\u00a0\u00a0 \u00a0Nacimiento del derecho comercial en la Baja Edad Media\u00a0\u00a0 \u00a0\u00a0\u00a0 \u00a037<br \/>\n5.2.1.\u00a0\u00a0 \u00a0Nacimiento de la clase mercantil\u00a0\u00a0 \u00a0\u00a0\u00a0 \u00a037<br \/>\n5.2.2.\u00a0\u00a0 \u00a0Surgimiento y autonom\u00eda de la ciudad medieval\u00a0\u00a0 \u00a0\u00a0\u00a0 \u00a045<br \/>\n5.2.3.\u00a0\u00a0 \u00a0El poder pol\u00edtico de los comerciantes\u00a0\u00a0 \u00a0\u00a0\u00a0 \u00a050<br \/>\n5.2.4.\u00a0\u00a0 \u00a0Las artes o gremios mercantiles. Funci\u00f3n y monopolio\u00a0\u00a0 \u00a0\u00a0\u00a0 \u00a055<br \/>\n5.2.5.\u00a0\u00a0 \u00a0Creaci\u00f3n de la lex mercatoria\u00a0\u00a0 \u00a0\u00a0\u00a0 \u00a058<br \/>\n5.2.6.\u00a0\u00a0 \u00a0Caracter\u00edsticas de la lex mercatoria\u00a0\u00a0 \u00a0\u00a0\u00a0 \u00a062<br \/>\n5.2.7.\u00a0\u00a0 \u00a0Institutos jur\u00eddicos creados por la lex mercatoria\u00a0\u00a0 \u00a0\u00a0\u00a0 \u00a071<br \/>\n5.3.\u00a0\u00a0 \u00a0De c\u00f3mo pervive el derecho comercial de la Baja Edad Media en el derecho moderno\u00a0\u00a0 \u00a0\u00a0\u00a0 \u00a073<br \/>\n5.3.1.\u00a0\u00a0 \u00a0El derecho mercantil desde el Renacimiento hasta las Ordenanzas de Luis XIV. C\u00f3mo se avanza hacia una noci\u00f3n de acto de comercio\u00a0\u00a0 \u00a0\u00a0\u00a0 \u00a077<br \/>\n5.3.2.\u00a0\u00a0 \u00a0Las Ordenanzas francesas de comercio terrestre y mar\u00edtimo de Luis XIV. La Ordenanza de Bilbao. Influencia en el derecho comercial moderno\u00a0\u00a0 \u00a0\u00a0\u00a0 \u00a079<br \/>\n5.4.\u00a0\u00a0 \u00a0El C\u00f3digo de Comercio franc\u00e9s de 1807\u00a0\u00a0 \u00a0\u00a0\u00a0 \u00a085<br \/>\n5.4.1.\u00a0\u00a0 \u00a0Gestaci\u00f3n del Code de Commerce\u00a0\u00a0 \u00a0\u00a0\u00a0 \u00a085<br \/>\n5.4.2.\u00a0\u00a0 \u00a0\u00bfFue un C\u00f3digo revolucionario de verdad?\u00a0\u00a0 \u00a0\u00a0\u00a0 \u00a087<br \/>\n5.4.3.\u00a0\u00a0 \u00a0El acto de comercio en el C\u00f3digo de Comercio franc\u00e9s\u00a0\u00a0 \u00a0\u00a0\u00a0 \u00a092<br \/>\n5.4.4.\u00a0\u00a0 \u00a0Fundamento de la creaci\u00f3n de la expresi\u00f3n acto de comercio\u00a0\u00a0 \u00a0\u00a0\u00a0 \u00a094<br \/>\n5.4.5.\u00a0\u00a0 \u00a0La doctrina francesa despu\u00e9s del Code\u00a0\u00a0 \u00a0\u00a0\u00a0 \u00a095<br \/>\n5.4.6.\u00a0\u00a0 \u00a0Correctivos jurisprudenciales a las normas del C\u00f3digo de Comercio franc\u00e9s. Teor\u00eda de lo accesorio\u00a0\u00a0 \u00a0\u00a0\u00a0 \u00a096<br \/>\n5.4.7.\u00a0\u00a0 \u00a0Cr\u00edtica de Ripert\u00a0\u00a0 \u00a0\u00a0\u00a0 \u00a097<br \/>\n5.4.8.\u00a0\u00a0 \u00a0Cr\u00edtica a la doctrina francesa. Vuelta al texto del Code\u00a0\u00a0 \u00a0\u00a0\u00a0 \u00a098<br \/>\n5.5.\u00a0\u00a0 \u00a0C\u00f3digo de Comercio espa\u00f1ol de 1829\u00a0\u00a0 \u00a0\u00a0\u00a0 \u00a0100<br \/>\n5.6.\u00a0\u00a0 \u00a0La ley chilena. El C\u00f3digo de Comercio de 1865\u00a0\u00a0 \u00a0\u00a0\u00a0 \u00a0102<br \/>\n5.6.1.\u00a0\u00a0 \u00a0Influencias e importancia de la historia\u00a0\u00a0 \u00a0\u00a0\u00a0 \u00a0102<br \/>\n5.6.2.\u00a0\u00a0 \u00a0Proyecto de Ocampo\u00a0\u00a0 \u00a0\u00a0\u00a0 \u00a0102<br \/>\n5.6.3.\u00a0\u00a0 \u00a0El Mensaje del C\u00f3digo\u00a0\u00a0 \u00a0\u00a0\u00a0 \u00a0104<br \/>\nSegunda Parte<br \/>\nNueva teor\u00eda del Acto de Comercio. Introducci\u00f3n.<br \/>\nSobre los \u00e1mbitos objetivo y subjetivo del derecho comercial<br \/>\n1.\u00a0\u00a0 \u00a0\u00c1MBITO OBJETIVO DEL DERECHO COMERCIAL. LAS ACTIVIDADES COMERCIALES T\u00cdPICAS\u00a0\u00a0 \u00a0\u00a0\u00a0 \u00a0107<br \/>\n2.\u00a0\u00a0 \u00a0\u00c1MBITO SUBJETIVO DEL DERECHO COMERCIAL. ELEMENTOS DEL COMERCIANTE\u00a0\u00a0 \u00a0\u00a0\u00a0 \u00a0112<br \/>\n2.1.\u00a0\u00a0 \u00a0Ejercicio de actividades bajo una organizaci\u00f3n empresarial\u00a0\u00a0 \u00a0\u00a0\u00a0 \u00a0114<br \/>\n2.1.1.\u00a0\u00a0 \u00a0Noci\u00f3n de empresa\u00a0\u00a0 \u00a0\u00a0\u00a0 \u00a0114<br \/>\n2.1.2.\u00a0\u00a0 \u00a0Empresa e industria\u00a0\u00a0 \u00a0\u00a0\u00a0 \u00a0120<br \/>\n2.1.3.\u00a0\u00a0 \u00a0Empresa y f\u00e1brica\u00a0\u00a0 \u00a0\u00a0\u00a0 \u00a0120<br \/>\n2.1.4.\u00a0\u00a0 \u00a0Empresa y comerciante\u00a0\u00a0 \u00a0\u00a0\u00a0 \u00a0121<br \/>\n2.1.5.\u00a0\u00a0 \u00a0Actividades para las que se requiere y para las que no se requiere de organizaci\u00f3n empresarial para ser mercantiles\u00a0\u00a0 \u00a0\u00a0\u00a0 \u00a0122<br \/>\n2.2.\u00a0\u00a0 \u00a0Profesionalismo\u00a0\u00a0 \u00a0\u00a0\u00a0 \u00a0125<br \/>\n2.3.\u00a0\u00a0 \u00a0Habitualidad\u00a0\u00a0 \u00a0\u00a0\u00a0 \u00a0129<br \/>\n3.\u00a0\u00a0 \u00a0RELACI\u00d3N ENTRE EL COMERCIANTE Y LAS ACTIVIDADES MERCANTILES\u00a0\u00a0 \u00a0\u00a0\u00a0 \u00a0140<br \/>\n4.\u00a0\u00a0 \u00a0C\u00d3MO QUEDA LA TEOR\u00cdA DE LO ACCESORIO. EXTENSI\u00d3N Y LIMITACI\u00d3N DE LA MERCANTILIDAD\u00a0\u00a0 \u00a0\u00a0\u00a0 \u00a0143<br \/>\n5.\u00a0\u00a0 \u00a0C\u00d3MO QUEDA LA TEOR\u00cdA DE LOS ACTOS MIXTOS O DE DOBLE CAR\u00c1CTER\u00a0\u00a0 \u00a0\u00a0\u00a0 \u00a0145<br \/>\n6.\u00a0\u00a0 \u00a0\u00bfES TAXATIVA LA ENUMERACI\u00d3N LEGAL DE LOS ACTOS DE COMERCIO?\u00a0\u00a0 \u00a0\u00a0\u00a0 \u00a0147<br \/>\nTercera Parte<br \/>\nEstudio particularizado de los actos de comercio. Generalidades<br \/>\n1.\u00a0\u00a0 \u00a0LA COMPRA Y LA VENTA MERCANTILES\u00a0\u00a0 \u00a0\u00a0\u00a0 \u00a0151<br \/>\n1.1.\u00a0\u00a0 \u00a0La compra mercantil\u00a0\u00a0 \u00a0\u00a0\u00a0 \u00a0151<br \/>\n1.1.1.\u00a0\u00a0 \u00a0La compraventa del art. 3.\u00ba se refiere no a un contrato, sino a una actividad\u00a0\u00a0 \u00a0\u00a0\u00a0 \u00a0152<br \/>\n1.1.2.\u00a0\u00a0 \u00a0 Debe recaer sobre cosas corporales muebles\u00a0\u00a0 \u00a0\u00a0\u00a0 \u00a0154<br \/>\n1.1.3.\u00a0\u00a0 \u00a0Debe efectuarse con \u00e1nimo de revender, permutar o arrendar (lucrativo)\u00a0\u00a0 \u00a0\u00a0\u00a0 \u00a0157<br \/>\n1.1.4.\u00a0\u00a0 \u00a0\u00c1nimo de lucro\u00a0\u00a0 \u00a0\u00a0\u00a0 \u00a0157<br \/>\n1.2.\u00a0\u00a0 \u00a0La venta mercantil\u00a0\u00a0 \u00a0\u00a0\u00a0 \u00a0158<br \/>\n2.\u00a0\u00a0 \u00a0EL ARRENDAMIENTO MERCANTIL\u00a0\u00a0 \u00a0\u00a0\u00a0 \u00a0159<br \/>\n3.\u00a0\u00a0 \u00a0LA COMPRA DE UN ESTABLECIMIENTO DE COMERCIO\u00a0\u00a0 \u00a0\u00a0\u00a0 \u00a0160<br \/>\n4.\u00a0\u00a0 \u00a0LA COMISI\u00d3N MERCANTIL\u00a0\u00a0 \u00a0\u00a0\u00a0 \u00a0164<br \/>\n5.\u00a0\u00a0 \u00a0ACTIVIDADES QUE REQUIEREN DESARROLLARSE POR ORGANIZACI\u00d3N EMPRESARIAL PARA SER COMERCIALES\u00a0\u00a0 \u00a0\u00a0\u00a0 \u00a0168<br \/>\n5.1.\u00a0\u00a0 \u00a0Tipos de empresas del N.\u00ba 5 del art. 3.\u00ba del C\u00f3digo de Comercio\u00a0\u00a0 \u00a0\u00a0\u00a0 \u00a0169<br \/>\n5.1.1.\u00a0\u00a0 \u00a0Empresas de f\u00e1bricas\u00a0\u00a0 \u00a0\u00a0\u00a0 \u00a0169<br \/>\n5.1.2.\u00a0\u00a0 \u00a0Empresas de manufacturas\u00a0\u00a0 \u00a0\u00a0\u00a0 \u00a0170<br \/>\n5.1.3.\u00a0\u00a0 \u00a0Empresas de almacenes\u00a0\u00a0 \u00a0\u00a0\u00a0 \u00a0170<br \/>\n5.1.4.\u00a0\u00a0 \u00a0Empresas de tiendas\u00a0\u00a0 \u00a0\u00a0\u00a0 \u00a0171<br \/>\n5.1.5.\u00a0\u00a0 \u00a0Empresas de bazares\u00a0\u00a0 \u00a0\u00a0\u00a0 \u00a0171<br \/>\n5.1.6.\u00a0\u00a0 \u00a0Empresas de fondas\u00a0\u00a0 \u00a0\u00a0\u00a0 \u00a0171<br \/>\n5.1.7.\u00a0\u00a0 \u00a0Empresas de caf\u00e9s\u00a0\u00a0 \u00a0\u00a0\u00a0 \u00a0171<br \/>\n5.1.8.\u00a0\u00a0 \u00a0Empresas constitutivas de establecimientos semejantes\u00a0\u00a0 \u00a0\u00a0\u00a0 \u00a0171<br \/>\n5.1.9.\u00a0\u00a0 \u00a0Tipos de empresas del N.\u00ba 6 del art. 3.\u00ba del C\u00f3digo de Comercio\u00a0\u00a0 \u00a0\u00a0\u00a0 \u00a0173<br \/>\n5.1.10.\u00a0\u00a0 \u00a0Tipos de empresas del N.\u00ba 7 del art. 3.\u00ba del C\u00f3digo de Comercio\u00a0\u00a0 \u00a0\u00a0\u00a0 \u00a0175<br \/>\na)\u00a0\u00a0 \u00a0Empresas de dep\u00f3sito de mercader\u00edas\u00a0\u00a0 \u00a0\u00a0\u00a0 \u00a0175<br \/>\nb)\u00a0\u00a0 \u00a0Empresas de provisiones y empresas de suministro\u00a0\u00a0 \u00a0\u00a0\u00a0 \u00a0176<br \/>\nc)\u00a0\u00a0 \u00a0Las agencias de negocios\u00a0\u00a0 \u00a0\u00a0\u00a0 \u00a0179<br \/>\n5.1.11.\u00a0\u00a0 \u00a0Los martillos\u00a0\u00a0 \u00a0\u00a0\u00a0 \u00a0181<br \/>\n5.1.12.\u00a0\u00a0 \u00a0Las empresas de espect\u00e1culos p\u00fablicos (N.\u00ba 7 del art. 3.\u00ba del C\u00f3digo de Comercio)\u00a0\u00a0 \u00a0\u00a0\u00a0 \u00a0182<br \/>\n5.1.13.\u00a0\u00a0 \u00a0Empresas de seguros\u00a0\u00a0 \u00a0\u00a0\u00a0 \u00a0183<br \/>\n5.1.14.\u00a0\u00a0 \u00a0Las empresas de construcci\u00f3n de bienes inmuebles por adherencia (art. 3.\u00ba N.\u00ba 20 del C\u00f3digo de Comercio)\u00a0\u00a0 \u00a0\u00a0\u00a0 \u00a0185<br \/>\n5.1.15.\u00a0\u00a0 \u00a0Casos dudosos de empresas at\u00edpicas\u00a0\u00a0 \u00a0\u00a0\u00a0 \u00a0185<br \/>\na)\u00a0\u00a0 \u00a0Las editoriales\u00a0\u00a0 \u00a0\u00a0\u00a0 \u00a0185<br \/>\nb)\u00a0\u00a0 \u00a0Las empresas de seguridad\u00a0\u00a0 \u00a0\u00a0\u00a0 \u00a0186<br \/>\nc)\u00a0\u00a0 \u00a0Las empresas de aseo\u00a0\u00a0 \u00a0\u00a0\u00a0 \u00a0187<br \/>\nd)\u00a0\u00a0 \u00a0Las empresas de transporte a\u00e9reo\u00a0\u00a0 \u00a0\u00a0\u00a0 \u00a0187<br \/>\ne)\u00a0\u00a0 \u00a0Las empresas period\u00edsticas\u00a0\u00a0 \u00a0\u00a0\u00a0 \u00a0187<br \/>\nf)\u00a0\u00a0 \u00a0Los hoteles\u00a0\u00a0 \u00a0\u00a0\u00a0 \u00a0188<br \/>\ng)\u00a0\u00a0 \u00a0La agroindustria\u00a0\u00a0 \u00a0\u00a0\u00a0 \u00a0189<br \/>\nh)\u00a0\u00a0 \u00a0Los hospitales, cl\u00ednicas y establecimientos de educaci\u00f3n\u00a0\u00a0 \u00a0\u00a0\u00a0 \u00a0191<br \/>\ni)\u00a0\u00a0 \u00a0Las empresas forestales\u00a0\u00a0 \u00a0\u00a0\u00a0 \u00a0192<br \/>\nj)\u00a0\u00a0 \u00a0Las empresas pesqueras\u00a0\u00a0 \u00a0\u00a0\u00a0 \u00a0192<br \/>\n6.\u00a0\u00a0 \u00a0LAS OPERACIONES MERCANTILES\u00a0\u00a0 \u00a0\u00a0\u00a0 \u00a0193<br \/>\n6.1.\u00a0\u00a0 \u00a0Operaciones de banco\u00a0\u00a0 \u00a0\u00a0\u00a0 \u00a0194<br \/>\n6.2.\u00a0\u00a0 \u00a0Operaciones sobre letras de cambio, pagar\u00e9s y cheques a la orden\u00a0\u00a0 \u00a0\u00a0\u00a0 \u00a0199<br \/>\n6.3.\u00a0\u00a0 \u00a0Operaciones de cambio\u00a0\u00a0 \u00a0\u00a0\u00a0 \u00a0203<br \/>\n6.4.\u00a0\u00a0 \u00a0Operaciones de corretaje\u00a0\u00a0 \u00a0\u00a0\u00a0 \u00a0205<br \/>\n6.4.1.\u00a0\u00a0 \u00a0Generalidades\u00a0\u00a0 \u00a0\u00a0\u00a0 \u00a0205<br \/>\n6.4.2.\u00a0\u00a0 \u00a0Regulaci\u00f3n en el C\u00f3digo de Comercio\u00a0\u00a0 \u00a0\u00a0\u00a0 \u00a0208<br \/>\n6.4.3.\u00a0\u00a0 \u00a0Mercantilidad de la corredur\u00eda\u00a0\u00a0 \u00a0\u00a0\u00a0 \u00a0209<br \/>\n6.4.4.\u00a0\u00a0 \u00a0Naturaleza jur\u00eddica y elementos de la corredur\u00eda\u00a0\u00a0 \u00a0\u00a0\u00a0 \u00a0212<br \/>\n6.4.5.\u00a0\u00a0 \u00a0De los intermediarios de seguros y en especial de los corredores de seguros\u00a0\u00a0 \u00a0\u00a0\u00a0 \u00a0213<br \/>\na)\u00a0\u00a0 \u00a0Los agentes de venta de seguros\u00a0\u00a0 \u00a0\u00a0\u00a0 \u00a0214<br \/>\nb)\u00a0\u00a0 \u00a0Los corredores de seguros\u00a0\u00a0 \u00a0\u00a0\u00a0 \u00a0214<br \/>\n6.5.\u00a0\u00a0 \u00a0Operaciones de bolsa\u00a0\u00a0 \u00a0\u00a0\u00a0 \u00a0215<br \/>\n6.5.1.\u00a0\u00a0 \u00a0\u00bfQu\u00e9 es una operaci\u00f3n de bolsa?\u00a0\u00a0 \u00a0\u00a0\u00a0 \u00a0219<br \/>\n6.5.2.\u00a0\u00a0 \u00a0Naturaleza jur\u00eddica de los intermediarios de valores\u00a0\u00a0 \u00a0\u00a0\u00a0 \u00a0224<br \/>\nCuarta Parte<br \/>\nDe la necesidad de autonom\u00eda del derecho mercantil<br \/>\n1.\u00a0\u00a0 \u00a0CASOS DE UNIFICACI\u00d3N LEGISLATIVA DEL DERECHO DE LAS OBLIGACIONES\u00a0\u00a0 \u00a0\u00a0\u00a0 \u00a0227<br \/>\n2)\u00a0\u00a0 \u00a0DOCTRINAS SOBRE LA CONVENIENCIA O INCONVENIENCIA DE LA UNIFICACI\u00d3N\u00a0\u00a0 \u00a0\u00a0\u00a0 \u00a0233<br \/>\n3.\u00a0\u00a0 \u00a0NUESTRA OPINI\u00d3N\u00a0\u00a0 \u00a0\u00a0\u00a0 \u00a0235<br \/>\nBibliograf\u00eda\u00a0\u00a0 \u00a0\u00a0\u00a0 \u00a0241<\/p>\n","protected":false},"excerpt":{"rendered":"<p>1\u00b0Edici\u00f3n Noviembre a\u00f1o 2024 &#8211;\u00a0 245 P\u00e1ginas<\/p>\n<p>Vis\u00edtanos en www.bibliotecajuridicavirtual.cl<br \/>\nEscr\u00edbenos al +56930565235<br \/>\nHacemos env\u00edos a todo Chile &#8211; Starken o Correos Chile \/ Te esperamos.<\/p>\n","protected":false},"featured_media":1908,"comment_status":"open","ping_status":"closed","template":"","meta":{"inline_featured_image":false,"_joinchat":[]},"product_brand":[],"product_cat":[48],"product_tag":[],"class_list":{"0":"post-1879","1":"product","2":"type-product","3":"status-publish","4":"has-post-thumbnail","6":"product_cat-comercial","8":"first","9":"instock","10":"shipping-taxable","11":"purchasable","12":"product-type-simple"},"_links":{"self":[{"href":"https:\/\/bibliotecajuridicavirtual.cl\/index.php\/wp-json\/wp\/v2\/product\/1879","targetHints":{"allow":["GET"]}}],"collection":[{"href":"https:\/\/bibliotecajuridicavirtual.cl\/index.php\/wp-json\/wp\/v2\/product"}],"about":[{"href":"https:\/\/bibliotecajuridicavirtual.cl\/index.php\/wp-json\/wp\/v2\/types\/product"}],"replies":[{"embeddable":true,"href":"https:\/\/bibliotecajuridicavirtual.cl\/index.php\/wp-json\/wp\/v2\/comments?post=1879"}],"wp:featuredmedia":[{"embeddable":true,"href":"https:\/\/bibliotecajuridicavirtual.cl\/index.php\/wp-json\/wp\/v2\/media\/1908"}],"wp:attachment":[{"href":"https:\/\/bibliotecajuridicavirtual.cl\/index.php\/wp-json\/wp\/v2\/media?parent=1879"}],"wp:term":[{"taxonomy":"product_brand","embeddable":true,"href":"https:\/\/bibliotecajuridicavirtual.cl\/index.php\/wp-json\/wp\/v2\/product_brand?post=1879"},{"taxonomy":"product_cat","embeddable":true,"href":"https:\/\/bibliotecajuridicavirtual.cl\/index.php\/wp-json\/wp\/v2\/product_cat?post=1879"},{"taxonomy":"product_tag","embeddable":true,"href":"https:\/\/bibliotecajuridicavirtual.cl\/index.php\/wp-json\/wp\/v2\/product_tag?post=1879"}],"curies":[{"name":"wp","href":"https:\/\/api.w.org\/{rel}","templated":true}]}}