{"id":1880,"date":"2026-02-28T00:56:21","date_gmt":"2026-02-28T03:56:21","guid":{"rendered":"https:\/\/bibliotecajuridicavirtual.cl\/?post_type=product&#038;p=1880"},"modified":"2026-02-28T00:56:37","modified_gmt":"2026-02-28T03:56:37","slug":"el-dano-moral-por-incumplimiento-del-contrato-miguel-angel-serrano-ruiz-espana","status":"publish","type":"product","link":"https:\/\/bibliotecajuridicavirtual.cl\/index.php\/product\/el-dano-moral-por-incumplimiento-del-contrato-miguel-angel-serrano-ruiz-espana\/","title":{"rendered":"El Da\u00f1o Moral por Incumplimiento del Contrato &#8211; Miguel \u00c1ngel Serrano Ruiz (Espa\u00f1a)"},"content":{"rendered":"<p style=\"font-weight: 400;\">El da\u00f1o moral constituye una realidad innegable que ha sido objeto de m\u00faltiples estudios por los tribunales y por la doctrina de diferentes pa\u00edses. Sin embargo, la figura del da\u00f1o moral dista de presentar un desarrollo herm\u00e9tico y pac\u00edfico entre aquellos autores y tribunales que en alg\u00fan momento decidieron adentrarse en su investigaci\u00f3n, no siendo el da\u00f1o moral contractual una excepci\u00f3n. As\u00ed, pese a los a\u00f1os transcurridos desde su admisi\u00f3n por la jurisprudencia, contin\u00faa siendo una figura viva en su an\u00e1lisis y desarrollo, lo que provoca que existan voces cr\u00edticas y discordantes que cuestionan el reconocimiento e indemnizaci\u00f3n de estos da\u00f1os por las dificultades que derivan de su propia naturaleza, todo ello bas\u00e1ndose en diferentes argumentos que les hacen temer que nos dirijamos hacia un desbordamiento del Derecho de da\u00f1os.<\/p>\n<p style=\"font-weight: 400;\">Esta obra se compone de seis cap\u00edtulos en los que se ha empleado como metodolog\u00eda de trabajo el an\u00e1lisis de la principal doctrina y jurisprudencia sobre el da\u00f1o moral por el incumplimiento del contrato.<\/p>\n<p style=\"font-weight: 400;\">Estos seis cap\u00edtulos a su vez confluir\u00e1n en una serie de conclusiones relativas al tratamiento legal, jurisprudencial y doctrinal actual otorgado al da\u00f1o moral contractual, as\u00ed como a la posible y deseable evoluci\u00f3n en el tiempo que, conforme a la investigaci\u00f3n realizada, entendemos que deber\u00eda presentar esta figura.<\/p>\n<p style=\"font-weight: 400;\"><b><strong>CAP\u00cdTULO 1<\/strong><\/b><br \/>\n<b><strong>ANTECEDENTES HIST\u00d3RICOS DE LA FIGURA DEL DA\u00d1O MORAL<\/strong><\/b><\/p>\n<p style=\"font-weight: 400;\">1.1.\u00a0\u00a0\u00a0\u00a0Derecho Romano: La iniuria<br \/>\n1.2.\u00a0\u00a0\u00a0\u00a0Reconocimiento del honor en las Siete Partidas<br \/>\n1.3.\u00a0\u00a0\u00a0\u00a0El da\u00f1o moral en la etapa codificadora: El Proyecto de C\u00f3digo Civil de 1851 de Garc\u00eda Goyena<br \/>\n1.4.\u00a0\u00a0\u00a0\u00a0Antecedentes hist\u00f3ricos del art\u00edculo 18 de la Constituci\u00f3n Espa\u00f1ola<br \/>\n1.5.\u00a0\u00a0\u00a0\u00a0Recapitulaciones sobre los antecedentes hist\u00f3ricos de la figura del da\u00f1o moral<\/p>\n<p style=\"font-weight: 400;\"><b><strong>CAP\u00cdTULO 2<\/strong><\/b><br \/>\n<b><strong>EL DA\u00d1O MORAL CONTRACTUAL EN EL DERECHO COMPARADO<\/strong><\/b><\/p>\n<p style=\"font-weight: 400;\">2.1.\u00a0\u00a0\u00a0\u00a0Sistemas de common law<br \/>\n2.1.1.\u00a0\u00a0\u00a0\u00a0Tratamiento del da\u00f1o moral en los principales sistemas de common law<br \/>\n2.1.1.1.\u00a0\u00a0\u00a0\u00a0Reino Unido<br \/>\n2.1.1.2.\u00a0\u00a0\u00a0\u00a0Estados Unidos<br \/>\n2.1.2.\u00a0\u00a0\u00a0\u00a0Caso especial<br \/>\n2.1.2.1.\u00a0\u00a0\u00a0\u00a0C\u00f3digo Civil de Luisiana<br \/>\n2.2.\u00a0\u00a0\u00a0\u00a0Sistemas de civil law<br \/>\n2.2.1.\u00a0\u00a0\u00a0\u00a0Principales sistemas jur\u00eddicos europeos<br \/>\n2.2.1.1.\u00a0\u00a0\u00a0\u00a0Francia<br \/>\n2.2.1.2.\u00a0\u00a0\u00a0\u00a0Italia<br \/>\n2.2.2.\u00a0\u00a0\u00a0\u00a0Ordenamientos latinoamericanos en los que se contempla de forma expresa el da\u00f1o moral por incumplimiento de contrato<br \/>\n2.2.2.1.\u00a0\u00a0\u00a0\u00a0Per\u00fa<br \/>\n2.2.2.2.\u00a0\u00a0\u00a0\u00a0Argentina<br \/>\n2.2.2.3.\u00a0\u00a0\u00a0\u00a0Paraguay<br \/>\n2.2.2.4.\u00a0\u00a0\u00a0\u00a0Cuba<br \/>\n2.2.2.5.\u00a0\u00a0\u00a0\u00a0M\u00e9xico<br \/>\n2.3.\u00a0\u00a0\u00a0\u00a0Recapitulaci\u00f3n y comparativa del tratamiento del da\u00f1o moral contractual en los diferentes ordenamientos<\/p>\n<p style=\"font-weight: 400;\"><b><strong>CAP\u00cdTULO 3<\/strong><\/b><br \/>\n<b><strong>REFERENCIAS LEGALES AL DA\u00d1O MORAL EN EL DERECHO POSITIVO ESPA\u00d1OL<\/strong><\/b><\/p>\n<p style=\"font-weight: 400;\">3.1.\u00a0\u00a0\u00a0\u00a0Nota aclaratoria<br \/>\n3.2.\u00a0\u00a0\u00a0\u00a0Da\u00f1os al honor, a la intimidad personal y familiar y a la propia imagen: Ley Org\u00e1nica 1\/1982<br \/>\n3.2.1.\u00a0\u00a0\u00a0\u00a0Da\u00f1os resultantes del uso incorrecto de datos personales<br \/>\n3.3.\u00a0\u00a0\u00a0\u00a0Art\u00edculo 128 del Texto Refundido de la Ley General para la Defensa de los Consumidores y Usuarios y otras leyes complementarias<br \/>\n3.4.\u00a0\u00a0\u00a0\u00a0Da\u00f1os causados por conductas discriminatorias: Ley Org\u00e1nica 3\/2007, de 22 de marzo, de igualdad y Real Decreto Legislativo 1\/2013, de 29 de noviembre, por el que se aprueba el Texto Refundido de la Ley General de derechos de las personas con discapacidad y de su inclusi\u00f3n social<br \/>\n3.5.\u00a0\u00a0\u00a0\u00a0Responsabilidad civil derivada de delito<br \/>\n3.5.1.\u00a0\u00a0\u00a0\u00a0Libro I, T\u00edtulo V del C\u00f3digo Penal<br \/>\n3.5.2.\u00a0\u00a0\u00a0\u00a0Da\u00f1o moral causado por menores de edad<br \/>\n3.5.2.1.\u00a0\u00a0\u00a0\u00a0Responsabilidad civil en mayores de 14 a\u00f1os: Ley Org\u00e1nica 5\/2000, de 12 de enero, reguladora de la responsabilidad penal de los menores<br \/>\n3.5.2.2.\u00a0\u00a0\u00a0\u00a0Responsabilidad civil por actos cometidos por menores de 14 a\u00f1os, por actos realizados por menores de edad no tipificados como delito y por actos da\u00f1osos efectuados por mayores de edad en patria potestad prorrogada: art\u00edculo 1903 CC<br \/>\n3.5.2.3.\u00a0\u00a0\u00a0\u00a0Da\u00f1os contractuales. Valoraci\u00f3n de la comisi\u00f3n de da\u00f1o moral por incumplimiento de contrato por un menor de edad<br \/>\n3.6.\u00a0\u00a0\u00a0\u00a0Reglamento (CE) n\u00ba 593\/2008 del Parlamento Europeo y del Consejo, de 17 de junio de 2008, sobre la ley aplicable a las obligaciones contractuales (Roma I) y Reglamento (CE) n\u00ba 864\/2007 del Parlamento Europeo y del Consejo de 11 de julio de 2007 relativo a la ley aplicable a las obligaciones extracontractuales (Roma II)<br \/>\n3.7.\u00a0\u00a0\u00a0\u00a0Convenci\u00f3n de Viena<br \/>\n3.8.\u00a0\u00a0\u00a0\u00a0Referencias a da\u00f1os en el Derecho foral<br \/>\n3.8.1.\u00a0\u00a0\u00a0\u00a0Derecho civil foral del Pa\u00eds Vasco<br \/>\n3.8.2.\u00a0\u00a0\u00a0\u00a0Derecho civil de Catalu\u00f1a<br \/>\n3.8.3.\u00a0\u00a0\u00a0\u00a0Derecho civil de Galicia<br \/>\n3.8.4.\u00a0\u00a0\u00a0\u00a0C\u00f3digo del Derecho Foral de Arag\u00f3n<br \/>\n3.8.5.\u00a0\u00a0\u00a0\u00a0Fuero Nuevo de Navarra<br \/>\n3.9.\u00a0\u00a0\u00a0\u00a0Observaciones<\/p>\n<p style=\"font-weight: 400;\"><b><strong>CAP\u00cdTULO 4<\/strong><\/b><br \/>\n<b><strong>LA DIFICULTAD DE UNA CONCEPCI\u00d3N UN\u00cdVOCA DE DA\u00d1O MORAL POR INCUMPLIMIENTO CONTRACTUAL<\/strong><\/b><\/p>\n<p style=\"font-weight: 400;\">4.1.\u00a0\u00a0\u00a0\u00a0El incumplimiento contractual en el Derecho Civil espa\u00f1ol<br \/>\n4.1.1.\u00a0\u00a0\u00a0\u00a0Noci\u00f3n de incumplimiento<br \/>\n4.1.2.\u00a0\u00a0\u00a0\u00a0Sistema de remedios frente al incumplimiento<br \/>\n4.1.3.\u00a0\u00a0\u00a0\u00a0Indemnizaci\u00f3n de da\u00f1os<br \/>\n4.1.4.\u00a0\u00a0\u00a0\u00a0Dificultades generales en el sistema actual de incumplimiento<br \/>\n4.2.\u00a0\u00a0\u00a0\u00a0Tratamiento del da\u00f1o moral en la Propuesta de Modernizaci\u00f3n del C\u00f3digo Civil<br \/>\n4.3.\u00a0\u00a0\u00a0\u00a0Categor\u00eda conceptual de da\u00f1o no patrimonial<br \/>\n4.4.\u00a0\u00a0\u00a0\u00a0El sujeto pasivo del da\u00f1o moral. El da\u00f1o moral en el marco de las personas jur\u00eddicas<br \/>\n4.4.1.\u00a0\u00a0\u00a0\u00a0Planteamiento<br \/>\n4.4.2.\u00a0\u00a0\u00a0\u00a0El da\u00f1o moral en el marco de las personas jur\u00eddicas<br \/>\n4.5.\u00a0\u00a0\u00a0\u00a0Indemnizaci\u00f3n del da\u00f1o moral en el Derecho espa\u00f1ol<br \/>\n4.5.1.\u00a0\u00a0\u00a0\u00a0Principales problemas en la calificaci\u00f3n del da\u00f1o moral en el Derecho espa\u00f1ol<br \/>\n4.5.1.1.\u00a0\u00a0\u00a0\u00a0Discusi\u00f3n sobre la clasificaci\u00f3n del da\u00f1o moral por incumplimiento del contrato como da\u00f1o contractual o extracontractual<br \/>\n4.5.1.2.\u00a0\u00a0\u00a0\u00a0Identificaci\u00f3n del da\u00f1o<br \/>\n4.5.1.2.1.\u00a0\u00a0\u00a0\u00a0Problemas de prueba<br \/>\n4.5.1.2.2.\u00a0\u00a0\u00a0\u00a0Problemas de valoraci\u00f3n. Objeciones a la reparaci\u00f3n pecuniaria de los da\u00f1os morales<br \/>\n4.5.1.2.3.\u00a0\u00a0\u00a0\u00a0Dificultad en la valoraci\u00f3n del da\u00f1o moral mediante un sistema de baremos<br \/>\n4.6.\u00a0\u00a0\u00a0\u00a0Transmisi\u00f3n mortis causa de la reclamaci\u00f3n del da\u00f1o padecido<\/p>\n<p style=\"font-weight: 400;\"><b><strong>CAP\u00cdTULO 5<\/strong><\/b><br \/>\n<b><strong>AN\u00c1LISIS DE LA INDEMNIZACI\u00d3N POR DA\u00d1O MORAL EN LOS INSTRUMENTOS DE MODERNIZACI\u00d3N DEL DERECHO PRIVADO<\/strong><\/b><\/p>\n<p style=\"font-weight: 400;\">5.1.\u00a0\u00a0\u00a0\u00a0Principios del Derecho Europeo de Contratos (Principles of European Contract Law)<br \/>\n5.2.\u00a0\u00a0\u00a0\u00a0Principios de Derecho Europeo de Da\u00f1os (Principles of European Tort Law)<br \/>\n5.3.\u00a0\u00a0\u00a0\u00a0Borrador del Marco Com\u00fan de Referencia (Draft Common Frame of Reference)<br \/>\n5.4.\u00a0\u00a0\u00a0\u00a0Principios UNIDROIT<br \/>\n5.5.\u00a0\u00a0\u00a0\u00a0Propuesta de Reglamento relativo a una normativa com\u00fan de compraventa europea (The Common European Sales Law)<br \/>\n5.6.\u00a0\u00a0\u00a0\u00a0Conclusiones en relaci\u00f3n con la regulaci\u00f3n del da\u00f1o moral contractual en los instrumentos de modernizaci\u00f3n del Derecho privado<\/p>\n<p style=\"font-weight: 400;\"><b><strong>CAP\u00cdTULO 6<\/strong><\/b><br \/>\n<b><strong>LA CONSIDERACI\u00d3N DEL DA\u00d1O MORAL POR INCUMPLIMIENTO DEL CONTRATO EN LA JURISPRUDENCIA ESPA\u00d1OLA<\/strong><\/b><\/p>\n<p style=\"font-weight: 400;\">6.1.\u00a0\u00a0\u00a0\u00a0Introducci\u00f3n<br \/>\n6.2.\u00a0\u00a0\u00a0\u00a0Grupos de casos tratados por la jurisprudencia espa\u00f1ola<br \/>\n6.2.1.\u00a0\u00a0\u00a0\u00a0Da\u00f1o moral por p\u00e9rdida de viaje y\/o vacaciones<br \/>\n6.2.1.1.\u00a0\u00a0\u00a0\u00a0Retraso de vuelo<br \/>\n6.2.1.2.\u00a0\u00a0\u00a0\u00a0P\u00e9rdida de equipaje<br \/>\n6.2.1.3.\u00a0\u00a0\u00a0\u00a0Frustraci\u00f3n de viaje combinado<br \/>\n6.2.1.4.\u00a0\u00a0\u00a0\u00a0Cierre del espacio a\u00e9reo espa\u00f1ol en diciembre de 2010<br \/>\n6.2.2.\u00a0\u00a0\u00a0\u00a0Da\u00f1o moral por incumplimiento de contrato en materia de propiedad intelectual<br \/>\n6.2.3.\u00a0\u00a0\u00a0\u00a0Da\u00f1o moral por incumplimiento de servicios funerarios<br \/>\n6.2.4.\u00a0\u00a0\u00a0\u00a0Da\u00f1o moral por p\u00e9rdida de oportunidad de abogado y procurador<br \/>\n6.2.5.\u00a0\u00a0\u00a0\u00a0Da\u00f1o moral por contrato de cambio de moneda<br \/>\n6.2.6.\u00a0\u00a0\u00a0\u00a0Da\u00f1o moral por defectos y vicios de construcci\u00f3n de inmueble<br \/>\n6.2.7.\u00a0\u00a0\u00a0\u00a0Incumplimiento del contrato de servicios m\u00e9dicos<br \/>\n6.2.7.1.\u00a0\u00a0\u00a0\u00a0Responsabilidad extracontractual, contrato de arrendamiento de servicios, contrato de obra. Doctrina de la unidad de la culpa civil<br \/>\n6.2.7.2.\u00a0\u00a0\u00a0\u00a0La prueba en los da\u00f1os m\u00e9dicos<br \/>\n6.2.7.3.\u00a0\u00a0\u00a0\u00a0V\u00edas de reclamaci\u00f3n: sanidad p\u00fablica<br \/>\n6.2.7.4.\u00a0\u00a0\u00a0\u00a0Da\u00f1o moral por incumplimiento de contrato de servicios m\u00e9dicos en los casos wrongful conception, wrongful birth y wrongful life<br \/>\n6.2.8.\u00a0\u00a0\u00a0\u00a0Da\u00f1o moral por incumplimiento de auditor de cuentas<br \/>\n6.2.9.\u00a0\u00a0\u00a0\u00a0Da\u00f1o moral por incumplimiento de contrato de seguro<br \/>\n6.2.10.\u00a0\u00a0\u00a0\u00a0Da\u00f1o moral por incumplimiento de contrato laboral<br \/>\n6.2.11.\u00a0\u00a0\u00a0\u00a0Da\u00f1o moral por incumplimiento de compraventa mercantil<br \/>\n6.3.\u00a0\u00a0\u00a0\u00a0Puntos clave del tratamiento e interpretaci\u00f3n del da\u00f1o moral por incumplimiento del contrato en la jurisprudencia espa\u00f1ola<br \/>\n6.3.1.\u00a0\u00a0\u00a0\u00a0Indemnizaciones simb\u00f3licas<br \/>\n6.3.2.\u00a0\u00a0\u00a0\u00a0La utilizaci\u00f3n de la indemnizaci\u00f3n del da\u00f1o moral como pena o resarcimiento. La funci\u00f3n compensatoria del da\u00f1o moral<br \/>\n6.3.3.\u00a0\u00a0\u00a0\u00a0El nexo causal y el da\u00f1o moral<\/p>\n","protected":false},"excerpt":{"rendered":"<p>edici\u00f3n diciembre a\u00f1o 2019 &#8211; 440 P\u00e1ginas<br \/>\nSOLO RESERVAS!<\/p>\n<p>Vis\u00edtanos en www.bibliotecajuridicavirtual.cl<br \/>\nEscr\u00edbenos al +56930565235<br \/>\nHacemos env\u00edos a todo Chile &#8211; Starken o Correos Chile \/ Te esperamos.<\/p>\n","protected":false},"featured_media":1909,"comment_status":"open","ping_status":"closed","template":"","meta":{"inline_featured_image":false,"_joinchat":[]},"product_brand":[],"product_cat":[27],"product_tag":[],"class_list":{"0":"post-1880","1":"product","2":"type-product","3":"status-publish","4":"has-post-thumbnail","6":"product_cat-civil","8":"first","9":"instock","10":"shipping-taxable","11":"purchasable","12":"product-type-simple"},"_links":{"self":[{"href":"https:\/\/bibliotecajuridicavirtual.cl\/index.php\/wp-json\/wp\/v2\/product\/1880","targetHints":{"allow":["GET"]}}],"collection":[{"href":"https:\/\/bibliotecajuridicavirtual.cl\/index.php\/wp-json\/wp\/v2\/product"}],"about":[{"href":"https:\/\/bibliotecajuridicavirtual.cl\/index.php\/wp-json\/wp\/v2\/types\/product"}],"replies":[{"embeddable":true,"href":"https:\/\/bibliotecajuridicavirtual.cl\/index.php\/wp-json\/wp\/v2\/comments?post=1880"}],"wp:featuredmedia":[{"embeddable":true,"href":"https:\/\/bibliotecajuridicavirtual.cl\/index.php\/wp-json\/wp\/v2\/media\/1909"}],"wp:attachment":[{"href":"https:\/\/bibliotecajuridicavirtual.cl\/index.php\/wp-json\/wp\/v2\/media?parent=1880"}],"wp:term":[{"taxonomy":"product_brand","embeddable":true,"href":"https:\/\/bibliotecajuridicavirtual.cl\/index.php\/wp-json\/wp\/v2\/product_brand?post=1880"},{"taxonomy":"product_cat","embeddable":true,"href":"https:\/\/bibliotecajuridicavirtual.cl\/index.php\/wp-json\/wp\/v2\/product_cat?post=1880"},{"taxonomy":"product_tag","embeddable":true,"href":"https:\/\/bibliotecajuridicavirtual.cl\/index.php\/wp-json\/wp\/v2\/product_tag?post=1880"}],"curies":[{"name":"wp","href":"https:\/\/api.w.org\/{rel}","templated":true}]}}