{"id":1882,"date":"2026-02-28T00:56:21","date_gmt":"2026-02-28T03:56:21","guid":{"rendered":"https:\/\/bibliotecajuridicavirtual.cl\/?post_type=product&#038;p=1882"},"modified":"2026-02-28T00:56:38","modified_gmt":"2026-02-28T03:56:38","slug":"teoria-de-la-tentativa-y-de-la-complicidad-o-del-grado-en-la-fuerza-fisica-del-delito-carrara-francesco","status":"publish","type":"product","link":"https:\/\/bibliotecajuridicavirtual.cl\/index.php\/product\/teoria-de-la-tentativa-y-de-la-complicidad-o-del-grado-en-la-fuerza-fisica-del-delito-carrara-francesco\/","title":{"rendered":"Teor\u00eda de la Tentativa y de la Complicidad o del Grado en la Fuerza F\u00edsica del Delito &#8211; Carrara, Francesco"},"content":{"rendered":"<p><strong>Teor\u00eda de la tentativa y de la complicidad o del grado en la fuerza f\u00edsica del delito<\/strong><\/p>\n<p>Contenido: Consideraci\u00f3n Primera. Cuando existe la tentativa: Elemento moral intenci\u00f3n, fin, indagaci\u00f3n objetiva. Elemento f\u00edsico acto peligroso, indagaci\u00f3n subjetiva. Consideraci\u00f3n Segunda. Reglas para medir la imputaci\u00f3n del conato: 1. Complicidad: 1.1. Primer caso: Concurso de acci\u00f3n sin concurso de voluntad. 1.2. Segundo caso: Concurso de voluntad sin concurrencia de acci\u00f3n. 1.3. Tercer caso: Concurso de voluntad y de acci\u00f3n. 1.4. Casos anormales: Modificaciones en las reglas ordinarias de la complicidad.<\/p>\n","protected":false},"excerpt":{"rendered":"<p>1\u00b0 Edici\u00f3n a\u00f1o 2020. 264 p\u00e1gs.<\/p>\n<p>Vis\u00edtanos en www.bibliotecajuridicavirtual.cl<br \/>\nEscr\u00edbenos al +56930565235<br \/>\nHacemos env\u00edos a todo Chile &#8211; Starken o Correos Chile \/ Te esperamos.<\/p>\n","protected":false},"featured_media":1911,"comment_status":"open","ping_status":"closed","template":"","meta":{"inline_featured_image":false,"_joinchat":[]},"product_brand":[],"product_cat":[30],"product_tag":[],"class_list":{"0":"post-1882","1":"product","2":"type-product","3":"status-publish","4":"has-post-thumbnail","6":"product_cat-penal","8":"first","9":"instock","10":"shipping-taxable","11":"purchasable","12":"product-type-simple"},"_links":{"self":[{"href":"https:\/\/bibliotecajuridicavirtual.cl\/index.php\/wp-json\/wp\/v2\/product\/1882","targetHints":{"allow":["GET"]}}],"collection":[{"href":"https:\/\/bibliotecajuridicavirtual.cl\/index.php\/wp-json\/wp\/v2\/product"}],"about":[{"href":"https:\/\/bibliotecajuridicavirtual.cl\/index.php\/wp-json\/wp\/v2\/types\/product"}],"replies":[{"embeddable":true,"href":"https:\/\/bibliotecajuridicavirtual.cl\/index.php\/wp-json\/wp\/v2\/comments?post=1882"}],"wp:featuredmedia":[{"embeddable":true,"href":"https:\/\/bibliotecajuridicavirtual.cl\/index.php\/wp-json\/wp\/v2\/media\/1911"}],"wp:attachment":[{"href":"https:\/\/bibliotecajuridicavirtual.cl\/index.php\/wp-json\/wp\/v2\/media?parent=1882"}],"wp:term":[{"taxonomy":"product_brand","embeddable":true,"href":"https:\/\/bibliotecajuridicavirtual.cl\/index.php\/wp-json\/wp\/v2\/product_brand?post=1882"},{"taxonomy":"product_cat","embeddable":true,"href":"https:\/\/bibliotecajuridicavirtual.cl\/index.php\/wp-json\/wp\/v2\/product_cat?post=1882"},{"taxonomy":"product_tag","embeddable":true,"href":"https:\/\/bibliotecajuridicavirtual.cl\/index.php\/wp-json\/wp\/v2\/product_tag?post=1882"}],"curies":[{"name":"wp","href":"https:\/\/api.w.org\/{rel}","templated":true}]}}