{"id":1883,"date":"2026-02-28T00:56:22","date_gmt":"2026-02-28T03:56:22","guid":{"rendered":"https:\/\/bibliotecajuridicavirtual.cl\/?post_type=product&#038;p=1883"},"modified":"2026-02-28T00:56:39","modified_gmt":"2026-02-28T03:56:39","slug":"de-los-delitos-y-de-las-penas-cesare-beccaria-1-edicion-ano-2016-374-pags","status":"publish","type":"product","link":"https:\/\/bibliotecajuridicavirtual.cl\/index.php\/product\/de-los-delitos-y-de-las-penas-cesare-beccaria-1-edicion-ano-2016-374-pags\/","title":{"rendered":"De los Delitos y de las Penas &#8211; Cesare Beccaria &#8211; 1\u00b0 Edici\u00f3n a\u00f1o 2016. 374 p\u00e1gs."},"content":{"rendered":"<p><strong>De los delitos y de las penas. Prefacio y notas de Piero Calamandrei<\/strong><\/p>\n<p>Contenido: I. Origen de las penas y derecho a castigar; II. Consecuencias; III. Interpretaci\u00f3n de las leyes; IV. Oscuridad de las leyes; V. De la captura; VI. Indicios y formas de juicios; VII. De los testigos; VIII. Acusaciones secretas; IX. Preguntas sugestivas. Deposiciones; X. De los juramentos; XI. De la tortura; XII. Procesos y prescripciones; XIII. Atentados, c\u00f3mplices, impunidad; XIV. Suavidad de las penas; XV. De la pena de muerte; XVI. Destierro y confiscaciones; XVII. Infamia; XVIII. Prontitud de la pena; XIX. Certeza de las penas gracias; XX. Asilos; XXI. De la talla; XXII. Proporci\u00f3n entre los delitos y las penas; XXIII. Medida de los delitos; XXIV. Divisi\u00f3n de los delitos; XXV. Delitos de lesa majestad; XXVI. Delitos contra la seguridad de cada uno de los particulares. Violencias penas de los nobles; XXVII. Injurias al honor; XXVIII. De los duelos; XXIX. Hurtos; XXX. Contrabandos; XXXI. De los deudores; XXXII. De la tranquilidad p\u00fablica; XXXIII. Del ocio pol\u00edtico; XXXIV. Del suicidio y de los emigrantes; XXXV. Delitos de prueba dif\u00edcil; XXXVI. De un g\u00e9nero particular de delitos; XXXVII. Falsas ideas de utilidad; XXXVIII. Del esp\u00edritu de familia; XXXIX. Del f\u00edsico; XL. C\u00f3mo se previenen los delitos.<\/p>\n","protected":false},"excerpt":{"rendered":"<p>Vis\u00edtanos en www.bibliotecajuridicavirtual.cl<br \/>\nEscr\u00edbenos al +56930565235<br \/>\nHacemos env\u00edos a todo Chile &#8211; Starken o Correos Chile \/ Te esperamos.<\/p>\n","protected":false},"featured_media":1912,"comment_status":"open","ping_status":"closed","template":"","meta":{"inline_featured_image":false,"_joinchat":[]},"product_brand":[],"product_cat":[44],"product_tag":[],"class_list":{"0":"post-1883","1":"product","2":"type-product","3":"status-publish","4":"has-post-thumbnail","6":"product_cat-filosofia-del-derecho-y-introduccion","8":"first","9":"instock","10":"shipping-taxable","11":"purchasable","12":"product-type-simple"},"_links":{"self":[{"href":"https:\/\/bibliotecajuridicavirtual.cl\/index.php\/wp-json\/wp\/v2\/product\/1883","targetHints":{"allow":["GET"]}}],"collection":[{"href":"https:\/\/bibliotecajuridicavirtual.cl\/index.php\/wp-json\/wp\/v2\/product"}],"about":[{"href":"https:\/\/bibliotecajuridicavirtual.cl\/index.php\/wp-json\/wp\/v2\/types\/product"}],"replies":[{"embeddable":true,"href":"https:\/\/bibliotecajuridicavirtual.cl\/index.php\/wp-json\/wp\/v2\/comments?post=1883"}],"wp:featuredmedia":[{"embeddable":true,"href":"https:\/\/bibliotecajuridicavirtual.cl\/index.php\/wp-json\/wp\/v2\/media\/1912"}],"wp:attachment":[{"href":"https:\/\/bibliotecajuridicavirtual.cl\/index.php\/wp-json\/wp\/v2\/media?parent=1883"}],"wp:term":[{"taxonomy":"product_brand","embeddable":true,"href":"https:\/\/bibliotecajuridicavirtual.cl\/index.php\/wp-json\/wp\/v2\/product_brand?post=1883"},{"taxonomy":"product_cat","embeddable":true,"href":"https:\/\/bibliotecajuridicavirtual.cl\/index.php\/wp-json\/wp\/v2\/product_cat?post=1883"},{"taxonomy":"product_tag","embeddable":true,"href":"https:\/\/bibliotecajuridicavirtual.cl\/index.php\/wp-json\/wp\/v2\/product_tag?post=1883"}],"curies":[{"name":"wp","href":"https:\/\/api.w.org\/{rel}","templated":true}]}}