{"id":1886,"date":"2026-02-28T00:56:22","date_gmt":"2026-02-28T03:56:22","guid":{"rendered":"https:\/\/bibliotecajuridicavirtual.cl\/?post_type=product&#038;p=1886"},"modified":"2026-02-28T00:56:40","modified_gmt":"2026-02-28T03:56:40","slug":"caducidad-por-no-uso-de-la-marca-comercial-en-la-ley-chilena-de-propiedad-industrial-mabel-candano-perez","status":"publish","type":"product","link":"https:\/\/bibliotecajuridicavirtual.cl\/index.php\/product\/caducidad-por-no-uso-de-la-marca-comercial-en-la-ley-chilena-de-propiedad-industrial-mabel-candano-perez\/","title":{"rendered":"Caducidad por no Uso de la Marca Comercial en la Ley Chilena de Propiedad Industrial &#8211; Mabel C\u00e1ndano P\u00e9rez"},"content":{"rendered":"<p>La presente obra aborda la extinci\u00f3n de derechos marcarios por falta de uso en Chile, centr\u00e1ndose en el an\u00e1lisis del art\u00edculo 27 de la Ley de Propiedad Industrial. A trav\u00e9s de un detallado estudio, la autora desarrolla la instituci\u00f3n de la caducidad de las marcas comerciales no utilizadas por sus titulares o terceros autorizados, que se introdujo recientemente en la legislaci\u00f3n chilena por la Ley N\u00b0 21.355 en 2022. El texto es esencial para los estudiosos y los profesionales del derecho de Propiedad industrial, ya que representa la primera monograf\u00eda sobre el tema en Chile. Adem\u00e1s, en el libro se analizan otros sistemas marcarios, especialmente la Uni\u00f3n Europea y los Estados Unidos de Am\u00e9rica, puesto que abordan la figura de la caducidad por falta de uso, y proporcionan un an\u00e1lisis profundo que contrasta estas aproximaciones con la normativa chilena vigente. Este enfoque lo convierte en una obra de referencia no solo para acad\u00e9micos, sino tambi\u00e9n para practicantes del derecho y estudiantes, que buscan entender y aplicar adecuadamente la normativa vigente.<\/p>\n<p>\u00cdndice<br \/>\nTabla de abreviaturas\u00a0\u00a0 \u00a0\u00a0\u00a0 \u00a015<br \/>\nAgradecimientos\u00a0\u00a0 \u00a0\u00a0\u00a0 \u00a021<br \/>\nPr\u00f3logo\u00a0\u00a0 \u00a0\u00a0\u00a0 \u00a023<br \/>\nManuel Bernet P\u00e1ez<br \/>\nIntroducci\u00f3n\u00a0\u00a0 \u00a0\u00a0\u00a0 \u00a027<br \/>\nCap\u00edtulo I. Origen de la problem\u00e1tica\u00a0\u00a0 \u00a0\u00a0\u00a0 \u00a033<br \/>\nI. Antes de la Ley N\u00ba 21.355 y estado de la cuesti\u00f3n\u00a0\u00a0 \u00a0\u00a0\u00a0 \u00a033<br \/>\nII. Cambio de escenario legislativo\u00a0\u00a0 \u00a0\u00a0\u00a0 \u00a039<br \/>\nIII. El uso en el derecho marcario: \u00bfcarga, obligaci\u00f3n o derecho?\u00a0\u00a0 \u00a0\u00a0\u00a0 \u00a042<br \/>\nIV. Razones econ\u00f3micas y jur\u00eddicas que justifican la carga de uso de la marca comercial\u00a0\u00a0 \u00a0\u00a0\u00a0 \u00a048<br \/>\n1. Justificaci\u00f3n econ\u00f3mica: an\u00e1lisis econ\u00f3mico del derecho\u00a0\u00a0 \u00a0\u00a0\u00a0 \u00a050<br \/>\n1.1. La reducci\u00f3n de los costes de b\u00fasqueda de los consumidores\u00a0\u00a0 \u00a0\u00a0\u00a0 \u00a053<br \/>\n1.2. La funci\u00f3n social de la marca\u00a0\u00a0 \u00a0\u00a0\u00a0 \u00a058<br \/>\n1.3. La marca como comunicadora de informaci\u00f3n\u00a0\u00a0 \u00a0\u00a0\u00a0 \u00a060<br \/>\n2. Justificaci\u00f3n jur\u00eddica\u00a0\u00a0 \u00a0\u00a0\u00a0 \u00a062<br \/>\n2.1. El uso como mecanismo de consolidaci\u00f3n del signo: uni\u00f3n entre el producto o servicio y la empresa de la cual procede\u00a0\u00a0 \u00a0\u00a0\u00a0 \u00a064<br \/>\n2.2. Pr\u00e1ctica registral: acercamiento del contenido registral a la realidad material\u00a0\u00a0 \u00a0\u00a0\u00a0 \u00a066<br \/>\nV. Recapitulaci\u00f3n\u00a0\u00a0 \u00a0\u00a0\u00a0 \u00a069<br \/>\nCap\u00edtulo II. Generalidades de la carga de uso de la marca comercial\u00a0\u00a0 \u00a0\u00a0\u00a0 \u00a071<br \/>\nI. El concepto de carga de uso marcario\u00a0\u00a0 \u00a0\u00a0\u00a0 \u00a071<br \/>\n1. El uso marcario en la legislaci\u00f3n chilena\u00a0\u00a0 \u00a0\u00a0\u00a0 \u00a071<br \/>\n2. El uso como carga del titular en el derecho comunitario europeo\u00a0\u00a0 \u00a0\u00a0\u00a0 \u00a079<br \/>\n2.1. Alemania\u00a0\u00a0 \u00a0\u00a0\u00a0 \u00a085<br \/>\n2.2. Espa\u00f1a\u00a0\u00a0 \u00a0\u00a0\u00a0 \u00a087<br \/>\n3. Comparaci\u00f3n con el derecho federal de los Estados Unidos de Am\u00e9rica\u00a0\u00a0 \u00a0\u00a0\u00a0 \u00a089<br \/>\n4. El concepto de uso marcario en el derecho latinoamericano\u00a0\u00a0 \u00a0\u00a0\u00a0 \u00a092<br \/>\n4.1. Argentina\u00a0\u00a0 \u00a0\u00a0\u00a0 \u00a093<br \/>\n4.2. Uruguay\u00a0\u00a0 \u00a0\u00a0\u00a0 \u00a095<br \/>\n4.3. Pa\u00edses del Pacto Andino\u00a0\u00a0 \u00a0\u00a0\u00a0 \u00a097<br \/>\n5. A modo de resumen\u00a0\u00a0 \u00a0\u00a0\u00a0 \u00a099<br \/>\nII. Criterios para diferenciar los tipos de usos marcarios\u00a0\u00a0 \u00a0\u00a0\u00a0 \u00a0100<br \/>\n1. Apreciaci\u00f3n del uso de la marca comercial para adquirir distintividad\u00a0\u00a0 \u00a0\u00a0\u00a0 \u00a0101<br \/>\n1.1. Signos con mayor fuerza distintiva: sugestivos, arbitrarios y de fantas\u00eda\u00a0\u00a0 \u00a0\u00a0\u00a0 \u00a0108<br \/>\n1.2. Signos carentes de distintividad: gen\u00e9ricos y descriptivos\u00a0\u00a0 \u00a0\u00a0\u00a0 \u00a0111<br \/>\n2. El uso en la figura de la distintividad sobrevenida o secondary meaning\u00a0\u00a0 \u00a0\u00a0\u00a0 \u00a0116<br \/>\n3. Relevancia del uso en la adquisici\u00f3n del derecho sobre la marca\u00a0\u00a0 \u00a0\u00a0\u00a0 \u00a0123<br \/>\n3.1. Estados Unidos de Am\u00e9rica: adquisici\u00f3n por el uso\u00a0\u00a0 \u00a0\u00a0\u00a0 \u00a0126<br \/>\n3.2. Derecho europeo: adquisici\u00f3n por el registro\u00a0\u00a0 \u00a0\u00a0\u00a0 \u00a0129<br \/>\n3.2.1. Francia: prevalece la inscripci\u00f3n registral\u00a0\u00a0 \u00a0\u00a0\u00a0 \u00a0130<br \/>\n3.2.2. Alemania: sistema mixto de adquisici\u00f3n del derecho sobre la marca\u00a0\u00a0 \u00a0\u00a0\u00a0 \u00a0131<br \/>\n3.2.3. Italia: sistema mixto de adquisici\u00f3n de derechos marcarios\u00a0\u00a0 \u00a0\u00a0\u00a0 \u00a0134<br \/>\n3.3. Comparaci\u00f3n entre la adquisici\u00f3n del derecho sobre la marca por el uso y por el registro\u00a0\u00a0 \u00a0\u00a0\u00a0 \u00a0138<br \/>\n4. El uso indispensable para alcanzar la notoriedad de una marca. Especial menci\u00f3n a las marcas no registradas\u00a0\u00a0 \u00a0\u00a0\u00a0 \u00a0142<br \/>\n4.1. Tratamiento a las marcas notorias en el ordenamiento jur\u00eddico chileno\u00a0\u00a0 \u00a0\u00a0\u00a0 \u00a0143<br \/>\n4.2. La intensidad del uso para adquirir notoriedad en una marca: las marcas notorias y renombradas en el \u00e1mbito internacional\u00a0\u00a0 \u00a0\u00a0\u00a0 \u00a0153<br \/>\n4.2.1. Protecci\u00f3n de la marca notoriamente conocida en el ADPIC\u00a0\u00a0 \u00a0\u00a0\u00a0 \u00a0154<br \/>\n4.2.2. La marca notoria o de renombre en el derecho europeo\u00a0\u00a0 \u00a0\u00a0\u00a0 \u00a0156<br \/>\n4.3. Apreciaci\u00f3n de la caducidad en las marcas notorias: diferencias con las marcas ordinarias\u00a0\u00a0 \u00a0\u00a0\u00a0 \u00a0160<br \/>\nIII. Importancia del uso en otras de las clasificaciones de las marcas\u00a0\u00a0 \u00a0\u00a0\u00a0 \u00a0162<br \/>\n1. La caducidad por falta de uso en las marcas colectivas y de certificaci\u00f3n\u00a0\u00a0 \u00a0\u00a0\u00a0 \u00a0162<br \/>\n2. El requisito del uso en las marcas defensivas, de reserva y de repetici\u00f3n\u00a0\u00a0 \u00a0\u00a0\u00a0 \u00a0166<br \/>\n2.1. Marcas defensivas\u00a0\u00a0 \u00a0\u00a0\u00a0 \u00a0167<br \/>\n2.2. Marcas de reserva\u00a0\u00a0 \u00a0\u00a0\u00a0 \u00a0169<br \/>\n2.3. Marcas de repetici\u00f3n\u00a0\u00a0 \u00a0\u00a0\u00a0 \u00a0170<br \/>\nIV. Recapitulaci\u00f3n\u00a0\u00a0 \u00a0\u00a0\u00a0 \u00a0175<br \/>\nCap\u00edtulo III. La carga de uso y su reconocimiento en la legislaci\u00f3n vigente en Chile\u00a0\u00a0 \u00a0\u00a0\u00a0 \u00a0179<br \/>\nI. Incorporaci\u00f3n de la carga de uso en el derecho chileno vigente\u00a0\u00a0 \u00a0\u00a0\u00a0 \u00a0179<br \/>\n1. Elementos objetivos\u00a0\u00a0 \u00a0\u00a0\u00a0 \u00a0180<br \/>\n1.1. Uso real y efectivo\u00a0\u00a0 \u00a0\u00a0\u00a0 \u00a0181<br \/>\n1.2. Uso a t\u00edtulo de marca\u00a0\u00a0 \u00a0\u00a0\u00a0 \u00a0186<br \/>\n1.3. Uso de la marca distinta a la registrada\u00a0\u00a0 \u00a0\u00a0\u00a0 \u00a0193<br \/>\n1.3.1. Soluciones jurisprudenciales en el derecho europeo\u00a0\u00a0 \u00a0\u00a0\u00a0 \u00a0199<br \/>\na) Con relaci\u00f3n con las marcas denominativas\u00a0\u00a0 \u00a0\u00a0\u00a0 \u00a0199<br \/>\nb) Con relaci\u00f3n con las marcas gr\u00e1ficas\u00a0\u00a0 \u00a0\u00a0\u00a0 \u00a0203<br \/>\nc) Con relaci\u00f3n con las marcas tridimensionales\u00a0\u00a0 \u00a0\u00a0\u00a0 \u00a0205<br \/>\nd) Con relaci\u00f3n con las marcas mixtas\u00a0\u00a0 \u00a0\u00a0\u00a0 \u00a0209<br \/>\n1.3.2. Apreciaci\u00f3n de la commercial impression en el derecho federal estadounidense\u00a0\u00a0 \u00a0\u00a0\u00a0 \u00a0217<br \/>\na) Relativo a las marcas denominativas\u00a0\u00a0 \u00a0\u00a0\u00a0 \u00a0222<br \/>\nb) Relativo a las marcas gr\u00e1ficas\u00a0\u00a0 \u00a0\u00a0\u00a0 \u00a0225<br \/>\nc) Relativo a las marcas tridimensionales\u00a0\u00a0 \u00a0\u00a0\u00a0 \u00a0229<br \/>\nd) Relativo a las marcas mixtas\u00a0\u00a0 \u00a0\u00a0\u00a0 \u00a0230<br \/>\n2. Elemento subjetivo: uso por el titular o por un tercero con su consentimiento\u00a0\u00a0 \u00a0\u00a0\u00a0 \u00a0233<br \/>\n3. Elementos territoriales: uso dentro del territorio nacional chileno\u00a0\u00a0 \u00a0\u00a0\u00a0 \u00a0239<br \/>\n4. Elemento temporal: plazo para demostrar el uso de la marca\u00a0\u00a0 \u00a0\u00a0\u00a0 \u00a0245<br \/>\n5. Razones v\u00e1lidas para la falta de uso\u00a0\u00a0 \u00a0\u00a0\u00a0 \u00a0247<br \/>\nII. Recapitulaci\u00f3n\u00a0\u00a0 \u00a0\u00a0\u00a0 \u00a0259<br \/>\nCap\u00edtulo IV. La caducidad por no uso marcario introducida en la ley chilena vigente. Principales cr\u00edticas\u00a0\u00a0 \u00a0\u00a0\u00a0 \u00a0263<br \/>\nI. La acci\u00f3n de caducidad en el ordenamiento jur\u00eddico chileno\u00a0\u00a0 \u00a0\u00a0\u00a0 \u00a0263<br \/>\n1. Legitimaci\u00f3n para ejercitar la acci\u00f3n de caducidad\u00a0\u00a0 \u00a0\u00a0\u00a0 \u00a0264<br \/>\n2. Comparaci\u00f3n entre la caducidad por falta de uso como acci\u00f3n en el derecho marcario europeo y lo reconocido en el derecho federal norteamericano\u00a0\u00a0 \u00a0\u00a0\u00a0 \u00a0275<br \/>\nII. La demanda reconvencional como otra forma de alegar la caducidad\u00a0\u00a0 \u00a0\u00a0\u00a0 \u00a0282<br \/>\n1. En el derecho chileno\u00a0\u00a0 \u00a0\u00a0\u00a0 \u00a0282<br \/>\n2. Debate europeo en torno a la caducidad como excepci\u00f3n o como reconvenci\u00f3n\u00a0\u00a0 \u00a0\u00a0\u00a0 \u00a0285<br \/>\n2.1. Relevancia del uso ante el ejercicio del ius prohibendi por parte del titular de una marca frente a un tercero en el sistema marcario de la Uni\u00f3n Europea\u00a0\u00a0 \u00a0\u00a0\u00a0 \u00a0287<br \/>\n2.2. La prueba de uso ante la solicitud de nulidad de otra marca posterior\u00a0\u00a0 \u00a0\u00a0\u00a0 \u00a0289<br \/>\n2.3. La prueba de uso en el tr\u00e1mite de oposiciones\u00a0\u00a0 \u00a0\u00a0\u00a0 \u00a0295<br \/>\nIII. La carga de la prueba de uso. Medios de prueba permitidos por la ley\u00a0\u00a0 \u00a0\u00a0\u00a0 \u00a0302<br \/>\nIV. Caducidad parcial por falta de uso\u00a0\u00a0 \u00a0\u00a0\u00a0 \u00a0308<br \/>\nV. Los efectos de la declaraci\u00f3n judicial de caducidad\u00a0\u00a0 \u00a0\u00a0\u00a0 \u00a0319<br \/>\nVI. Cr\u00edtica a la ley vigente\u00a0\u00a0 \u00a0\u00a0\u00a0 \u00a0323<br \/>\n1. Plazo para la reanudaci\u00f3n del uso\u00a0\u00a0 \u00a0\u00a0\u00a0 \u00a0323<br \/>\n2. El uso en la renovaci\u00f3n y solicitud de nuevas marcas en el derecho chileno\u00a0\u00a0 \u00a0\u00a0\u00a0 \u00a0325<br \/>\n2.1 La carga de uso en la conservaci\u00f3n y la renovaci\u00f3n de la marca comercial desde el \u00e1mbito europeo\u00a0\u00a0 \u00a0\u00a0\u00a0 \u00a0330<br \/>\n2.2. Apreciaci\u00f3n de la prueba de uso al momento de la renovaci\u00f3n en el derecho federal estadounidense: affidavit y setting forth\u00a0\u00a0 \u00a0\u00a0\u00a0 \u00a0336<br \/>\n2.2.1. El affidavit\u00a0\u00a0 \u00a0\u00a0\u00a0 \u00a0336<br \/>\n2.2.2. El setting forth en la renovaci\u00f3n\u00a0\u00a0 \u00a0\u00a0\u00a0 \u00a0339<br \/>\n3. Omisi\u00f3n de la caducidad por tolerancia\u00a0\u00a0 \u00a0\u00a0\u00a0 \u00a0341<br \/>\n4. El principio de buena fe en la caducidad por tolerancia\u00a0\u00a0 \u00a0\u00a0\u00a0 \u00a0348<br \/>\nVII. Recapitulaci\u00f3n\u00a0\u00a0 \u00a0\u00a0\u00a0 \u00a0351<br \/>\nConclusiones\u00a0\u00a0 \u00a0\u00a0\u00a0 \u00a0355<br \/>\nBibliograf\u00eda\u00a0\u00a0 \u00a0\u00a0\u00a0 \u00a0363<br \/>\n\u00cdndice de sentencias citadas\u00a0\u00a0 \u00a0\u00a0\u00a0 \u00a0385<\/p>\n","protected":false},"excerpt":{"rendered":"<p>1\u00b0 edici\u00f3n a\u00f1o\u00a0 2024 &#8211; 394 P\u00e1ginas<\/p>\n<p>Vis\u00edtanos en www.bibliotecajuridicavirtual.cl<br \/>\nEscr\u00edbenos al +56930565235<br \/>\nHacemos env\u00edos a todo Chile &#8211; Starken o Correos Chile \/ Te esperamos.<\/p>\n","protected":false},"featured_media":1915,"comment_status":"open","ping_status":"closed","template":"","meta":{"inline_featured_image":false,"_joinchat":[]},"product_brand":[],"product_cat":[48],"product_tag":[],"class_list":{"0":"post-1886","1":"product","2":"type-product","3":"status-publish","4":"has-post-thumbnail","6":"product_cat-comercial","8":"first","9":"instock","10":"shipping-taxable","11":"purchasable","12":"product-type-simple"},"_links":{"self":[{"href":"https:\/\/bibliotecajuridicavirtual.cl\/index.php\/wp-json\/wp\/v2\/product\/1886","targetHints":{"allow":["GET"]}}],"collection":[{"href":"https:\/\/bibliotecajuridicavirtual.cl\/index.php\/wp-json\/wp\/v2\/product"}],"about":[{"href":"https:\/\/bibliotecajuridicavirtual.cl\/index.php\/wp-json\/wp\/v2\/types\/product"}],"replies":[{"embeddable":true,"href":"https:\/\/bibliotecajuridicavirtual.cl\/index.php\/wp-json\/wp\/v2\/comments?post=1886"}],"wp:featuredmedia":[{"embeddable":true,"href":"https:\/\/bibliotecajuridicavirtual.cl\/index.php\/wp-json\/wp\/v2\/media\/1915"}],"wp:attachment":[{"href":"https:\/\/bibliotecajuridicavirtual.cl\/index.php\/wp-json\/wp\/v2\/media?parent=1886"}],"wp:term":[{"taxonomy":"product_brand","embeddable":true,"href":"https:\/\/bibliotecajuridicavirtual.cl\/index.php\/wp-json\/wp\/v2\/product_brand?post=1886"},{"taxonomy":"product_cat","embeddable":true,"href":"https:\/\/bibliotecajuridicavirtual.cl\/index.php\/wp-json\/wp\/v2\/product_cat?post=1886"},{"taxonomy":"product_tag","embeddable":true,"href":"https:\/\/bibliotecajuridicavirtual.cl\/index.php\/wp-json\/wp\/v2\/product_tag?post=1886"}],"curies":[{"name":"wp","href":"https:\/\/api.w.org\/{rel}","templated":true}]}}