{"id":1887,"date":"2026-02-28T00:56:22","date_gmt":"2026-02-28T03:56:22","guid":{"rendered":"https:\/\/bibliotecajuridicavirtual.cl\/?post_type=product&#038;p=1887"},"modified":"2026-02-28T00:56:41","modified_gmt":"2026-02-28T03:56:41","slug":"la-vulnerabilidad-en-las-relaciones-de-familia-actas-del-vi-congreso-de-derecho-de-familia-de-la-facultad-de-derecho-de-la-universidad-autonoma-de-chile","status":"publish","type":"product","link":"https:\/\/bibliotecajuridicavirtual.cl\/index.php\/product\/la-vulnerabilidad-en-las-relaciones-de-familia-actas-del-vi-congreso-de-derecho-de-familia-de-la-facultad-de-derecho-de-la-universidad-autonoma-de-chile\/","title":{"rendered":"La Vulnerabilidad en las Relaciones de Familia, Actas del VI Congreso de Derecho de Familia de la Facultad de Derecho de la Universidad Aut\u00f3noma de Chile"},"content":{"rendered":"<p>En un mundo cada vez m\u00e1s interconectado y complejo, las din\u00e1micas familiares se enfrentan a nuevos retos y responsabilidades. La familia, en todas sus formas y contextos, es considerada un pilar fundamental de la sociedad y as\u00ed est\u00e1 reconocido constitucionalmente. Sin embargo, la vulnerabilidad en las relaciones familiares puede manifestarse de diversas formas, lo que trae consigo, que los miembros de la familia puedan verse afectados en sus derechos, garant\u00edas y dignidad humana. Este libro, que recopila las actas del VI Congreso de Derecho de Familia, celebrado por la Facultad de Derecho de la Universidad Aut\u00f3noma de Chile, aborda a fondo estas materias. Desde la responsabilidad civil de los progenitores hasta los desaf\u00edos tecnol\u00f3gicos, la discapacidad, las complejas din\u00e1micas de las familias contempor\u00e1neas, entre otros, dentro del derecho de familia. Los autores, son destacados acad\u00e9micos y profesionales del derecho, que aportan un an\u00e1lisis cr\u00edtico y entregan propuestas innovadoras para fortalecer la protecci\u00f3n y el bienestar de los individuos en el \u00e1mbito familiar. Por ello, este libro resulta una lectura indispensable para juristas, acad\u00e9micos, y todas aquellas personas interesadas en el derecho de familia, proporcionando herramientas y conocimientos claves para enfrentar los nuevos desaf\u00edos en la protecci\u00f3n de los derechos y el fortalecimiento de los v\u00ednculos familiares.<\/p>\n<p>\u00cdndice<br \/>\nPrefacio\u00a0\u00a0 \u00a0\u00a0\u00a0 \u00a017<br \/>\nNICOL\u00c1S IB\u00c1\u00d1EZ MEZA<br \/>\nCap\u00edtulo I<br \/>\nVULNERABILIDAD Y PROTECCI\u00d3N A LA FAMILIA<br \/>\nRESPONSABILIDAD CIVIL DE LOS PROGENITORES POR EL INCUMPLIMIENTO DE LOS DEBERES PARENTALES<br \/>\nISABEL WIGG SOTOMAYOR<br \/>\nI.\u00a0\u00a0 \u00a0INTRODUCCI\u00d3N\u00a0\u00a0 \u00a0\u00a0\u00a0 \u00a023<br \/>\nII.\u00a0\u00a0 \u00a0APLICACI\u00d3N DEL DERECHO DE DA\u00d1OS A LAS RELACIONES FAMILIARES\u00a0\u00a0 \u00a0\u00a0\u00a0 \u00a024<br \/>\nIII.\u00a0\u00a0 \u00a0AN\u00c1LISIS DE LOS ELEMENTOS DE LA RESPONSABILIDAD CIVIL Y LOS DA\u00d1OS FAMILIARES\u00a0\u00a0 \u00a0\u00a0\u00a0 \u00a027<br \/>\n1.\u00a0\u00a0 \u00a0Antijuricidad\u00a0\u00a0 \u00a0\u00a0\u00a0 \u00a027<br \/>\n2.\u00a0\u00a0 \u00a0La imputabilidad o factor de atribuci\u00f3n\u00a0\u00a0 \u00a0\u00a0\u00a0 \u00a028<br \/>\n3.\u00a0\u00a0 \u00a0Los da\u00f1os\u00a0\u00a0 \u00a0\u00a0\u00a0 \u00a029<br \/>\nIV.\u00a0\u00a0 \u00a0HIP\u00d3TESIS DE DA\u00d1O POR INCUMPLIMIENTO DE DEBERES PARENTALES\u00a0\u00a0 \u00a0\u00a0\u00a0 \u00a030<br \/>\n1.\u00a0\u00a0 \u00a0Responsabilidad parental y la procedencia de la acci\u00f3n de da\u00f1os\u00a0\u00a0 \u00a0\u00a0\u00a0 \u00a031<br \/>\n2.\u00a0\u00a0 \u00a0Responsabilidad por incumplimiento de asistencia familiar\u00a0\u00a0 \u00a0\u00a0\u00a0 \u00a032<br \/>\n3.\u00a0\u00a0 \u00a0Responsabilidad por el incumplimiento del deber de educar a los hijos\u00a0\u00a0 \u00a0\u00a0\u00a0 \u00a033<br \/>\n4.\u00a0\u00a0 \u00a0Responsabilidad por da\u00f1os a la integridad f\u00edsica o ps\u00edquica de los hijos\u00a0\u00a0 \u00a0\u00a0\u00a0 \u00a035<br \/>\n5.\u00a0\u00a0 \u00a0Responsabilidad por da\u00f1os derivados de la falta de cumplimiento del r\u00e9gimen de relaci\u00f3n directa y regular por alguno de los padres\u00a0\u00a0 \u00a0\u00a0\u00a0 \u00a036<br \/>\nV.\u00a0\u00a0 \u00a0CONCLUSI\u00d3N\u00a0\u00a0 \u00a0\u00a0\u00a0 \u00a036<br \/>\nLA URGENCIA DE INSTALAR EN LOS TRIBUNALES<br \/>\nDE FAMILIA CHILENOS LA FIGURA DE LA COORDINACI\u00d3N<br \/>\nDE PARENTALIDAD<br \/>\nMAR\u00cdA JIMENA VALENZUELA DEL VALLE<br \/>\nI.\u00a0\u00a0 \u00a0INTRODUCCI\u00d3N\u00a0\u00a0 \u00a0\u00a0\u00a0 \u00a041<br \/>\nII.\u00a0\u00a0 \u00a0LAS RUPTURAS DE PAREJA\u00a0\u00a0 \u00a0\u00a0\u00a0 \u00a042<br \/>\nIII.\u00a0\u00a0 \u00a0\u00bfQU\u00c9 ES LA COORDINACI\u00d3N DE PARENTALIDAD?\u00a0\u00a0 \u00a0\u00a0\u00a0 \u00a043<br \/>\nIV.\u00a0\u00a0 \u00a0\u00bfD\u00d3NDE SE ORIGINA LA COORDINACI\u00d3N DE PARENTALIDAD?\u00a0\u00a0 \u00a0\u00a0\u00a0 \u00a044<br \/>\nV.\u00a0\u00a0 \u00a0RECONOCIMIENTO LEGAL DE LA FIGURA DEL COORDINADOR\/A DE PARENTALIDAD\u00a0\u00a0 \u00a0\u00a0\u00a0 \u00a045<br \/>\nVI.\u00a0\u00a0 \u00a0DIFERENCIA Y VENTAJA DE LA COORDINACI\u00d3N DE PARENTALIDAD POR SOBRE OTRAS INTERVENCIONES\u00a0\u00a0 \u00a0\u00a0\u00a0 \u00a047<br \/>\nVII.\u00a0\u00a0 \u00a0\u00bfQUI\u00c9NES PUEDEN SER COORDINADORES DE PARENTALIDAD?\u00a0\u00a0 \u00a0\u00a0\u00a0 \u00a048<br \/>\nVIII.\u00a0\u00a0 \u00a0\u00bfBAJO QU\u00c9 PRINCIPIOS OPERA EL COORDINADOR DE PARENTALIDAD?\u00a0\u00a0 \u00a0\u00a0\u00a0 \u00a049<br \/>\nIX.\u00a0\u00a0 \u00a0FUNCIONES ESPEC\u00cdFICAS DEL COORDINADOR DE PARENTALIDAD\u00a0\u00a0 \u00a0\u00a0\u00a0 \u00a051<br \/>\nX.\u00a0\u00a0 \u00a0FASES DEL PROCESO DE COORDINACI\u00d3N DE PARENTALIDAD\u00a0\u00a0 \u00a0\u00a0\u00a0 \u00a052<br \/>\n1.\u00a0\u00a0 \u00a0Fase previa\u00a0\u00a0 \u00a0\u00a0\u00a0 \u00a053<br \/>\n2.\u00a0\u00a0 \u00a0Fase inicial\u00a0\u00a0 \u00a0\u00a0\u00a0 \u00a053<br \/>\n3.\u00a0\u00a0 \u00a0Fase media\u00a0\u00a0 \u00a0\u00a0\u00a0 \u00a054<br \/>\n4.\u00a0\u00a0 \u00a0Fase final\u00a0\u00a0 \u00a0\u00a0\u00a0 \u00a055<br \/>\n5.\u00a0\u00a0 \u00a0Fase de seguimiento\u00a0\u00a0 \u00a0\u00a0\u00a0 \u00a055<br \/>\nXI.\u00a0\u00a0 \u00a0CONCLUSI\u00d3N\u00a0\u00a0 \u00a0\u00a0\u00a0 \u00a056<br \/>\nALGUNAS REFLEXIONES RESPECTO DE LOS NNA<br \/>\nNACIDOS POR T\u00c9CNICAS DE REPRODUCCI\u00d3N<br \/>\nHUMANA ASISTIDA.<br \/>\n\u00bfSE VEN AFECTADOS EN SUS DERECHOS?<br \/>\nRICARDO VARGAS MORALES<br \/>\nI.\u00a0\u00a0 \u00a0INTRODUCCI\u00d3N\u00a0\u00a0 \u00a0\u00a0\u00a0 \u00a057<br \/>\n1.\u00a0\u00a0 \u00a0Estado actual del arte\u00a0\u00a0 \u00a0\u00a0\u00a0 \u00a058<br \/>\nII.\u00a0\u00a0 \u00a0PROBLEMAS QUE SUSCITA ESTA FALTA DE REGULACI\u00d3N ID\u00d3NEA\u00a0\u00a0 \u00a0\u00a0\u00a0 \u00a059<br \/>\n1.\u00a0\u00a0 \u00a0Impacto en la identidad de los ni\u00f1os\u00a0\u00a0 \u00a0\u00a0\u00a0 \u00a061<br \/>\n2.\u00a0\u00a0 \u00a0Impactos psicol\u00f3gicos\u00a0\u00a0 \u00a0\u00a0\u00a0 \u00a062<br \/>\nIII.\u00a0\u00a0 \u00a0RESPONSABILIDAD DE LAS CL\u00cdNICAS DE REPRODUCCI\u00d3N ASISTIDA\u00a0\u00a0 \u00a0\u00a0\u00a0 \u00a062<br \/>\nIV.\u00a0\u00a0 \u00a0ACCIONES LEGALES Y JUDICIALES\u00a0\u00a0 \u00a0\u00a0\u00a0 \u00a063<br \/>\nV.\u00a0\u00a0 \u00a0ROL DEL ESTADO\u00a0\u00a0 \u00a0\u00a0\u00a0 \u00a063<br \/>\nVI.\u00a0\u00a0 \u00a0REFLEXIONES QUE PROMUEVEN APORTES PARA SOLUCIONAR ESTOS PROBLEMAS\u00a0\u00a0 \u00a0\u00a0\u00a0 \u00a065<br \/>\nVII.\u00a0\u00a0 \u00a0CONCLUSIONES\u00a0\u00a0 \u00a0\u00a0\u00a0 \u00a066<br \/>\nDERECHO DE FAMILIA 4.0: C\u00d3MO LA TECNOLOG\u00cdA<br \/>\nEST\u00c1 RECONFIGURANDO LAS RELACIONES<br \/>\nY LOS LITIGIOS FAMILIARES<br \/>\nHERN\u00c1N L\u00d3PEZ HERN\u00c1NDEZ y PILAR MATURANA CABEZAS<br \/>\nI.\u00a0\u00a0 \u00a0INTRODUCCI\u00d3N\u00a0\u00a0 \u00a0\u00a0\u00a0 \u00a069<br \/>\nII.\u00a0\u00a0 \u00a0NUEVOS RETOS PARA LA FAMILIA EN LA ERA DIGITAL\u00a0\u00a0 \u00a0\u00a0\u00a0 \u00a071<br \/>\nIII.\u00a0\u00a0 \u00a0PROTECCI\u00d3N DE DATOS SENSIBLES EN L\u00cdNEA: DESAF\u00cdOS Y VULNERABILIDADES EN PLATAFORMAS DIGITALES\u00a0\u00a0 \u00a0\u00a0\u00a0 \u00a074<br \/>\nIV.\u00a0\u00a0 \u00a0FORTALECIENDO LA SEGURIDAD EN L\u00cdNEA: ESTRATEGIAS PARA LA GESTI\u00d3N Y PROTECCI\u00d3N DE DATOS PERSONALES\u00a0\u00a0 \u00a0\u00a0\u00a0 \u00a075<br \/>\n1.\u00a0\u00a0 \u00a0Educaci\u00f3n y Concientizaci\u00f3n\u00a0\u00a0 \u00a0\u00a0\u00a0 \u00a075<br \/>\n2.\u00a0\u00a0 \u00a0Pol\u00edticas de Privacidad y Cumplimiento\u00a0\u00a0 \u00a0\u00a0\u00a0 \u00a075<br \/>\nV.\u00a0\u00a0 \u00a0EL PHUBBING\u00a0\u00a0 \u00a0\u00a0\u00a0 \u00a077<br \/>\nVI.\u00a0\u00a0 \u00a0RETOS PARA LA JUSTICIA DE FAMILIA\u00a0\u00a0 \u00a0\u00a0\u00a0 \u00a078<br \/>\nVII.\u00a0\u00a0 \u00a0PRINCIPALES DIFERENCIAS ENTRE EL LITIGIO ANAL\u00d3GICO Y DIGITAL\u00a0\u00a0 \u00a0\u00a0\u00a0 \u00a079<br \/>\nVIII.\u00a0\u00a0 \u00a0DESAF\u00cdOS Y AVANCES EN LA DIGITALIZACI\u00d3N DE PROCEDIMIENTOS LEGALES: EJEMPLOS Y RETOS DE ACCESO\u00a0\u00a0 \u00a0\u00a0\u00a0 \u00a081<br \/>\nIX.\u00a0\u00a0 \u00a0LA VIOLENCIA DE G\u00c9NERO CONTRA LAS MUJERES EN LA ERA DIGITAL Y LOS DESAF\u00cdOS PARA LA JUSTICIA DE FAMILIA\u00a0\u00a0 \u00a0\u00a0\u00a0 \u00a082<br \/>\nX.\u00a0\u00a0 \u00a0VIOLENCIA DE PAREJA EN LA ERA DIGITAL: DESAF\u00cdOS Y RESPUESTAS DESDE LA JUSTICIA FAMILIAR\u00a0\u00a0 \u00a0\u00a0\u00a0 \u00a083<br \/>\nXI.\u00a0\u00a0 \u00a0PERSPECTIVA DE G\u00c9NERO EN LA JUSTICIA: DESAF\u00cdOS Y TRANSFORMACIONES PARA ERRADICAR LA VIOLENCIA CONTRA LAS MUJERES\u00a0\u00a0 \u00a0\u00a0\u00a0 \u00a084<br \/>\nXII.\u00a0\u00a0 \u00a0CONCLUSIONES\u00a0\u00a0 \u00a0\u00a0\u00a0 \u00a087<br \/>\nALIMENTOS SUBSIDIARIOS: UN AN\u00c1LISIS DE LA EQUIDAD<br \/>\nEN EL RESGUARDO DE LOS INTERESES DE LOS NNA<br \/>\nY DE LOS ADULTOS MAYORES EN POSICI\u00d3N<br \/>\nDE VULNERABILIDAD<br \/>\nCAMILA ASTUDILLO GONZ\u00c1LEZ<br \/>\nI.\u00a0\u00a0 \u00a0INTRODUCCI\u00d3N\u00a0\u00a0 \u00a0\u00a0\u00a0 \u00a089<br \/>\nII.\u00a0\u00a0 \u00a0DERECHO DE ALIMENTOS PARA LOS NNA: UN DERECHO HUMANO QUE ATIENDE A SU ESPECIAL SITUACI\u00d3N DE VULNERABILIDAD\u00a0\u00a0 \u00a0\u00a0\u00a0 \u00a090<br \/>\nIII.\u00a0\u00a0 \u00a0SOBRE LA OBLIGACI\u00d3N ALIMENTICIA DE TIPO SUBSIDIARIO\u00a0\u00a0 \u00a0\u00a0\u00a0 \u00a094<br \/>\n1.\u00a0\u00a0 \u00a0La titularidad de los abuelos como deudores de pensi\u00f3n alimenticia\u00a0\u00a0 \u00a0\u00a0\u00a0 \u00a094<br \/>\nIV.\u00a0\u00a0 \u00a0ADULTO MAYOR Y VULNERABILIDAD\u00a0\u00a0 \u00a0\u00a0\u00a0 \u00a097<br \/>\nV.\u00a0\u00a0 \u00a0CONCLUSIONES\u00a0\u00a0 \u00a0\u00a0\u00a0 \u00a099<br \/>\nCap\u00edtulo II<br \/>\nLA VULNERABILIDAD DE LA NI\u00d1EZ Y ADOLESCENCIA<br \/>\nNI\u00d1AS, NI\u00d1OS Y ADOLESCENTES<br \/>\nCON PROGENITORES O ADULTOS SIGNIFICATIVOS<br \/>\nPRIVADOS DE LIBERTAD: CONVICTOS COLATERALES<br \/>\nDEL SISTEMA DE JUSTICIA<br \/>\nISAAC RAVETLLAT BALLEST\u00c9<br \/>\nI.\u00a0\u00a0 \u00a0INTRODUCCI\u00d3N\u00a0\u00a0 \u00a0\u00a0\u00a0 \u00a0105<br \/>\nII.\u00a0\u00a0 \u00a0EFECTOS DE LA PRIVACI\u00d3N DE LIBERTAD DE LOS ADULTOS SIGNIFICATIVOS PARA NI\u00d1AS, NI\u00d1OS Y ADOLESCENTES\u00a0\u00a0 \u00a0\u00a0\u00a0 \u00a0108<br \/>\n1.\u00a0\u00a0 \u00a0Contacto telef\u00f3nico\u00a0\u00a0 \u00a0\u00a0\u00a0 \u00a0110<br \/>\n2.\u00a0\u00a0 \u00a0Visitas carcelarias\u00a0\u00a0 \u00a0\u00a0\u00a0 \u00a0111<br \/>\nIII.\u00a0\u00a0 \u00a0NI\u00d1AS, NI\u00d1OS Y ADOLESCENTES CON DERECHOS INVISIBLES\u00a0\u00a0 \u00a0\u00a0\u00a0 \u00a0114<br \/>\n1.\u00a0\u00a0 \u00a0Marco internacional\u00a0\u00a0 \u00a0\u00a0\u00a0 \u00a0114<br \/>\n2.\u00a0\u00a0 \u00a0Normativa penitenciaria\u00a0\u00a0 \u00a0\u00a0\u00a0 \u00a0116<br \/>\nIV.\u00a0\u00a0 \u00a0CONCLUSIONES\u00a0\u00a0 \u00a0\u00a0\u00a0 \u00a0119<br \/>\nREVINCULACIONES FORZADAS: PROTECCI\u00d3N<br \/>\nY SEGURIDAD DEL NI\u00d1O, NI\u00d1A O ADOLESCENTE<br \/>\nV\u00cdCTIMA DE DELITO, EN RELACI\u00d3N CON EL INCISO FINAL<br \/>\nDEL ART\u00cdCULO 229 DEL C\u00d3DIGO CIVIL CHILENO<br \/>\nLAURA CID CIFUENTES<br \/>\nI.\u00a0\u00a0 \u00a0INTRODUCCI\u00d3N\u00a0\u00a0 \u00a0\u00a0\u00a0 \u00a0123<br \/>\nII.\u00a0\u00a0 \u00a0MARCO NORMATIVO NACIONAL E INTERNACIONAL FRENTE A LA VIOLENCIA HACIA NI\u00d1OS, NI\u00d1AS Y ADOLESCENTES\u00a0\u00a0 \u00a0\u00a0\u00a0 \u00a0124<br \/>\nIII.\u00a0\u00a0 \u00a0PROTECCI\u00d3N Y SEGURIDAD PARA NI\u00d1OS, NI\u00d1AS Y ADOLESCENTES V\u00cdCTIMAS DE DELITOS, EN RELACI\u00d3N CON ART. 229 INCISO FINAL DEL C\u00d3DIGO CIVIL CHILENO\u00a0\u00a0 \u00a0\u00a0\u00a0 \u00a0128<br \/>\nIV.\u00a0\u00a0 \u00a0LA REVINCULACI\u00d3N FORZADA\u00a0\u00a0 \u00a0\u00a0\u00a0 \u00a0131<br \/>\nV.\u00a0\u00a0 \u00a0EVALUACI\u00d3N DEL RIESGO\u00a0\u00a0 \u00a0\u00a0\u00a0 \u00a0133<br \/>\nVI.\u00a0\u00a0 \u00a0REVINCULACI\u00d3N FORZADA Y EL DERECHO A LA REPARACI\u00d3N INTEGRAL PARA NI\u00d1OS, NI\u00d1AS Y ADOLESCENTES\u00a0\u00a0 \u00a0\u00a0\u00a0 \u00a0135<br \/>\nVII.\u00a0\u00a0 \u00a0JURISPRUDENCIA DE LA CORTE INTERAMERICANA DE DERECHOS HUMANOS\u00a0\u00a0 \u00a0\u00a0\u00a0 \u00a0137<br \/>\nVIII.\u00a0\u00a0 \u00a0CONCLUSIONES Y RECOMENDACIONES\u00a0\u00a0 \u00a0\u00a0\u00a0 \u00a0139<br \/>\nBREVE AN\u00c1LISIS CR\u00cdTICO NORMATIVO RESPECTO<br \/>\nA LAS SANCIONES EFECTIVAS DE LA OBSTACULIZACI\u00d3N<br \/>\nDEL R\u00c9GIMEN COMUNICACIONAL<br \/>\nEN CHILE Y SU COMPARACI\u00d3N CON PA\u00cdSES<br \/>\nDEL SISTEMA CONTINENTAL<br \/>\nROMINA RODR\u00cdGUEZ MENADIER<br \/>\nI.\u00a0\u00a0 \u00a0INTRODUCCI\u00d3N\u00a0\u00a0 \u00a0\u00a0\u00a0 \u00a0143<br \/>\nII.\u00a0\u00a0 \u00a0BREVE MENCI\u00d3N DEL ART\u00cdCULO 229 DEL CC, A RA\u00cdZ DE SU MODIFICACI\u00d3N POR LA LEY N\u00ba21.680\u00a0\u00a0 \u00a0\u00a0\u00a0 \u00a0144<br \/>\nIII.\u00a0\u00a0 \u00a0CIERTOS ALCANCES DE LA PROTECCI\u00d3N Y GARANT\u00cdA DE LOS DERECHOS DE LA NI\u00d1EZ, SEG\u00daN LA NUEVA LEY N\u00ba21.430\u00a0\u00a0 \u00a0\u00a0\u00a0 \u00a0146<br \/>\nIV.\u00a0\u00a0 \u00a0UNA BREVE MIRADA A ALGUNOS CUERPOS NORMATIVOS EN PA\u00cdSES DEL SISTEMA CONTINENTAL\u00a0\u00a0 \u00a0\u00a0\u00a0 \u00a0150<br \/>\nV.\u00a0\u00a0 \u00a0CONCLUSIONES O ALCANCES DEL OBJETO DE ESTUDIO PROPUESTO\u00a0\u00a0 \u00a0\u00a0\u00a0 \u00a0151<br \/>\nVULNERABILIDAD Y BIENESTAR: DOS CONCEPTOS<br \/>\nA CONSIDERAR EN LA DETERMINACI\u00d3N DEL INTER\u00c9S SUPERIOR DEL NI\u00d1O<br \/>\nVALENTINA SILVA BERR\u00cdOS<br \/>\nI.\u00a0\u00a0 \u00a0INTRODUCCI\u00d3N\u00a0\u00a0 \u00a0\u00a0\u00a0 \u00a0153<br \/>\nII.\u00a0\u00a0 \u00a0DEFINICIONES DE VULNERABILIDAD\u00a0\u00a0 \u00a0\u00a0\u00a0 \u00a0154<br \/>\nIII.\u00a0\u00a0 \u00a0DEFINICIONES DE BIENESTAR\u00a0\u00a0 \u00a0\u00a0\u00a0 \u00a0157<br \/>\nIV.\u00a0\u00a0 \u00a0UN APARATO CONCEPTUAL \u00daTIL PARA LA DETERMINACI\u00d3N DEL INTER\u00c9S SUPERIOR DEL NI\u00d1O\u00a0\u00a0 \u00a0\u00a0\u00a0 \u00a0159<br \/>\nV.\u00a0\u00a0 \u00a0CONCLUSIONES\u00a0\u00a0 \u00a0\u00a0\u00a0 \u00a0162<br \/>\nEL ASPECTO PATRIMONIAL EN LAS AUTORIZACIONES JUDICIALES DE SALIDAS AL EXTRANJERO DE NI\u00d1OS, NI\u00d1AS Y ADOLESCENTES. APLICACIONES Y SU EVENTUAL CONSTITUCI\u00d3N EN UN L\u00cdMITE DE LA FACULTAD<br \/>\nDE EMIGRAR DEL PROGENITOR CUSTODIO<br \/>\nALEXIS MONDACA MIRANDA<br \/>\nI.\u00a0\u00a0 \u00a0LA PROBLEM\u00c1TICA DE LAS SALIDAS AL EXTRANJERO\u00a0\u00a0 \u00a0\u00a0\u00a0 \u00a0167<br \/>\nII.\u00a0\u00a0 \u00a0LA MEJORA DE LA SITUACI\u00d3N PATRIMONIAL O UN NO EMPEORAMIENTO DE \u00c9STA\u00a0\u00a0 \u00a0\u00a0\u00a0 \u00a0169<br \/>\n1.\u00a0\u00a0 \u00a0La autogeneraci\u00f3n de recursos\u00a0\u00a0 \u00a0\u00a0\u00a0 \u00a0171<br \/>\n2.\u00a0\u00a0 \u00a0Suministro, por parte de un tercero, de los recursos econ\u00f3micos\u00a0\u00a0 \u00a0\u00a0\u00a0 \u00a0172<br \/>\n3.\u00a0\u00a0 \u00a0La relevancia de la posesi\u00f3n o ausencia de un t\u00edtulo t\u00e9cnico o profesional\u00a0\u00a0 \u00a0\u00a0\u00a0 \u00a0173<br \/>\nIII.\u00a0\u00a0 \u00a0\u00bfUN L\u00cdMITE A LA FACULTAD DE EMIGRAR DE LOS PROGENITORES CUSTODIOS? \u00a0\u00a0 \u00a0\u00a0\u00a0 \u00a0174<br \/>\n1.\u00a0\u00a0 \u00a0El factor econ\u00f3mico como g\u00e9nesis de migraciones\u00a0\u00a0 \u00a0\u00a0\u00a0 \u00a0174<br \/>\n2.\u00a0\u00a0 \u00a0La eventual limitaci\u00f3n de los progenitores custodios con respecto a la posibilidad de emigrar\u00a0\u00a0 \u00a0\u00a0\u00a0 \u00a0176<br \/>\n3.\u00a0\u00a0 \u00a0Incidencia en la materia de la primac\u00eda del principio del inter\u00e9s superior del NNA\u00a0\u00a0 \u00a0\u00a0\u00a0 \u00a0177<br \/>\nIV.\u00a0\u00a0 \u00a0CONCLUSIONES\u00a0\u00a0 \u00a0\u00a0\u00a0 \u00a0180<br \/>\nCap\u00edtulo III<br \/>\nLA VULNERABILIDAD DE LA SITUACI\u00d3N DE DISCAPACIDAD<br \/>\nDISCAPACIDAD PSICOSOCIAL, PARENTALIDAD<br \/>\nY ADOPTABILIDAD. UN ENFOQUE RENOVADO<br \/>\nROMMY ALVAREZ ESCUDERO<br \/>\nI.\u00a0\u00a0 \u00a0CONSIDERACIONES GENERALES\u00a0\u00a0 \u00a0\u00a0\u00a0 \u00a0185<br \/>\nII.\u00a0\u00a0 \u00a0DISCAPACIDAD PSICOSOCIAL, EJERCICIO DE LA PARENTALIDAD Y CAUSALES DE ADOPTABILIDAD\u00a0\u00a0 \u00a0\u00a0\u00a0 \u00a0188<br \/>\nIII.\u00a0\u00a0 \u00a0DECISIONES JUDICIALES. UN CASO A MODO EJEMPLAR\u00a0\u00a0 \u00a0\u00a0\u00a0 \u00a0192<br \/>\nIV.\u00a0\u00a0 \u00a0ALGUNAS REFLEXIONES FINALES\u00a0\u00a0 \u00a0\u00a0\u00a0 \u00a0196<br \/>\nEL NI\u00d1O EN SITUACI\u00d3N DE DISCAPACIDAD<br \/>\nY SU DERECHO A SER O\u00cdDO. AJUSTES RAZONABLES<br \/>\nPARA EL EJERCICIO DE SUS DERECHOS HUMANOS<br \/>\nDE PARTICIPACI\u00d3N<br \/>\nNICOL\u00c1S IB\u00c1\u00d1EZ MEZA<br \/>\nI.\u00a0\u00a0 \u00a0INTRODUCCI\u00d3N\u00a0\u00a0 \u00a0\u00a0\u00a0 \u00a0199<br \/>\nII.\u00a0\u00a0 \u00a0UNA APROXIMACI\u00d3N AL PROBLEMA\u00a0\u00a0 \u00a0\u00a0\u00a0 \u00a0200<br \/>\nIII.\u00a0\u00a0 \u00a0ENFOQUES NECESARIOS PARA EL EJERCICIO DEL DERECHO A SER O\u00cdDO POR LOS NI\u00d1OS EN SITUACI\u00d3N DE DISCAPACIDAD\u00a0\u00a0 \u00a0\u00a0\u00a0 \u00a0201<br \/>\nIV.\u00a0\u00a0 \u00a0TRATAMIENTO NORMATIVO DEL DERECHO A SER O\u00cdDO DEL NI\u00d1O EN SITUACI\u00d3N DE DISCAPACIDAD\u00a0\u00a0 \u00a0\u00a0\u00a0 \u00a0204<br \/>\nV.\u00a0\u00a0 \u00a0LOS AJUSTES RAZONABLES PARA EL EJERCICIO DEL DERECHO A SER O\u00cdDO DEL NI\u00d1O EN SITUACI\u00d3N DE DISCAPACIDAD\u00a0\u00a0 \u00a0\u00a0\u00a0 \u00a0209<br \/>\nVI.\u00a0\u00a0 \u00a0CONCLUSIONES\u00a0\u00a0 \u00a0\u00a0\u00a0 \u00a0213<br \/>\nREFLEXIONES SOBRE LA LEY 21.544 Y SU INCIDENCIA<br \/>\nHACIA LA CORRECCI\u00d3N DE LA VULNERABILIDAD<br \/>\nDE LOS NNA QUE PRESENTAN UNA NECESIDAD<br \/>\nEDUCATIVA ESPECIAL<br \/>\nCONSTANZA ASTUDILLO MEZA<br \/>\nI.\u00a0\u00a0 \u00a0INTRODUCCI\u00d3N\u00a0\u00a0 \u00a0\u00a0\u00a0 \u00a0217<br \/>\nII.\u00a0\u00a0 \u00a0VULNERABILIDAD\u00a0\u00a0 \u00a0\u00a0\u00a0 \u00a0218<br \/>\nIII.\u00a0\u00a0 \u00a0NECESIDADES EDUCATIVAS ESPECIALES\u00a0\u00a0 \u00a0\u00a0\u00a0 \u00a0221<br \/>\nIV.\u00a0\u00a0 \u00a0PROGRAMAS DE INTEGRACI\u00d3N ESCOLAR (PIE)\u00a0\u00a0 \u00a0\u00a0\u00a0 \u00a0225<br \/>\nV.\u00a0\u00a0 \u00a0LA LEY N\u00ba21.544 Y LAS NEE\u00a0\u00a0 \u00a0\u00a0\u00a0 \u00a0227<br \/>\nVI.\u00a0\u00a0 \u00a0CONCLUSIONES\u00a0\u00a0 \u00a0\u00a0\u00a0 \u00a0230<br \/>\nREPENSANDO LA CAPACIDAD DE NI\u00d1OS, NI\u00d1AS Y ADOLESCENTES EN EL EJERCICIO DE SUS ACTOS EXTRAPATRIMONIALES A PARTIR DE LA NOCI\u00d3N DE VULNERABILIDAD<br \/>\nPAULA V\u00c1SQUEZ RODR\u00cdGUEZ<br \/>\nI.\u00a0\u00a0 \u00a0INTRODUCCI\u00d3N\u00a0\u00a0 \u00a0\u00a0\u00a0 \u00a0235<br \/>\nII.\u00a0\u00a0 \u00a0REGULACI\u00d3N DE LA CAPACIDAD CIVIL Y FUNDAMENTO DE LAS INCAPACIDADES\u00a0\u00a0 \u00a0\u00a0\u00a0 \u00a0237<br \/>\nIII.\u00a0\u00a0 \u00a0LOS NNA COMO SUJETOS DE DERECHOS\u00a0\u00a0 \u00a0\u00a0\u00a0 \u00a0239<br \/>\nIV.\u00a0\u00a0 \u00a0LA CAPACIDAD EXTRAPATRIMONIAL DE LOS NNA COMO UN R\u00c9GIMEN DIFERENCIADO\u00a0\u00a0 \u00a0\u00a0\u00a0 \u00a0242<br \/>\nV.\u00a0\u00a0 \u00a0REDEFINIR LA AUTONOM\u00cdA A PARTIR DEL CONCEPTO DE VULNERABILIDAD\u00a0\u00a0 \u00a0\u00a0\u00a0 \u00a0246<br \/>\nVI.\u00a0\u00a0 \u00a0CONCLUSIONES\u00a0\u00a0 \u00a0\u00a0\u00a0 \u00a0253<\/p>\n","protected":false},"excerpt":{"rendered":"<p>Nicol\u00e1s Ib\u00e1\u00f1ez Meza, Mar\u00eda Loreto Bobadilla Toledo \/ \u00a01\u00b0edici\u00f3n a\u00f1o 2024 &#8211; 256 P\u00e1ginas<\/p>\n<p>Vis\u00edtanos en www.bibliotecajuridicavirtual.cl<br \/>\nEscr\u00edbenos al +56930565235<br \/>\nHacemos env\u00edos a todo Chile &#8211; Starken o Correos Chile \/ Te esperamos.<\/p>\n","protected":false},"featured_media":1916,"comment_status":"open","ping_status":"closed","template":"","meta":{"inline_featured_image":false,"_joinchat":[]},"product_brand":[],"product_cat":[29],"product_tag":[],"class_list":{"0":"post-1887","1":"product","2":"type-product","3":"status-publish","4":"has-post-thumbnail","6":"product_cat-familia-y-del-menor","8":"first","9":"instock","10":"shipping-taxable","11":"purchasable","12":"product-type-simple"},"_links":{"self":[{"href":"https:\/\/bibliotecajuridicavirtual.cl\/index.php\/wp-json\/wp\/v2\/product\/1887","targetHints":{"allow":["GET"]}}],"collection":[{"href":"https:\/\/bibliotecajuridicavirtual.cl\/index.php\/wp-json\/wp\/v2\/product"}],"about":[{"href":"https:\/\/bibliotecajuridicavirtual.cl\/index.php\/wp-json\/wp\/v2\/types\/product"}],"replies":[{"embeddable":true,"href":"https:\/\/bibliotecajuridicavirtual.cl\/index.php\/wp-json\/wp\/v2\/comments?post=1887"}],"wp:featuredmedia":[{"embeddable":true,"href":"https:\/\/bibliotecajuridicavirtual.cl\/index.php\/wp-json\/wp\/v2\/media\/1916"}],"wp:attachment":[{"href":"https:\/\/bibliotecajuridicavirtual.cl\/index.php\/wp-json\/wp\/v2\/media?parent=1887"}],"wp:term":[{"taxonomy":"product_brand","embeddable":true,"href":"https:\/\/bibliotecajuridicavirtual.cl\/index.php\/wp-json\/wp\/v2\/product_brand?post=1887"},{"taxonomy":"product_cat","embeddable":true,"href":"https:\/\/bibliotecajuridicavirtual.cl\/index.php\/wp-json\/wp\/v2\/product_cat?post=1887"},{"taxonomy":"product_tag","embeddable":true,"href":"https:\/\/bibliotecajuridicavirtual.cl\/index.php\/wp-json\/wp\/v2\/product_tag?post=1887"}],"curies":[{"name":"wp","href":"https:\/\/api.w.org\/{rel}","templated":true}]}}