{"id":1889,"date":"2026-02-28T00:56:22","date_gmt":"2026-02-28T03:56:22","guid":{"rendered":"https:\/\/bibliotecajuridicavirtual.cl\/?post_type=product&#038;p=1889"},"modified":"2026-02-28T00:56:42","modified_gmt":"2026-02-28T03:56:42","slug":"de-la-obligacion-y-del-contrato-concepto-y-estructura-general-cerra-nolasco-eduardo-pablo-1-edicion-ano-2024-216-pags","status":"publish","type":"product","link":"https:\/\/bibliotecajuridicavirtual.cl\/index.php\/product\/de-la-obligacion-y-del-contrato-concepto-y-estructura-general-cerra-nolasco-eduardo-pablo-1-edicion-ano-2024-216-pags\/","title":{"rendered":"De la obligaci\u00f3n y del contrato. Concepto y estructura general &#8211; Cerra Nolasco, Eduardo Pablo -1\u00b0 Edici\u00f3n a\u00f1o 2024. 216 p\u00e1gs."},"content":{"rendered":"<p><strong>De la obligaci\u00f3n y del contrato. Concepto y estructura general<\/strong><\/p>\n<p>El estudio y an\u00e1lisis de la obligaci\u00f3n es de vital importancia para el derecho. Las relaciones humanas en sociedad son, por naturaleza y por antonomasia, relaciones obligacionales. Desde que el ser humano se encuentra en el vientre materno, y hasta su fenecimiento, desarrolla un conjunto de relaciones sociales que se encuentran fundamentadas en el marco de las obligaciones.<\/p>\n<p>Contenido<br \/>\nSobre el autor &#8230;&#8230;&#8230;&#8230;&#8230;&#8230;&#8230;&#8230;&#8230; &#8230;&#8230;&#8230;&#8230;&#8230;&#8230;&#8230;&#8230;&#8230;&#8230;&#8230;&#8230;&#8230;&#8230;.. 9<br \/>\nCap\u00edtulo 1<br \/>\nConcepto, fuentes y clases de obligaci\u00f3n<br \/>\n1. IMPORTANCIA DE LA TEOR\u00cdA DE LA OBLIGACI\u00d3N &#8230;<br \/>\nY DEL CONTRATO &#8230;&#8230;&#8230;&#8230;&#8230;&#8230;&#8230;&#8230;&#8230;&#8230;&#8230;&#8230;&#8230;&#8230;&#8230;&#8230;&#8230;&#8230;&#8230;. 15<br \/>\n2. CONCEPTO DE OBLIGACI\u00d3N &#8230;&#8230;&#8230;&#8230;&#8230;&#8230;&#8230;&#8230;&#8230;&#8230;&#8230;&#8230;&#8230;. 17<br \/>\n3. ELEMENTOS ESTRUCTURALES DE LA OBLIGACI\u00d3N &#8230; 20<br \/>\n3.1. Los sujetos de la obligaci\u00f3n &#8230;&#8230;&#8230;&#8230;&#8230;&#8230;&#8230;&#8230;&#8230;. 21<br \/>\n3.1.1. Sujeto activo &#8230;&#8230;&#8230;&#8230;&#8230;&#8230;&#8230;&#8230;&#8230;&#8230;&#8230;&#8230;&#8230;&#8230;. 21<br \/>\n3.1.2. Sujeto pasivo &#8230;&#8230;&#8230;&#8230;&#8230;&#8230;&#8230;&#8230;&#8230;&#8230;&#8230;&#8230;&#8230;&#8230;.. 22<br \/>\n3.1.3. Terceros &#8230;&#8230;&#8230;&#8230;&#8230;&#8230;&#8230;&#8230;&#8230;&#8230;&#8230;&#8230;&#8230;&#8230;&#8230;&#8230;&#8230; 23<br \/>\n3.2. El objeto de la obligaci\u00f3n &#8230;&#8230;&#8230;&#8230;&#8230;&#8230;&#8230;&#8230;&#8230;&#8230;. 23<br \/>\n3.3. La relaci\u00f3n jur\u00eddica &#8230;&#8230;&#8230;&#8230;&#8230;&#8230;&#8230;&#8230;&#8230;&#8230;&#8230;&#8230;&#8230;&#8230; 25<br \/>\n4. FUENTES CL\u00c1SICAS DE LA OBLIGACI\u00d3N &#8230;&#8230;&#8230;&#8230;&#8230;&#8230; 28<br \/>\n5. FUENTES MODERNAS DE LA OBLIGACI\u00d3N &#8230;&#8230;&#8230;&#8230;&#8230; 32<br \/>\n5.1. La ley &#8230;&#8230;&#8230;&#8230;&#8230;&#8230;&#8230;&#8230;&#8230;&#8230;&#8230;&#8230;&#8230;&#8230;&#8230;&#8230;&#8230;&#8230;&#8230;&#8230;&#8230;&#8230;&#8230;.. 33<br \/>\n5.2. el negocio jur\u00eddico &#8230;&#8230;&#8230;&#8230;&#8230;&#8230;&#8230;&#8230;&#8230;&#8230;&#8230;&#8230;&#8230;&#8230;.. 38<br \/>\n5.3. La responsabilidad civil &#8230;&#8230;&#8230;&#8230;&#8230;&#8230;&#8230;&#8230;&#8230;&#8230;&#8230;.. 44<br \/>\n5.4. El enriquecimiento sin justa causa &#8230;&#8230;&#8230;&#8230;&#8230;.. 50<br \/>\n12 Eduardo Pablo Cerra Nolasco<br \/>\n6. CLASES DE OBLIGACI\u00d3N &#8230;&#8230;&#8230;&#8230;&#8230;&#8230;&#8230;&#8230;&#8230;&#8230;&#8230;&#8230;&#8230;&#8230;&#8230; 56<br \/>\n6.1. Obligaci\u00f3n de medio y de resultado &#8230;&#8230;&#8230;&#8230;&#8230; 56<br \/>\n6.2. Obligaci\u00f3n a plazo y condicionales &#8230;&#8230;&#8230;&#8230;&#8230; 58<br \/>\n6.3. Obligaci\u00f3n natural y civil &#8230;&#8230;&#8230;&#8230;&#8230;&#8230;&#8230;&#8230;&#8230;&#8230; 61<br \/>\n6.4. Obligaci\u00f3n conjuntiva, alternativa &#8230;&#8230;&#8230;&#8230;..<br \/>\ny facultativa &#8230;&#8230;&#8230;&#8230;&#8230;&#8230;&#8230;&#8230;&#8230;&#8230;&#8230;&#8230;&#8230;&#8230;&#8230;&#8230;&#8230;&#8230;&#8230;. 62<br \/>\n6.5. Obligaci\u00f3n mancomunada &#8230;&#8230;&#8230;&#8230;&#8230;&#8230;&#8230;&#8230;&#8230;&#8230;.. 65<br \/>\n6.6. Obligaci\u00f3n de \u201cpropter rem\u201d &#8230;&#8230;&#8230;&#8230;&#8230;&#8230;&#8230;&#8230;&#8230;. 66<br \/>\n6.7. Obligaci\u00f3n con cl\u00e1usula penal &#8230;&#8230;&#8230;&#8230;&#8230;&#8230;&#8230;. 67<br \/>\n6.8. Obligaci\u00f3n de dar, hacer y no hacer &#8230;&#8230;&#8230;&#8230;. 70<br \/>\nCap\u00edtulo 2<br \/>\nDe la transmisi\u00f3n de la obligaci\u00f3n<br \/>\n1. CONCEPTO GENERAL &#8230;&#8230;&#8230;&#8230;&#8230;&#8230;&#8230;&#8230;&#8230;&#8230;&#8230;&#8230;&#8230;&#8230;&#8230;&#8230;.. 75<br \/>\n2. DE LA CESI\u00d3N DE DERECHOS &#8230;&#8230;&#8230;&#8230;&#8230;&#8230;&#8230;&#8230;&#8230;&#8230;&#8230;&#8230;. 76<br \/>\n3. DE LA SUBROGACI\u00d3N &#8230;&#8230;&#8230;&#8230;&#8230;&#8230;&#8230;&#8230;&#8230;&#8230;&#8230;&#8230;&#8230;&#8230;&#8230;&#8230;.. 78<br \/>\n4. DE LA CESI\u00d3N DE DEUDAS &#8230;&#8230;&#8230;&#8230;&#8230;&#8230;&#8230;&#8230;&#8230;&#8230;&#8230;&#8230;&#8230;&#8230; 81<br \/>\nCap\u00edtulo 3<br \/>\nDe los modos de extinguir la obligaci\u00f3n<br \/>\n1. CONCEPTO GENERAL &#8230;&#8230;&#8230;&#8230;&#8230;&#8230;&#8230;&#8230;&#8230;&#8230;&#8230;&#8230;&#8230;&#8230;&#8230;&#8230;.. 83<br \/>\n2. DEL MUTUO DISENSO, CONVENCI\u00d3N &#8230;&#8230;&#8230;&#8230;&#8230;&#8230;&#8230;&#8230;&#8230;&#8230;<br \/>\nO RESILIACI\u00d3N CONTRATO &#8230;&#8230;&#8230;&#8230;&#8230;&#8230;&#8230;&#8230;&#8230;&#8230;&#8230;&#8230;&#8230;. 84<br \/>\n3. DEL PAGO O SOLUCI\u00d3N DE LA OBLIGACI\u00d3N &#8230;&#8230;&#8230;&#8230;. 87<br \/>\n4. DE LA NOVACI\u00d3N &#8230;&#8230;&#8230;&#8230;&#8230;&#8230;&#8230;&#8230;&#8230;&#8230;&#8230;&#8230;&#8230;&#8230;&#8230;&#8230;&#8230;&#8230;&#8230;&#8230; 91<br \/>\n5. DE LA COMPENSACI\u00d3N &#8230;&#8230;&#8230;&#8230;&#8230;&#8230;&#8230;&#8230;&#8230;&#8230;&#8230;&#8230;&#8230;&#8230;&#8230;&#8230; 92<br \/>\n13 Contenido<br \/>\n6. DE LA REMISI\u00d3N O CONDONACI\u00d3N &#8230;&#8230;&#8230;&#8230;&#8230;&#8230;&#8230;&#8230;&#8230;&#8230;&#8230;.<br \/>\nDE LA OBLIGACI\u00d3N &#8230;&#8230;&#8230;&#8230;&#8230;&#8230;&#8230;&#8230;&#8230;&#8230;&#8230;&#8230;&#8230;&#8230;&#8230;&#8230;&#8230;&#8230; 93<br \/>\n7. DE LA CONFUSI\u00d3N &#8230;&#8230;&#8230;. &#8230;&#8230;&#8230;&#8230;&#8230;&#8230;&#8230;&#8230;&#8230;&#8230;&#8230;&#8230;&#8230;&#8230;&#8230;.. 94<br \/>\n8. DE LA PRESCRIPCI\u00d3N Y DE LA CADUCIDAD &#8230;&#8230;&#8230;&#8230;. 95<br \/>\n9. DE LA INEXISTENCIA, DE LA NULIDAD &#8230;&#8230;&#8230;&#8230;&#8230;&#8230;&#8230;&#8230;.<br \/>\nY DE LA RESCISI\u00d3N &#8230;&#8230;&#8230;&#8230;&#8230;&#8230;&#8230;&#8230;&#8230;&#8230;&#8230;&#8230;&#8230;&#8230;&#8230;&#8230;&#8230;&#8230; 98<br \/>\n10. DE LA TRANSACCI\u00d3N &#8230;&#8230;&#8230;&#8230;&#8230;&#8230;&#8230;&#8230;&#8230;&#8230;&#8230;&#8230;&#8230;&#8230;&#8230;&#8230;.. 109<br \/>\nCap\u00edtulo 4<br \/>\nDel contrato y de sus efectos<br \/>\n1. DEL CONTRATO EN GENERAL &#8230;&#8230;&#8230;&#8230;&#8230;&#8230;&#8230;&#8230;&#8230;&#8230;&#8230;&#8230; 113<br \/>\n2. DE LA INTERPRETACI\u00d3N DEL NEGOCIO JUR\u00cdDICO &#8230;. 119<br \/>\n3. ESTRUCTURA DEL ORDENAMIENTO JUR\u00cdDICO &#8230;&#8230;&#8230;<br \/>\nEN LA LABOR DE REDACCI\u00d3N E INTERPRETACI\u00d3N &#8230;..<br \/>\nDEL NEGOCIO JUR\u00cdDICO &#8230;&#8230;&#8230;&#8230;&#8230;&#8230;&#8230;&#8230;&#8230;&#8230;&#8230;&#8230;&#8230;&#8230;&#8230; 122<br \/>\n4. DE LA AUTONOM\u00cdA DE LA VOLUNTAD &#8230;&#8230;&#8230;&#8230;&#8230;&#8230;&#8230;&#8230;&#8230;. 135<br \/>\n5. DEL INCUMPLIMIENTO DE LA OBLIGACI\u00d3N &#8230;&#8230;&#8230;&#8230;&#8230;.<br \/>\nCONTRACTUAL Y DE LA CONSECUENTE &#8230;&#8230;&#8230;&#8230;&#8230;&#8230;&#8230;..<br \/>\nRESPONSABILIDAD &#8230;&#8230;&#8230;&#8230;&#8230;&#8230;&#8230;&#8230;&#8230;&#8230;&#8230;&#8230;&#8230;&#8230;&#8230;&#8230;&#8230;&#8230; 148<br \/>\n6. CL\u00c1USULAS EXONERATIVAS Y LIMITATIVAS &#8230;&#8230;&#8230;&#8230;<br \/>\nDE RESPONSABILIDAD &#8230;&#8230;&#8230;&#8230;&#8230;&#8230;&#8230;&#8230;&#8230;&#8230;&#8230;&#8230;&#8230;&#8230;&#8230;&#8230; 159<br \/>\n7. DEL DA\u00d1O CONTRACTUAL &#8230;&#8230;&#8230;&#8230;&#8230;&#8230;&#8230;&#8230;&#8230;&#8230;&#8230;&#8230;&#8230;.. 163<br \/>\n8. DE LOS INTERESES EN OBLIGACIONES DINERARIAS .. 175<br \/>\nCap\u00edtulo 5<br \/>\nDel equilibrio contractual<br \/>\ny la revisi\u00f3n del contrato<br \/>\n1. LA TEOR\u00cdA DEL EQUILIBRO CONTRACTUAL &#8230;&#8230;&#8230;&#8230;&#8230;<br \/>\nY SU FUNDAMENTO &#8230;&#8230;&#8230;&#8230;&#8230;&#8230;&#8230;&#8230;&#8230;&#8230;&#8230;&#8230;&#8230;&#8230;&#8230;&#8230;&#8230;.. 187<br \/>\n14 Eduardo Pablo Cerra Nolasco<br \/>\n2. DE LOS RIESGOS CONTRACTUALES &#8230;&#8230;&#8230;&#8230;&#8230;&#8230;&#8230;&#8230;.. 191<br \/>\n3. DISTRIBUCI\u00d3N DE LOS RIESGOS EN EL CONTRATO .. 198<br \/>\n4. INCUMPLIMIENTO CONTRACTUAL COMO CAUSAL .<br \/>\nDE DESEQUILIBRIO &#8230;&#8230;&#8230;&#8230;&#8230;&#8230;&#8230;&#8230;&#8230;&#8230;&#8230;&#8230;&#8230;&#8230;&#8230;&#8230;&#8230;&#8230; 199<br \/>\n5. MOMENTOS PARA EL RESTABLECIMIENTO &#8230;&#8230;&#8230;&#8230;&#8230;..<br \/>\nDEL EQUILIBRIO CONTRACTUAL Y LA REVISI\u00d3N &#8230;..<br \/>\nDEL CONTRATO &#8230;&#8230;&#8230;&#8230;.. &#8230;&#8230;&#8230;&#8230;&#8230;&#8230;&#8230;&#8230;&#8230;&#8230;&#8230;&#8230;&#8230;&#8230;&#8230;&#8230; 205<br \/>\nA modo de conclusi\u00f3n &#8230;&#8230;&#8230;&#8230;&#8230;&#8230;&#8230;&#8230;&#8230;&#8230;&#8230;&#8230;&#8230;&#8230;&#8230;&#8230;&#8230;&#8230; 207<br \/>\nReferencias bibliogr\u00e1ficas &#8230;&#8230;&#8230;&#8230;&#8230;&#8230;&#8230;&#8230;&#8230;&#8230;&#8230;&#8230;&#8230;&#8230;. 216<\/p>\n","protected":false},"excerpt":{"rendered":"<p>Vis\u00edtanos en www.bibliotecajuridicavirtual.cl<br \/>\nEscr\u00edbenos al +56930565235 \/ <a class=\"zpeZuNgEWZXUHvjXxvENrtcVxHAUOzWxDM \" href=\"mailto:ventaslegallexglobal@gmail.com\" target=\"_self\" data-test-app-aware-link=\"\" rel=\"noopener\">ventaslegallexglobal@gmail.com<\/a><br \/>\nHacemos env\u00edos a todo Chile &#8211; Starken o Correos Chile \/ Te esperamos.<\/p>\n","protected":false},"featured_media":1918,"comment_status":"open","ping_status":"closed","template":"","meta":{"inline_featured_image":false,"_joinchat":[]},"product_brand":[],"product_cat":[27],"product_tag":[],"class_list":{"0":"post-1889","1":"product","2":"type-product","3":"status-publish","4":"has-post-thumbnail","6":"product_cat-civil","8":"first","9":"instock","10":"shipping-taxable","11":"purchasable","12":"product-type-simple"},"_links":{"self":[{"href":"https:\/\/bibliotecajuridicavirtual.cl\/index.php\/wp-json\/wp\/v2\/product\/1889","targetHints":{"allow":["GET"]}}],"collection":[{"href":"https:\/\/bibliotecajuridicavirtual.cl\/index.php\/wp-json\/wp\/v2\/product"}],"about":[{"href":"https:\/\/bibliotecajuridicavirtual.cl\/index.php\/wp-json\/wp\/v2\/types\/product"}],"replies":[{"embeddable":true,"href":"https:\/\/bibliotecajuridicavirtual.cl\/index.php\/wp-json\/wp\/v2\/comments?post=1889"}],"wp:featuredmedia":[{"embeddable":true,"href":"https:\/\/bibliotecajuridicavirtual.cl\/index.php\/wp-json\/wp\/v2\/media\/1918"}],"wp:attachment":[{"href":"https:\/\/bibliotecajuridicavirtual.cl\/index.php\/wp-json\/wp\/v2\/media?parent=1889"}],"wp:term":[{"taxonomy":"product_brand","embeddable":true,"href":"https:\/\/bibliotecajuridicavirtual.cl\/index.php\/wp-json\/wp\/v2\/product_brand?post=1889"},{"taxonomy":"product_cat","embeddable":true,"href":"https:\/\/bibliotecajuridicavirtual.cl\/index.php\/wp-json\/wp\/v2\/product_cat?post=1889"},{"taxonomy":"product_tag","embeddable":true,"href":"https:\/\/bibliotecajuridicavirtual.cl\/index.php\/wp-json\/wp\/v2\/product_tag?post=1889"}],"curies":[{"name":"wp","href":"https:\/\/api.w.org\/{rel}","templated":true}]}}