{"id":1891,"date":"2026-02-28T00:56:22","date_gmt":"2026-02-28T03:56:22","guid":{"rendered":"https:\/\/bibliotecajuridicavirtual.cl\/?post_type=product&#038;p=1891"},"modified":"2026-02-28T00:56:46","modified_gmt":"2026-02-28T03:56:46","slug":"claves-de-la-modernizacion-del-derecho-de-contratos-morales-moreno-antonio-manuel-1-edicion-ano-2016-128-pags","status":"publish","type":"product","link":"https:\/\/bibliotecajuridicavirtual.cl\/index.php\/product\/claves-de-la-modernizacion-del-derecho-de-contratos-morales-moreno-antonio-manuel-1-edicion-ano-2016-128-pags\/","title":{"rendered":"Claves de la modernizaci\u00f3n del derecho de contratos &#8211; Morales Moreno, Antonio-Manuel &#8211; 1\u00b0 Edici\u00f3n a\u00f1o 2016. 128 p\u00e1gs."},"content":{"rendered":"<p>Contenido: I. El derecho de obligaciones como parte del derecho civil. II. La modernizaci\u00f3n del derecho de obligaciones. III. La relaci\u00f3n obligatoria modelo. IV. El contrato y sus requisitos. V. La vinculaci\u00f3n contractual en el nuevo derecho de contratos. VI. El sistema de remedios del incumplimiento.<\/p>\n","protected":false},"excerpt":{"rendered":"<p>Buscas un libro Jur\u00eddico.? Lo puedes encontrar en nuestra tienda virtual.<br \/>\nContamos con prestigiosos autores y muchas alternativas en sus diferentes materias al igual que grandes descuentos.! Vis\u00edtanos en <a class=\"xEHeAoReCVFWVBfTqEralWUiaipwGujg \" href=\"https:\/\/lnkd.in\/eiAG7jdZ\" target=\"_blank\" rel=\"noopener\" data-test-app-aware-link=\"\">https:\/\/lnkd.in\/eiAG7jdZ<\/a><br \/>\nEscr\u00edbenos al +56930565235 \/ <a class=\"xEHeAoReCVFWVBfTqEralWUiaipwGujg \" href=\"mailto:ventaslegallexglobal@gmail.com\" target=\"_self\" rel=\"noopener\" data-test-app-aware-link=\"\">ventaslegallexglobal@gmail.com<\/a><br \/>\nHacemos env\u00edos a todo Chile &#8211; Starken o Correos Chile \/ Te esperamos<\/p>\n<p>&nbsp;<\/p>\n","protected":false},"featured_media":1944,"comment_status":"open","ping_status":"closed","template":"","meta":{"inline_featured_image":false,"_joinchat":[]},"product_brand":[],"product_cat":[27],"product_tag":[],"class_list":{"0":"post-1891","1":"product","2":"type-product","3":"status-publish","4":"has-post-thumbnail","6":"product_cat-civil","8":"first","9":"instock","10":"shipping-taxable","11":"purchasable","12":"product-type-simple"},"_links":{"self":[{"href":"https:\/\/bibliotecajuridicavirtual.cl\/index.php\/wp-json\/wp\/v2\/product\/1891","targetHints":{"allow":["GET"]}}],"collection":[{"href":"https:\/\/bibliotecajuridicavirtual.cl\/index.php\/wp-json\/wp\/v2\/product"}],"about":[{"href":"https:\/\/bibliotecajuridicavirtual.cl\/index.php\/wp-json\/wp\/v2\/types\/product"}],"replies":[{"embeddable":true,"href":"https:\/\/bibliotecajuridicavirtual.cl\/index.php\/wp-json\/wp\/v2\/comments?post=1891"}],"wp:featuredmedia":[{"embeddable":true,"href":"https:\/\/bibliotecajuridicavirtual.cl\/index.php\/wp-json\/wp\/v2\/media\/1944"}],"wp:attachment":[{"href":"https:\/\/bibliotecajuridicavirtual.cl\/index.php\/wp-json\/wp\/v2\/media?parent=1891"}],"wp:term":[{"taxonomy":"product_brand","embeddable":true,"href":"https:\/\/bibliotecajuridicavirtual.cl\/index.php\/wp-json\/wp\/v2\/product_brand?post=1891"},{"taxonomy":"product_cat","embeddable":true,"href":"https:\/\/bibliotecajuridicavirtual.cl\/index.php\/wp-json\/wp\/v2\/product_cat?post=1891"},{"taxonomy":"product_tag","embeddable":true,"href":"https:\/\/bibliotecajuridicavirtual.cl\/index.php\/wp-json\/wp\/v2\/product_tag?post=1891"}],"curies":[{"name":"wp","href":"https:\/\/api.w.org\/{rel}","templated":true}]}}