{"id":1892,"date":"2026-02-28T00:56:22","date_gmt":"2026-02-28T03:56:22","guid":{"rendered":"https:\/\/bibliotecajuridicavirtual.cl\/?post_type=product&#038;p=1892"},"modified":"2026-02-28T00:56:46","modified_gmt":"2026-02-28T03:56:46","slug":"del-regimen-de-las-pruebas-y-de-las-nulidades-en-el-nuevo-codigo-general-disciplinario-yate-chinome-diomedes","status":"publish","type":"product","link":"https:\/\/bibliotecajuridicavirtual.cl\/index.php\/product\/del-regimen-de-las-pruebas-y-de-las-nulidades-en-el-nuevo-codigo-general-disciplinario-yate-chinome-diomedes\/","title":{"rendered":"Del r\u00e9gimen de las pruebas y de las nulidades en el Nuevo C\u00f3digo General disciplinario &#8211; Yate Chinome, Diomedes"},"content":{"rendered":"<p><strong>Del r\u00e9gimen de las pruebas y de las nulidades en el Nuevo C\u00f3digo General disciplinario<\/strong><\/p>\n<p>Contenido: Cap\u00edtulo I. Del principio rector que ordena la investigaci\u00f3n integral disciplinaria: 1. Sinopsis de los conceptos: \u201dprincipios\u201c y \u201drectores\u201c. 2. De lo que ordena el principio rector de la investigaci\u00f3n integral. Cap\u00edtulo II. Del r\u00e9gimen de pruebas en la Ley 1952 de 2019 o C\u00f3digo General disciplinario \u2013CGD\u2013: 1. Ensayando un concepto de prueba aplicable a la potestad disciplinaria. 2. De las reglas normativas que rigen la actividad probatoria en la Ley 1952 de 2019 CGD. Cap\u00edtulo III. De los medios de prueba en particular y de la actividad probatoria en general en la Ley 1952 de 2019 \u2013CGD\u2013: 1. De los medios de prueba en particular en el CGD. Cap\u00edtulo IV. De la cl\u00e1usula de exclusi\u00f3n principio rector en el procedimiento y r\u00e9gimen de pruebas en el CGD: 1. Antecedentes legislativos de la llamada cl\u00e1usula de exclusi\u00f3n. 2. Qu\u00e9 entender por cl\u00e1usula de exclusi\u00f3n. 3. La cl\u00e1usula de exclusi\u00f3n y el debido proceso disciplinario en la jurisprudencia nacional. 4. De la prueba ilegal y de la prueba inconstitucional-violaci\u00f3n al debido proceso. 5. De los efectos de la regla de exclusi\u00f3n consagrada en el inciso final del art\u00edculo 29 constitucional y fijadas en la sentencia de unificaci\u00f3n 159 de 2002, proferida por la Corte Constitucional. 6. De los conceptos de fuente independiente, vinculo atenuado, descubrimiento o hallazgo inevitable como excepciones de las pruebas excluidas en el CGD. 7. De la cl\u00e1usula de exclusi\u00f3n y sus derivados en la jurisprudencia de la Corte Suprema de Justicia, Sala de Casaci\u00f3n penal. 8. De algunas inquietudes en la aplicaci\u00f3n de la cl\u00e1usula de exclusi\u00f3n y sus derivados para el procedimiento y pruebas en materia del derecho disciplinario. Cap\u00edtulo V. De las nulidades en la Ley 1952 de 2019 \u2013 CGD: 1. Noci\u00f3n o definici\u00f3n de nulidad. 2. Inexistencia y nulidad. 3. La especial situaci\u00f3n prevista en el art\u00edculo 29 constitucional. 4. Del criterio ecl\u00e9ctico que adopta el legislador para identificar el sistema de las nulidades en el Nuevo c\u00f3digo. 5. De las causales de nulidad en el C\u00f3digo General disciplinario. 6. De los principios que orientan la declaratoria de las nulidades y su convalidaci\u00f3n. 7. De la declaratoria oficiosa de la nulidad \u2013requisitos de la nulidad cuando la solicitud la formulan los sujetos procesales\u2013 del termino para resolver. 8. De los efectos de la declaratoria de nulidad.<\/p>\n","protected":false},"excerpt":{"rendered":"<p>1\u00b0 edici\u00f3n a\u00f1o 2020 \/ 320 p\u00e1gs. Tapa Dura<\/p>\n<p>Vis\u00edtanos en www.bibliotecajuridicavirtual.cl<br \/>\nEscr\u00edbenos al +56930565235 \/ <a class=\"zpeZuNgEWZXUHvjXxvENrtcVxHAUOzWxDM \" href=\"mailto:ventaslegallexglobal@gmail.com\" target=\"_self\" data-test-app-aware-link=\"\" rel=\"noopener\">ventaslegallexglobal@gmail.com<\/a><br \/>\nHacemos env\u00edos a todo Chile &#8211; Starken o Correos Chile \/ Te esperamos.<\/p>\n","protected":false},"featured_media":1945,"comment_status":"open","ping_status":"closed","template":"","meta":{"inline_featured_image":false,"_joinchat":[]},"product_brand":[],"product_cat":[45,39],"product_tag":[],"class_list":{"0":"post-1892","1":"product","2":"type-product","3":"status-publish","4":"has-post-thumbnail","6":"product_cat-administrativo","7":"product_cat-procesal-civil","9":"first","10":"instock","11":"shipping-taxable","12":"purchasable","13":"product-type-simple"},"_links":{"self":[{"href":"https:\/\/bibliotecajuridicavirtual.cl\/index.php\/wp-json\/wp\/v2\/product\/1892","targetHints":{"allow":["GET"]}}],"collection":[{"href":"https:\/\/bibliotecajuridicavirtual.cl\/index.php\/wp-json\/wp\/v2\/product"}],"about":[{"href":"https:\/\/bibliotecajuridicavirtual.cl\/index.php\/wp-json\/wp\/v2\/types\/product"}],"replies":[{"embeddable":true,"href":"https:\/\/bibliotecajuridicavirtual.cl\/index.php\/wp-json\/wp\/v2\/comments?post=1892"}],"wp:featuredmedia":[{"embeddable":true,"href":"https:\/\/bibliotecajuridicavirtual.cl\/index.php\/wp-json\/wp\/v2\/media\/1945"}],"wp:attachment":[{"href":"https:\/\/bibliotecajuridicavirtual.cl\/index.php\/wp-json\/wp\/v2\/media?parent=1892"}],"wp:term":[{"taxonomy":"product_brand","embeddable":true,"href":"https:\/\/bibliotecajuridicavirtual.cl\/index.php\/wp-json\/wp\/v2\/product_brand?post=1892"},{"taxonomy":"product_cat","embeddable":true,"href":"https:\/\/bibliotecajuridicavirtual.cl\/index.php\/wp-json\/wp\/v2\/product_cat?post=1892"},{"taxonomy":"product_tag","embeddable":true,"href":"https:\/\/bibliotecajuridicavirtual.cl\/index.php\/wp-json\/wp\/v2\/product_tag?post=1892"}],"curies":[{"name":"wp","href":"https:\/\/api.w.org\/{rel}","templated":true}]}}