{"id":1893,"date":"2026-02-28T00:56:22","date_gmt":"2026-02-28T03:56:22","guid":{"rendered":"https:\/\/bibliotecajuridicavirtual.cl\/?post_type=product&#038;p=1893"},"modified":"2026-02-28T00:56:47","modified_gmt":"2026-02-28T03:56:47","slug":"de-la-certidumbre-en-los-juicios-criminales-o-tratado-de-la-prueba-en-materia-penal-ellero-pietro-1-edicion-ano-2016-334-pags-pasta","status":"publish","type":"product","link":"https:\/\/bibliotecajuridicavirtual.cl\/index.php\/product\/de-la-certidumbre-en-los-juicios-criminales-o-tratado-de-la-prueba-en-materia-penal-ellero-pietro-1-edicion-ano-2016-334-pags-pasta\/","title":{"rendered":"De la certidumbre en los juicios criminales o tratado de la prueba en materia penal &#8211; Ellero, Pietro &#8211; 1\u00b0 Edici\u00f3n a\u00f1o 2016. \/ 334 p\u00e1gs. Pasta."},"content":{"rendered":"<p>Contenido: I. De las disciplinas criminales en general y especialmente de la cr\u00edtica criminal; II. De la certeza y sus especies; III. De la certeza criminal; IV. De la certeza legal; V. De los medios de certeza, en primer t\u00e9rmino, de las presunciones; VI. De la verosimilitud; VII. De las pruebas en general, y especialmente de las perfectas; VIII. De las pruebas formales y esenciales; IX. De las pruebas simples y compuestas, inmediatas y mediatas, personales y reales; X. De las pruebas internas y externas, directas e indirectas, positivas y negativas; XI. De las pruebas de inculpaci\u00f3n y de descargo, objetivas y subjetivas, intencionales y de ejecuci\u00f3n, principales y accesorias; XII. De los indicios; XIII. Del indicio de la capacidad de delinquir; XIV. Del indicio del m\u00f3vil para delinquir; XV. Del indicio de la oportunidad para delinquir; XVI. Del indicio de las huellas materiales del delito; XVII. Del indicio de las manifestaciones anteriores al delito; XVIII. Del indicio de las manifestaciones posteriores al delito; XIX. De los indicios de disculpa; XX. De la prueba indiciaria perfecta; XXI. Del testimonio; XXII. De los requisitos que dan validez al testimonio; XXIII. Del juramento de los testigos; XXIV. De la pluralidad de testigos; XXV. De los vicios que invalidan los testimonios; XXVI. De la confesi\u00f3n; XXVII. De la divisi\u00f3n de la confesi\u00f3n y de las dem\u00e1s pruebas testificales; XXVIII. De la prueba perfecta testifical; XXIX. De las pruebas reales; XXX. Del cuerpo del delito; XXXI. De la prueba real perfecta; XXXII. De los peritos; XXXIII. De la prueba pericial perfecta; XXXIV. De los documentos; XXXV. De la prueba documental externa; XXXVI. De la prueba documental interna; XXXVII. De las pruebas imperfectas; XXXVIII. Del c\u00e1lculo probatorio; XXXIX. De la prueba intencional; XL. Del juicio criminal; XLI. De los aforismos de la cr\u00edtica y de los c\u00e1nones del juicio; XLII. Del sistema cr\u00edtico adoptado y de la falibilidad de los juicios humanos.<\/p>\n","protected":false},"excerpt":{"rendered":"<p>Vis\u00edtanos en www.bibliotecajuridicavirtual.cl<br \/>\nEscr\u00edbenos al +56930565235 \/ <a class=\"zpeZuNgEWZXUHvjXxvENrtcVxHAUOzWxDM \" href=\"mailto:ventaslegallexglobal@gmail.com\" target=\"_self\" rel=\"noopener\" data-test-app-aware-link=\"\">ventaslegallexglobal@gmail.com<\/a><br \/>\nHacemos env\u00edos a todo Chile &#8211; Starken o Correos Chile \/ Te esperamos.<\/p>\n","protected":false},"featured_media":1946,"comment_status":"open","ping_status":"closed","template":"","meta":{"inline_featured_image":false,"_joinchat":[]},"product_brand":[],"product_cat":[30],"product_tag":[],"class_list":{"0":"post-1893","1":"product","2":"type-product","3":"status-publish","4":"has-post-thumbnail","6":"product_cat-penal","8":"first","9":"instock","10":"shipping-taxable","11":"purchasable","12":"product-type-simple"},"_links":{"self":[{"href":"https:\/\/bibliotecajuridicavirtual.cl\/index.php\/wp-json\/wp\/v2\/product\/1893","targetHints":{"allow":["GET"]}}],"collection":[{"href":"https:\/\/bibliotecajuridicavirtual.cl\/index.php\/wp-json\/wp\/v2\/product"}],"about":[{"href":"https:\/\/bibliotecajuridicavirtual.cl\/index.php\/wp-json\/wp\/v2\/types\/product"}],"replies":[{"embeddable":true,"href":"https:\/\/bibliotecajuridicavirtual.cl\/index.php\/wp-json\/wp\/v2\/comments?post=1893"}],"wp:featuredmedia":[{"embeddable":true,"href":"https:\/\/bibliotecajuridicavirtual.cl\/index.php\/wp-json\/wp\/v2\/media\/1946"}],"wp:attachment":[{"href":"https:\/\/bibliotecajuridicavirtual.cl\/index.php\/wp-json\/wp\/v2\/media?parent=1893"}],"wp:term":[{"taxonomy":"product_brand","embeddable":true,"href":"https:\/\/bibliotecajuridicavirtual.cl\/index.php\/wp-json\/wp\/v2\/product_brand?post=1893"},{"taxonomy":"product_cat","embeddable":true,"href":"https:\/\/bibliotecajuridicavirtual.cl\/index.php\/wp-json\/wp\/v2\/product_cat?post=1893"},{"taxonomy":"product_tag","embeddable":true,"href":"https:\/\/bibliotecajuridicavirtual.cl\/index.php\/wp-json\/wp\/v2\/product_tag?post=1893"}],"curies":[{"name":"wp","href":"https:\/\/api.w.org\/{rel}","templated":true}]}}