{"id":1895,"date":"2026-02-28T00:56:22","date_gmt":"2026-02-28T03:56:22","guid":{"rendered":"https:\/\/bibliotecajuridicavirtual.cl\/?post_type=product&#038;p=1895"},"modified":"2026-02-28T00:56:50","modified_gmt":"2026-02-28T03:56:50","slug":"tratado-de-derecho-conyugal-jorge-del-pico-rubio-tomo-i-2-edicion-ano-2024-380-pag","status":"publish","type":"product","link":"https:\/\/bibliotecajuridicavirtual.cl\/index.php\/product\/tratado-de-derecho-conyugal-jorge-del-pico-rubio-tomo-i-2-edicion-ano-2024-380-pag\/","title":{"rendered":"Tratado de Derecho Conyugal &#8211; Jorge del Pic\u00f3 Rubio &#8211; tomo I &#8211; 2\u00b0 Edici\u00f3n a\u00f1o 2024 &#8211; 380 P\u00e1g."},"content":{"rendered":"<p class=\"thomsonreuterscl-dynamic-description-0-x-dynamicDescriptionItem\">Al cumplirse 20 a\u00f1os desde la entrada en vigor de la Ley N\u00b0 19.947, sobre Matrimonio Civil, ve la luz esta segunda edici\u00f3n del Tratado de Derecho Conyugal, editado por primera vez en 2019, cuyo objetivo es analizar la relaci\u00f3n sexoafectiva y su ordenaci\u00f3n social realizada por el derecho.<\/p>\n<p class=\"thomsonreuterscl-dynamic-description-0-x-dynamicDescriptionItem\">Esta nueva versi\u00f3n, actualizada y aumentada, a diferencia de la anterior se materializa en dos tomos cuya sistematizaci\u00f3n es igualmente innovadora en el campo del derecho de familia, al tratar separadamente la fundamentaci\u00f3n general del derecho conyugal y el an\u00e1lisis espec\u00edfico de la legislaci\u00f3n civil sobre el matrimonio y el acuerdo de uni\u00f3n civil.<\/p>\n<p class=\"thomsonreuterscl-dynamic-description-0-x-dynamicDescriptionItem\">El Tomo I proporciona una completa descripci\u00f3n anal\u00edtica de los fundamentos multidisciplinarios del derecho conyugal, partiendo desde la consideraci\u00f3n jur\u00eddica de la persona en su relaci\u00f3n sexoafectiva de pareja, para luego analizar las fuentes materiales y sus fundamentos interdisciplinarios, profundizando en la recepci\u00f3n jur\u00eddica de las relaciones sexoafectivas.<\/p>\n<p class=\"thomsonreuterscl-dynamic-description-0-x-dynamicDescriptionItem\">El Tomo II est\u00e1 dedicado \u00edntegramente al derecho conyugal chileno, comprendiendo un an\u00e1lisis separado del derecho matrimonial y del r\u00e9gimen convivencial (AUC), asumidos como la recepci\u00f3n positiva legal de la relaci\u00f3n afectiva y sexual de la pareja en el derecho civil chileno. Comprende un detallado estudio del matrimonio legal, sus antecedentes hist\u00f3ricos, sus fuentes formales y materiales, los principios que informan sus institutos, un an\u00e1lisis integral de su dimensi\u00f3n como acto jur\u00eddico y como estado, y el r\u00e9gimen de su extinci\u00f3n.<\/p>\n<p class=\"thomsonreuterscl-dynamic-description-0-x-dynamicDescriptionItem\">Cabe destacar, como un aporte distintivo de la obra, el an\u00e1lisis de la normatividad que ordena las relaciones conyugales, considerando tanto el influjo hist\u00f3rico como el que a\u00fan persiste en nuestros d\u00edas de la religi\u00f3n y de la moral social dominante. Asimismo, la inclusi\u00f3n de cap\u00edtulos desarrollados por dos acad\u00e9micas, dos acad\u00e9micos y una profesional del \u00e1rea de las comunicaciones, cuyo aporte especializado altamente destacado, enriquece ostensiblemente esta obra.<\/p>\n<p class=\"thomsonreuterscl-dynamic-description-0-x-dynamicDescriptionItem\">Doctor en Derecho de la Universidad de Zaragoza. Profesor de Derecho Civil y Ciencias del Derecho en la Universidad de Talca. Profesor del Mag\u00edster en Derecho y del Doctorado en Derecho de la Universidad de Talca. Ha sido asesor en Derecho de Familia del Ministerio de Justicia. Es autor de la monograf\u00eda Derecho Matrimonial Chileno (1\u00aa y 2\u00aa ediciones), director de la obra colectiva Derecho de Familia y editor de la Compilaci\u00f3n de Normas de Derecho de Familia, todas publicadas por esta misma editorial.<\/p>\n<p class=\"thomsonreuterscl-dynamic-description-0-x-dynamicDescriptionItem\">Asimismo, ha escrito diversos art\u00edculos publicados en revistas especializadas nacionales y extranjeras. Es miembro de la Academia Iberoamericana de Derecho de Familia y de las Personas, e integrante del consorcio de universidades organizador de las Jornadas Nacionales de Derecho de Familia.<\/p>\n<p class=\"IG_1\" lang=\"es-ES\">Presentaci\u00f3n general<\/p>\n<p class=\"IG_CapituloNumero\" lang=\"es-ES\">Cap\u00edtulo I<\/p>\n<p class=\"IG_Capitulo\" lang=\"es-ES\">Introducci\u00f3n General<\/p>\n<p class=\"IG_1\" lang=\"es-ES\">1. En torno a una denominaci\u00f3n<\/p>\n<p class=\"IG_1\" lang=\"es-ES\">2. En torno al derecho de familia<\/p>\n<p class=\"IG_1\" lang=\"es-ES\">3. En torno al derecho de la pareja. La pareja afectivamente motivada como referencia b\u00e1sica en los institutos del derecho de familia<\/p>\n<p class=\"IG_1\" lang=\"es-ES\">4. En torno a un tema: posici\u00f3n preliminar del autor<\/p>\n<p class=\"IG_1\" lang=\"es-ES\">5. Plan de la obra<\/p>\n<p class=\"IG_CapituloNumero\" lang=\"es-ES\">Cap\u00edtulo II<\/p>\n<p class=\"IG_Capitulo\" lang=\"es-ES\">Estudio preliminar. Tres aproximaciones a las nuevas bases del Derecho de Familia<\/p>\n<p class=\"IG_1\" lang=\"es-ES\">1. Introducci\u00f3n<\/p>\n<p class=\"IG_1\" lang=\"es-ES\">2. Sujetos intervinientes en las relaciones de familia jur\u00eddicamente reguladas<\/p>\n<p class=\"IG_1\" lang=\"es-ES\">3. Decadencia del fundamento moral dogm\u00e1tico en el Derecho de familia<\/p>\n<p class=\"IG_1\" lang=\"es-ES\">4. Justificaci\u00f3n social y jur\u00eddica de la intervenci\u00f3n estatal en el r\u00e9gimen de las relaciones de familia<\/p>\n<p class=\"IG_1\" lang=\"es-ES\">5. Enunciado preliminar de los elementos distintivos de un nuevo Derecho de Familia<\/p>\n<p class=\"IG_CapituloNumero\" lang=\"es-ES\">Cap\u00edtulo III<\/p>\n<p class=\"IG_Capitulo\" lang=\"es-ES\">Persona, pareja y familia<\/p>\n<p class=\"IG_1\" lang=\"es-ES\">1. El concepto de familia y los problemas de su delimitaci\u00f3n<\/p>\n<p class=\"IG_1\" lang=\"es-ES\">2. Funciones de la familia<\/p>\n<p class=\"IG_1\" lang=\"es-ES\">3. Evoluci\u00f3n de las concepciones sociales predominantes sobre la familia<\/p>\n<p class=\"IG_1\" lang=\"es-ES\">4. Familia y matrimonio<\/p>\n<p class=\"IG_1\" lang=\"es-ES\">5. La estructura familiar y una aproximaci\u00f3n a la familia nuclear contempor\u00e1nea y sus caracter\u00edsticas<\/p>\n<p class=\"IG_CapituloNumero\" lang=\"es-ES\">Cap\u00edtulo IV<\/p>\n<p class=\"IG_Capitulo\" lang=\"es-ES\">La persona humana y sus dimensiones relacionales<\/p>\n<p class=\"IG_1\" lang=\"es-ES\">1. La persona ante el derecho. Concepto y definici\u00f3n de persona. Breve referencia a los atributos de la personalidad en las personas naturales<\/p>\n<p class=\"IG_1\" lang=\"es-ES\">2. Identidad personal<\/p>\n<p class=\"IG_1\" lang=\"es-ES\">3. G\u00e9nero<\/p>\n<p class=\"IG_1\" lang=\"es-ES\">4. La persona en tres dimensiones relacionales<\/p>\n<p class=\"IG_CapituloNumero\" lang=\"es-ES\">Cap\u00edtulo V<\/p>\n<p class=\"IG_Capitulo\" lang=\"es-ES\">La relaci\u00f3n sexoafectiva y las normas sociales<\/p>\n<p class=\"IG_1\" lang=\"es-ES\">1. El orden normado de las relaciones afectivas en la sociedad<\/p>\n<p class=\"IG_1\" lang=\"es-ES\">2. Las normas sociales. Tipos y diferencias<\/p>\n<p class=\"IG_1\" lang=\"es-ES\">3. La dimensi\u00f3n p\u00fablica y privada de la vida personal. Sociedad, Estado, familia y comunidad<\/p>\n<p class=\"IG_1\" lang=\"es-ES\">4. La relaci\u00f3n sexoafectiva en perspectiva moral<\/p>\n<p class=\"IG_1\" lang=\"es-ES\">5. La relaci\u00f3n sexoafectiva en perspectiva religiosa<\/p>\n<p class=\"IG_1\" lang=\"es-ES\">6. La relaci\u00f3n sexoafectiva en perspectiva jur\u00eddica<\/p>\n<p class=\"IG_1\" lang=\"es-ES\">7. Sobre la procedencia de la objeci\u00f3n de conciencia en relaci\u00f3n con el r\u00e9gimen legal de la relaci\u00f3n sexoafectiva<\/p>\n<p class=\"IG_CapituloNumero\" lang=\"es-ES\">Cap\u00edtulo VI<\/p>\n<p class=\"IG_Capitulo\" lang=\"es-ES\">Persona y afectividad<\/p>\n<p class=\"IG_1\" lang=\"es-ES\">1. Los v\u00ednculos afectivos de pareja en perspectiva jur\u00eddica<\/p>\n<p class=\"IG_1\" lang=\"es-ES\">2. Relacionalidad afectiva, moral y derecho<\/p>\n<p class=\"IG_1\" lang=\"es-ES\">3. Concepto de afectividad y definici\u00f3n de su contenido<\/p>\n<p class=\"IG_1\" lang=\"es-ES\">4. Motivaci\u00f3n afectiva y derecho<\/p>\n<p class=\"IG_1\" lang=\"es-ES\">5. Motivaci\u00f3n afectiva y definici\u00f3n jur\u00eddica de matrimonio<\/p>\n<p class=\"IG_CapituloNumero\" lang=\"es-ES\">Cap\u00edtuloVII<\/p>\n<p class=\"IG_Capitulo\" lang=\"es-ES\">Persona y sexualidad<\/p>\n<p class=\"IG_1\" lang=\"es-ES\">1. Sexualidad: conceptos fundamentales<\/p>\n<p class=\"IG_1\" lang=\"es-ES\">2. Significaci\u00f3n social de la sexualidad y su evoluci\u00f3n en la sociedad contempor\u00e1nea<\/p>\n<p class=\"IG_1\" lang=\"es-ES\">3. El erotismo como significaci\u00f3n personal de la sexualidad<\/p>\n<p class=\"IG_1\" lang=\"es-ES\">4. Aproximaci\u00f3n a una perspectiva sint\u00e9tica sobre la sexualidad<\/p>\n<p class=\"IG_1\" lang=\"es-ES\">5. Tendencias contempor\u00e1neas relevantes respecto de la imbricaci\u00f3n de sexualidad y afectividad<\/p>\n<p class=\"IG_1\" lang=\"es-ES\">6. Homosexualidad<\/p>\n<p class=\"IG_1\" lang=\"es-ES\">7. Identidad personal, sexo y g\u00e9nero<\/p>\n<p class=\"IG_1\" lang=\"es-ES\">8. Transexualidad<\/p>\n<p class=\"IG_CapituloNumero\" lang=\"es-ES\">Cap\u00edtulo VIII<\/p>\n<p class=\"IG_Capitulo\" lang=\"es-ES\">Persona y alianza. Las relaciones sexoafectivas y la sociedad contempor\u00e1nea. Recepci\u00f3n jur\u00eddica de las relaciones de alianza<\/p>\n<p class=\"IG_1\" lang=\"es-ES\">1. Relaci\u00f3n sexoafectiva interpersonal, sociedad y derecho<\/p>\n<p class=\"IG_1\" lang=\"es-ES\">2. Tipos de relaci\u00f3n en la sociedad occidental<\/p>\n<p class=\"IG_1\" lang=\"es-ES\">3. Las uniones de hecho<\/p>\n<p class=\"IG_1\" lang=\"es-ES\">4. Las uniones civiles<\/p>\n<p class=\"IG_1\" lang=\"es-ES\">5. Derecho sancionatorio<\/p>\n<p class=\"IG_CapituloNumero\" lang=\"es-ES\">Cap\u00edtulo IX<\/p>\n<p class=\"IG_Capitulo\" lang=\"es-ES\">La uni\u00f3n afectivo-sexual, la religi\u00f3n y el derecho<\/p>\n<p class=\"IG_1\" lang=\"es-ES\">1. Las uniones de pareja ante las comunidades religiosas. La concepci\u00f3n religiosa sobre el matrimonio<\/p>\n<p class=\"IG_1\" lang=\"es-ES\">2. Uniones sexoafectivas en la religi\u00f3n cristiana. El matrimonio religioso y las distintas visiones dentro de la religi\u00f3n cristiana<\/p>\n<p class=\"IG_1\" lang=\"es-ES\">3. El matrimonio en la Iglesia cat\u00f3lica<\/p>\n<p class=\"IG_1\" lang=\"es-ES\">4. La uni\u00f3n de pareja y el matrimonio en el juda\u00edsmo<\/p>\n<p class=\"IG_1\" lang=\"es-ES\">5. El matrimonio musulm\u00e1n<\/p>\n<p class=\"IG_1\" lang=\"es-ES\">6. Sistemas matrimoniales<\/p>\n<p class=\"IG_CapituloNumero\" lang=\"es-ES\">Cap\u00edtulo X<\/p>\n<p class=\"IG_Capitulo\" lang=\"es-ES\">El matrimonio. Significado social y recepci\u00f3n jur\u00eddica<\/p>\n<p class=\"IG_1\" lang=\"es-ES\">1. El matrimonio en perspectiva interdisciplinaria<\/p>\n<p class=\"IG_1\" lang=\"es-ES\">2. Concepto de matrimonio<\/p>\n<p class=\"IG_1\" lang=\"es-ES\">3. Naturaleza jur\u00eddica del matrimonio<\/p>\n<p class=\"IG_1\" lang=\"es-ES\">4. Perspectivas contempor\u00e1neas sobre el matrimonio<\/p>\n<p class=\"IG_1\" lang=\"es-ES\">5. Algunos problemas te\u00f3ricos y pr\u00e1cticos contempor\u00e1neos en relaci\u00f3n con el matrimonio. El matrimonio entre personas del mismo sexo<\/p>\n<p class=\"IG_1\" lang=\"es-ES\">6. Algunos problemas te\u00f3ricos y pr\u00e1cticos contempor\u00e1neos en relaci\u00f3n con el matrimonio. El matrimonio simulado por conveniencia, matrimonio notarial<\/p>\n<p class=\"IG_CapituloNumero\" lang=\"es-ES\">Cap\u00edtulo XI<\/p>\n<p class=\"IG_Capitulo\" lang=\"es-ES\">El matrimonio como acto jur\u00eddico<\/p>\n<p class=\"IG_1\" lang=\"es-ES\">1. Pacto conyugal y estado matrimonial<\/p>\n<p class=\"IG_1\" lang=\"es-ES\">2. Elementos del matrimonio<\/p>\n<p class=\"IG_1\" lang=\"es-ES\">3. Propiedades del matrimonio<\/p>\n<p class=\"IG_1\" lang=\"es-ES\">4. Fines del matrimonio<\/p>\n<p class=\"IG_1\" lang=\"es-ES\">5. La motivaci\u00f3n del matrimonio y su recepci\u00f3n jur\u00eddica<\/p>\n<p class=\"IG_1\" lang=\"es-ES\">6. Requisitos del matrimonio<\/p>\n<p class=\"IG_1\" lang=\"es-ES\">7. Promesa de matrimonio y pactos prenupciales<\/p>\n<p class=\"IG_CapituloNumero\" lang=\"es-ES\">Cap\u00edtulo XII<\/p>\n<p class=\"IG_Capitulo\" lang=\"es-ES\">El estado matrimonial<\/p>\n<p class=\"IG_1\" lang=\"es-ES\">1. La formaci\u00f3n de la comunidad de vida y el modelo de familia matrimonial<\/p>\n<p class=\"IG_1\" lang=\"es-ES\">2. El cumplimiento de los fines y la observancia de los deberes conyugales<\/p>\n<p class=\"IG_1\" lang=\"es-ES\">3. La econom\u00eda de la comunidad matrimonial<\/p>\n<p class=\"IG_1\" lang=\"es-ES\">4. Momento cr\u00edtico del matrimonio como estado<\/p>\n<p class=\"IG_1\" lang=\"es-ES\">5. Separaci\u00f3n matrimonial<\/p>\n<p class=\"IG_CapituloNumero\" lang=\"es-ES\">Cap\u00edtulo XIII<\/p>\n<p class=\"IG_Capitulo\" lang=\"es-ES\">Extinci\u00f3n del v\u00ednculo de pareja y su recepci\u00f3n jur\u00eddica<\/p>\n<p class=\"IG_1\" lang=\"es-ES\">1. La ruptura definitiva del v\u00ednculo conyugal y su regulaci\u00f3n jur\u00eddica<\/p>\n<p class=\"IG_1\" lang=\"es-ES\">2. R\u00e9gimen legal de la terminaci\u00f3n del v\u00ednculo conyugal<\/p>\n<p class=\"IG_1\" lang=\"es-ES\">3. El divorcio<\/p>\n<p class=\"IG_1\" lang=\"es-ES\">4. Paliativos jur\u00eddicos de los efectos adversos de la terminaci\u00f3n del v\u00ednculo conyugal<\/p>\n<p class=\"IG_1\" lang=\"es-ES\"><span class=\"CharOverride-1\" lang=\"\">B<\/span>ibliograf\u00eda<\/p>\n<p class=\"IG_1\" lang=\"es-ES\">Publicaciones peri\u00f3dicas<\/p>\n<p class=\"IG_1\" lang=\"es-ES\">Fuentes documentales<\/p>\n<p class=\"IG_CapituloNumero\" lang=\"es-ES\">Anexo<\/p>\n","protected":false},"excerpt":{"rendered":"<p>Vis\u00edtanos en www.bibliotecajuridicavirtual.cl<br \/>\nEscr\u00edbenos al +56930565235 \/ <a class=\"pTSsSJsLzRLkMbyTaIxqYJTfuyzbqtZqJVgQ \" href=\"mailto:ventaslegallexglobal@gmail.com\" target=\"_self\" rel=\"noopener\" data-test-app-aware-link=\"\">ventaslegallexglobal@gmail.com<\/a><br \/>\nHacemos env\u00edos a todo Chile &#8211; Starken o Correos Chile \/ Te esperamos.<\/p>\n","protected":false},"featured_media":1948,"comment_status":"open","ping_status":"closed","template":"","meta":{"inline_featured_image":false,"_joinchat":[]},"product_brand":[],"product_cat":[29],"product_tag":[],"class_list":{"0":"post-1895","1":"product","2":"type-product","3":"status-publish","4":"has-post-thumbnail","6":"product_cat-familia-y-del-menor","8":"first","9":"instock","10":"shipping-taxable","11":"purchasable","12":"product-type-simple"},"_links":{"self":[{"href":"https:\/\/bibliotecajuridicavirtual.cl\/index.php\/wp-json\/wp\/v2\/product\/1895","targetHints":{"allow":["GET"]}}],"collection":[{"href":"https:\/\/bibliotecajuridicavirtual.cl\/index.php\/wp-json\/wp\/v2\/product"}],"about":[{"href":"https:\/\/bibliotecajuridicavirtual.cl\/index.php\/wp-json\/wp\/v2\/types\/product"}],"replies":[{"embeddable":true,"href":"https:\/\/bibliotecajuridicavirtual.cl\/index.php\/wp-json\/wp\/v2\/comments?post=1895"}],"wp:featuredmedia":[{"embeddable":true,"href":"https:\/\/bibliotecajuridicavirtual.cl\/index.php\/wp-json\/wp\/v2\/media\/1948"}],"wp:attachment":[{"href":"https:\/\/bibliotecajuridicavirtual.cl\/index.php\/wp-json\/wp\/v2\/media?parent=1895"}],"wp:term":[{"taxonomy":"product_brand","embeddable":true,"href":"https:\/\/bibliotecajuridicavirtual.cl\/index.php\/wp-json\/wp\/v2\/product_brand?post=1895"},{"taxonomy":"product_cat","embeddable":true,"href":"https:\/\/bibliotecajuridicavirtual.cl\/index.php\/wp-json\/wp\/v2\/product_cat?post=1895"},{"taxonomy":"product_tag","embeddable":true,"href":"https:\/\/bibliotecajuridicavirtual.cl\/index.php\/wp-json\/wp\/v2\/product_tag?post=1895"}],"curies":[{"name":"wp","href":"https:\/\/api.w.org\/{rel}","templated":true}]}}