{"id":1922,"date":"2026-02-28T00:56:44","date_gmt":"2026-02-28T03:56:44","guid":{"rendered":"https:\/\/bibliotecajuridicavirtual.cl\/?post_type=product&#038;p=1922"},"modified":"2026-02-28T00:56:52","modified_gmt":"2026-02-28T03:56:52","slug":"la-nulidad-de-los-actos-juridicos-consideraciones-historicas-y-dogmaticas-jorge-barahona-gonzalez","status":"publish","type":"product","link":"https:\/\/bibliotecajuridicavirtual.cl\/index.php\/product\/la-nulidad-de-los-actos-juridicos-consideraciones-historicas-y-dogmaticas-jorge-barahona-gonzalez\/","title":{"rendered":"La Nulidad de los Actos Jur\u00eddicos. Consideraciones Hist\u00f3ricas y Dogm\u00e1ticas &#8211; Jorge Barahona Gonz\u00e1lez"},"content":{"rendered":"<p><strong>La nulidad de los actos jur\u00eddicos. Consideraciones hist\u00f3ricas y dogm\u00e1ticas<\/strong><\/p>\n<p>Contenido: Cap\u00edtulo Primero. Una aproximaci\u00f3n hist\u00f3rica acerca de la nulidad en el Derecho privado: 1. El Derecho romano; 2. El Derecho medieval; 3. La nulidad en el C\u00f3digo civil franc\u00e9s; 4. La nulidad en Chile. Cap\u00edtulo Segundo. La inexistencia jur\u00eddica: 1. El origen dogm\u00e1tico de la doctrina de la inexistencia; 2. El r\u00e9gimen; 3. Una perspectiva diferente: la cuesti\u00f3n de la apariencia; 4. Apariencia y certeza jur\u00eddica. Cap\u00edtulo Tercero. Funci\u00f3n y objeto de la nulidad en el C\u00f3digo Civil: 1. Funci\u00f3n de la nulidad en el C\u00f3digo Civil; 2. Fin u objeto. Cap\u00edtulo Cuarto. La nulidad absoluta: 1. Aproximaci\u00f3n; 2. Un peque\u00f1o excurso hist\u00f3rico; 3. Funciones que puede cumplir la sentencia que declara un acto nulo, de nulidad absoluta; 4. El problema del saneamiento de la acci\u00f3n de nulidad por el transcurso del tiempo; 5. Otros argumentos complementarios; 6. El derecho comparado: nulidad y anulabilidad. Cap\u00edtulo Quinto. La nulidad relativa: 1. Sobre el t\u00e9rmino rescisi\u00f3n; 2. Acto o contrato cuyas obligaciones no se han cumplido; 3. Acto o contrato cuyas obligaciones se han cumplido. Cap\u00edtulo Sexto. La conversi\u00f3n del acto nulo. Cap\u00edtulo S\u00e9ptimo. Nulidad total y la nulidad parcial; Cap\u00edtulo Octavo. La nulidad y el derecho a pedir da\u00f1os y perjuicios: 1. Aproximaci\u00f3n general; 2. La anulatoria, restitutoria y resarcitoria o indemnizatoria; 3. La tutela anulatoria e indemnizatoria: su compatibilidad; 4. Naturaleza de la responsabilidad. Cap\u00edtulo Noveno. La nulidad de los actos administrativos y la nulidad del C\u00f3digo Civil: 1. Explicaci\u00f3n del problema y la tesis que se plantea: el fundamento es el mismo; 2. La denominada nulidad de Derecho p\u00fablico: explicaci\u00f3n breve de sus premisas; 3. El r\u00e9gimen propuesto para ambos sistemas de nulidad: convergencias y divergencias; 4. Las consecuencias del acto nulo: la manera en que opera la nulidad; 5. Los efectos; 6. Hacia un r\u00e9gimen unificado; 7. La cuesti\u00f3n de inexistencia de los actos administrativos. Anexos: Anexo I. C\u00f3digo Civil chileno (Normas relevantes sobre nulidad); Anexo II. Tribunales de justicia chilenos (Fallos sobre nulidad).<\/p>\n","protected":false},"excerpt":{"rendered":"<p>1\u00b0 edici\u00f3n a\u00f1o 2012 \/ 200 p\u00e1gs. Tapa dura<\/p>\n<p>Vis\u00edtanos en www.bibliotecajuridicavirtual.cl<br \/>\nEscr\u00edbenos al +56930565235 \/ <a class=\"pTSsSJsLzRLkMbyTaIxqYJTfuyzbqtZqJVgQ \" href=\"mailto:ventaslegallexglobal@gmail.com\" target=\"_self\" rel=\"noopener\" data-test-app-aware-link=\"\">ventaslegallexglobal@gmail.com<\/a><br \/>\nHacemos env\u00edos a todo Chile &#8211; Starken o Correos Chile \/ Te esperamos.<\/p>\n","protected":false},"featured_media":1952,"comment_status":"open","ping_status":"closed","template":"","meta":{"inline_featured_image":false,"_joinchat":[]},"product_brand":[],"product_cat":[45,27],"product_tag":[],"class_list":{"0":"post-1922","1":"product","2":"type-product","3":"status-publish","4":"has-post-thumbnail","6":"product_cat-administrativo","7":"product_cat-civil","9":"first","10":"instock","11":"shipping-taxable","12":"purchasable","13":"product-type-simple"},"_links":{"self":[{"href":"https:\/\/bibliotecajuridicavirtual.cl\/index.php\/wp-json\/wp\/v2\/product\/1922","targetHints":{"allow":["GET"]}}],"collection":[{"href":"https:\/\/bibliotecajuridicavirtual.cl\/index.php\/wp-json\/wp\/v2\/product"}],"about":[{"href":"https:\/\/bibliotecajuridicavirtual.cl\/index.php\/wp-json\/wp\/v2\/types\/product"}],"replies":[{"embeddable":true,"href":"https:\/\/bibliotecajuridicavirtual.cl\/index.php\/wp-json\/wp\/v2\/comments?post=1922"}],"wp:featuredmedia":[{"embeddable":true,"href":"https:\/\/bibliotecajuridicavirtual.cl\/index.php\/wp-json\/wp\/v2\/media\/1952"}],"wp:attachment":[{"href":"https:\/\/bibliotecajuridicavirtual.cl\/index.php\/wp-json\/wp\/v2\/media?parent=1922"}],"wp:term":[{"taxonomy":"product_brand","embeddable":true,"href":"https:\/\/bibliotecajuridicavirtual.cl\/index.php\/wp-json\/wp\/v2\/product_brand?post=1922"},{"taxonomy":"product_cat","embeddable":true,"href":"https:\/\/bibliotecajuridicavirtual.cl\/index.php\/wp-json\/wp\/v2\/product_cat?post=1922"},{"taxonomy":"product_tag","embeddable":true,"href":"https:\/\/bibliotecajuridicavirtual.cl\/index.php\/wp-json\/wp\/v2\/product_tag?post=1922"}],"curies":[{"name":"wp","href":"https:\/\/api.w.org\/{rel}","templated":true}]}}