{"id":1923,"date":"2026-02-28T00:56:44","date_gmt":"2026-02-28T03:56:44","guid":{"rendered":"https:\/\/bibliotecajuridicavirtual.cl\/?post_type=product&#038;p=1923"},"modified":"2026-02-28T00:56:52","modified_gmt":"2026-02-28T03:56:52","slug":"responsabilidad-civil-y-negocio-juridico-tendencias-del-derecho-contemporaneo-echeverri-uruburu-alvaro","status":"publish","type":"product","link":"https:\/\/bibliotecajuridicavirtual.cl\/index.php\/product\/responsabilidad-civil-y-negocio-juridico-tendencias-del-derecho-contemporaneo-echeverri-uruburu-alvaro\/","title":{"rendered":"Responsabilidad Civil y Negocio Jur\u00eddico. Tendencias del Derecho contempor\u00e1neo &#8211; Echeverri Uruburu, \u00c1lvaro"},"content":{"rendered":"<p><strong>Responsabilidad civil y negocio jur\u00eddico. Tendencias del Derecho contempor\u00e1neo<\/strong><\/p>\n<p>Contenido: Parte I. Contratos y teor\u00eda del negocio jur\u00eddico: La constitucionalizaci\u00f3n de la buena fe contractual: perspectivas para la seguridad negocial. Autonom\u00eda privada. El contrato: \u00bflibertad o poder?. Oferta y aceptaci\u00f3n nacional e internacional. Formaci\u00f3n del consentimiento. La forma del contrato.\u00a0<em>La consideration<\/em>: problemas con las promesas en el\u00a0<em>common law<\/em>. Contratos de colaboraci\u00f3n empresarial. Nuevas regulaciones contractuales en el sector energ\u00e9tico. La acci\u00f3n ejecutiva derivada del contrato de seguro. Parte II. Derecho de da\u00f1os y responsabilidad: El principio de reparaci\u00f3n integral del da\u00f1o en el Derecho contempor\u00e1neo. \u00daltimas tendencias de la jurisprudencia civil frente al da\u00f1o a la vida de relaci\u00f3n. Dificultades de la prueba del nexo causal ante la p\u00e9rdida de chance. Incumplimiento en la compraventa. El r\u00e9gimen en las cl\u00e1usulas abusivas y la protecci\u00f3n para las partes consumidora y comerciante. Cl\u00e1usulas restrictivas de responsabilidad: un acercamiento a sus principales problem\u00e1ticas. Principales problemas generados por las acciones populares y de grupo en relaci\u00f3n con la instituci\u00f3n de la cosa juzgada. Visi\u00f3n de la jurisprudencia de la Corte Suprema de Justicia de Colombia en torno a la responsabilidad civil. Parte III. De las responsabilidades especiales: La responsabilidad de constructor. La responsabilidad civil de terceros. La responsabilidad de las partes con relaci\u00f3n a los terceros en caso de incumplimiento. El da\u00f1o en la era del ciberespacio. Obligaciones de informaci\u00f3n en el Derecho m\u00e9dico. Presente y futuro de la responsabilidad m\u00e9dica. Realidades y tendencias en materia de distribuci\u00f3n de la carga de la prueba: su flexibilizaci\u00f3n en el Derecho contempor\u00e1neo y su incidencia en la responsabilidad m\u00e9dica. Derechos fundamentales y su responsabilidad patrimonial. La responsabilidad del productor: una revisi\u00f3n de su desarrollo en el siglo XXI.<\/p>\n","protected":false},"excerpt":{"rendered":"<p>1\u00b0 edici\u00f3n a\u00f1o 2013 \/ 584 p\u00e1gs. Tapa dura<\/p>\n<p>Vis\u00edtanos en www.bibliotecajuridicavirtual.cl<br \/>\nEscr\u00edbenos al +56930565235 \/ <a class=\"pTSsSJsLzRLkMbyTaIxqYJTfuyzbqtZqJVgQ \" href=\"mailto:ventaslegallexglobal@gmail.com\" target=\"_self\" data-test-app-aware-link=\"\" rel=\"noopener\">ventaslegallexglobal@gmail.com<\/a><br \/>\nHacemos env\u00edos a todo Chile &#8211; Starken o Correos Chile \/ Te esperamos.<\/p>\n","protected":false},"featured_media":1953,"comment_status":"open","ping_status":"closed","template":"","meta":{"inline_featured_image":false,"_joinchat":[]},"product_brand":[],"product_cat":[27],"product_tag":[],"class_list":{"0":"post-1923","1":"product","2":"type-product","3":"status-publish","4":"has-post-thumbnail","6":"product_cat-civil","8":"first","9":"instock","10":"shipping-taxable","11":"purchasable","12":"product-type-simple"},"_links":{"self":[{"href":"https:\/\/bibliotecajuridicavirtual.cl\/index.php\/wp-json\/wp\/v2\/product\/1923","targetHints":{"allow":["GET"]}}],"collection":[{"href":"https:\/\/bibliotecajuridicavirtual.cl\/index.php\/wp-json\/wp\/v2\/product"}],"about":[{"href":"https:\/\/bibliotecajuridicavirtual.cl\/index.php\/wp-json\/wp\/v2\/types\/product"}],"replies":[{"embeddable":true,"href":"https:\/\/bibliotecajuridicavirtual.cl\/index.php\/wp-json\/wp\/v2\/comments?post=1923"}],"wp:featuredmedia":[{"embeddable":true,"href":"https:\/\/bibliotecajuridicavirtual.cl\/index.php\/wp-json\/wp\/v2\/media\/1953"}],"wp:attachment":[{"href":"https:\/\/bibliotecajuridicavirtual.cl\/index.php\/wp-json\/wp\/v2\/media?parent=1923"}],"wp:term":[{"taxonomy":"product_brand","embeddable":true,"href":"https:\/\/bibliotecajuridicavirtual.cl\/index.php\/wp-json\/wp\/v2\/product_brand?post=1923"},{"taxonomy":"product_cat","embeddable":true,"href":"https:\/\/bibliotecajuridicavirtual.cl\/index.php\/wp-json\/wp\/v2\/product_cat?post=1923"},{"taxonomy":"product_tag","embeddable":true,"href":"https:\/\/bibliotecajuridicavirtual.cl\/index.php\/wp-json\/wp\/v2\/product_tag?post=1923"}],"curies":[{"name":"wp","href":"https:\/\/api.w.org\/{rel}","templated":true}]}}