{"id":1924,"date":"2026-02-28T00:56:44","date_gmt":"2026-02-28T03:56:44","guid":{"rendered":"https:\/\/bibliotecajuridicavirtual.cl\/?post_type=product&#038;p=1924"},"modified":"2026-02-28T00:56:53","modified_gmt":"2026-02-28T03:56:53","slug":"curso-sobre-fiscalizacion-tributaria-parte-general-actualizado-con-la-ley-n-21-713-gonzalo-falcon-romero-actualizado-a-nov-ano-2024-366-pag","status":"publish","type":"product","link":"https:\/\/bibliotecajuridicavirtual.cl\/index.php\/product\/curso-sobre-fiscalizacion-tributaria-parte-general-actualizado-con-la-ley-n-21-713-gonzalo-falcon-romero-actualizado-a-nov-ano-2024-366-pag\/","title":{"rendered":"Curso sobre Fiscalizaci\u00f3n Tributaria &#8211; Parte General &#8211; Actualizado con la Ley N\u00b0 21.713 &#8211; Gonzalo Falc\u00f3n Romero, actualizado a Nov. a\u00f1o 2024 &#8211; 366 P\u00e1g."},"content":{"rendered":"<p>Este Curso sobre Fiscalizaci\u00f3n Tributaria explica el procedimiento administrativo mediante el cual el Servicio de Impuestos Internos revisa el cumplimiento de la ley tributaria. Si bien esto se asocia principalmente al pago de impuestos, los contribuyentes tienen otras obligaciones cuyo cumplimiento tambi\u00e9n debe ser verificado.<br \/>\nEn forma adicional a la fiscalizaci\u00f3n, Impuestos Internos ejerce otro tipo de funciones, destinadas principalmente a colaborar con los contribuyentes en el cumplimiento tributario. Debido a la importancia que han adquirido estos procedimientos en los \u00faltimos a\u00f1os, se incluye una descripci\u00f3n de su regulaci\u00f3n y de sus principales caracter\u00edsticas.<br \/>\nEn este libro se propone una sistematizaci\u00f3n de las normas aplicables a los procedimientos administrativos llevados a cabo por el Servicio de Impuestos Internos (sean de fiscalizaci\u00f3n, prevenci\u00f3n o colaboraci\u00f3n) y de las reglas que rigen los recursos con los cuales se pueden<br \/>\nimpugnar los actos con que estos concluyen.<\/p>\n<p>Aunque su contenido trata sobre un tema especializado en esta \u00e1rea del derecho, este Curso ha sido escrito con la intenci\u00f3n de que pueda ser entendido por cualquier persona con inter\u00e9s en asuntos tributarios. Para lograr este objetivo, se utiliza un lenguaje claro y ejemplos sencillos.<br \/>\nAdem\u00e1s, se hace referencia al origen hist\u00f3rico de los conceptos, su evoluci\u00f3n institucional y la doctrina jur\u00eddica asociada.<\/p>\n<p>INTRODUCCI\u00d3N<br \/>\nSOBRE EL SERVICIO DE IMPUESTOS INTERNOS<br \/>\nUna historia del SII<br \/>\nAdministraci\u00f3n de Impuesto a los Alcoholes<br \/>\nDirecci\u00f3n General de Impuestos Internos<br \/>\nServicio de Impuestos Internos<br \/>\nLa desconcentraci\u00f3n regional<br \/>\nEstructura actual<br \/>\nEl Director y la Direcci\u00f3n Nacional<br \/>\nEl Director Regional y la Direcci\u00f3n Regional<br \/>\nEl Consejo Tributario<br \/>\nEl Comit\u00e9 Ejecutivo<br \/>\nCAP\u00cdTULO 1<br \/>\nLO QUE NO ES FISCALIZACI\u00d3N<br \/>\nSECCI\u00d3N I<br \/>\nOBLIGACIONES DE INFORMACI\u00d3N<br \/>\n1. De organismos p\u00fablicos<br \/>\n1.1. Notarios y Conservadores de Bienes Ra\u00edces<br \/>\n1.2. Municipalidades<br \/>\n1.3. Otros<br \/>\n1.3.1. CMF<br \/>\n1.3.2. COCHILCO, SERNAGEOMIN y otras entidades registrales<br \/>\n1.3.3. DIRECTEMAR, DGAC y otros<br \/>\n2. De entidades financieras<br \/>\n2.1. Obligaci\u00f3n del art\u00edculo 85 bis<br \/>\n2.2. Obligaci\u00f3n del art\u00edculo 85 ter<br \/>\nSECCI\u00d3N II<br \/>\nMEDIDAS DE COLABORACI\u00d3N<br \/>\n1. Presentaci\u00f3n de declaraciones<br \/>\n1.1. Las declaraciones juradas de informaci\u00f3n<br \/>\n1.2. Sobre determinadas inversiones<br \/>\n1.2.1. Inversiones en el extranjero<br \/>\n1.2.1.1. Sociedades o entidades<br \/>\n1.2.1.2. Trusts<br \/>\n1.2.2. Inversiones en Chile<br \/>\n1.2.3. Sanciones<br \/>\n2. Entrega de antecedentes<br \/>\n3. Otros supuestos de colaboraci\u00f3n<br \/>\nSECCI\u00d3N III<br \/>\nMEDIDAS PREVENTIVAS<br \/>\n1. Generales (preventivas y de colaboraci\u00f3n)<br \/>\n1.1. Las medidas<br \/>\n1.2. Reglas<br \/>\n2. Especiales<br \/>\n2.1. Comparecencia ante el SII<br \/>\n2.2. Presentar una declaraci\u00f3n rectificatoria<br \/>\n2.3. Solicitar un pronunciamiento<\/p>\n<p>2.3.1. El cambio de criterio<br \/>\n2.3.1.1. Cobro retroactivo<br \/>\n2.3.1.2. Solicitud de devoluci\u00f3n<br \/>\n2.3.2. Sobre un supuesto de elusi\u00f3n<br \/>\n2.3.2.1. Procedimiento<br \/>\n2.3.2.2. Respuesta<br \/>\nCAP\u00cdTULO 2<br \/>\nANTES DE LA FISCALIZACI\u00d3N<br \/>\nSECCI\u00d3N I<br \/>\n\u00bfQUI\u00c9N FISCALIZA?<br \/>\n1. Regla general<br \/>\n2. Reglas especiales<br \/>\n2.1. Elusi\u00f3n en m\u00e1s de un territorio jurisdiccional<br \/>\n2.2. Caso de los grupos empresariales<br \/>\n2.3. Multijuridicidad<br \/>\nSECCI\u00d3N II<br \/>\nLA CARGA DE LA PRUEBA<br \/>\n1. Primera regla<br \/>\n2. Segunda regla<br \/>\n3. Tercera regla<br \/>\nSECCI\u00d3N III<br \/>\n\u00bfCU\u00c1NDO UN PROCEDIMIENTO CALIFICA COMO FISCALIZACI\u00d3N?<br \/>\n1. El art\u00edculo 59<br \/>\n1.1. Definici\u00f3n<br \/>\n1.2. Plazos de caducidad<br \/>\n1.2.1. Regla general<br \/>\n1.2.2. Primera excepci\u00f3n<br \/>\n1.2.3. Segunda excepci\u00f3n<br \/>\n2. El art\u00edculo 60<br \/>\n2.1. Definici\u00f3n<br \/>\n2.2. Otros medios de fiscalizaci\u00f3n<br \/>\nSECCI\u00d3N IV<br \/>\nLA PRESCRIPCI\u00d3N<br \/>\n1. Prescripci\u00f3n para liquidar y girar<br \/>\n1.1. Prescripci\u00f3n ordinaria<br \/>\n1.2. Prescripci\u00f3n extraordinaria<br \/>\n1.3. Prescripci\u00f3n de sanciones<br \/>\n1.4. Aumentos de los plazos<br \/>\n1.4.1. Por una citaci\u00f3n (y su pr\u00f3rroga)<br \/>\n1.4.2. Por aclaraci\u00f3n y\/o complementaci\u00f3n de la citaci\u00f3n<br \/>\n1.4.3. Aumento o renovaci\u00f3n por carta certificada devuelta<br \/>\n1.4.4. Por incumplimiento de obligaciones de informaci\u00f3n<br \/>\n2. Prescripci\u00f3n para cobrar<br \/>\n3. Interrupci\u00f3n de la prescripci\u00f3n<br \/>\n4. Suspensi\u00f3n de la prescripci\u00f3n<br \/>\n4.1. Reclamo judicial o impugnaci\u00f3n administrativa<br \/>\n4.2. P\u00e9rdida o inutilizaci\u00f3n de la contabilidad<br \/>\n4.3. P\u00e9rdida de domicilio y residencia en Chile<br \/>\n4.4. Rentas de fuente extranjera no disponibles<br \/>\n5. Prescripci\u00f3n de oficio<br \/>\nSECCI\u00d3N V<br \/>\nFISCALIZACI\u00d3N DE MEDIOS TECNOL\u00d3GICOS<\/p>\n<p>1. Sistemas tecnol\u00f3gicos<br \/>\n2. Actividades o t\u00e9cnicas de auditor\u00eda<br \/>\n3. Sistemas de marcaci\u00f3n<br \/>\nCAP\u00cdTULO 3<br \/>\nLA FISCALIZACI\u00d3N<br \/>\nSECCI\u00d3N I<br \/>\nLAS NOTIFICACIONES<br \/>\n1. Definici\u00f3n<br \/>\n2. Tramitaci\u00f3n<br \/>\n3. Funci\u00f3n<br \/>\nSECCI\u00d3N II<br \/>\nLA CITACI\u00d3N<br \/>\n1. Definici\u00f3n<br \/>\n1.1. Objetivos<br \/>\n1.2. Contenido<br \/>\n1.3. Relaci\u00f3n con las notificaciones<br \/>\n2. Reglas<br \/>\n2.1. Pr\u00f3rroga, aclaraci\u00f3n y\/o complementaci\u00f3n<br \/>\n2.2. Efectos en la prescripci\u00f3n<br \/>\n3. Supuestos de citaci\u00f3n obligatoria<br \/>\n3.1. En el C\u00f3digo Tributario<br \/>\n3.2. En otras leyes tributarias<br \/>\n4. Respuesta a la citaci\u00f3n<br \/>\n4.1. No se present\u00f3 una declaraci\u00f3n<br \/>\n4.2. Se present\u00f3 una declaraci\u00f3n<br \/>\n4.3. Antecedentes de supuesto elusivo<br \/>\nSECCI\u00d3N III<br \/>\nLA LIQUIDACI\u00d3N<br \/>\n1. Definici\u00f3n<br \/>\n2. Supuestos<br \/>\n2.1. La determinaci\u00f3n de una diferencia<br \/>\n2.2. La tasaci\u00f3n de la base imponible<br \/>\n2.2.1. Bienes y servicios a precios inferiores al de mercado<br \/>\n2.2.2. Reorganizaci\u00f3n empresarial<br \/>\n2.2.3. Bienes ra\u00edces<br \/>\n2.2.4. Declaraciones y\/o antecedentes no fidedignos<br \/>\n2.2.5. No se presenta una declaraci\u00f3n de impuestos<br \/>\n2.2.6. No se responde la citaci\u00f3n (o no se cumple o subsana)<br \/>\n3. La orden de reintegro<br \/>\n4. El RIM<br \/>\n4.1. El reajuste<br \/>\n4.2. El inter\u00e9s moratorio<br \/>\n4.3. Las multas<br \/>\nSECCI\u00d3N IV<br \/>\nEL GIRO<br \/>\n1. Definici\u00f3n<br \/>\n2. Giro en un procedimiento de fiscalizaci\u00f3n<br \/>\n2.1. Como consecuencia de una liquidaci\u00f3n<br \/>\n2.2. Como acto terminal del procedimiento<br \/>\n3. Giro como acto aut\u00f3nomo<br \/>\n3.1. Giro por sobretasa 7 bis<br \/>\n3.2. Giro por \u201cimpuesto al lujo\u201d<\/p>\n<p>SECCI\u00d3N V<br \/>\nLA RESOLUCI\u00d3N<br \/>\n1. Definici\u00f3n<br \/>\n2. Solicitudes o peticiones en general<br \/>\n3. Solicitudes de devoluci\u00f3n de impuestos<br \/>\n3.1. En la misma declaraci\u00f3n<br \/>\n3.2. Peticiones del art\u00edculo 126<br \/>\n3.2.1. Supuestos<br \/>\n3.2.2. El acto o hecho que le sirve de fundamento<br \/>\n3.2.3. Per\u00edodo que comprende la devoluci\u00f3n<br \/>\n3.3. Otras peticiones de devoluci\u00f3n<br \/>\n3.3.1. IVA exportador (art\u00edculo 36 LIVS)<br \/>\n3.3.2. Por activo fijo (art\u00edculo 27 bis LIVS)<br \/>\n4. Decisiones de juicio exclusivo<br \/>\nCAP\u00cdTULO 4<br \/>\nDESPU\u00c9S DE LA FISCALIZACI\u00d3N<br \/>\nSECCI\u00d3N I<br \/>\nLOS RECURSOS ADMINISTRATIVOS<br \/>\n1. La Reposici\u00f3n Administrativa Voluntaria (RAV)<br \/>\n1.1. Asunto controvertido<br \/>\n1.2. Reglas<br \/>\n1.3. Tramitaci\u00f3n<br \/>\n1.4. Resoluci\u00f3n<br \/>\n2. El Recurso Jer\u00e1rquico (RJ)<br \/>\n2.1. Asunto controvertido<br \/>\n2.2. Reglas (requisitos de admisibilidad)<br \/>\n2.2. Tramitaci\u00f3n<br \/>\n2.3. Resoluci\u00f3n<br \/>\n3. La Revisi\u00f3n de la Actuaci\u00f3n Fiscalizadora (RAF)<br \/>\n3.1. Historia de este procedimiento<br \/>\n3.2. Reglas y tramitaci\u00f3n<br \/>\n3.3. Resoluci\u00f3n<br \/>\n3.4. La correcci\u00f3n de vicios o errores manifiestos<br \/>\n4. El Resguardo<br \/>\n4.1. Los derechos y su clasificaci\u00f3n<br \/>\n4.1.1. Derechos relacionados con la interacci\u00f3n entre SII y contribuyentes<br \/>\n4.1.2. Derechos que suponen o se relacionan con un procedimiento de revisi\u00f3n<br \/>\n4.1.3. Derechos que confirman derechos, exigencias o principios generales<br \/>\n4.1.4. El derecho del art\u00edculo 8 ter<br \/>\n4.2. El recurso<br \/>\n4.3. Las medidas<br \/>\n4.4. La vulneraci\u00f3n de derechos<br \/>\nSECCI\u00d3N II<br \/>\nLA RECLAMACI\u00d3N JUDICIAL (O RECLAMO)<br \/>\n1. El reclamo<br \/>\n1.1. \u00bfQui\u00e9n puede reclamar?<br \/>\n1.2. \u00bfEn contra de qu\u00e9 actos?<br \/>\n1.3. Reglas<\/p>\n<p>2. El Tribunal<br \/>\n2.1. Breve historia<br \/>\n2.2. Competencia<br \/>\n2.3. Tribunales superiores<\/p>\n","protected":false},"excerpt":{"rendered":"<p>Vis\u00edtanos en www.bibliotecajuridicavirtual.cl<br \/>\nEscr\u00edbenos al +56930565235 \/ <a class=\"pTSsSJsLzRLkMbyTaIxqYJTfuyzbqtZqJVgQ \" href=\"mailto:ventaslegallexglobal@gmail.com\" target=\"_self\" rel=\"noopener\" data-test-app-aware-link=\"\">ventaslegallexglobal@gmail.com<\/a><br \/>\nHacemos env\u00edos a todo Chile &#8211; Starken o Correos Chile \/ Te esperamos.<\/p>\n","protected":false},"featured_media":1954,"comment_status":"open","ping_status":"closed","template":"","meta":{"inline_featured_image":false,"_joinchat":[]},"product_brand":[],"product_cat":[47,28],"product_tag":[],"class_list":{"0":"post-1924","1":"product","2":"type-product","3":"status-publish","4":"has-post-thumbnail","6":"product_cat-sin-categorizar","7":"product_cat-tributario","9":"first","10":"instock","11":"shipping-taxable","12":"purchasable","13":"product-type-simple"},"_links":{"self":[{"href":"https:\/\/bibliotecajuridicavirtual.cl\/index.php\/wp-json\/wp\/v2\/product\/1924","targetHints":{"allow":["GET"]}}],"collection":[{"href":"https:\/\/bibliotecajuridicavirtual.cl\/index.php\/wp-json\/wp\/v2\/product"}],"about":[{"href":"https:\/\/bibliotecajuridicavirtual.cl\/index.php\/wp-json\/wp\/v2\/types\/product"}],"replies":[{"embeddable":true,"href":"https:\/\/bibliotecajuridicavirtual.cl\/index.php\/wp-json\/wp\/v2\/comments?post=1924"}],"wp:featuredmedia":[{"embeddable":true,"href":"https:\/\/bibliotecajuridicavirtual.cl\/index.php\/wp-json\/wp\/v2\/media\/1954"}],"wp:attachment":[{"href":"https:\/\/bibliotecajuridicavirtual.cl\/index.php\/wp-json\/wp\/v2\/media?parent=1924"}],"wp:term":[{"taxonomy":"product_brand","embeddable":true,"href":"https:\/\/bibliotecajuridicavirtual.cl\/index.php\/wp-json\/wp\/v2\/product_brand?post=1924"},{"taxonomy":"product_cat","embeddable":true,"href":"https:\/\/bibliotecajuridicavirtual.cl\/index.php\/wp-json\/wp\/v2\/product_cat?post=1924"},{"taxonomy":"product_tag","embeddable":true,"href":"https:\/\/bibliotecajuridicavirtual.cl\/index.php\/wp-json\/wp\/v2\/product_tag?post=1924"}],"curies":[{"name":"wp","href":"https:\/\/api.w.org\/{rel}","templated":true}]}}