{"id":1926,"date":"2026-02-28T00:56:44","date_gmt":"2026-02-28T03:56:44","guid":{"rendered":"https:\/\/bibliotecajuridicavirtual.cl\/?post_type=product&#038;p=1926"},"modified":"2026-02-28T00:56:55","modified_gmt":"2026-02-28T03:56:55","slug":"valoracion-de-la-prueba-en-los-delitos-sexuales-carlos-parma-1-edicion-reimp-ano-2024-208-pags","status":"publish","type":"product","link":"https:\/\/bibliotecajuridicavirtual.cl\/index.php\/product\/valoracion-de-la-prueba-en-los-delitos-sexuales-carlos-parma-1-edicion-reimp-ano-2024-208-pags\/","title":{"rendered":"Valoraci\u00f3n de la Prueba en los Delitos Sexuales &#8211; Carlos Parma , 1\u00b0 edici\u00f3n reimp. a\u00f1o 2024 &#8211; 208 p\u00e1gs."},"content":{"rendered":"<p><strong>Valoraci\u00f3n de la prueba en los delitos sexuales<\/strong><\/p>\n<p>Para lograr judicializar delitos de violencia sexual, es fundamental incluir una perspectiva de g\u00e9nero durante la verificaci\u00f3n, investigaci\u00f3n e indagaci\u00f3n de los hechos, para lograr entender y analizar c\u00f3mo ciertos delitos son cometidos debido a las connotaciones propias del g\u00e9nero, de sus roles tanto de hombre como de mujer, y de la relaci\u00f3n entre los mismos. Esta perspectiva de g\u00e9nero permite la visualizaci\u00f3n de la violencia sexual y basada en g\u00e9nero, investigarla.<\/p>\n<p>Contenido<br \/>\nPR\u00d3LOGO&#8230;&#8230;&#8230;&#8230;&#8230;&#8230;&#8230;&#8230;&#8230;&#8230;&#8230;&#8230;&#8230;&#8230;&#8230;&#8230;&#8230;&#8230;&#8230;&#8230;&#8230;&#8230;&#8230;&#8230;&#8230;&#8230;&#8230;&#8230;&#8230;&#8230;&#8230;&#8230;&#8230;&#8230;&#8230;&#8230;&#8230;&#8230;&#8230; 11<br \/>\nNOTA A LA EDICI\u00d3N COLOMBIANA &#8230;&#8230;&#8230;&#8230;&#8230;&#8230;&#8230;&#8230;&#8230;&#8230;&#8230;&#8230;&#8230;&#8230;&#8230;&#8230;&#8230;&#8230;&#8230;.. 17<br \/>\nCap\u00edtulo I<br \/>\n1. QU\u00c9 ES LA PRUEBA &#8230;&#8230;&#8230;&#8230;&#8230;&#8230;&#8230;&#8230;&#8230;&#8230;&#8230;&#8230;&#8230;&#8230;&#8230;&#8230;&#8230;&#8230;&#8230;&#8230;&#8230;&#8230;&#8230;&#8230;&#8230;&#8230;&#8230;&#8230;&#8230;&#8230; 23<br \/>\n2. PRUEBA. SISTEMA ACUSATORIO. FUNCI\u00d3N &#8230;&#8230;&#8230;&#8230;&#8230;&#8230;&#8230;&#8230;&#8230;&#8230;&#8230;&#8230;&#8230;&#8230;. 25<br \/>\n3. EL OBJETO DE PRUEBA &#8230;&#8230;&#8230;&#8230;&#8230;&#8230;&#8230;&#8230;&#8230;&#8230;&#8230;&#8230;&#8230;&#8230;&#8230;&#8230;&#8230;&#8230;&#8230;&#8230;&#8230;&#8230;&#8230;&#8230;&#8230;&#8230;&#8230;. 28<br \/>\n3.1. Objeto de prueba: consideraci\u00f3n en abstracto &#8230;&#8230;&#8230;&#8230;&#8230;&#8230;&#8230;&#8230; 29<br \/>\n3.2. Objeto de prueba: consideraci\u00f3n en concreto.<br \/>\nPertinencia. Utilidad. Condiciones &#8230;&#8230;&#8230;&#8230;&#8230;&#8230;&#8230;&#8230;&#8230;&#8230;&#8230;&#8230;&#8230;&#8230;&#8230; 29<br \/>\nCondiciones&#8230;&#8230;&#8230;&#8230;&#8230;&#8230;&#8230;&#8230;&#8230;&#8230;&#8230;&#8230;&#8230;&#8230;&#8230;&#8230;&#8230;&#8230;&#8230;&#8230;&#8230;&#8230;&#8230;&#8230;&#8230;&#8230;&#8230;&#8230;&#8230;&#8230;&#8230;&#8230;&#8230;&#8230;&#8230;&#8230;&#8230;&#8230;. 31<br \/>\n4. MEDIOS, \u00d3RGANOS Y ELEMENTOS DE PRUEBA &#8230;&#8230;&#8230;&#8230;&#8230;&#8230;&#8230;&#8230;&#8230;&#8230;&#8230;&#8230; 31<br \/>\n4.1. La evidencia. La evidencia digital &#8230;&#8230;&#8230;&#8230;&#8230;&#8230;&#8230;&#8230;&#8230;&#8230;&#8230;&#8230;&#8230;&#8230;&#8230;&#8230; 33<br \/>\n4.2. La prueba cient\u00edfica &#8230;&#8230;&#8230;&#8230;&#8230;&#8230;&#8230;&#8230;&#8230;&#8230;&#8230;&#8230;&#8230;&#8230;&#8230;&#8230;&#8230;&#8230;&#8230;&#8230;&#8230;&#8230;&#8230;&#8230;&#8230; 34<br \/>\n4.2.1. El ADN como prueba cient\u00edfica por excelencia &#8230;.. 36<br \/>\n4. 3. Prueba il\u00edcita. Exclusi\u00f3n &#8230;&#8230;&#8230;&#8230;&#8230;&#8230;&#8230;&#8230;&#8230;&#8230;&#8230;&#8230;&#8230;&#8230;&#8230;&#8230;&#8230;&#8230;&#8230;&#8230;&#8230;&#8230;. 37<br \/>\n4.3.1. Jurisprudencia de la CSJN argentina en materia<br \/>\nde exclusi\u00f3n probatoria &#8230;&#8230;&#8230;&#8230;&#8230;&#8230;&#8230;&#8230;&#8230;&#8230;&#8230;&#8230;&#8230;&#8230;&#8230;&#8230;&#8230; 39<br \/>\n5. LA CADENA DE CUSTODIA &#8230;&#8230;&#8230;&#8230;&#8230;&#8230;&#8230;&#8230;&#8230;&#8230;&#8230;&#8230;&#8230;&#8230;&#8230;&#8230;&#8230;&#8230;&#8230;&#8230;&#8230;&#8230;&#8230;&#8230;&#8230; 43<br \/>\n6. LA SANA CR\u00cdTICA RACIONAL EN LA VALORACI\u00d3N DE<br \/>\nLA PRUEBA. GENERALIDADES &#8230;&#8230;&#8230;&#8230;&#8230;&#8230;&#8230;&#8230;&#8230;&#8230;&#8230;&#8230;&#8230;&#8230;&#8230;&#8230;&#8230;&#8230;&#8230;&#8230;&#8230;&#8230;.. 45<br \/>\n6.1. Sana cr\u00edtica racional. Antecedentes y aceptaci\u00f3n &#8230;&#8230;&#8230;&#8230;&#8230; 45<br \/>\n6.2. Sana cr\u00edtica racional y Corte Interamericana de<br \/>\nDerechos Humanos &#8230;&#8230;&#8230;&#8230;&#8230;&#8230;&#8230;&#8230;&#8230;&#8230;&#8230;&#8230;&#8230;&#8230;&#8230;&#8230;&#8230;&#8230;&#8230;&#8230;&#8230;&#8230;&#8230;&#8230;&#8230;.. 46<br \/>\n6.3. Sana cr\u00edtica racional. V\u00e9lez Mariconde &#8230;&#8230;&#8230;&#8230;&#8230;&#8230;&#8230;&#8230;&#8230;&#8230;&#8230; 47<br \/>\n6.3.1. Sana cr\u00edtica racional. Couture &#8230;&#8230;&#8230;&#8230;&#8230;&#8230;&#8230;&#8230;&#8230;&#8230;&#8230;.. 49<br \/>\n6.3.2. Sana cr\u00edtica racional. Su base en \u201clo razonable\u201d<br \/>\ndesde el enfoque l\u00f3gico cient\u00edfico &#8230;&#8230;&#8230;&#8230;&#8230;&#8230;&#8230;&#8230;&#8230;. 50<br \/>\n6.3.3. Sana cr\u00edtica racional. Mi posici\u00f3n &#8230;&#8230;&#8230;&#8230;&#8230;&#8230;&#8230;&#8230;&#8230;&#8230; 51<br \/>\n7. POSIBLES SISTEMAS DE VALORACI\u00d3N DE LA PRUEBA &#8230;&#8230;&#8230;&#8230;&#8230;&#8230;&#8230;.. 52<br \/>\nCarlos Parma 20<br \/>\n8. MODELO TASADO DE VALORACI\u00d3N DE LA PRUEBA &#8230;&#8230;&#8230;&#8230;&#8230;&#8230;&#8230;&#8230;&#8230; 53<br \/>\n8.1. Modelo no tasado de apreciaci\u00f3n &#8230;&#8230;&#8230;&#8230;&#8230;&#8230;&#8230;&#8230;&#8230;&#8230;&#8230;&#8230;&#8230;&#8230;&#8230;&#8230;&#8230; 56<br \/>\n9. NECESIDAD DE LA PRUEBA PARA FUNDAR &#8230;&#8230;&#8230;&#8230;&#8230;&#8230;&#8230;&#8230;&#8230;&#8230;&#8230;&#8230;&#8230;&#8230; 58<br \/>\n10. NULIDADES &#8230;&#8230;&#8230;&#8230;&#8230;&#8230;&#8230;&#8230;&#8230;&#8230;&#8230;&#8230;&#8230;&#8230;&#8230;&#8230;&#8230;&#8230;&#8230;&#8230;&#8230;&#8230;&#8230;&#8230;&#8230;&#8230;&#8230;&#8230;&#8230;&#8230;&#8230;&#8230;&#8230;. 60<br \/>\n10.1. R\u00e9gimen de nulidades &#8230;&#8230;&#8230;&#8230;&#8230;&#8230;&#8230;&#8230;&#8230;&#8230;&#8230;&#8230;&#8230;&#8230;&#8230;&#8230;&#8230;&#8230;&#8230;&#8230;&#8230;&#8230;&#8230;&#8230;. 60<br \/>\n10.2. Nulidades absolutas &#8230;&#8230;&#8230;&#8230;&#8230;&#8230;&#8230;&#8230;&#8230;&#8230;&#8230;&#8230;&#8230;&#8230;&#8230;&#8230;&#8230;&#8230;&#8230;&#8230;&#8230;&#8230;&#8230;&#8230;&#8230; 62<br \/>\n10.2.1. Caracter\u00edsticas&#8230;&#8230;&#8230;&#8230;&#8230;&#8230;&#8230;&#8230;&#8230;&#8230;&#8230;&#8230;&#8230;&#8230;&#8230;&#8230;&#8230;&#8230;&#8230;&#8230;&#8230;&#8230;&#8230;&#8230;. 62<br \/>\n10.2.2. Efectos de la declaraci\u00f3n de nulidad &#8230;&#8230;&#8230;&#8230;&#8230;&#8230;&#8230;&#8230;.. 62<br \/>\n10.3. Extensi\u00f3n de la nulidad &#8230;&#8230;&#8230;&#8230;&#8230;&#8230;&#8230;&#8230;&#8230;&#8230;&#8230;&#8230;&#8230;&#8230;&#8230;&#8230;&#8230;&#8230;&#8230;&#8230;&#8230;&#8230;. 63<br \/>\nCap\u00edtulo 2<br \/>\nValoraci\u00f3n de la prueba en los delitos<br \/>\nsexuales y de g\u00e9nero. Doctrina<br \/>\n1. LA PRUEBA EN EL PROCESO &#8230;&#8230;&#8230;&#8230;&#8230;&#8230;&#8230;&#8230;&#8230;&#8230;&#8230;&#8230;&#8230;&#8230;&#8230;&#8230;&#8230;&#8230;&#8230;&#8230;&#8230;&#8230;&#8230;&#8230; 65<br \/>\n2. LA VALORACI\u00d3N DE LA PRUEBA EN GENERAL &#8230;&#8230;&#8230;&#8230;&#8230;&#8230;&#8230;&#8230;&#8230;&#8230;. 66<br \/>\n3. M\u00c9TODO POR EL CUAL SE HA OPTADO PARA VALORAR &#8230;&#8230;&#8230;&#8230;. 67<br \/>\n4. V\u00cdCTIMA DE UN DELITO SEXUAL. VALORACI\u00d3N DEL<br \/>\nTESTIMONIO. REGLAS &#8230;&#8230;&#8230;&#8230;&#8230;&#8230;&#8230;&#8230;&#8230;&#8230;&#8230;&#8230;&#8230;&#8230;&#8230;&#8230;&#8230;&#8230;&#8230;&#8230;&#8230;&#8230;&#8230;&#8230;&#8230;&#8230;&#8230;.. 68<br \/>\n5. DELITO SEXUAL COMO DELITO ESPECIAL &#8230;&#8230;&#8230;&#8230;&#8230;&#8230;&#8230;&#8230;&#8230;&#8230;&#8230;&#8230;&#8230;&#8230;&#8230;. 69<br \/>\n6. PERSPECTIVA DE G\u00c9NERO&#8230;&#8230;&#8230;&#8230;&#8230;&#8230;&#8230;&#8230;&#8230;&#8230;&#8230;&#8230;&#8230;&#8230;&#8230;&#8230;&#8230;&#8230;&#8230;&#8230;&#8230;&#8230;&#8230;&#8230;&#8230;.. 70<br \/>\n7. LA VIOLENCIA CONTRA LA MUJER &#8230;&#8230;&#8230;&#8230;&#8230;&#8230;&#8230;&#8230;&#8230;&#8230;&#8230;&#8230;&#8230;&#8230;&#8230;&#8230;&#8230;&#8230;&#8230;. 72<br \/>\n7.1. Violencia intrafamiliar. Abordaje &#8230;&#8230;&#8230;&#8230;&#8230;&#8230;&#8230;&#8230;&#8230;&#8230;&#8230;&#8230;&#8230;&#8230;&#8230;. 77<br \/>\n8. AUTODETERMINACI\u00d3N SEXUAL EN MIRAS A LA<br \/>\nINTEGRIDAD SEXUAL. DIGNIDAD &#8230;&#8230;&#8230;&#8230;&#8230;&#8230;&#8230;&#8230;&#8230;&#8230;&#8230;&#8230;&#8230;&#8230;&#8230;&#8230;&#8230;&#8230;&#8230;&#8230;.. 78<br \/>\n9. NO SE PUEDE \u201cEXIGIR\u201d RESISTENCIA A LA V\u00cdCTIMA<br \/>\nDE AGRESI\u00d3N SEXUAL &#8230;&#8230;&#8230;&#8230;&#8230;&#8230;&#8230;&#8230;&#8230;&#8230;&#8230;&#8230;&#8230;&#8230;&#8230;&#8230;&#8230;&#8230;&#8230;&#8230;&#8230;&#8230;&#8230;&#8230;&#8230;&#8230;&#8230;.. 80<br \/>\n10. CONSENTIMIENTO &#8230;&#8230;&#8230;&#8230;&#8230;&#8230;&#8230;&#8230;&#8230;&#8230;&#8230;&#8230;&#8230;&#8230;&#8230;&#8230;&#8230;&#8230;&#8230;&#8230;&#8230;&#8230;&#8230;&#8230;&#8230;&#8230;&#8230;&#8230;&#8230;&#8230;. 83<br \/>\n11. DECLARACI\u00d3N DE LA V\u00cdCTIMA. CREDIBILIDAD &#8230;&#8230;&#8230;&#8230;&#8230;&#8230;&#8230;&#8230;&#8230;&#8230;&#8230;. 84<br \/>\n11.1. V\u00edctima de abuso sexual intrafamiliar &#8230;&#8230;&#8230;&#8230;&#8230;&#8230;&#8230;&#8230;&#8230;&#8230;&#8230;&#8230;.. 87<br \/>\n12. LA PRUEBA EN MATERIA DE DELITOS SEXUALES &#8230;&#8230;&#8230;&#8230;&#8230;&#8230;&#8230;&#8230;&#8230;&#8230;. 89<br \/>\n13. REGLAS Y VALORACI\u00d3N DIRIGIDA A LA PROTECCI\u00d3N.<br \/>\nTESTIMONIO &#8230;&#8230;&#8230;&#8230;&#8230;&#8230;&#8230;&#8230;&#8230;&#8230;&#8230;&#8230;&#8230;&#8230;&#8230;&#8230;&#8230;&#8230;&#8230;&#8230;&#8230;&#8230;&#8230;&#8230;&#8230;&#8230;&#8230;&#8230;&#8230;&#8230;&#8230;&#8230;&#8230;. 90<br \/>\n13.1. Presunciones. Valoraci\u00f3n &#8230;&#8230;&#8230;&#8230;&#8230;&#8230;&#8230;&#8230;&#8230;&#8230;&#8230;&#8230;&#8230;&#8230;&#8230;&#8230;&#8230;&#8230;&#8230;&#8230;.. 95<br \/>\n13.2. Buenas pr\u00e1cticas admisibles para considerar el testimonio<br \/>\nde las v\u00edctimas con perspectiva de g\u00e9nero.<br \/>\nEnfoque diferencial &#8230;&#8230;&#8230;&#8230;&#8230;&#8230;&#8230;&#8230;&#8230;&#8230;&#8230;&#8230;&#8230;&#8230;&#8230;&#8230;&#8230;&#8230;&#8230;&#8230;&#8230;&#8230;&#8230;&#8230;.. 98<br \/>\n13.3. Para que el \u201cantiprejuicio\u201d no se convierta a su vez<br \/>\nen un \u201cprejuicio\u201d &#8230;&#8230;&#8230;&#8230;&#8230;&#8230;&#8230;&#8230;&#8230;&#8230;&#8230;&#8230;&#8230;&#8230;&#8230;&#8230;&#8230;&#8230;&#8230;&#8230;&#8230;&#8230;&#8230;&#8230;&#8230;&#8230;&#8230;.101<br \/>\nContenido 21<br \/>\n14. V\u00cdCTIMAS. EL SISTEMA JUDICIAL. EN BUSCA DEL<br \/>\nTESORO PERDIDO: LA IGUALDAD &#8230;&#8230;&#8230;&#8230;&#8230;&#8230;&#8230;&#8230;&#8230;&#8230;&#8230;&#8230;&#8230;&#8230;&#8230;&#8230;&#8230;&#8230;&#8230;&#8230;.103<br \/>\n14.1. Mujeres. CIDH. \u201cG\u00f3ngora\u201d. CSJN. &#8230;&#8230;&#8230;&#8230;&#8230;&#8230;&#8230;&#8230;&#8230;&#8230;&#8230;&#8230;&#8230;&#8230;&#8230;&#8230;. 105<br \/>\n14.2. En materia de v\u00edctimas ni\u00f1as y ni\u00f1os. Sistema<br \/>\nde protecci\u00f3n &#8230;&#8230;&#8230;&#8230;&#8230;&#8230;&#8230;&#8230;&#8230;&#8230;&#8230;&#8230;&#8230;&#8230;&#8230;&#8230;&#8230;&#8230;&#8230;&#8230;&#8230;&#8230;&#8230;&#8230;&#8230;&#8230;&#8230;&#8230;&#8230;..109<br \/>\n14.3. No revictimizar &#8230;&#8230;&#8230;&#8230;&#8230;&#8230;&#8230;&#8230;&#8230;&#8230;&#8230;&#8230;&#8230;&#8230;&#8230;&#8230;&#8230;&#8230;&#8230;&#8230;&#8230;&#8230;&#8230;&#8230;&#8230;&#8230;&#8230;&#8230;113<br \/>\n14.4. Leg\u00edtima defensa. Genero&#8230;&#8230;&#8230;&#8230;&#8230;&#8230;&#8230;&#8230;&#8230;&#8230;&#8230;&#8230;&#8230;&#8230;&#8230;&#8230;&#8230;&#8230;&#8230;&#8230;&#8230;&#8230;115<br \/>\nCap\u00edtulo 3<br \/>\nJurisprudencia seleccionada (Bolivia, Per\u00fa y Argentina)<br \/>\n1. JURISPRUDENCIA DE LA SALA PENAL SEGUNDA DEL<br \/>\nTRIBUNAL SUPREMO DE JUSTICIA DE BOLIVIA &#8230;&#8230;&#8230;&#8230;&#8230;&#8230;&#8230;&#8230;&#8230;&#8230;&#8230;.. 121<br \/>\n2. TRIBUNAL CONSTITUCIONAL PLURINACIONAL,<br \/>\nSALA TERCERA, BOLIVIA &#8230;&#8230;&#8230;&#8230;&#8230;&#8230;&#8230;&#8230;&#8230;&#8230;&#8230;&#8230;&#8230;&#8230;&#8230;&#8230;&#8230;&#8230;&#8230;&#8230;&#8230;&#8230;&#8230;&#8230;&#8230;..129<br \/>\n3. SENTENCIA DEL TRIBUNAL CONSTITUCIONAL<br \/>\nPLURINACIONAL 0017\/2019-S2, SALA SEGUNDA, SUCRE,<br \/>\n13 DE MARZO DE 2019. EXPTE.: 24521-2018-50-AL &#8230;&#8230;&#8230;&#8230;&#8230;&#8230;&#8230;&#8230;&#8230;&#8230;&#8230;&#8230; 136<br \/>\n4. TRIBUNAL CONSTITUCIONAL PLURINACIONAL, BOLIVIA,<br \/>\nSALA SEGUNDA, 0019\/2018- 2, SUCRE, 28 DE FEBRERO DE<br \/>\n2018. EXPEDIENTE: 21247-2017-43-AL &#8230;&#8230;&#8230;&#8230;&#8230;&#8230;&#8230;&#8230;&#8230;&#8230;&#8230;&#8230;&#8230;&#8230;&#8230;&#8230;&#8230;&#8230;&#8230; 153<br \/>\n5. CORTE SUPREMA DE JUSTICIA DE BOLIVIA &#8230;&#8230;&#8230;&#8230;&#8230;&#8230;&#8230;&#8230;&#8230;&#8230;&#8230;&#8230;&#8230;&#8230;158<br \/>\n6. CORTE SUPREMA DE JUSTICIA DE BOLIVIA. AUTO<br \/>\nSUPREMO. SUCRE. 15\/10\/05 &#8230;&#8230;&#8230;&#8230;&#8230;&#8230;&#8230;&#8230;&#8230;&#8230;&#8230;&#8230;&#8230;&#8230;&#8230;&#8230;&#8230;&#8230;&#8230;&#8230;&#8230;&#8230;&#8230;&#8230;&#8230;.159<br \/>\n7. TRIBUNAL SUPREMO DE JUSTICIA. SALA PENAL. AUTO<br \/>\nSUPREMO N\u00ba 825\/2017-RRC. SUCRE, 30 DE OCTUBRE DE 2017 &#8230;&#8230;&#8230;&#8230;161<br \/>\n8. TRIBUNAL SUPERIOR DE C\u00d3RDOBA. ARGENTINA. CASO:<br \/>\nLIZARRALDE, GONZALO MARTIN. 2017. EXPTE.: 2015401 &#8230;&#8230;&#8230;&#8230;&#8230;&#8230;. 161<br \/>\n9. CORTE SUPREMA DE JUSTICIA DE LA REP\u00daBLICA DEL<br \/>\nPER\u00da. ACUERDO PLENARIO N\u00b0 1-2011\/CJ-116. 6\/12\/11 &#8230;&#8230;&#8230;&#8230;&#8230;&#8230;&#8230;&#8230;&#8230;..166<br \/>\n10. SALA TERCERA DE LA CORTE. COSTA RICA. EXPTE.<br \/>\n14-000078-0332-PE. RES. 90. FECHA: 28 DE FEBRERO DEL<br \/>\n2018. VIOLACI\u00d3N &#8230;&#8230;&#8230;&#8230;&#8230;&#8230;&#8230;&#8230;&#8230;&#8230;&#8230;&#8230;&#8230;&#8230;&#8230;&#8230;&#8230;&#8230;&#8230;&#8230;&#8230;&#8230;&#8230;&#8230;&#8230;&#8230;&#8230;&#8230;&#8230;&#8230;&#8230;.169<br \/>\n11. CORTE SUPREMA DE JUSTICIA DE COLOMBIA, SALA<br \/>\nDE CASACI\u00d3N PENAL, SENTENCIA DEL 1 DE JULIO DE<br \/>\n2020, RAD. 52897 &#8230;&#8230;&#8230;&#8230;&#8230;&#8230;&#8230;&#8230;&#8230;&#8230;&#8230;&#8230;&#8230;&#8230;&#8230;&#8230;&#8230;&#8230;&#8230;&#8230;&#8230;&#8230;&#8230;&#8230;&#8230;&#8230;&#8230;&#8230;&#8230;&#8230;&#8230;&#8230;. 173<br \/>\n12. CRITERIO DE LA CORTE INTERAMERICANA DE<br \/>\nDERECHOS HUMANOS &#8230;&#8230;&#8230;&#8230;&#8230;&#8230;&#8230;&#8230;&#8230;&#8230;&#8230;&#8230;&#8230;&#8230;&#8230;&#8230;&#8230;&#8230;&#8230;&#8230;&#8230;&#8230;&#8230;&#8230;&#8230;&#8230;&#8230;.187<br \/>\nCarlos Parma 22<br \/>\nA. Caso Fern\u00e1ndez Ortega y otros Vs. M\u00e9xico.<br \/>\nExcepci\u00f3n Preliminar, Fondo, Reparaciones y<br \/>\nCostas. Sentencia de 30 de agosto de 2010. 193. &#8230;&#8230;&#8230;&#8230;&#8230;&#8230;&#8230;.. 187<br \/>\nB. Caso fern\u00e1ndez ortega y otros vs. M\u00e9xico.<br \/>\nExcepci\u00f3n preliminar, fondo, reparaciones y<br \/>\nCostas. Sentencia de 30 de agosto de 2010. 193. &#8230;&#8230;&#8230;&#8230;&#8230;&#8230;&#8230;.188<br \/>\nC. Caso Gudiel \u00c1lvarez y otros (diario militar)<br \/>\nvs. Guatemala. Fondo, reparaciones y costas.<br \/>\nSentencia de 20 de noviembre de 2012. 276. (\u2026) &#8230;&#8230;&#8230;&#8230;&#8230;&#8230;&#8230;.188<br \/>\nD. Caso Veliz franco y otros vs. Guatemala.<br \/>\nExcepciones preliminares, fondo, reparaciones<br \/>\ny costas. Sentencia de 19 de mayo de 2014 &#8230;&#8230;&#8230;&#8230;&#8230;&#8230;&#8230;&#8230;&#8230;&#8230;&#8230;.. 189<br \/>\nE. Caso Espinoza Gonz\u00e1les vs. Per\u00fa. Excepciones<br \/>\npreliminares, fondo, reparaciones y costas.<br \/>\nSentencia de 20 de noviembre de 2014. &#8230;&#8230;&#8230;&#8230;&#8230;&#8230;&#8230;&#8230;&#8230;&#8230;&#8230;&#8230;&#8230;.150<br \/>\nF. Corte IDH. Caso Vel\u00e1squez Paiz y otros vs.<br \/>\nGuatemala. Excepciones preliminares, fondo,<br \/>\nreparaciones y costas. Sentencia de 19 de<br \/>\nnoviembre de 2015 &#8230;&#8230;&#8230;&#8230;&#8230;&#8230;&#8230;&#8230;&#8230;&#8230;&#8230;&#8230;&#8230;&#8230;&#8230;&#8230;&#8230;&#8230;&#8230;&#8230;&#8230;&#8230;&#8230;&#8230;&#8230;&#8230;&#8230; 190<br \/>\nG. Corte IDH. Caso Favela Nova Bras\u00edlia vs.<br \/>\nBrasil. Excepciones preliminares, fondo,<br \/>\nReparaciones y costas. Sentencia de 16 de<br \/>\nFebrero de 2017. Serie c no. 333 &#8230;&#8230;&#8230;&#8230;&#8230;&#8230;&#8230;&#8230;&#8230;&#8230;&#8230;&#8230;&#8230;&#8230;&#8230;&#8230;&#8230;&#8230;192<br \/>\nH. Caso rosendo cant\u00fa y otra vs. M\u00e9xico.<br \/>\nExcepci\u00f3n preliminar, fondo, reparaciones y<br \/>\nCostas. Sentencia de 31 de agosto de 2010 &#8230;&#8230;&#8230;&#8230;&#8230;&#8230;&#8230;&#8230;&#8230;&#8230;..193<br \/>\nI. Caso Espinoza Gonz\u00e1les Vs. Per\u00fa. Excepciones<br \/>\npreliminares, Fondo, Reparaciones y Costas. Sentencia<br \/>\nde 20 de noviembre de 2014. 309 &#8230;&#8230;&#8230;&#8230;&#8230;&#8230;&#8230;&#8230;&#8230;&#8230;&#8230;&#8230;&#8230;&#8230;&#8230;&#8230;&#8230;&#8230;193<br \/>\nBIBLIOGRAF\u00cdA &#8230;&#8230;&#8230;&#8230;&#8230;&#8230;&#8230;&#8230;&#8230;&#8230;&#8230;&#8230;&#8230;&#8230;&#8230;&#8230;&#8230;&#8230;&#8230;&#8230;&#8230;&#8230;&#8230;&#8230;&#8230;&#8230;&#8230;&#8230;&#8230;&#8230;&#8230;&#8230;&#8230;&#8230;199<\/p>\n","protected":false},"excerpt":{"rendered":"<p>Vis\u00edtanos en www.bibliotecajuridicavirtual.cl<br \/>\nEscr\u00edbenos al +56930565235 \/ <a class=\"gIgTCNvIFbDMTqDNCBHiZpJjBhhpYKk \" href=\"mailto:ventaslegallexglobal@gmail.com\" target=\"_self\" data-test-app-aware-link=\"\" rel=\"noopener\">ventaslegallexglobal@gmail.com<\/a><br \/>\nHacemos env\u00edos a todo Chile &#8211; Starken o Correos Chile \/ Te esperamos.<\/p>\n","protected":false},"featured_media":1956,"comment_status":"open","ping_status":"closed","template":"","meta":{"inline_featured_image":false,"_joinchat":[]},"product_brand":[],"product_cat":[26,30,39],"product_tag":[],"class_list":{"0":"post-1926","1":"product","2":"type-product","3":"status-publish","4":"has-post-thumbnail","6":"product_cat-derecho","7":"product_cat-penal","8":"product_cat-procesal-civil","10":"first","11":"instock","12":"shipping-taxable","13":"purchasable","14":"product-type-simple"},"_links":{"self":[{"href":"https:\/\/bibliotecajuridicavirtual.cl\/index.php\/wp-json\/wp\/v2\/product\/1926","targetHints":{"allow":["GET"]}}],"collection":[{"href":"https:\/\/bibliotecajuridicavirtual.cl\/index.php\/wp-json\/wp\/v2\/product"}],"about":[{"href":"https:\/\/bibliotecajuridicavirtual.cl\/index.php\/wp-json\/wp\/v2\/types\/product"}],"replies":[{"embeddable":true,"href":"https:\/\/bibliotecajuridicavirtual.cl\/index.php\/wp-json\/wp\/v2\/comments?post=1926"}],"wp:featuredmedia":[{"embeddable":true,"href":"https:\/\/bibliotecajuridicavirtual.cl\/index.php\/wp-json\/wp\/v2\/media\/1956"}],"wp:attachment":[{"href":"https:\/\/bibliotecajuridicavirtual.cl\/index.php\/wp-json\/wp\/v2\/media?parent=1926"}],"wp:term":[{"taxonomy":"product_brand","embeddable":true,"href":"https:\/\/bibliotecajuridicavirtual.cl\/index.php\/wp-json\/wp\/v2\/product_brand?post=1926"},{"taxonomy":"product_cat","embeddable":true,"href":"https:\/\/bibliotecajuridicavirtual.cl\/index.php\/wp-json\/wp\/v2\/product_cat?post=1926"},{"taxonomy":"product_tag","embeddable":true,"href":"https:\/\/bibliotecajuridicavirtual.cl\/index.php\/wp-json\/wp\/v2\/product_tag?post=1926"}],"curies":[{"name":"wp","href":"https:\/\/api.w.org\/{rel}","templated":true}]}}