{"id":1928,"date":"2026-02-28T00:56:44","date_gmt":"2026-02-28T03:56:44","guid":{"rendered":"https:\/\/bibliotecajuridicavirtual.cl\/?post_type=product&#038;p=1928"},"modified":"2026-02-28T00:56:56","modified_gmt":"2026-02-28T03:56:56","slug":"responsabilidad-civil-contractual-y-extracontractual-funciones-preventiva-resarcitoria-compensatoria-y-punitiva-krieger-walter-f-jalil-julian-e-autor","status":"publish","type":"product","link":"https:\/\/bibliotecajuridicavirtual.cl\/index.php\/product\/responsabilidad-civil-contractual-y-extracontractual-funciones-preventiva-resarcitoria-compensatoria-y-punitiva-krieger-walter-f-jalil-julian-e-autor\/","title":{"rendered":"Responsabilidad Civil Contractual y Extracontractual &#8211;  Funciones preventiva, resarcitoria, compensatoria y punitiva &#8211; Krieger Walter F. \/ Jalil Julian E. (Autor)"},"content":{"rendered":"<p>Este libro ahonda en el an\u00e1lisis del sistema de la responsabilidad civil vigente. Para hacerlo, los autores han ordenado la obra a partir de las funciones que el C\u00f3digo Civil y Comercial otorga a la responsabilidad civil \u2013preventiva, resarcitoria, compensatoria y punitiva\u2013 para indagar en los pormenores de cada una de ellas.<br \/>\nAsimismo, en la funci\u00f3n resarcitoria marcan las diferencias entre la responsabilidad contractual y la extracontractual, con an\u00e1lisis de supuestos especiales.<br \/>\nLa obra, si bien profunda en sus conceptos, es de una lectura amena y did\u00e1ctica, reflejando la experiencia docente de los autores; sin descuidar las soluciones pr\u00e1cticas que ofrece la tarea diaria del ejercicio profesional dentro y fuera de la justicia.<\/p>\n<p>DISPONIBLILIDAD DE SU \u00cdNDICE COMPLETO.<\/p>\n<p>&nbsp;<\/p>\n<p>&nbsp;<\/p>\n","protected":false},"excerpt":{"rendered":"<p>1\u00b0 edici\u00f3n a\u00f1o 2021 &#8211; 576 P\u00e1ginas Tapa Rustica<\/p>\n<p>Escr\u00edbenos al +56930565235 \/ <a class=\"afaFOTlZPsCzjvRLucMiKLrwEMAMHRDLkDjhg \" href=\"mailto:ventaslegallexglobal@gmail.com\" target=\"_self\" rel=\"noopener\" data-test-app-aware-link=\"\">ventaslegallexglobal@gmail.com<\/a><br \/>\nHacemos env\u00edos a todo Chile &#8211; Starken o Correos Chile \/ Te esperamos<\/p>\n<p>&nbsp;<\/p>\n","protected":false},"featured_media":1958,"comment_status":"open","ping_status":"closed","template":"","meta":{"inline_featured_image":false,"_joinchat":[]},"product_brand":[],"product_cat":[27,26],"product_tag":[],"class_list":{"0":"post-1928","1":"product","2":"type-product","3":"status-publish","4":"has-post-thumbnail","6":"product_cat-civil","7":"product_cat-derecho","9":"first","10":"instock","11":"shipping-taxable","12":"purchasable","13":"product-type-simple"},"_links":{"self":[{"href":"https:\/\/bibliotecajuridicavirtual.cl\/index.php\/wp-json\/wp\/v2\/product\/1928","targetHints":{"allow":["GET"]}}],"collection":[{"href":"https:\/\/bibliotecajuridicavirtual.cl\/index.php\/wp-json\/wp\/v2\/product"}],"about":[{"href":"https:\/\/bibliotecajuridicavirtual.cl\/index.php\/wp-json\/wp\/v2\/types\/product"}],"replies":[{"embeddable":true,"href":"https:\/\/bibliotecajuridicavirtual.cl\/index.php\/wp-json\/wp\/v2\/comments?post=1928"}],"wp:featuredmedia":[{"embeddable":true,"href":"https:\/\/bibliotecajuridicavirtual.cl\/index.php\/wp-json\/wp\/v2\/media\/1958"}],"wp:attachment":[{"href":"https:\/\/bibliotecajuridicavirtual.cl\/index.php\/wp-json\/wp\/v2\/media?parent=1928"}],"wp:term":[{"taxonomy":"product_brand","embeddable":true,"href":"https:\/\/bibliotecajuridicavirtual.cl\/index.php\/wp-json\/wp\/v2\/product_brand?post=1928"},{"taxonomy":"product_cat","embeddable":true,"href":"https:\/\/bibliotecajuridicavirtual.cl\/index.php\/wp-json\/wp\/v2\/product_cat?post=1928"},{"taxonomy":"product_tag","embeddable":true,"href":"https:\/\/bibliotecajuridicavirtual.cl\/index.php\/wp-json\/wp\/v2\/product_tag?post=1928"}],"curies":[{"name":"wp","href":"https:\/\/api.w.org\/{rel}","templated":true}]}}