{"id":1929,"date":"2026-02-28T00:56:44","date_gmt":"2026-02-28T03:56:44","guid":{"rendered":"https:\/\/bibliotecajuridicavirtual.cl\/?post_type=product&#038;p=1929"},"modified":"2026-02-28T00:56:57","modified_gmt":"2026-02-28T03:56:57","slug":"la-modificacion-sobreviniente-de-las-circunstancias-y-la-revision-de-los-contratos-en-la-posmodernidad-jaramillo-j-carlos-ignacio","status":"publish","type":"product","link":"https:\/\/bibliotecajuridicavirtual.cl\/index.php\/product\/la-modificacion-sobreviniente-de-las-circunstancias-y-la-revision-de-los-contratos-en-la-posmodernidad-jaramillo-j-carlos-ignacio\/","title":{"rendered":"La Modificaci\u00f3n Sobreviniente de las Circunstancias y la Revisi\u00f3n de los Contratos en la Posmodernidad &#8211; Jaramillo J., Carlos Ignacio"},"content":{"rendered":"<p><strong>La modificaci\u00f3n sobreviniente de las circunstancias y la revisi\u00f3n de los contratos en la posmodernidad<\/strong><\/p>\n<p>Contenido: Cap\u00edtulo I. La alteraci\u00f3n sobreviniente de las circunstancias y la revisi\u00f3n ulterior de los contratos: 1. G\u00e9nesis, aproximaci\u00f3n panor\u00e1mica y alcance general del presente. Cap\u00edtulo. 2. Justificaci\u00f3n del tema. La \u2018tensi\u00f3n\u2019 originaria entre la fuerza obligatoria del contrato y su revisi\u00f3n, a ra\u00edz del surgimiento de nuevas circunstancias. 3. Lectura tradicional del contrato y evoluci\u00f3n en la posmodernidad. La regla\u00a0<em>pacta sunt servand<\/em>a y la ulterior revisi\u00f3n contractual. Cap\u00edtulo II. La revisi\u00f3n y la adecuaci\u00f3n de los contratos en virtud de la alteraci\u00f3n de las circunstancias en la \u2018posmodernidad contractual\u2019: 1. Generalidades. 2. Replanteamiento de la fuerza obligatoria de los contratos en el nuevo \u2018orden contractual\u2019 y constitucional. 3. La revisi\u00f3n y adecuaci\u00f3n de los contratos. Su relaci\u00f3n con la seguridad jur\u00eddica y con la justicia contractual. Balance. 4. La preservaci\u00f3n de los efectos del contrato en el siglo XXI. La regla favor contractus y la revisi\u00f3n contractual. 5. Revisi\u00f3n, adecuaci\u00f3n y modificaci\u00f3n del contrato. Su renegociaci\u00f3n y el deber de \u2018cooperaci\u00f3n\u2019 emanado de la buena fe. Cap\u00edtulo III. Aproximaci\u00f3n, significado e importancia del \u2018criterio de la razonabilidad\u2019, en particular en la esfera contractual: 1. Generalidades. 2. La razonabilidad y los conceptos jur\u00eddicos indeterminados o de textura abierta. 3. Significado y alcance preliminar del criterio de la razonabilidad y de las decisiones razonables. Referencia a la persona razonable. 4. La razonabilidad y su aproximaci\u00f3n al derecho colombiano y comparado. Su importancia en el \u00e1mbito contractual. 5. El criterio de la razonabilidad y sus rasgos primordiales. Cap\u00edtulo IV. El cambio de las circunstancias y las primordiales respuestas jur\u00eddicas encaminadas a conjurar las \u2018crisis\u2019 contractuales: 1. Generalidades. 2. El caso fortuito o la fuerza mayor. 3. La imposibilidad sobrevenida de la prestaci\u00f3n. 4. La excesiva onerosidad sobreviniente y la imprevisi\u00f3n contractual. 5. La frustraci\u00f3n de la finalidad del contrato. Cap\u00edtulo V. La modificaci\u00f3n del estado del riesgo en el contrato de seguro. Su \u2018agravaci\u00f3n\u2019 y su \u2018disminuci\u00f3n\u2019. Tendencias, e incidencia del \u2018criterio de la razonabilidad\u2019: 1. Generalidades. 2. Importancia de la preservaci\u00f3n del estado del riesgo en el seguro. Evoluci\u00f3n de la regla\u00a0<em>pacta sunt servanda.<\/em>\u00a03. Presupuestos y exigencias de la modificaci\u00f3n del riesgo, en particular de su agravaci\u00f3n. 4. Alcances y l\u00edmites de la carga referente a la informaci\u00f3n suficiente al asegurador de los hechos agravantes. 5. Secuelas y opciones normativas emergentes de la agravaci\u00f3n del estado del riesgo. Generalidades. 6. Nuevas tendencias en torno a la agravaci\u00f3n del estado del riesgo. Incidencia de la razonabilidad. 7. La disminuci\u00f3n del riesgo. Breve alusi\u00f3n.<\/p>\n","protected":false},"excerpt":{"rendered":"<p>1\u00b0 edici\u00f3n a\u00f1o 2021 \/ 424 p\u00e1gs. Tapa dura<\/p>\n<p>Buscas un libro Jur\u00eddico.? Lo puedes encontrar en nuestra tienda virtual.<br \/>\nContamos con prestigiosos autores y muchas alternativas en sus diferentes materias al igual que grandes descuentos.! Vis\u00edtanos en <a class=\"afaFOTlZPsCzjvRLucMiKLrwEMAMHRDLkDjhg \" href=\"https:\/\/lnkd.in\/eiAG7jdZ\" target=\"_blank\" rel=\"noopener\" data-test-app-aware-link=\"\">https:\/\/lnkd.in\/eiAG7jdZ<\/a><br \/>\nEscr\u00edbenos al +56930565235 \/ <a class=\"afaFOTlZPsCzjvRLucMiKLrwEMAMHRDLkDjhg \" href=\"mailto:ventaslegallexglobal@gmail.com\" target=\"_self\" rel=\"noopener\" data-test-app-aware-link=\"\">ventaslegallexglobal@gmail.com<\/a><br \/>\nHacemos env\u00edos a todo Chile &#8211; Starken o Correos Chile \/ Te esperamos<\/p>\n<p>&nbsp;<\/p>\n","protected":false},"featured_media":1959,"comment_status":"open","ping_status":"closed","template":"","meta":{"inline_featured_image":false,"_joinchat":[]},"product_brand":[],"product_cat":[27,26],"product_tag":[],"class_list":{"0":"post-1929","1":"product","2":"type-product","3":"status-publish","4":"has-post-thumbnail","6":"product_cat-civil","7":"product_cat-derecho","9":"first","10":"instock","11":"shipping-taxable","12":"purchasable","13":"product-type-simple"},"_links":{"self":[{"href":"https:\/\/bibliotecajuridicavirtual.cl\/index.php\/wp-json\/wp\/v2\/product\/1929","targetHints":{"allow":["GET"]}}],"collection":[{"href":"https:\/\/bibliotecajuridicavirtual.cl\/index.php\/wp-json\/wp\/v2\/product"}],"about":[{"href":"https:\/\/bibliotecajuridicavirtual.cl\/index.php\/wp-json\/wp\/v2\/types\/product"}],"replies":[{"embeddable":true,"href":"https:\/\/bibliotecajuridicavirtual.cl\/index.php\/wp-json\/wp\/v2\/comments?post=1929"}],"wp:featuredmedia":[{"embeddable":true,"href":"https:\/\/bibliotecajuridicavirtual.cl\/index.php\/wp-json\/wp\/v2\/media\/1959"}],"wp:attachment":[{"href":"https:\/\/bibliotecajuridicavirtual.cl\/index.php\/wp-json\/wp\/v2\/media?parent=1929"}],"wp:term":[{"taxonomy":"product_brand","embeddable":true,"href":"https:\/\/bibliotecajuridicavirtual.cl\/index.php\/wp-json\/wp\/v2\/product_brand?post=1929"},{"taxonomy":"product_cat","embeddable":true,"href":"https:\/\/bibliotecajuridicavirtual.cl\/index.php\/wp-json\/wp\/v2\/product_cat?post=1929"},{"taxonomy":"product_tag","embeddable":true,"href":"https:\/\/bibliotecajuridicavirtual.cl\/index.php\/wp-json\/wp\/v2\/product_tag?post=1929"}],"curies":[{"name":"wp","href":"https:\/\/api.w.org\/{rel}","templated":true}]}}