{"id":1934,"date":"2026-02-28T00:56:44","date_gmt":"2026-02-28T03:56:44","guid":{"rendered":"https:\/\/bibliotecajuridicavirtual.cl\/?post_type=product&#038;p=1934"},"modified":"2026-02-28T00:57:02","modified_gmt":"2026-02-28T03:57:02","slug":"manual-de-derecho-penal-teoria-del-delito-juan-luis-modolell-gonzalez-2a-edicion-enero-ano-2024-360-paginas","status":"publish","type":"product","link":"https:\/\/bibliotecajuridicavirtual.cl\/index.php\/product\/manual-de-derecho-penal-teoria-del-delito-juan-luis-modolell-gonzalez-2a-edicion-enero-ano-2024-360-paginas\/","title":{"rendered":"Manual de Derecho Penal &#8211; Teor\u00eda del Delito &#8211; Juan Luis Modolell Gonz\u00e1lez &#8211; 2\u00aa edici\u00f3n enero a\u00f1o 2024 \/ 360 P\u00e1ginas"},"content":{"rendered":"<p style=\"font-weight: 400;\">Esta obra se dirige a estudiantes de la carrera de Derecho y estudiantes de postgrado que quieran profundizar en la teor\u00eda de delito, ofreciendo un panorama completo de la discusi\u00f3n doctrinal y jurisprudencial chilena en relaci\u00f3n a las instituciones de la parte general del derecho penal.<br \/>\nPor lo tanto, los profesionales y operadores de justicia del \u00e1rea penal tendr\u00e1n a la mano un manual claro, conciso y preciso sobre los temas abordados, contenidos que podr\u00e1n guiarlos en la soluci\u00f3n de problemas jur\u00eddicos.<br \/>\nComo enuncia uno de sus prologuistas destacados: \u201c[\u2026] esta exposici\u00f3n de la parte general del derecho penal interesar\u00e1 tanto al jurista formado como a los estudiantes que se inician en el estudio de esta materia, puesto que tiene la dif\u00edcil virtud de hacer f\u00e1cil lo dif\u00edcil\u201d (Santiago Mir Puig).<\/p>\n<p style=\"font-weight: 400;\"><b><strong>CAP\u00cdTULO I<\/strong><\/b><br \/>\n<b><strong>INTRODUCCI\u00d3N A LA TEOR\u00cdA DEL DELITO<\/strong><\/b><\/p>\n<p>1. Fin de la pena y norma jur\u00eddica-penal<br \/>\n2. Funci\u00f3n determinativa (motivadora) de la norma (desvalor de conducta-perspectiva ex ante)<br \/>\n3. Funci\u00f3n valorativa de la norma (desvalor de lesi\u00f3n, o peligro, del bien jur\u00eddico-perspectiva ex post)<br \/>\n4. Conclusi\u00f3n<br \/>\n<b><strong>CAP\u00cdTULO II<\/strong><\/b><br \/>\n<b><strong>LA CONDUCTA HUMANA<\/strong><\/b><br \/>\n1. Introducci\u00f3n<br \/>\n2. Evoluci\u00f3n dogm\u00e1tica del concepto de conducta<br \/>\n2.1. Concepciones naturalistas de la conducta: conceptos causal-mecanicista de Von Liszt y fnalista de Welzel<br \/>\nA) Von liszt y su visi\u00f3n causal-mecanicista de la acci\u00f3n<br \/>\nB) El concepto de acci\u00f3n fnal welzeliano<\/p>\n<p>2.2. Conceptos normativo-valorativos de conducta<br \/>\nA) Mezger y el concepto neokantiano de conducta<br \/>\nB) la doctrina de la acci\u00f3n social<br \/>\nC) Jakobs y el concepto de \u201cacci\u00f3n imputable\u201d<br \/>\nD) Roxin y la conducta como \u201cmanifestaci\u00f3n de la personalidad\u201d<br \/>\nE) la acci\u00f3n como suceso \u201cinterpretable\u201d<br \/>\nF) El concepto de \u201cacci\u00f3n negativa\u201d (herzberg)<\/p>\n<ol start=\"3\">\n<li style=\"font-weight: 400;\">Inutilidad del concepto de conducta<\/li>\n<li style=\"font-weight: 400;\">Toma de posici\u00f3n: \u00bfconcepto de conducta ontol\u00f3gico o valorativo?<\/li>\n<li style=\"font-weight: 400;\">El car\u00e1cter humano de la conducta: la responsabilidad penal de las personas jur\u00eddicas<\/li>\n<li style=\"font-weight: 400;\">Car\u00e1cter voluntario de la conducta<\/li>\n<li style=\"font-weight: 400;\">La omisi\u00f3n<\/li>\n<\/ol>\n<p style=\"font-weight: 400;\"><b><strong>CAP\u00cdTULO III<\/strong><\/b><br \/>\n<b><strong>INTRODUCCI\u00d3N AL TIPO PENAL<\/strong><\/b><\/p>\n<ol>\n<li style=\"font-weight: 400;\">Tipo y tipicidad<\/li>\n<li style=\"font-weight: 400;\">Tipo y antijuridicidad<\/li>\n<li style=\"font-weight: 400;\">Estructura del tipo penal<\/li>\n<li style=\"font-weight: 400;\">Clasificaci\u00f3n de los tipos penales\n<p>4.1. Seg\u00fan las modalidades del aspecto objetivo de la conducta<br \/>\nA) Tipos de mera actividad y tipos de resultado material<br \/>\nB) Tipos de acci\u00f3n y tipos de omisi\u00f3n<\/p>\n<p>4.2. Seg\u00fan los sujetos<br \/>\nA) Tipos comunes y tipos especiales<br \/>\nB) Delitos de propia mano<br \/>\nC) Tipos de autor\u00eda y de participaci\u00f3n<\/p>\n<p>4.3. Seg\u00fan la relaci\u00f3n con el objeto del bien jur\u00eddico<\/p>\n<p>4.4. Seg\u00fan la relaci\u00f3n entre los propios tipos penales<\/p>\n<p><b><strong>CAP\u00cdTULO IV<\/strong><\/b><br \/>\n<b><strong>TIPO DE ACCI\u00d3N DOLOSO DE RESULTADO MATERIAL<\/strong><\/b><\/li>\n<li style=\"font-weight: 400;\">El tipo objetivo en los delitos dolosos de resultado material<\/li>\n<\/ol>\n<p style=\"font-weight: 400;\">1.1. Relaci\u00f3n de causalidad<\/p>\n<p>1.2. Imputaci\u00f3n objetiva del resultado material<\/p>\n<p>1.3. Criterios de imputaci\u00f3n objetiva del resultado material<br \/>\nA) Disminuci\u00f3n objetiva del riesgo<br \/>\nB) ausencia de un riesgo t\u00edpicamente relevante<br \/>\nC) aumento del riesgo permitido (conducta alternativa conforme a derecho)<br \/>\nD) Prohibici\u00f3n de regreso<br \/>\nE) Principio de confianza<br \/>\nF) Conducta de la propia v\u00edctima<\/p>\n<p style=\"font-weight: 400;\">1.4. adenda: la llamada \u201cconcausalidad\u201d<\/p>\n<ol start=\"2\">\n<li style=\"font-weight: 400;\">El tipo subjetivo en los delitos dolosos de resultado material<\/li>\n<\/ol>\n<p style=\"font-weight: 400;\">2.1. Introducci\u00f3n<br \/>\n2.2. Evoluci\u00f3n sistem\u00e1tica del dolo<br \/>\n2.3. Contenido<br \/>\n2.4. Objeto del dolo<br \/>\n2.5. Clases de dolo<\/p>\n<ol start=\"3\">\n<li style=\"font-weight: 400;\">Ausencia de dolo t\u00edpico<\/li>\n<\/ol>\n<p style=\"font-weight: 400;\">3.1. Error de tipo<\/p>\n<p style=\"font-weight: 400;\">3.2. Clases de error de tipo<\/p>\n<p style=\"font-weight: 400;\">3.3. Modalidades adicionales de error<br \/>\nA) Error sobre el objeto o en la persona<br \/>\nB) Error en el golpe (aberratio ictus)<\/p>\n<ol start=\"4\">\n<li style=\"font-weight: 400;\">Elementos subjetivos distintos al dolo del autor\n<p><b><strong>CAP\u00cdTULO V<\/strong><\/b><br \/>\n<b><strong>TIPO DOLOSO DE MERA ACTIVIDAD<\/strong><\/b><\/li>\n<li style=\"font-weight: 400;\">Tipos de mera actividad (concepto)<br \/>\n2. Tipo objetivo<br \/>\n3. Tipo subjetivo<\/li>\n<\/ol>\n<p style=\"font-weight: 400;\"><b><strong>CAP\u00cdTULO VI<\/strong><\/b><br \/>\n<b><strong>TIPO CULPOSO DE ACCI\u00d3N DE RESULTADO MATERIAL. PRETERINTENCI\u00d3N Y DELITOS CALIFICADOS POR EL RESULTADO<\/strong><\/b><\/p>\n<p>1. Introducci\u00f3n<\/p>\n<ol start=\"2\">\n<li style=\"font-weight: 400;\">Fundamento y evoluci\u00f3n dogm\u00e1tica de la culpa<\/li>\n<li style=\"font-weight: 400;\">Estructura del tipo culposo\n<p>3.1. Tipo objetivo<br \/>\n3.2. Tipo subjetivo<\/li>\n<li style=\"font-weight: 400;\">Preterintenci\u00f3n y delitos calificados por el resultado<\/li>\n<\/ol>\n<p style=\"font-weight: 400;\"><b><strong>CAP\u00cdTULO VII<\/strong><\/b><br \/>\n<b><strong>EL TIPO DE OMISI\u00d3N<\/strong><\/b><\/p>\n<ol>\n<li style=\"font-weight: 400;\">Concepto2. Distinci\u00f3n acci\u00f3n-omisi\u00f3n en el caso concreto\n<p>3. Clases de omisi\u00f3n<\/p>\n<p>4. Omisi\u00f3n propia<\/li>\n<\/ol>\n<p style=\"font-weight: 400;\">4.1. Tipo objetivo<br \/>\nA) Supuesto de hecho determinado en la ley<br \/>\nB) ausencia de una acci\u00f3n determinada<br \/>\nC) Capacidad concreta de actuar<\/p>\n<p>4.2. Tipo subjetivo<\/p>\n<ol start=\"5\">\n<li style=\"font-weight: 400;\">Omisi\u00f3n impropia (comisi\u00f3n por omisi\u00f3n)<\/li>\n<\/ol>\n<p style=\"font-weight: 400;\">5.1. Tipo objetivo<br \/>\nA) Posici\u00f3n de garante derivada del deber de protecci\u00f3n de un bien jur\u00eddico<br \/>\nB) Posici\u00f3n de garante derivada del deber de control de una fuente de peligro<\/p>\n<p style=\"font-weight: 400;\">5.2. Tipo subjetivo en la comisi\u00f3n por omisi\u00f3n<\/p>\n<p style=\"font-weight: 400;\"><b><strong>CAP\u00cdTULO VIII<\/strong><\/b><br \/>\n<b><strong>TIPOS DE IMPERFECTA REALIZACI\u00d3N<\/strong><\/b><\/p>\n<ol>\n<li style=\"font-weight: 400;\">Introducci\u00f3n<\/li>\n<li style=\"font-weight: 400;\">Fundamento de la punici\u00f3n del delito imperfecto<\/li>\n<li style=\"font-weight: 400;\">Actos preparatorios y comienzo de ejecuci\u00f3n<\/li>\n<li style=\"font-weight: 400;\">Tipo de tentativa\n<p>4.1. Tipo objetivo<br \/>\n4.2. Tipo subjetivo<\/li>\n<li style=\"font-weight: 400;\">Tipo de frustraci\u00f3n<\/li>\n<\/ol>\n<p style=\"font-weight: 400;\">5.1. Tipo objetivo<br \/>\n5.2. Tipo subjetivo<\/p>\n<ol start=\"6\">\n<li style=\"font-weight: 400;\">Tentativa inid\u00f3nea (tipo imperfecto inid\u00f3neo)<\/li>\n<\/ol>\n<p style=\"font-weight: 400;\">6.1. Definici\u00f3n<br \/>\n6.2. fundamento del castigo de la tentativa inid\u00f3nea<\/p>\n<ol start=\"7\">\n<li style=\"font-weight: 400;\">Desistimiento voluntario<\/li>\n<\/ol>\n<p style=\"font-weight: 400;\">7.1. Concepto<br \/>\n7.2. Naturaleza jur\u00eddica<br \/>\n7.3. fundamento de la impunidad del desistimiento<br \/>\n7.4. Car\u00e1cter voluntario del desistimiento<br \/>\n7.5. Desistimiento en la tentativa y en la frustraci\u00f3n<\/p>\n<p style=\"font-weight: 400;\"><b><strong>CAP\u00cdTULO IX<\/strong><\/b><br \/>\n<b><strong>TIPOS DE AUTOR\u00cdA Y PARTICIPACI\u00d3N<\/strong><\/b><\/p>\n<ol>\n<li style=\"font-weight: 400;\">La autor\u00eda (concepto y determinaci\u00f3n)<\/li>\n<li style=\"font-weight: 400;\">Excurso: autor\u00eda y tipos de infracci\u00f3n de deber<\/li>\n<li style=\"font-weight: 400;\">Autor individual<\/li>\n<li style=\"font-weight: 400;\">La coautor\u00eda<\/li>\n<\/ol>\n<p style=\"font-weight: 400;\">4.1. Concepto<br \/>\n4.2. Regulaci\u00f3n legal de la coautor\u00eda<br \/>\n4.3. autor\u00eda accesoria<br \/>\n4.4. Part\u00edcipe-coautor<\/p>\n<ol start=\"5\">\n<li style=\"font-weight: 400;\">Autor\u00eda mediata\n<p>5.1. Concepto<br \/>\n5.2. Supuestos<br \/>\n5.3. Comienzo de ejecuci\u00f3n en la autor\u00eda mediata<br \/>\n5.4. autor\u00eda mediata y tipos especiales<br \/>\n5.5. autor\u00eda mediata en estructuras organizadas de poder<\/li>\n<li style=\"font-weight: 400;\">Participaci\u00f3n criminal<\/li>\n<\/ol>\n<p style=\"font-weight: 400;\">6.1. Inducci\u00f3n (instigaci\u00f3n)<br \/>\nA) Concepto<br \/>\nB) Elementos objetivos<br \/>\nC) Elementos subjetivos<\/p>\n<p>6.2. Complicidad castigada como autor\u00eda<\/p>\n<p>6.3. C\u00f3mplice simple<\/p>\n<p style=\"font-weight: 400;\">6.4. Encubrimiento<\/p>\n<p style=\"font-weight: 400;\">6.5. Excurso: conductas neutrales y participaci\u00f3n criminal<\/p>\n<p style=\"font-weight: 400;\"><b><strong>CAP\u00cdTULO X<\/strong><\/b><br \/>\n<b><strong>AUSENCIA DE CAUSAS DE JUSTIFICACI\u00d3N (ANTIJURIDICIDAD)<\/strong><\/b><\/p>\n<ol>\n<li style=\"font-weight: 400;\">Introducci\u00f3n<\/li>\n<li style=\"font-weight: 400;\">Leg\u00edtima defensa\n<p>2.1. Requisitos objetivos<br \/>\n2.2. Requisitos subjetivos<br \/>\n2.3. leg\u00edtima defensa de terceros y leg\u00edtima defensa privilegiada<\/li>\n<li style=\"font-weight: 400;\">Estado de necesidad justificante<\/li>\n<\/ol>\n<p style=\"font-weight: 400;\">3.1. Clasifcaci\u00f3n<br \/>\n3.2. Regulaci\u00f3n legal<br \/>\nA) Requisitos objetivos<br \/>\nB) Requisitos subjetivos<\/p>\n<ol start=\"4\">\n<li style=\"font-weight: 400;\">Cumplimiento de un deber<\/li>\n<li style=\"font-weight: 400;\">Ejercicio leg\u00edtimo de un derecho, autoridad, oficio o cargo\n<p>5.1. Ejercicio leg\u00edtimo de un derecho<br \/>\n5.2. Ejercicio de la autoridad<br \/>\n5.3. Ejercicio del ofcio o cargo<\/li>\n<li style=\"font-weight: 400;\">Obediencia debida (jer\u00e1rquica)<\/li>\n<li style=\"font-weight: 400;\">Eximente incompleta<\/li>\n<\/ol>\n<p style=\"font-weight: 400;\"><b><strong>CAP\u00cdTULO XI<\/strong><\/b><br \/>\n<b><strong>LA CULPABILIDAD<\/strong><\/b><\/p>\n<ol>\n<li style=\"font-weight: 400;\">Evoluci\u00f3n dogm\u00e1tica\n<p>1.1. Culpabilidad \u201cpsicol\u00f3gica\u201d<br \/>\n1.2. Teor\u00eda normativa de la culpabilidad (frank)<br \/>\n1.3. Teor\u00eda normativa pura (Welzel)<br \/>\n1.4. Culpabilidad funcional<\/li>\n<li style=\"font-weight: 400;\">Culpabilidad como reproche jur\u00eddico-penal<\/li>\n<li style=\"font-weight: 400;\">Fundamento de la culpabilidad como elemento del delito<\/li>\n<li style=\"font-weight: 400;\">Elementos de la culpabilidad<\/li>\n<\/ol>\n<p style=\"font-weight: 400;\">4.1. Imputabilidad<\/p>\n<p>4.2. Conocimiento de la prohibici\u00f3n<br \/>\nA) Evoluci\u00f3n dogm\u00e1tica del error de prohibici\u00f3n<br \/>\nB) admisi\u00f3n del error de prohibici\u00f3n por la legislaci\u00f3n chilena<\/p>\n<p>4.3. Normalidad del acto volitivo<\/p>\n<p>Ap\u00e9ndice: Casos sobre teor\u00eda del delito<\/p>\n","protected":false},"excerpt":{"rendered":"<p>Buscas un libro Jur\u00eddico.? Lo puedes encontrar en nuestra tienda virtual.<br \/>\nContamos con prestigiosos autores y muchas alternativas en sus diferentes materias al igual que grandes descuentos.! Vis\u00edtanos en <a class=\"sUFcSCZDejOhmFkhKrIWVDhPiQjqAXqs \" href=\"https:\/\/lnkd.in\/eiAG7jdZ\" target=\"_blank\" rel=\"noopener\" data-test-app-aware-link=\"\">https:\/\/lnkd.in\/eiAG7jdZ<\/a><br \/>\nEscr\u00edbenos al +56930565235 \/ <a class=\"sUFcSCZDejOhmFkhKrIWVDhPiQjqAXqs \" href=\"mailto:ventaslegallexglobal@gmail.com\" target=\"_self\" data-test-app-aware-link=\"\" rel=\"noopener\">ventaslegallexglobal@gmail.com<\/a><br \/>\nHacemos env\u00edos a todo Chile &#8211; Starken o Correos Chile \/ Te esperamos<\/p>\n","protected":false},"featured_media":1964,"comment_status":"open","ping_status":"closed","template":"","meta":{"inline_featured_image":false,"_joinchat":[]},"product_brand":[],"product_cat":[30],"product_tag":[],"class_list":{"0":"post-1934","1":"product","2":"type-product","3":"status-publish","4":"has-post-thumbnail","6":"product_cat-penal","8":"first","9":"instock","10":"shipping-taxable","11":"purchasable","12":"product-type-simple"},"_links":{"self":[{"href":"https:\/\/bibliotecajuridicavirtual.cl\/index.php\/wp-json\/wp\/v2\/product\/1934","targetHints":{"allow":["GET"]}}],"collection":[{"href":"https:\/\/bibliotecajuridicavirtual.cl\/index.php\/wp-json\/wp\/v2\/product"}],"about":[{"href":"https:\/\/bibliotecajuridicavirtual.cl\/index.php\/wp-json\/wp\/v2\/types\/product"}],"replies":[{"embeddable":true,"href":"https:\/\/bibliotecajuridicavirtual.cl\/index.php\/wp-json\/wp\/v2\/comments?post=1934"}],"wp:featuredmedia":[{"embeddable":true,"href":"https:\/\/bibliotecajuridicavirtual.cl\/index.php\/wp-json\/wp\/v2\/media\/1964"}],"wp:attachment":[{"href":"https:\/\/bibliotecajuridicavirtual.cl\/index.php\/wp-json\/wp\/v2\/media?parent=1934"}],"wp:term":[{"taxonomy":"product_brand","embeddable":true,"href":"https:\/\/bibliotecajuridicavirtual.cl\/index.php\/wp-json\/wp\/v2\/product_brand?post=1934"},{"taxonomy":"product_cat","embeddable":true,"href":"https:\/\/bibliotecajuridicavirtual.cl\/index.php\/wp-json\/wp\/v2\/product_cat?post=1934"},{"taxonomy":"product_tag","embeddable":true,"href":"https:\/\/bibliotecajuridicavirtual.cl\/index.php\/wp-json\/wp\/v2\/product_tag?post=1934"}],"curies":[{"name":"wp","href":"https:\/\/api.w.org\/{rel}","templated":true}]}}