{"id":1935,"date":"2026-02-28T00:56:44","date_gmt":"2026-02-28T03:56:44","guid":{"rendered":"https:\/\/bibliotecajuridicavirtual.cl\/?post_type=product&#038;p=1935"},"modified":"2026-02-28T00:57:03","modified_gmt":"2026-02-28T03:57:03","slug":"compilado-de-normas-aplicables-ante-los-juzgados-de-policia-local-editorial-nueva-juridica-diciembre-ano-2024-684-paginas","status":"publish","type":"product","link":"https:\/\/bibliotecajuridicavirtual.cl\/index.php\/product\/compilado-de-normas-aplicables-ante-los-juzgados-de-policia-local-editorial-nueva-juridica-diciembre-ano-2024-684-paginas\/","title":{"rendered":"Compilado de Normas Aplicables Ante los Juzgados de Polic\u00eda Local &#8211; Editorial Nueva Jur\u00eddica &#8211; Diciembre a\u00f1o 2024 &#8211; 684 P\u00e1ginas"},"content":{"rendered":"<p style=\"font-weight: 400;\"><b><strong>DECRETO SUPREMO N\u00b0 307, FIJA EL TEXTO, COORDINADO Y SISTEMATIZADO DE LA LEY N\u00b0 15.231, SOBRE ORGANIZACI\u00d3N Y ATRIBUCIONES DE LOS JUZGADOS DE POLIC\u00cdA LOCAL<\/strong><\/b><\/p>\n<p>T\u00edtulo I. De los jueces de polic\u00eda local<br \/>\nT\u00edtulo II. De la competencia<br \/>\nT\u00edtulo III. Del procedimiento<br \/>\nT\u00edtulo IV. Del conservador de veh\u00edculos motorizados y del registro de conductores<br \/>\nT\u00edtulo V. De los secretarios y personal subalterno<br \/>\nT\u00edtulo VI. Disposiciones generales<\/p>\n<p style=\"font-weight: 400;\"><b><strong>LEY NO 18.287. ESTABLECE PROCEDIMIENTO ANTE LOS JUZGADOS DE POLIC\u00cdA LOCAL<\/strong><\/b><\/p>\n<p style=\"font-weight: 400;\">T\u00edtulo I. Del procedimiento ordinario<br \/>\nT\u00edtulo II. De las medidas precautorias<br \/>\nT\u00edtulo III. De la apelaci\u00f3n<br \/>\nT\u00edtulo IV. Del procedimiento de cancelaci\u00f3n y suspensi\u00f3n de la licencia de conductor por acumulaci\u00f3n de anotaciones de infracciones<br \/>\nT\u00edtulo V. Disposiciones varias<\/p>\n<p style=\"font-weight: 400;\"><b><strong>LEY NO 18.490<\/strong><\/b><br \/>\n<b><strong>ESTABLECE SEGURO OBLIGATORIO DE ACCIDENTES PERSONALES CAUSADOS POR CIRCULACI\u00d3N DE VEH\u00cdCULOS MOTORIZADOS.<\/strong><\/b><\/p>\n<p style=\"font-weight: 400;\">T\u00edtulo preliminar. Del seguro obligatorio de accidentes causados por veh\u00edculos motorizados<br \/>\nT\u00edtulo I. Del seguro de accidentes personales<br \/>\nT\u00edtulo II. Del seguro de responsabilidad civil por da\u00f1os a veh\u00edculos de terceros<br \/>\nT\u00edtulo III. Disposiciones varias<\/p>\n<p><b><strong>DFL 1. FIJA TEXTO REFUNDIDO, COORDINADO Y SISTEMATIZADO DE LA LEY DE TR\u00c1NSITO<\/strong><\/b><\/p>\n<p>T\u00edtulo I. De los conductores y de las licencias<br \/>\nT\u00edtulo II. De la ense\u00f1anza de las normas de tr\u00e1nsito y de las escuelas de conductores.<br \/>\nT\u00edtulo III. Del dominio y registro de los veh\u00edculos motorizados y de la patente \u00fanica y certificado de inscripci\u00f3n.<br \/>\nT\u00edtulo IV. De la patente extranjera, distintivos y documentos internacionales<br \/>\nT\u00edtulo V. De las condiciones t\u00e9cnicas, de la carga, de las medidas de seguridad y de los distintivos y colores de ciertos veh\u00edculos<br \/>\nT\u00edtulo VI. Del transporte p\u00fablico de pasajeros<br \/>\nT\u00edtulo VII. De las revisiones de los veh\u00edculos, de sus condiciones de seguridad y de la homologaci\u00f3n<br \/>\nT\u00edtulo VIII. De la se\u00f1alizaci\u00f3n, cruces de ferrocarril y se\u00f1ales Luminosas reguladoras del tr\u00e1nsito<br \/>\nT\u00edtulo IX. De la conducci\u00f3n<br \/>\nT\u00edtulo X. De los virajes y se\u00f1ales de advertencia<br \/>\nT\u00edtulo XI. Derecho preferente de paso<br \/>\nT\u00edtulo XII. De la velocidad<br \/>\nT\u00edtulo XIII. Del estacionamiento y de la detenci\u00f3n<br \/>\nT\u00edtulo XIV. Disposiciones generales sobre uso de las v\u00edas<br \/>\nT\u00edtulo XV. De la responsabilidad por los accidentes<br \/>\nT\u00edtulo XVI. De los procedimientos policiales y administrativos<br \/>\nT\u00edtulo XVII. De los delitos, cuasidelitos y de la conducci\u00f3n bajo la influencia del alcohol, en estado de ebriedad o bajo la influencia de sustancias estupefacientes o sicotr\u00f3picas<br \/>\nT\u00edtulo XVIII. Del registro nacional de conductores de veh\u00edculos motorizados<br \/>\nT\u00edtulo XIX. De los veh\u00edculos considerados como antiguos o hist\u00f3ricos<br \/>\nT\u00edtulo XX. De las bicicletas y otros ciclos<br \/>\nT\u00edtulo final. De la vigencia de la ley<\/p>\n<p style=\"font-weight: 400;\"><b><strong>LEY NO 21.553<\/strong><\/b><br \/>\n<b><strong>REGULA A LAS APLICACIONES DE TRANSPORTE REMUNERADO DE PASAJEROS Y LOS SERVICIOS QUE A TRAV\u00c9S DE ELLAS SE PRESTEN<\/strong><\/b><\/p>\n<p style=\"font-weight: 400;\">T\u00edtulo I. De las empresas de aplicaci\u00f3n de transportes y su registro<br \/>\nT\u00edtulo II. De los requisitos para la prestaci\u00f3n del servicio<br \/>\nT\u00edtulo III. De la gesti\u00f3n y tratamiento de la informaci\u00f3n<br \/>\nT\u00edtulo IV. De las infracciones y sanciones<br \/>\nT\u00edtulo V. Otras disposiciones<br \/>\nDisposiciones transitorias<\/p>\n<p style=\"font-weight: 400;\"><b><strong>LEY NO 21.549<\/strong><\/b><br \/>\n<b><strong>CREA UN SISTEMA DE TRATAMIENTO AUTOMATIZADO DE INFRACCIONES DEL TR\u00c1NSITO Y MODIFICA LAS LEYES N\u00b0 18.287 Y N\u00b0 18.290<\/strong><\/b><\/p>\n<p style=\"font-weight: 400;\">T\u00edtulo I. De la fiscalizaci\u00f3n y el tratamiento automatizados de infracciones de tr\u00e1nsito<br \/>\nT\u00edtulo II. De la red de dispositivos automatizados de registro de infracciones de tr\u00e1nsito<br \/>\nT\u00edtulo III. De la detecci\u00f3n y notificaci\u00f3n de las infracciones de la ley de tr\u00e1nsito y la denuncia ante el juzgado de polic\u00eda local<br \/>\nT\u00edtulo IV. Otras disposiciones<br \/>\nT\u00edtulo V. Modificaciones legales<br \/>\nDisposiciones transitorias<\/p>\n<p style=\"font-weight: 400;\"><b><strong>LEY NO 19.831<\/strong><\/b><br \/>\n<b><strong>CREA EL REGISTRO NACIONAL DE SERVICIOS DE TRANSPORTE REMUNERADO DE ESCOLARES<\/strong><\/b><\/p>\n<p style=\"font-weight: 400;\"><b><strong>LEY 21.442<\/strong><\/b><br \/>\n<b><strong>APRUEBA NUEVA LEY DE COPROPIEDAD INMOBILIARIA<\/strong><\/b><\/p>\n<p style=\"font-weight: 400;\">T\u00edtulo I. Del r\u00e9gimen de copropiedad inmobiliaria<br \/>\nT\u00edtulo II. Derechos y obligaciones de los copropietarios<br \/>\nT\u00edtulo III. Del reglamento de copropiedad<br \/>\nT\u00edtulo IV. De la administraci\u00f3n de las copropiedades<br \/>\nT\u00edtulo V. De los bienes de la copropiedad<br \/>\nT\u00edtulo VI. De las obligaciones econ\u00f3micas<br \/>\nT\u00edtulo VII. De la seguridad del condominio<br \/>\nT\u00edtulo VIII. F\u00f3rmulas de resoluci\u00f3n de conflictos<br \/>\nT\u00edtulo IX. De la constituci\u00f3n de la copropiedad<br \/>\nT\u00edtulo X. Exigencias urbanas y de construcci\u00f3n<br \/>\nT\u00edtulo XI. De la modificaci\u00f3n, ampliaci\u00f3n, subdivisi\u00f3n, fusi\u00f3n y demolici\u00f3n de la copropiedad<br \/>\nT\u00edtulo XII. De los condominios de viviendas de inter\u00e9s p\u00fablico<br \/>\nT\u00edtulo XIII. Del registro nacional de administradores de condominios<br \/>\nT\u00edtulo XIV. De las infracciones, reclamaciones, sanciones y procedimiento ante incumplimiento de administradores<br \/>\nT\u00edtulo final. Disposiciones generales<br \/>\nDisposiciones transitorias<\/p>\n<p style=\"font-weight: 400;\"><b><strong>DECRETO NO 46<\/strong><\/b><br \/>\n<b><strong>APRUEBA REGLAMENTO DE LA LEY NO 19.537 SOBRE COPROPIEDAD INMOBILIARIA<\/strong><\/b><\/p>\n<p style=\"font-weight: 400;\">T\u00edtulo I. Del r\u00e9gimen de copropiedad inmobiliaria<br \/>\nT\u00edtulo II. De los derechos y obligaciones entre los copropietarios del condominio<br \/>\nT\u00edtulo III. De la soluci\u00f3n de conflictos<br \/>\nT\u00edtulo IV. De los bienes de dominio com\u00fan<br \/>\nT\u00edtulo V. Del derecho de los copropietarios sobre los bienes de dominio com\u00fan<br \/>\nT\u00edtulo VI. De los derechos de uso y goce exclusivo<br \/>\nT\u00edtulo VII. De la enajenaci\u00f3n, arrendamiento o gravamen de bienes de dominio com\u00fan<br \/>\nT\u00edtulo VIII. De la contribuci\u00f3n a los gastos comunes<br \/>\nT\u00edtulo IX. De la administraci\u00f3n del condominio<br \/>\nT\u00edtulo X. De la seguridad del condominio<br \/>\nT\u00edtulo XI. Del t\u00e9rmino de la copropiedad inmobiliaria<br \/>\nT\u00edtulo XII. De los condominios de viviendas sociales<\/p>\n<p style=\"font-weight: 400;\"><b><strong>D.F.L N\u00b0 458.APRUEBA NUEVA LEY GENERAL DE URBANISMO Y CONSTRUCCIONES<\/strong><\/b><\/p>\n<p style=\"font-weight: 400;\">T\u00edtulo I. Disposiciones generales<br \/>\nT\u00edtulo II. De la Planificaci\u00f3n Urbana<br \/>\nT\u00edtulo III. De la construcci\u00f3n<br \/>\nT\u00edtulo IV. De las viviendas econ\u00f3micas<br \/>\nT\u00edtulo V. De las mitigaciones y aportes al espacio p\u00fablico<br \/>\nT\u00edtulo Final<\/p>\n<p style=\"font-weight: 400;\"><b><strong>D.F.L N\u00b0 3. FIJA EL TEXTO REFUNDIDO, COORDINADO Y SISTEMATIZADO DE LA LEY 19.496, QUE ESTABLECE NORMAS SOBRE PROTECCI\u00d3N DE LOS DERECHOS DE LOS CONSUMIDORES<\/strong><\/b><\/p>\n<p style=\"font-weight: 400;\">T\u00edtulo I. \u00c1mbito de aplicaci\u00f3n y definiciones b\u00e1sicas<br \/>\nT\u00edtulo II. Disposiciones generales<br \/>\nT\u00edtulo III. Disposiciones especiales<br \/>\nT\u00edtulo IV. De los procedimientos a que da lugar la aplicaci\u00f3n de esta Ley<br \/>\nT\u00edtulo V. Del sello SERNAC, del servicio de atenci\u00f3n al cliente y del sistema de soluci\u00f3n de controversias<br \/>\nT\u00edtulo VI. Del servicio nacional del consumidor<br \/>\nT\u00edtulo final<\/p>\n<p style=\"font-weight: 400;\"><b><strong>LEY N\u00b0 19.925<\/strong><\/b><br \/>\n<b><strong>LEY SOBRE EXPENDIO Y CONSUMO DE BEBIDAS ALCOH\u00d3LICAS<\/strong><\/b><\/p>\n<p style=\"font-weight: 400;\">Disposiciones transitorias<br \/>\nT\u00edtulo I. Del expendio de bebidas alcoh\u00f3licas<br \/>\nT\u00edtulo II. De las medidas de prevenci\u00f3n y rehabilitaci\u00f3n<br \/>\nT\u00edtulo II Bis. De la informaci\u00f3n al consumidor y de la publicidad<br \/>\nT\u00edtulo III. De las sanciones y procedimientos<\/p>\n<p><b><strong>DECRETO N\u00b0 2.385. FIJA EL TEXTO REFUNDIDO Y SISTEMATIZADO DEL DECRETO LEY N\u00b0 3.063, DE 1979, SOBRE RENTAS MUNICIPALES<\/strong><\/b><\/p>\n<p style=\"font-weight: 400;\">T\u00edtulo I<br \/>\nT\u00edtulo II. Del producto de los bienes municipales<br \/>\nT\u00edtulo III. Del producto de los establecimientos y explotaciones municipales<br \/>\nT\u00edtulo IV. De los impuestos municipales<br \/>\nT\u00edtulo V. Del aporte fiscal<br \/>\nT\u00edtulo VI. Participaci\u00f3n municipal en el impuesto territorial y del fondo com\u00fan municipal<br \/>\nT\u00edtulo VII. De los recursos municipales por concesiones, permisos o pagos de servicios<br \/>\nT\u00edtulo VIII. De las rentas municipales<br \/>\nT\u00edtulo VIII Bis. De las donaciones a entidades sin fines de lucro<br \/>\nT\u00edtulo IX. Del cobro judicial<br \/>\nT\u00edtulo X. Sanciones<br \/>\nT\u00edtulo XI. Disposiciones generales<br \/>\nArt\u00edculos transitorios<\/p>\n<p><b><strong>D.F.L N\u00b0 5.291. LEY DE EDUCACI\u00d3N PRIMARIA OBLIGATORIA<\/strong><\/b><\/p>\n<p style=\"font-weight: 400;\">T\u00edtulo preliminar<br \/>\nT\u00edtulo I<br \/>\nT\u00edtulo II. De la direcci\u00f3n general de educaci\u00f3n primaria<br \/>\nT\u00edtulo III<br \/>\nT\u00edtulo IV. Del personal de educaci\u00f3n primaria<br \/>\nT\u00edtulo V. De las escuelas y cursos de experimentaci\u00f3n pedag\u00f3gica<br \/>\nT\u00edtulo VI. De la ense\u00f1anza de ciegos y sordos \u2013 mudos<br \/>\nT\u00edtulo VII. Disposiciones generales<\/p>\n<p><b><strong>LEY N\u00b0 19.846. SOBRE CALIFICACI\u00d3N DE LA PRODUCCI\u00d3N CINEMATROGR\u00c1FICA<\/strong><\/b><\/p>\n<p style=\"font-weight: 400;\">P\u00e1rrafo 1\u00b0 normas generales<br \/>\nP\u00e1rrafo 2\u00b0 del consejo de calificaci\u00f3n cinematrogr\u00e1fica<br \/>\nP\u00e1rrafo 3\u00b0 de la competencia del consejo<br \/>\nP\u00e1rrafo 4\u00b0 del procedimiento de calificaci\u00f3n<br \/>\nP\u00e1rrafo 5\u00b0 de las obligaciones, responsabilidades y sanciones<br \/>\nP\u00e1rrafo 6\u00b0 de la fiscalizaci\u00f3n<br \/>\nP\u00e1rrafo 7\u00b0 recursos y presupuestos del consejo<br \/>\nP\u00e1rrafo 8 disposiciones finales<br \/>\nDisposiciones transitorias<\/p>\n<p style=\"font-weight: 400;\"><b><strong>D.F.L N\u00b0 216. SOBRE EMPADRONAMIENTO VECINAL<\/strong><\/b><\/p>\n<p style=\"font-weight: 400;\">T\u00edtulo V. Derogado<br \/>\nT\u00edtulo VI. Derogado<br \/>\nT\u00edtulo IX. Derogado<\/p>\n<p style=\"font-weight: 400;\"><b><strong>LEY 8.946<\/strong><\/b><\/p>\n<p style=\"font-weight: 400;\">T\u00edtulo I. De la Fiscalizaci\u00f3n de las Obras<br \/>\nT\u00edtulo II. Derogado<br \/>\nT\u00edtulo III. Del cobro a los propietarios<br \/>\nT\u00edtulo IV. De los fondos de pavimentaci\u00f3n<br \/>\nT\u00edtulo V<br \/>\nT\u00edtulo VI<br \/>\nT\u00edtulo VII. Conservaci\u00f3n y reposici\u00f3n de pavimentos<br \/>\nT\u00edtulo VIII. De la pavimentaci\u00f3n en poblaciones, barrios o simples calles nuevas<br \/>\nT\u00edtulo IX<br \/>\nT\u00edtulo X. Disposiciones diversas<\/p>\n<p style=\"font-weight: 400;\"><b><strong>LEY N\u00b0 21.368. REGULA LA ENTREGA DE PL\u00c1STICOS DE UN SOLO USO Y LAS BOTELLAS PL\u00c1STICAS, Y MODIFICA LOS CUERPOS LEGALES QUE INDICA<\/strong><\/b><\/p>\n<p style=\"font-weight: 400;\">T\u00edtulo I. Disposiciones generales<br \/>\nT\u00edtulo II. Limitaciones a la entrega de productos de un solo uso<br \/>\nT\u00edtulo III. Regulaci\u00f3n de las botellas pl\u00e1sticas<br \/>\nT\u00edtulo IV. Otras disposiciones<br \/>\nT\u00edtulo V. Modificaciones de normas legales<br \/>\nDisposiciones transitorias<\/p>\n<p style=\"font-weight: 400;\"><b><strong>LEY N\u00b0 7.889. PROH\u00cdBE VENDER BOLETOS O FRACCI\u00d3N DE BOLETO DE LA LOTER\u00cdA DE LA UNIVERSIDAD DE CONCEPCI\u00d3N O DE LA POLLA CHILENA DE BENEFICENCIA A MAYOR PRECIO QUE EL INDICADO EN ELLOS<\/strong><\/b><\/p>\n<p style=\"font-weight: 400;\"><b><strong>LEY N\u00b0 13.937. ESTABLECE QUE LOS PROPIETARIOS DE LOS INMUEBLES O SITIOS ERIAZOS, QUE INDICA, QUE HAGAN ESQUINA DENTRO DE LOS L\u00cdMITES URBANOS DE SU COMUNA, DEBER\u00c1N MANTENER LOS LETREROS QUE SE\u00d1ALA Y CUMPLIR CON LAS DEM\u00c1S EXIGENCIAS QUE ESTABLECE ESTA LEY<\/strong><\/b><\/p>\n<p style=\"font-weight: 400;\">T\u00edtulo I<br \/>\nT\u00edtulo II<br \/>\nT\u00edtulo III<br \/>\nDe la subsecretar\u00eda de pesca<br \/>\nDel consejo nacional de pesca<br \/>\nDel servicio nacional de pesca<br \/>\nT\u00edtulo IV. Prohibiciones y restricciones<br \/>\nT\u00edtulo V. Procedimientos y penalidades<br \/>\nT\u00edtulo VI. Disposiciones generales<br \/>\nContralor\u00eda General de La Rep\u00fablica<\/p>\n<p style=\"font-weight: 400;\"><b><strong>LEY N\u00b0 21.155. ESTABLECE MEDIDAS DE PROTECCI\u00d3N A LA LACTANCIA MATERNA Y SU EJERCICIO<\/strong><\/b><\/p>\n<p style=\"font-weight: 400;\">T\u00edtulo I. De la protecci\u00f3n a la lactancia materna y al amamantamiento<br \/>\nT\u00edtulo II. Modificaciones a diversas normas legales<\/p>\n<p style=\"font-weight: 400;\"><b><strong>DECRETO N\u00b0 4.363, APRUEBA TEXTO DEFINITIVO DE LA LEY DE BOSQUES<\/strong><\/b><\/p>\n<p style=\"font-weight: 400;\"><b><strong>LEY N\u00b0 21.020, SOBRE TENENCIA RESPONSABLE DE MASCOTAS Y ANIMALES DE COMPA\u00d1\u00cdA<\/strong><\/b><\/p>\n<p style=\"font-weight: 400;\">T\u00edtulo I. Objeto y definiciones<br \/>\nT\u00edtulo II. De las atribuciones de los \u00f3rganos de a administraci\u00f3n del estado para el fomento de la tenencia responsable de las mascotas o animales de compa\u00f1\u00eda<br \/>\nT\u00edtulo III. del reglamento y la ordenanza municipal<br \/>\nT\u00edtulo IV. Estrategia de protecci\u00f3n y control de poblaci\u00f3n animal<br \/>\nT\u00edtulo V. De la responsabilidad en la tenencia de mascotas o animales de compa\u00f1\u00eda<br \/>\nT\u00edtulo VI. De los registros<br \/>\nT\u00edtulo VII. De los centros de mantenci\u00f3n temporal de mascotas o animales de compa\u00f1\u00eda<\/p>\n<p style=\"font-weight: 400;\">T\u00edtulo VIII. De la venta, crianza y exposici\u00f3n de mascotas o animales de compa\u00f1\u00eda<br \/>\nT\u00edtulo IX. De las infracciones y sanciones<br \/>\nT\u00edtulo X. Disposiciones generales<\/p>\n<p style=\"font-weight: 400;\"><b><strong>DECRETO N\u00b0 47, FIJA NUEVO TEXTO DE LA ORDENANZA GENERAL DE LA LEY GENERAL DE URBANISMO Y CONSTRUCCIONES<\/strong><\/b><\/p>\n<p style=\"font-weight: 400;\"><b><strong>ORDENANZA GENERAL DE URBANISMO Y CONSTRUCCIONES<\/strong><\/b><\/p>\n<p style=\"font-weight: 400;\">Cap\u00edtulo I<br \/>\nCap\u00edtulo II<br \/>\nCap\u00edtulo III<br \/>\nCap\u00edtulo IV<br \/>\nCap\u00edtulo V<br \/>\nDe la vigencia de los informes de mitigaci\u00f3n de impacto vial<br \/>\nT\u00edtulo 2. De la planificaci\u00f3n y de los planes de inversiones en infraestructura de movilidad y espacio p\u00fablico<br \/>\nDe la planificaci\u00f3n urbana intercomunal<br \/>\nDe la planificaci\u00f3n urbana comunal<br \/>\nDe los planes seccionales<br \/>\nDel l\u00edmite urbano<br \/>\nDisposiciones Complementarias<br \/>\nCap\u00edtulo 2.\u00a0De las normas de urbanizaci\u00f3n y de los aportes al espacio p\u00fablico<br \/>\nDe las cesiones gratuitas y obligatorias de los proyectos que generen crecimiento urbano por densificaci\u00f3n<br \/>\nCrecimiento urbano por densificaci\u00f3n en sitios resultantes de condominios tipo b y en lotes resultantes de un loteo<br \/>\nL\u00edmite y proyectos con beneficios urban\u00edsticos<br \/>\nPago de los aportes al espacio p\u00fablico en dinero<br \/>\nDimensiones de la ruta accesible<br \/>\nCap\u00edtulo 3.\u00a0De los trazados viales urbanos<br \/>\nCap\u00edtulo 4. De los estacionamientos, accesos y salidas vehiculares<br \/>\nCap\u00edtulo 5. De los cierros, propiedades abandonadas, l\u00edneas de edificaci\u00f3n, ochavos y antejardines<br \/>\nCap\u00edtulo 6. Del agrupamiento de los edificios y su relaci\u00f3n con el suelo<br \/>\nCap\u00edtulo 7. De las salientes y decoraciones de la edificaci\u00f3n<br \/>\nCap\u00edtulo 8. De los planes de inversiones en infraestructura de movilidad y espacio p\u00fablico<br \/>\nDe los planes intercomunales de inversiones en infraestructura de movilidad y espacio p\u00fablico<br \/>\nT\u00edtulo 3. De la urbanizaci\u00f3n<br \/>\nCrecimiento urbano por densificaci\u00f3n<br \/>\nAperturas de nuevas v\u00edas de tr\u00e1nsito p\u00fablico en subdivisiones o loteos existentes<br \/>\nCap\u00edtulo 2. De la ejecuci\u00f3n de las obras<br \/>\nDe las obras de agua potable, aguas servidas y aguas lluvias<br \/>\nDe las obras de electrificaci\u00f3n, alumbrado p\u00fablico y de gas<br \/>\nDe las obras de telecomunicaciones<br \/>\nDe la pavimentaci\u00f3n y sus obras complementarias<br \/>\nDe las aguas de regad\u00edo<br \/>\nCap\u00edtulo 3. De las plantaciones y obras de ornato<br \/>\nCap\u00edtulo 4. De la recepci\u00f3n de las obras y sus transferencias e inscripciones<br \/>\nT\u00edtulo 4. De la arquitectura<br \/>\nCap\u00edtulo 1. De las condiciones de habitabilidad<br \/>\nCap\u00edtulo 2. De las condiciones generales de seguridad<br \/>\nCarga de ocupaci\u00f3n<br \/>\nAlturas m\u00ednimas<br \/>\nBarandas<br \/>\nV\u00edas de evacuaci\u00f3n<br \/>\nEscaleras<br \/>\nEscaleras auxiliares<br \/>\nPasillos<br \/>\nRampas<br \/>\nPuertas de escape<br \/>\nSe\u00f1alizaci\u00f3n<br \/>\nCap\u00edtulo 3. De las condiciones de seguridad contra incendio<br \/>\nCap\u00edtulo 4. Edificios de asistencia hospitalaria<br \/>\nConsultorios y policl\u00ednicos<br \/>\nCl\u00ednicas y casas de salud<br \/>\nSanatorios y hospitales<br \/>\nCap\u00edtulo 5. Locales escolares y hogares estudiantiles<br \/>\nCap\u00edtulo 6. Edificios destinados al culto y locales anexos<br \/>\nCap\u00edtulo 7. Teatros y otros locales de reuniones<br \/>\nCap\u00edtulo 8. Establecimientos deportivos y recreativos<br \/>\nCap\u00edtulo 9. Hoteles, residenciales, hogares y hospeder\u00edas<br \/>\nCap\u00edtulo 10. Centros comerciales<br \/>\nDisposiciones generales<br \/>\nCentros comerciales abiertos<br \/>\nCentros comerciales cerrados<br \/>\nSupermercados<br \/>\nCap\u00edtulo 11. Edificios de estacionamiento, centros de reparaci\u00f3n<br \/>\nAutomotor y estaciones de servicio automotor<br \/>\nCap\u00edtulo 12. Caballerizas y establos<br \/>\nCap\u00edtulo 13. Terminales de servicios de locomoci\u00f3n colectiva urbana<br \/>\nTerminales de veh\u00edculos y dep\u00f3sitos de veh\u00edculos<br \/>\nTerminales externos<br \/>\nCap\u00edtulo 14. Establecimientos industriales o de bodegaje<br \/>\nT\u00edtulo 5. De la construcci\u00f3n<br \/>\nCap\u00edtulo 1. De los permisos de edificaci\u00f3n y sus tr\u00e1mites<br \/>\nCap\u00edtulo 2. De las inspecciones y recepciones de obras<br \/>\nCap\u00edtulo 3. Clasificaci\u00f3n de las construcciones<br \/>\nCap\u00edtulo 4. Solicitaciones de las construcciones<br \/>\nCap\u00edtulo 5. Materiales de construcci\u00f3n<br \/>\nCap\u00edtulo 6. Condiciones m\u00ednimas de elementos de construcci\u00f3n no sometidos a c\u00e1lculo de estabilidad<br \/>\nMuros de alba\u00f1iler\u00eda<br \/>\nPilares de hormig\u00f3n armado<br \/>\nCadenas y dinteles de hormig\u00f3n armado<br \/>\nTabiques<br \/>\nEntramados De Pisos<br \/>\nEdificaciones de madera<br \/>\nCap\u00edtulo 7. Fundaciones<br \/>\nCap\u00edtulo 8. Faenas constructivas<br \/>\nCierros provisionales<br \/>\nAndamios<br \/>\nExcavaciones para subterr\u00e1neo<br \/>\nDemoliciones<br \/>\nCap\u00edtulo 9. Instalaciones y pavimentaci\u00f3n de calzadas de interiores<br \/>\nInstalaciones el\u00e9ctricas interiores<br \/>\nInstalaciones interiores de gas<br \/>\nCalefacci\u00f3n central y agua caliente<br \/>\nAscensores, montacargas y escaleras o rampas mec\u00e1nicas<br \/>\nPavimentaci\u00f3n de calzadas interiores<br \/>\nInstalaciones interiores de telecomunicaciones<br \/>\nT\u00edtulo 6. Reglamento especial de viviendas econ\u00f3micas<br \/>\nCap\u00edtulo 2. De las normas de urbanizaci\u00f3n<br \/>\nCap\u00edtulo 3. De la ejecuci\u00f3n de las obras de urbanizaci\u00f3n<br \/>\nCap\u00edtulo 4. De la arquitectura<br \/>\nCap\u00edtulo 5. De las construcciones con financiamiento del estado<br \/>\nCap\u00edtulo 6. De los proyectos de viviendas integradas<\/p>\n<p style=\"font-weight: 400;\"><b><strong>FORMULARIOS<\/strong><\/b><\/p>\n<p style=\"font-weight: 400;\">Querella por infracci\u00f3n Ley 19.496<br \/>\nAmpliaci\u00f3n demanda<br \/>\nCumplimiento avenimiento con citaci\u00f3n<br \/>\nCumplimiento incidental sentencia<br \/>\nDa cuenta de pago, desistimiento, finiquito y archivo<br \/>\nDa cuenta de pago, desistimiento, finiquito y archivo; en el otros\u00ed: acompa\u00f1a documento que indica<br \/>\nDe sentencia con certificado de ejecutoriedad<br \/>\nDescargos TAG y notificaci\u00f3n electr\u00f3nica<br \/>\nExhorto \u2013 prescripci\u00f3n<br \/>\nLista de testigos<br \/>\nPrescripci\u00f3n derechos de aseo municipal<br \/>\nPrescripci\u00f3n<br \/>\nEn lo principal: desarchivo; en el primer otros\u00ed: prescripci\u00f3n Art. 54 inciso 1\u00b0<br \/>\nDe la ley 15.231. En el segundo otros\u00ed: notificaci\u00f3n electr\u00f3nica<br \/>\nInterpone recurso de reconsideraci\u00f3n del Art\u00edculo 21 de la ley N\u00b0 18.287; Primer otros\u00ed:<br \/>\nAcompa\u00f1a documentos; segundo otros\u00ed: notificaci\u00f3n electr\u00f3nica<br \/>\nse certifique ejecutoria<br \/>\nSolicita certificado de termino de causa<br \/>\nSolicita copia de informe de alcoholemia<br \/>\nSolicita copia de informe de alcoholemia en el otros\u00ed: forma de notificaci\u00f3n<br \/>\nReiteraci\u00f3n de diligencias probatorias que se se\u00f1alan<br \/>\nSolicita se dicte sentencia definitiva<br \/>\nSolicita suspensi\u00f3n del comparendo de contestaci\u00f3n y prueba por la raz\u00f3n que indica<\/p>\n","protected":false},"excerpt":{"rendered":"<p>Buscas un libro Jur\u00eddico.? Lo puedes encontrar en nuestra tienda virtual.<br \/>\nContamos con prestigiosos autores y muchas alternativas en sus diferentes materias al igual que grandes descuentos.! Vis\u00edtanos en <a class=\"sUFcSCZDejOhmFkhKrIWVDhPiQjqAXqs \" href=\"https:\/\/lnkd.in\/eiAG7jdZ\" target=\"_blank\" rel=\"noopener\" data-test-app-aware-link=\"\">https:\/\/lnkd.in\/eiAG7jdZ<\/a><br \/>\nEscr\u00edbenos al +56930565235 \/ <a class=\"sUFcSCZDejOhmFkhKrIWVDhPiQjqAXqs \" href=\"mailto:ventaslegallexglobal@gmail.com\" target=\"_self\" rel=\"noopener\" data-test-app-aware-link=\"\">ventaslegallexglobal@gmail.com<\/a><br \/>\nHacemos env\u00edos a todo Chile &#8211; Starken o Correos Chile \/ Te esperamos<\/p>\n","protected":false},"featured_media":1965,"comment_status":"open","ping_status":"closed","template":"","meta":{"inline_featured_image":false,"_joinchat":[]},"product_brand":[],"product_cat":[27,50],"product_tag":[],"class_list":{"0":"post-1935","1":"product","2":"type-product","3":"status-publish","4":"has-post-thumbnail","6":"product_cat-civil","7":"product_cat-procedimientos-civiles","9":"first","10":"instock","11":"shipping-taxable","12":"purchasable","13":"product-type-simple"},"_links":{"self":[{"href":"https:\/\/bibliotecajuridicavirtual.cl\/index.php\/wp-json\/wp\/v2\/product\/1935","targetHints":{"allow":["GET"]}}],"collection":[{"href":"https:\/\/bibliotecajuridicavirtual.cl\/index.php\/wp-json\/wp\/v2\/product"}],"about":[{"href":"https:\/\/bibliotecajuridicavirtual.cl\/index.php\/wp-json\/wp\/v2\/types\/product"}],"replies":[{"embeddable":true,"href":"https:\/\/bibliotecajuridicavirtual.cl\/index.php\/wp-json\/wp\/v2\/comments?post=1935"}],"wp:featuredmedia":[{"embeddable":true,"href":"https:\/\/bibliotecajuridicavirtual.cl\/index.php\/wp-json\/wp\/v2\/media\/1965"}],"wp:attachment":[{"href":"https:\/\/bibliotecajuridicavirtual.cl\/index.php\/wp-json\/wp\/v2\/media?parent=1935"}],"wp:term":[{"taxonomy":"product_brand","embeddable":true,"href":"https:\/\/bibliotecajuridicavirtual.cl\/index.php\/wp-json\/wp\/v2\/product_brand?post=1935"},{"taxonomy":"product_cat","embeddable":true,"href":"https:\/\/bibliotecajuridicavirtual.cl\/index.php\/wp-json\/wp\/v2\/product_cat?post=1935"},{"taxonomy":"product_tag","embeddable":true,"href":"https:\/\/bibliotecajuridicavirtual.cl\/index.php\/wp-json\/wp\/v2\/product_tag?post=1935"}],"curies":[{"name":"wp","href":"https:\/\/api.w.org\/{rel}","templated":true}]}}