{"id":1938,"date":"2026-02-28T00:56:44","date_gmt":"2026-02-28T03:56:44","guid":{"rendered":"https:\/\/bibliotecajuridicavirtual.cl\/?post_type=product&#038;p=1938"},"modified":"2026-02-28T00:57:08","modified_gmt":"2026-02-28T03:57:08","slug":"la-disolucion-por-causa-grave-de-la-sociedad-de-capital-cerrada-pablo-manterola-dominguez-diciembre-ano-2024-286-paginas","status":"publish","type":"product","link":"https:\/\/bibliotecajuridicavirtual.cl\/index.php\/product\/la-disolucion-por-causa-grave-de-la-sociedad-de-capital-cerrada-pablo-manterola-dominguez-diciembre-ano-2024-286-paginas\/","title":{"rendered":"La Disoluci\u00f3n por Causa Grave de la Sociedad de Capital Cerrada &#8211; Pablo Manterola Dom\u00ednguez &#8211;  Diciembre A\u00f1o 2024 &#8211; 286 P\u00e1ginas"},"content":{"rendered":"<p style=\"font-weight: 400;\">La confianza de un accionista minoritario de una sociedad cerrada en el socio mayoritario, que muchas veces es un familiar o amigo, suele reemplazar a la prevenci\u00f3n anticipada del conflicto. Sin embargo, con frecuencia, dicha confianza es traicionada cuando accionista mayoritario lo excluye del negocio y administra deslealmente el patrimonio social. La ley ofrece remedios de car\u00e1cter genera (acciones de responsabilidad y derecho de retiro) y, en las sociedades cerradas ofrece tambi\u00e9n la posibilidad de demandar la disoluci\u00f3n de la sociedad cuando los demandantes tienen al menos el 20% del capital, sea por infracci\u00f3n grave de ley, administraci\u00f3n fraudulenta u otras causas de igual gravedad. Sin embargo, muchos aspectos de la disoluci\u00f3n judicial quedan sin regular o presentan dificultades y ambig\u00fcedades.<\/p>\n<p style=\"font-weight: 400;\">Este libro analiza la disoluci\u00f3n judicial en la legislaci\u00f3n chilena como remedio a los conflictos entre accionistas. Para esto, examina la jurisprudencia chilena y la experiencia de legislaciones extranjeras, especialmente la estadounidense. A trav\u00e9s de seis cap\u00edtulos, se exploran los costos y beneficios del modelo chileno de disoluci\u00f3n judicial, el sujeto de disoluci\u00f3n, lo que debe entenderse por causa grave y los aspectos procesales del remedio, ofreciendo un an\u00e1lisis exhaustivo y pr\u00e1ctico para entender y aplicar este remedio en el contexto chileno.<\/p>\n<p style=\"font-weight: 400;\">\n<p style=\"font-weight: 400;\"><b><strong>CAP\u00cdTULO I<\/strong><\/b><br \/>\n<b><strong>EL MODELO CHILENO DE DISOLUCI\u00d3N POR CAUSA GRAVE<\/strong><\/b><\/p>\n<ol>\n<li style=\"font-weight: 400;\">Costos y beneficios en el dise\u00f1o y activaci\u00f3n de la disoluci\u00f3n forzada\n<p>1.1. Descripci\u00f3n de los costos de previsi\u00f3n y costos de evaluaci\u00f3n<br \/>\n1.2. C\u00f3mo ponderar costos de previsi\u00f3n y de evaluaci\u00f3n<\/li>\n<li style=\"font-weight: 400;\">Dos modelos de disoluci\u00f3n como remedio del conflicto<\/li>\n<\/ol>\n<p style=\"font-weight: 400;\">2.1. Modelo de causales restringidas<br \/>\n2.2. Modelo de causa amplia<\/p>\n<ol start=\"3\">\n<li style=\"font-weight: 400;\">Disoluci\u00f3n por causa grave y arbitraje societario<\/li>\n<li style=\"font-weight: 400;\">Origen de la redacci\u00f3n del art. 105 LSA<\/li>\n<\/ol>\n<p style=\"font-weight: 400;\"><b><strong>CAP\u00cdTULO II<\/strong><\/b><br \/>\n<b><strong>EL SUJETO DE LA DISOLUCI\u00d3N POR CAUSA GRAVE: LA SOCIEDAD AN\u00d3NIMA CERRADA<\/strong><\/b><\/p>\n<ol>\n<li style=\"font-weight: 400;\">Distinci\u00f3n entre sociedades abiertas y cerradas y distribuci\u00f3n de tipos societarios<\/li>\n<li style=\"font-weight: 400;\">Evoluci\u00f3n legislativa de la distinci\u00f3n entre sociedades abiertas y cerradas\n<p>2.1. Aparici\u00f3n y reformas de la distinci\u00f3n entre sociedades an\u00f3nimas abiertas y cerradas<br \/>\n2.2. El prop\u00f3sito tras la distinci\u00f3n entre sociedades abiertas y cerradas<\/li>\n<li style=\"font-weight: 400;\">Elementos de la obligaci\u00f3n de inscribir las acciones en el Registro de Valores<\/li>\n<li style=\"font-weight: 400;\">La sociedad cerrada arquet\u00edpica\n<p>4.1. Descripci\u00f3n de la sociedad cerrada arquet\u00edpica<br \/>\n4.2. La sofisticaci\u00f3n del accionista en la b\u00fasqueda de un remedio para el conflicto<\/li>\n<\/ol>\n<p style=\"font-weight: 400;\"><b><strong>CAP\u00cdTULO III<\/strong><\/b><br \/>\n<b><strong>EL SUPUESTO DE HECHO DE LA DISOLUCI\u00d3N: LA CAUSA GRAVE<\/strong><\/b><\/p>\n<ol>\n<li style=\"font-weight: 400;\">La causa grave de disoluci\u00f3n como frustraci\u00f3n de las expectativas razonables\n<p>1.1. Dos perspectivas posibles sobre la causa grave de disoluci\u00f3n<br \/>\n1.1.1. Perspectiva de mayor\u00eda: la causa grave como abuso<br \/>\n1.1.2. Perspectiva de minor\u00eda: la causa grave como lesi\u00f3n de expectativas razonables<br \/>\n1.2. Causa grave\u00a0<em>prima facie<\/em>y lesi\u00f3n de expectativas razonables<br \/>\n1.3. Causa grave y actos propios<br \/>\n1.4. Causa grave y orden p\u00fablico econ\u00f3mico<\/li>\n<li style=\"font-weight: 400;\">Los ejemplos de causa grave previstos en el art. 105 LSA<\/li>\n<\/ol>\n<p style=\"font-weight: 400;\">2.1. Infracci\u00f3n normativa grave<br \/>\n2.2. Dictaci\u00f3n de resoluci\u00f3n de liquidaci\u00f3n concursal<br \/>\n2.3. Administraci\u00f3n fraudulenta<\/p>\n<ol start=\"3\">\n<li style=\"font-weight: 400;\">Casos de causa grave no previstos en el art. 105 LSA<\/li>\n<\/ol>\n<p style=\"font-weight: 400;\">3.1. Abuso de mayor\u00eda en la junta de accionistas<br \/>\n3.2. Exclusi\u00f3n del directorio<br \/>\n3.3. Terminaci\u00f3n de contratos de trabajo y de prestaci\u00f3n de servicios<br \/>\n3.4. Administraci\u00f3n gravemente negligente<br \/>\n3.5. Paralizaci\u00f3n de \u00f3rganos societarios<br \/>\n3.6. La mera inactividad de la sociedad<br \/>\n3.7. Incumplimiento de pactos de accionistas<br \/>\n3.8. Quiebre de relaciones personales<br \/>\n3.9. Visi\u00f3n de conjunto de las principales hip\u00f3tesis de causa grave<\/p>\n<ol start=\"4\">\n<li style=\"font-weight: 400;\">La causa grave de disoluci\u00f3n en la sociedad por acciones<\/li>\n<\/ol>\n<p style=\"font-weight: 400;\">4.1. La sociedad por acciones: prop\u00f3sito del legislador y uso pr\u00e1ctico<br \/>\n4.2. La \u201cnaturaleza\u201d de la sociedad por acciones<br \/>\n4.3. Disoluci\u00f3n por causa grave en la sociedad por acciones: propuesta de un criterio<br \/>\n4.4. Conflictos con el administrador \u00fanico de la sociedad por acciones<\/p>\n<ol start=\"5\">\n<li style=\"font-weight: 400;\">Modificaci\u00f3n estatutaria del supuesto de hecho de la disoluci\u00f3n<\/li>\n<\/ol>\n<p style=\"font-weight: 400;\"><b><strong>CAP\u00cdTULO IV<\/strong><\/b><br \/>\n<b><strong>DISOLUCI\u00d3N POR CAUSA GRAVE, DERECHO DE RETIRO E INDEMNIZACI\u00d3N DE PERJUICIOS<\/strong><\/b><\/p>\n<ol>\n<li style=\"font-weight: 400;\">La disoluci\u00f3n por causa grave como mecanismo de renegociaci\u00f3n forzosa<\/li>\n<\/ol>\n<p style=\"font-weight: 400;\">1.1. Descripci\u00f3n de la disoluci\u00f3n como remedio del conflicto<br \/>\n1.2. Funcionamiento de la disoluci\u00f3n como remedio<br \/>\n1.2.1. Incentivos para demandar y renegociar la disoluci\u00f3n<br \/>\n1.2.2. Posibilidad de un comportamiento estrat\u00e9gico<br \/>\n1.2.3. Preferencias reveladas por el remedio<br \/>\n1.2.4. Supuestos del an\u00e1lisis<br \/>\n1.3. Corolarios del an\u00e1lisis<\/p>\n<ol start=\"2\">\n<li style=\"font-weight: 400;\">Disoluci\u00f3n por causa grave y derecho de retiro<\/li>\n<\/ol>\n<p style=\"font-weight: 400;\">2.1. Descripci\u00f3n del retiro<br \/>\n2.2. Funcionamiento del retiro<br \/>\n2.2.1. Incentivos para ejercitar y renegociar el retiro<br \/>\n2.2.2. Posibilidad de un comportamiento estrat\u00e9gico<br \/>\n2.2.3. Supuestos del an\u00e1lisis<br \/>\n2.2.4. Preferencias reveladas por el retiro<br \/>\n2.3. Relaci\u00f3n entre retiro y disoluci\u00f3n<\/p>\n<ol start=\"3\">\n<li style=\"font-weight: 400;\">Disoluci\u00f3n por causa grave e indemnizaci\u00f3n de perjuicios<\/li>\n<\/ol>\n<p style=\"font-weight: 400;\">3.1. Condicionamientos en la procedencia de los remedios<br \/>\n3.2. Condicionamientos en la medida de los remedios<\/p>\n<ol start=\"4\">\n<li style=\"font-weight: 400;\">Breve apunte sobre la compra forzada de las acciones<\/li>\n<\/ol>\n<p style=\"font-weight: 400;\"><b><strong>CAP\u00cdTULO V<\/strong><\/b><br \/>\n<b><strong>EL EJERCICIO DE LA DISOLUCI\u00d3N POR CAUSA GRAVE: LA ACCI\u00d3N DE DISOLUCI\u00d3N<\/strong><\/b><\/p>\n<ol>\n<li style=\"font-weight: 400;\">La disoluci\u00f3n judicial y el ejercicio de jurisdicci\u00f3n<\/li>\n<\/ol>\n<p style=\"font-weight: 400;\">1.1. Disoluci\u00f3n judicial y l\u00f3gica empresarial<br \/>\n1.2. Disoluci\u00f3n judicial y equivalentes jurisdiccionales<br \/>\n1.3. La disoluci\u00f3n judicial se somete al conocimiento de \u00e1rbitros<br \/>\n1.4. La disoluci\u00f3n judicial se sujeta al procedimiento sumario<\/p>\n<ol start=\"2\">\n<li style=\"font-weight: 400;\">Objeto del proceso y car\u00e1cter constitutivo de la sentencia<\/li>\n<li style=\"font-weight: 400;\">Partes y terceros en el proceso<\/li>\n<\/ol>\n<p style=\"font-weight: 400;\">3.1. Legitimaci\u00f3n activa<br \/>\n3.2. Legitimaci\u00f3n pasiva<br \/>\n3.2.1. Legitimaci\u00f3n pasiva, extraordinaria pero excluyente, de la sociedad<br \/>\n3.2.2. Legitimaci\u00f3n ordinaria de los accionistas no demandantes, en casos calificados<br \/>\n3.3. Intervenci\u00f3n de terceros<\/p>\n<ol start=\"4\">\n<li style=\"font-weight: 400;\">Cumplimiento de la sentencia judicial de disoluci\u00f3n<\/li>\n<\/ol>\n<p style=\"font-weight: 400;\">4.1. Cumplimiento de la sentencia y liquidaci\u00f3n societaria<br \/>\n4.2. Cumplimiento de la sentencia y reactivaci\u00f3n de la sociedad<\/p>\n<p style=\"font-weight: 400;\"><b><strong>CAP\u00cdTULO VI<\/strong><\/b><br \/>\n<b><strong>DISOLUCI\u00d3N POR CAUSA GRAVE Y CONCURSO<\/strong><\/b><\/p>\n<ol>\n<li style=\"font-weight: 400;\">Relaci\u00f3n entre liquidaci\u00f3n concursal y liquidaci\u00f3n societaria<\/li>\n<\/ol>\n<p style=\"font-weight: 400;\">1.1. Concurrencia de dos sistemas de liquidaci\u00f3n de la sociedad<br \/>\n1.2. Primac\u00eda del r\u00e9gimen de liquidaci\u00f3n concursal sobre el societario en la ley chilena<br \/>\n1.3. Concurrencia de reg\u00edmenes y disoluci\u00f3n por causa grave<\/p>\n<ol start=\"2\">\n<li style=\"font-weight: 400;\">La dictaci\u00f3n de resoluci\u00f3n de liquidaci\u00f3n concursal como causa grave de disoluci\u00f3n<\/li>\n<\/ol>\n<p style=\"font-weight: 400;\">2.1. El texto legal admite distintas interpretaciones<br \/>\n2.2. \u00bfDisoluci\u00f3n judicial por dictarse resoluci\u00f3n de liquidaci\u00f3n concursal?<br \/>\n2.3. Una conjetura sobre la referencia a la declaraci\u00f3n de quiebra en el art. 105 LSA<\/p>\n<ol start=\"3\">\n<li style=\"font-weight: 400;\">Disoluci\u00f3n por causa grave y reorganizaci\u00f3n concursal<\/li>\n<\/ol>\n<p style=\"font-weight: 400;\">\n","protected":false},"excerpt":{"rendered":"<p>Buscas un libro Jur\u00eddico.? Lo puedes encontrar en nuestra tienda virtual.<br \/>\nContamos con prestigiosos autores y muchas alternativas en sus diferentes materias al igual que grandes descuentos.! Vis\u00edtanos en <a class=\"uBRuLksiXRXJNxzCdmDLlNvbeHoNnTVInTsbWCI \" href=\"https:\/\/lnkd.in\/eiAG7jdZ\" target=\"_blank\" rel=\"noopener\" data-test-app-aware-link=\"\">https:\/\/lnkd.in\/eiAG7jdZ<\/a><br \/>\nEscr\u00edbenos al +56930565235 \/ <a class=\"uBRuLksiXRXJNxzCdmDLlNvbeHoNnTVInTsbWCI \" href=\"mailto:ventaslegallexglobal@gmail.com\" target=\"_self\" data-test-app-aware-link=\"\" rel=\"noopener\">ventaslegallexglobal@gmail.com<\/a><br \/>\nHacemos env\u00edos a todo Chile &#8211; Starken o Correos Chile \/ Te esperamos<\/p>\n","protected":false},"featured_media":1993,"comment_status":"open","ping_status":"closed","template":"","meta":{"inline_featured_image":false,"_joinchat":[]},"product_brand":[],"product_cat":[27,48,26],"product_tag":[],"class_list":{"0":"post-1938","1":"product","2":"type-product","3":"status-publish","4":"has-post-thumbnail","6":"product_cat-civil","7":"product_cat-comercial","8":"product_cat-derecho","10":"first","11":"instock","12":"shipping-taxable","13":"purchasable","14":"product-type-simple"},"_links":{"self":[{"href":"https:\/\/bibliotecajuridicavirtual.cl\/index.php\/wp-json\/wp\/v2\/product\/1938","targetHints":{"allow":["GET"]}}],"collection":[{"href":"https:\/\/bibliotecajuridicavirtual.cl\/index.php\/wp-json\/wp\/v2\/product"}],"about":[{"href":"https:\/\/bibliotecajuridicavirtual.cl\/index.php\/wp-json\/wp\/v2\/types\/product"}],"replies":[{"embeddable":true,"href":"https:\/\/bibliotecajuridicavirtual.cl\/index.php\/wp-json\/wp\/v2\/comments?post=1938"}],"wp:featuredmedia":[{"embeddable":true,"href":"https:\/\/bibliotecajuridicavirtual.cl\/index.php\/wp-json\/wp\/v2\/media\/1993"}],"wp:attachment":[{"href":"https:\/\/bibliotecajuridicavirtual.cl\/index.php\/wp-json\/wp\/v2\/media?parent=1938"}],"wp:term":[{"taxonomy":"product_brand","embeddable":true,"href":"https:\/\/bibliotecajuridicavirtual.cl\/index.php\/wp-json\/wp\/v2\/product_brand?post=1938"},{"taxonomy":"product_cat","embeddable":true,"href":"https:\/\/bibliotecajuridicavirtual.cl\/index.php\/wp-json\/wp\/v2\/product_cat?post=1938"},{"taxonomy":"product_tag","embeddable":true,"href":"https:\/\/bibliotecajuridicavirtual.cl\/index.php\/wp-json\/wp\/v2\/product_tag?post=1938"}],"curies":[{"name":"wp","href":"https:\/\/api.w.org\/{rel}","templated":true}]}}