{"id":1939,"date":"2026-02-28T00:56:44","date_gmt":"2026-02-28T03:56:44","guid":{"rendered":"https:\/\/bibliotecajuridicavirtual.cl\/?post_type=product&#038;p=1939"},"modified":"2026-02-28T00:57:09","modified_gmt":"2026-02-28T03:57:09","slug":"la-empresa-cooperativa-juan-pablo-roman-rodriguez-diciembre-ano-2024-350-pagina","status":"publish","type":"product","link":"https:\/\/bibliotecajuridicavirtual.cl\/index.php\/product\/la-empresa-cooperativa-juan-pablo-roman-rodriguez-diciembre-ano-2024-350-pagina\/","title":{"rendered":"La Empresa Cooperativa &#8211; Juan Pablo Rom\u00e1n Rodr\u00edguez &#8211; Diciembre A\u00f1o 2024  350 P\u00e1gina"},"content":{"rendered":"<p style=\"font-weight: 400;\">El presente texto analiza la institucionalidad de la empresa Cooperativa, regulada por la legislaci\u00f3n chilena, promulgada en el a\u00f1o 1924 y sus diversas modificaciones, hasta la fecha de edici\u00f3n de este libro.<\/p>\n<p style=\"font-weight: 400;\">El estudio que se efect\u00faa permite al lector una comprensi\u00f3n integral de este tipo de empresa, sus principales caracter\u00edsticas, examinando su estructura, su organizaci\u00f3n interna y la forma mediante la cual realiza sus actividades con socios y terceros. El r\u00e9gimen econ\u00f3mico, tributario y social de la empresa cooperativa se analiza con el objeto de explicar su funcionamiento, el cual a\u00fana el conjunto de funciones que comprenden su desarrollo, considerando la mutualidad entre los socios y la forma como \u00e9sta constituye una de sus principales caracter\u00edsticas se\u00f1aladas en la ley.<\/p>\n<p style=\"font-weight: 400;\">Se muestra la dimensi\u00f3n \u00e9tica de su actividad. Se resalta su naturaleza jur\u00eddica como sujeto de derecho y sus diferencias con otros tipos empresariales que regula legislaci\u00f3n civil, mercantil y minera en Chile.<\/p>\n<p style=\"font-weight: 400;\">El lector del libro podr\u00e1 apreciar el papel crucial que este tipo de empresa desempe\u00f1a en la sociedad chilena del siglo XXI, al igual que en otras econom\u00edas desarrolladas, en todas las \u00e1reas de la actividad econ\u00f3mica, contribuyendo al desarrollo y consolidaci\u00f3n de empresas pr\u00f3speras, procurando un modelo empresarial m\u00e1s justo y equitativo.<\/p>\n<p style=\"font-weight: 400;\"><b><strong>PRIMERA PARTE<\/strong><\/b><\/p>\n<ol>\n<li style=\"font-weight: 400;\">El concepto de empresa<\/li>\n<li style=\"font-weight: 400;\">La tipolog\u00eda de entidades en la legislaci\u00f3n chilena<\/li>\n<li style=\"font-weight: 400;\">a) Asociaciones<br \/>\nb) Sociedades<br \/>\nc) Las cooperativas<\/li>\n<\/ol>\n<p style=\"font-weight: 400;\">III. El origen de la empresa cooperativa<\/p>\n<ol>\n<li style=\"font-weight: 400;\">Los estatutos de la Sociedad de los Equitativos Pioneros de Rochdale. 1844<\/li>\n<li style=\"font-weight: 400;\">Los principios de Rochdale<\/li>\n<li style=\"font-weight: 400;\">El control democr\u00e1tico<\/li>\n<\/ol>\n<p style=\"font-weight: 400;\">VII. La libre adhesi\u00f3n<\/p>\n<p style=\"font-weight: 400;\">VIII. El inter\u00e9s limitado al capital<\/p>\n<ol>\n<li style=\"font-weight: 400;\">Retorno de excedentes<\/li>\n<li style=\"font-weight: 400;\">Educaci\u00f3n cooperativa<\/li>\n<li style=\"font-weight: 400;\">Integraci\u00f3n cooperativa<\/li>\n<\/ol>\n<p style=\"font-weight: 400;\">XII. La autonom\u00eda de las cooperativas<\/p>\n<p style=\"font-weight: 400;\">XIII. La cooperativa. Una empresa en el siglo XXI<\/p>\n<p style=\"font-weight: 400;\">XIV. La naturaleza de la empresa cooperativa<\/p>\n<p style=\"font-weight: 400;\">XIV.1.<br \/>\nXIV.2.<br \/>\nXIV.3.<br \/>\nXIV.4. El esfuerzo com\u00fan de los socios o el principio de autogesti\u00f3n.<br \/>\nXIV.5. La autoayuda.<br \/>\nXIV.6. Contenido de la Mutualidad<br \/>\nXIV.7.<\/p>\n<ol>\n<li style=\"font-weight: 400;\">Las caracter\u00edsticas<\/li>\n<\/ol>\n<p style=\"font-weight: 400;\">XV.1. \u201cLos socios tienen iguales derechos y obligaciones, un solo voto por persona\u201d<br \/>\nXV.2. \u201cSu ingreso y retiro es voluntario\u201d<br \/>\nXV.3. El retorno de excedentes<br \/>\nXV.4. Deben observar neutralidad pol\u00edtica y religiosa<br \/>\nXV.5. Deben desarrollar actividades de educaci\u00f3n cooperativa<br \/>\nXV.6. Deben procurar establecer entre ellas (las cooperativas) relaciones federativas e Intercooperativas. Deben tender a la inclusi\u00f3n<\/p>\n<p style=\"font-weight: 400;\">XVI. El objeto de las cooperativas<\/p>\n<p style=\"font-weight: 400;\">XVII. \u00bfCu\u00e1l es la causa del contrato de asociaci\u00f3n cooperativa?<\/p>\n<p style=\"font-weight: 400;\">XVIII. La multiactividad de las cooperativas. Excepciones<\/p>\n<p style=\"font-weight: 400;\">XIX. Operaciones con terceros<\/p>\n<p style=\"font-weight: 400;\"><b><strong>SEGUNDA PARTE<\/strong><\/b><\/p>\n<ol>\n<li style=\"font-weight: 400;\">Constituci\u00f3n de las cooperativas<\/li>\n<\/ol>\n<p style=\"font-weight: 400;\">XX.1.<br \/>\nXX.2.<\/p>\n<p style=\"font-weight: 400;\">XXI. El acta de la junta constitutiva<\/p>\n<ol>\n<li style=\"font-weight: 400;\">a) \u201cRaz\u00f3n social, domicilio y duraci\u00f3n de la cooperativa<br \/>\nb) \u201cEl o los objetos espec\u00edficos que perseguir\u00e1\u201d<br \/>\nc) \u201cCapital inicial suscrito y pagado\u201d<br \/>\nd) \u201cLa forma en que la cooperativa financiar\u00e1 sus gastos de administraci\u00f3n\u201d<br \/>\nLa forma en que la cooperativa financiar\u00e1 sus gastos de administraci\u00f3n<br \/>\n2. El organismo interno que fijar\u00e1 los aportes<br \/>\n3. La constituci\u00f3n de reservas<br \/>\n4. La pol\u00edtica de distribuci\u00f3n de remanentes y excedentes<br \/>\n5. La informaci\u00f3n m\u00ednima obligatoria que se entregar\u00e1 peri\u00f3dicamente y al ingreso de los socios a la cooperativa<br \/>\n6. Las limitaciones al derecho de renuncia a la cooperativa y las modalidades relativas a la devoluci\u00f3n de los aportes de capital efectuados por los socios<br \/>\ne) Requisitos para poder ser admitido como socio<br \/>\nf) \u201cPeriodicidad y fecha de celebraci\u00f3n y formalidades de convocatorias de las Juntas Generales de Socios<br \/>\ng) Materias que ser\u00e1n objeto de Juntas Generales de Socios<br \/>\nh) N\u00famero de miembros del Consejo de Administraci\u00f3n<\/li>\n<\/ol>\n<p style=\"font-weight: 400;\">XXII. Publicidad de los actos de constituci\u00f3n de la cooperativa<\/p>\n<p style=\"font-weight: 400;\">XXIII. Omisi\u00f3n de los actos constitutivos<\/p>\n<p style=\"font-weight: 400;\">XXIV. La constituci\u00f3n de cooperativas de ahorro y cr\u00e9dito y abiertas de vivienda<\/p>\n<p style=\"font-weight: 400;\">XXV. Los socios. El principio de libre adhesi\u00f3n<\/p>\n<p style=\"font-weight: 400;\">XXVI. Obligaciones de los socios<\/p>\n<p style=\"font-weight: 400;\">XXVII. P\u00e9rdida de la calidad de socio<\/p>\n<p style=\"font-weight: 400;\">XXVIII. El reembolso de las cuotas de participaci\u00f3n<\/p>\n<p style=\"font-weight: 400;\">XXIX. Las juntas generales de socios<\/p>\n<p style=\"font-weight: 400;\">XXX. Realizaci\u00f3n de las juntas generales de socios<\/p>\n<p style=\"font-weight: 400;\">XXXI. Los delegados<\/p>\n<p style=\"font-weight: 400;\">XXXII. Competencia de las juntas generales de socios<\/p>\n<ol>\n<li style=\"font-weight: 400;\">a) El examen de la situaci\u00f3n de la cooperativa y de los informes de las Juntas de vigilancia y auditores externos y la aprobaci\u00f3n o rechazo de la memoria, del balance, de los estados y demostraciones financieras presentadas por los administradores o liquidadores de la cooperativa<br \/>\nb) La distribuci\u00f3n de los excedentes o remanentes de cada ejercicio<br \/>\nc) La elecci\u00f3n o revocaci\u00f3n de los miembros del consejo de administraci\u00f3n, de los<br \/>\nliquidadores y de la junta de vigilancia<br \/>\nd) La disoluci\u00f3n de la cooperativa<br \/>\ne) La transformaci\u00f3n, fusi\u00f3n o divisi\u00f3n de la cooperativa<br \/>\nf) La reforma de sus estatutos<br \/>\ng) La transformaci\u00f3n, fusi\u00f3n o divisi\u00f3n de la cooperativa<br \/>\nh) La enajenaci\u00f3n de un 50% o m\u00e1s de su activo, sea que incluya o no su pasivo<br \/>\ni) El otorgamiento de garant\u00edas reales o personales para caucionar obligaciones de terceros<br \/>\nj) La aprobaci\u00f3n de aportes de bienes no consistentes en dinero y estimaci\u00f3n de su valor<br \/>\nk) y l) El cambio de domicilio social a una regi\u00f3n distinta. La modificaci\u00f3n del objeto social<br \/>\nm) La modificaci\u00f3n de la forma de integraci\u00f3n de los \u00f3rganos de la cooperativa y de sus atribuciones<br \/>\nn) El aumento del capital social, en caso de que sea obligatorio que los socios concurran a su suscripci\u00f3n y pago de las cuotas de capital respectivas<br \/>\n\u00f1) La adquisici\u00f3n por parte de las cooperativas de la calidad de socias de sociedades colectivas y de socio gestor de sociedades en comandita y la celebraci\u00f3n de cualquier contrato que genere la responsabilidad por obligaciones de terceros, salvo que ellos sean una entidad filial de la cooperativa<br \/>\no) La fijaci\u00f3n de remuneraci\u00f3n, participaci\u00f3n o asignaciones en dinero o especies que corresponda, en raz\u00f3n de sus cargos, a los miembros del consejo de administraci\u00f3n, junta de vigilancia o cualquier otro comit\u00e9 de socios que se establezca en los estatutos<br \/>\np) Las dem\u00e1s materias que por ley o por los estatutos correspondan a su conocimiento o a la competencia de las juntas generales de socios y, en general cualquier materia que sea de inter\u00e9s social<\/li>\n<\/ol>\n<p style=\"font-weight: 400;\">XXXIII. Socio disidente<\/p>\n<p style=\"font-weight: 400;\">XXXIV. El Consejo de Administraci\u00f3n. Funciones<\/p>\n<p style=\"font-weight: 400;\">XXXV. La administraci\u00f3n de cooperativas con menos de 20 socios<\/p>\n<p style=\"font-weight: 400;\">XXXVI. De la responsabilidad<\/p>\n<p style=\"font-weight: 400;\">XXXVII. La Junta de Vigilancia<\/p>\n<p style=\"font-weight: 400;\">XXXVIII. El gerente<\/p>\n<p style=\"font-weight: 400;\"><b><strong>TERCERA PARTE<\/strong><\/b><br \/>\n<b><strong>R\u00c9GIMEN ECON\u00d3MICO<\/strong><\/b><\/p>\n<p style=\"font-weight: 400;\">XXXIX. Introducci\u00f3n<\/p>\n<ol>\n<li style=\"font-weight: 400;\">Del capital<\/li>\n<\/ol>\n<p style=\"font-weight: 400;\">XLI. Las cuotas de participaci\u00f3n<\/p>\n<p style=\"font-weight: 400;\">XLII. El aumento de capital social<\/p>\n<p style=\"font-weight: 400;\">XLIII. El inter\u00e9s al capital<\/p>\n<p style=\"font-weight: 400;\">XLIV. De los remanentes<\/p>\n<p style=\"font-weight: 400;\">XLV. Los fondos de reserva<\/p>\n<p style=\"font-weight: 400;\">XLVI. Los excedentes<\/p>\n<p style=\"font-weight: 400;\">XLVII. Otras materias sobre la administraci\u00f3n del capital<\/p>\n<p style=\"font-weight: 400;\"><b><strong>CUARTE PARTE<\/strong><\/b><br \/>\n<b><strong>R\u00c9GIMEN TRIBUTARIO<\/strong><\/b><\/p>\n<p style=\"font-weight: 400;\">XLVIII. Introducci\u00f3n<\/p>\n<p style=\"font-weight: 400;\">XLIX. El Estatuto Tributario de las Cooperativas<\/p>\n<p style=\"font-weight: 400;\">XLIX.1. Reajuste de capital<br \/>\nXLIX.2. Remanentes consignadas con operaciones de no socios<br \/>\nXLIX.3. Intereses que recibe el socio<br \/>\nXLIX.4. Operaciones con socios dentro de su giro habitual<br \/>\nXLIX.5.\u00a0Operaciones con no socios<br \/>\nXLIX.6.\u00a0Cooperativas de trabajo.<br \/>\nXLIX.7.\u00a0Cooperativas de Vivienda<br \/>\nXLIX.8. Sociedades Auxiliares.<br \/>\nXLIX.9. Aplicaci\u00f3n espec\u00edfica de la Ley de la Renta.<\/p>\n<ol>\n<li style=\"font-weight: 400;\">Exenciones<\/li>\n<\/ol>\n<p style=\"font-weight: 400;\"><b><strong>QUINTA PARTE<\/strong><\/b><br \/>\n<b><strong>LA DISOLUCI\u00d3N Y TRANSFORMACI\u00d3N DE LA EMPRESA COOPERATIVA<\/strong><\/b><\/p>\n<ol>\n<li style=\"font-weight: 400;\">Disoluci\u00f3n de la empresa cooperativa<\/li>\n<\/ol>\n<p style=\"font-weight: 400;\">LI.1. Por vencimiento del plazo de duraci\u00f3n, si lo hubiere<br \/>\nLI.2. Por acuerdo de la junta general<br \/>\nLI.3. Por las dem\u00e1s causales contempladas en el estatuto<br \/>\nLI.4. Por sentencia judicial<\/p>\n<p style=\"font-weight: 400;\">LII. La liquidaci\u00f3n de la cooperativa<\/p>\n<p style=\"font-weight: 400;\">LIII. Transformaci\u00f3n, fusi\u00f3n y divisi\u00f3n<\/p>\n<p style=\"font-weight: 400;\">SEXTA PARTE<\/p>\n<p style=\"font-weight: 400;\">LIV. La integraci\u00f3n cooperativa<\/p>\n<p style=\"font-weight: 400;\">S\u00e9ptima parte<\/p>\n<ol>\n<li style=\"font-weight: 400;\">Disposiciones especiales relativas a las diversas clases de cooperativas<\/li>\n<\/ol>\n<p style=\"font-weight: 400;\">LVI. Cooperativas de trabajo<\/p>\n<p style=\"font-weight: 400;\">LVII. Las cooperativas agr\u00edcolas y campesinas<\/p>\n<p style=\"font-weight: 400;\">LVIII. Cooperativas pesqueras<\/p>\n<p style=\"font-weight: 400;\">LIX. Las cooperativas de servicio<\/p>\n<ol>\n<li style=\"font-weight: 400;\">Cooperativas extranjeras<\/li>\n<\/ol>\n<p style=\"font-weight: 400;\"><b><strong>OCTAVA PARTE<\/strong><\/b><\/p>\n<p style=\"font-weight: 400;\">LXI. Controversias y jurisdicci\u00f3n<\/p>\n","protected":false},"excerpt":{"rendered":"<p>Buscas un libro Jur\u00eddico.? Lo puedes encontrar en nuestra tienda virtual.<br \/>\nContamos con prestigiosos autores y muchas alternativas en sus diferentes materias al igual que grandes descuentos.! Vis\u00edtanos en <a class=\"uBRuLksiXRXJNxzCdmDLlNvbeHoNnTVInTsbWCI \" href=\"https:\/\/lnkd.in\/eiAG7jdZ\" target=\"_blank\" rel=\"noopener\" data-test-app-aware-link=\"\">https:\/\/lnkd.in\/eiAG7jdZ<\/a><br \/>\nEscr\u00edbenos al +56930565235 \/ <a class=\"uBRuLksiXRXJNxzCdmDLlNvbeHoNnTVInTsbWCI \" href=\"mailto:ventaslegallexglobal@gmail.com\" target=\"_self\" data-test-app-aware-link=\"\" rel=\"noopener\">ventaslegallexglobal@gmail.com<\/a><br \/>\nHacemos env\u00edos a todo Chile &#8211; Starken o Correos Chile \/ Te esperamos<\/p>\n","protected":false},"featured_media":1994,"comment_status":"open","ping_status":"closed","template":"","meta":{"inline_featured_image":false,"_joinchat":[]},"product_brand":[],"product_cat":[48,26],"product_tag":[],"class_list":{"0":"post-1939","1":"product","2":"type-product","3":"status-publish","4":"has-post-thumbnail","6":"product_cat-comercial","7":"product_cat-derecho","9":"first","10":"instock","11":"shipping-taxable","12":"purchasable","13":"product-type-simple"},"_links":{"self":[{"href":"https:\/\/bibliotecajuridicavirtual.cl\/index.php\/wp-json\/wp\/v2\/product\/1939","targetHints":{"allow":["GET"]}}],"collection":[{"href":"https:\/\/bibliotecajuridicavirtual.cl\/index.php\/wp-json\/wp\/v2\/product"}],"about":[{"href":"https:\/\/bibliotecajuridicavirtual.cl\/index.php\/wp-json\/wp\/v2\/types\/product"}],"replies":[{"embeddable":true,"href":"https:\/\/bibliotecajuridicavirtual.cl\/index.php\/wp-json\/wp\/v2\/comments?post=1939"}],"wp:featuredmedia":[{"embeddable":true,"href":"https:\/\/bibliotecajuridicavirtual.cl\/index.php\/wp-json\/wp\/v2\/media\/1994"}],"wp:attachment":[{"href":"https:\/\/bibliotecajuridicavirtual.cl\/index.php\/wp-json\/wp\/v2\/media?parent=1939"}],"wp:term":[{"taxonomy":"product_brand","embeddable":true,"href":"https:\/\/bibliotecajuridicavirtual.cl\/index.php\/wp-json\/wp\/v2\/product_brand?post=1939"},{"taxonomy":"product_cat","embeddable":true,"href":"https:\/\/bibliotecajuridicavirtual.cl\/index.php\/wp-json\/wp\/v2\/product_cat?post=1939"},{"taxonomy":"product_tag","embeddable":true,"href":"https:\/\/bibliotecajuridicavirtual.cl\/index.php\/wp-json\/wp\/v2\/product_tag?post=1939"}],"curies":[{"name":"wp","href":"https:\/\/api.w.org\/{rel}","templated":true}]}}