{"id":1940,"date":"2026-02-28T00:56:44","date_gmt":"2026-02-28T03:56:44","guid":{"rendered":"https:\/\/bibliotecajuridicavirtual.cl\/?post_type=product&#038;p=1940"},"modified":"2026-02-28T00:57:10","modified_gmt":"2026-02-28T03:57:10","slug":"estudios-de-derecho-privado-homenaje-al-profesor-hernan-corral-talciani-directora-y-editora-carmen-dominguez-hidalgo-maria-magdalena-bustos-diaz-pamela-prado-lopez-gian-franco-rosso-elorriag","status":"publish","type":"product","link":"https:\/\/bibliotecajuridicavirtual.cl\/index.php\/product\/estudios-de-derecho-privado-homenaje-al-profesor-hernan-corral-talciani-directora-y-editora-carmen-dominguez-hidalgo-maria-magdalena-bustos-diaz-pamela-prado-lopez-gian-franco-rosso-elorriag\/","title":{"rendered":"Estudios de Derecho Privado &#8211; Homenaje al Profesor Hern\u00e1n Corral Talciani &#8211; Directora y editora Carmen Dom\u00ednguez Hidalgo &#8211; Mar\u00eda Magdalena Bustos D\u00edaz &#8211; Pamela Prado L\u00f3pez &#8211; Gian Franco Rosso Elorriaga"},"content":{"rendered":"<p style=\"font-weight: 400;\">Hern\u00e1n Corral Talciani, profesor em\u00e9rito de la Universidad de los Andes, forma parte de ese selecto grupo de profesores de mayor influencia en el Derecho civil chileno contempor\u00e1neo. La calidad de sus escritos publicados en diversos medios, caracterizada, entre otros atributos, por la perspicacia, genialidad, precisi\u00f3n, elocuencia y simplicidad de los m\u00e1s variados temas que abord\u00f3 durante su vida, han significado un reconocible influjo en el desarrollo de la dogm\u00e1tica y jurisprudencia nacional, sin perjuicio de relevantes repercusiones internacionales. Lo expresado, unido a sus extraordinarias cualidades personales, lo transformaron esencialmente en un maestro muy excepcional, que ha formado directa e indirectamente a generaciones de juristas.<\/p>\n<p style=\"font-weight: 400;\">En este libro, profesores y disc\u00edpulos, de Chile y del extranjero, le rinden homenaje del modo m\u00e1s apreciado por el profesor Corral: a trav\u00e9s de sendos y diversos art\u00edculos sobre el derecho de las personas, de bienes, de contratos, de la responsabilidad civil, de familia, de sucesiones y de derecho comercial, aportando con una maciza obra a la necesaria y permanente tarea de continuar, con rigor y disciplina, el desarrollo de la ciencia jur\u00eddica. Todo ello, en buena parte, a partir de las ideas del propio homenajeado.<\/p>\n<p style=\"font-weight: 400;\"><em>Pr\u00f3logo<\/em><br \/>\nCarmen Dom\u00ednguez Hidalgo<\/p>\n<p style=\"font-weight: 400;\"><em>Homenajes<\/em><br \/>\nHern\u00e1n Corral Talciani &#8211; Enrique Brahm Garc\u00eda<\/p>\n<p style=\"font-weight: 400;\"><em>El aporte de la obra de Hern\u00e1n Corral Talciani al Derecho civil chileno<\/em><br \/>\nRamon Dom\u00ednguez \u00c1guila<\/p>\n<p style=\"font-weight: 400;\"><em>Hern\u00e1n Corral: Un faro humilde y luminoso<\/em><br \/>\nEnrique Barros Bourie<\/p>\n<p style=\"font-weight: 400;\"><em>Publicaciones<\/em><br \/>\nProfesor Hern\u00e1n Corral Talciani<\/p>\n<p style=\"font-weight: 400;\"><b><strong>DERECHO DE BIENES<\/strong><\/b><\/p>\n<p style=\"font-weight: 400;\"><em>Posesi\u00f3n inscrita, en teor\u00eda<\/em><br \/>\nEsteban Pereira Fredes<\/p>\n<p style=\"font-weight: 400;\"><em>Cl\u00e1usulas de no enajenar en el Derecho chileno<\/em><br \/>\nMauricio Tapia Rodr\u00edguez<\/p>\n<p style=\"font-weight: 400;\"><em>Nuevas perspectivas en torno a las facultades de calificaci\u00f3n del Conservador de Bienes Ra\u00edces<\/em><br \/>\nClaudia Bahamondes Oyarz\u00fan<\/p>\n<p style=\"font-weight: 400;\"><b><strong>DERECHO DE CONTRATOS<\/strong><\/b><\/p>\n<p style=\"font-weight: 400;\"><em>La definici\u00f3n de causa del acto o contrato en el art\u00edculo 1467 del C\u00f3digo Civil de Bello. Su contexto<\/em><br \/>\nPatricio Carvajal Ram\u00edrez<\/p>\n<p style=\"font-weight: 400;\"><em>La vulnerabilidad y la dignidad como categor\u00edas jur\u00eddicas especialmente tutelables en los contratos de consumo y en los contratos civiles<\/em><br \/>\nPatricia L\u00f3pez D\u00edaz<\/p>\n<p style=\"font-weight: 400;\"><em>El principio de no discriminaci\u00f3n arbitraria en la elecci\u00f3n del contratante en el derecho chileno: algunas reflexiones<\/em><br \/>\nPamela Prado L\u00f3pez<\/p>\n<p style=\"font-weight: 400;\"><em>La noci\u00f3n de vulnerabilidad en el derecho de retenci\u00f3n. Un an\u00e1lisis preliminar de la instituci\u00f3n desde la figura del d\u00e9bil jur\u00eddico<\/em><br \/>\nPatricia Leal Barros<\/p>\n<p style=\"font-weight: 400;\"><em>La prohibici\u00f3n de ir en contra de los actos propios y el retraso desleal<\/em><br \/>\nMar\u00eda Magdalena Bustos D\u00edaz<\/p>\n<p style=\"font-weight: 400;\"><em>Del principio de la buena fe y de su aplicaci\u00f3n a la privaci\u00f3n de ventajas abusivas, y a la negociaci\u00f3n, y al cumplimiento de los contratos<\/em><br \/>\nJos\u00e9 Joaqu\u00edn Ugarte Godoy<\/p>\n<p style=\"font-weight: 400;\"><em>Reflexiones en torno a la confianza leg\u00edtima y la cooperaci\u00f3n contractual<\/em><br \/>\nJaime Alcalde Silva y Juan Luis Goldenberg Serrano<\/p>\n<p style=\"font-weight: 400;\"><em>Distribuci\u00f3n de riesgos en los contratos de arrendamiento con renta variable (parciarios asociativos): el art\u00edculo 1983 inciso 2\u00b0 como base de su regulaci\u00f3n<\/em><br \/>\nGian Franco Rosso Elorriaga<\/p>\n<p style=\"font-weight: 400;\"><em>El \u00e1mbito de protecci\u00f3n del contrato y el caso fortuito<\/em><br \/>\nMar\u00eda Graciela Brantt Zumar\u00e1n<\/p>\n<p style=\"font-weight: 400;\"><em>El caso fortuito y la autonom\u00eda privada (cl\u00e1usulas contractuales de caso fortuito)<\/em><br \/>\nI\u00f1igo de la Maza Gazmuri &#8211; \u00c1lvaro Vidal Olivares<\/p>\n<p style=\"font-weight: 400;\"><em>La cl\u00e1usula penal en el leasing: el exceso y el abanico de soluciones<\/em><br \/>\nBruno Caprile Biermann<\/p>\n<p style=\"font-weight: 400;\"><em>Hern\u00e1n Corral y la cl\u00e1usula penal. Algunos comentarios a la jurisprudencia en materia de arrendamiento de cosas<\/em><br \/>\nAndr\u00e9s Erbetta Matti<\/p>\n<p style=\"font-weight: 400;\"><em>Sobre el valor de las declaraciones y garant\u00edas<\/em><br \/>\nCarlos Pe\u00f1a Gonz\u00e1lez<\/p>\n<p style=\"font-weight: 400;\"><em>El contrato y el incumplimiento<\/em><br \/>\nJorge Oviedo Alb\u00e1n<\/p>\n<p style=\"font-weight: 400;\"><em>Criterios para la determinaci\u00f3n del lucro cesante por incumplimiento del vendedor en la compraventa internacional de mercader\u00edas<\/em><br \/>\nJuan Ignacio Contardo Gonz\u00e1lez<\/p>\n<p style=\"font-weight: 400;\"><em>Algunas consideraciones en torno a la comunicabilidad entre algunas acciones que tiene el acreedor frente al incumplimiento del deudor<\/em><br \/>\nRodrigo Barcia Lehmann<\/p>\n<p style=\"font-weight: 400;\"><em>Notas sobre contratos vinculados<\/em><br \/>\nEnrique Barros Bourie<\/p>\n<p style=\"font-weight: 400;\"><em>Algunas reflexiones sobre los efectos de la terminaci\u00f3n del contrato<\/em><br \/>\nRodrigo Momberg Uribe<\/p>\n<p style=\"font-weight: 400;\"><em>Algunas consideraciones sobre el concurso con premio<\/em><br \/>\nFrancisco Rubio Varas<\/p>\n<p style=\"font-weight: 400;\"><em>Algunas consideraciones en torno a la noci\u00f3n de conformidad en Derecho del consumo, con especial referencia a bienes digitales y servicios digitales<\/em><br \/>\nRuperto Pinochet Olave<\/p>\n<p style=\"font-weight: 400;\"><em>Transacci\u00f3n entre partes sofisticadas: error de c\u00e1lculo y otros problemas<\/em><br \/>\nCristi\u00e1n Banfi del R\u00edo<\/p>\n<p style=\"font-weight: 400;\"><b><strong>RESPONSABILIDAD CIVIL<\/strong><\/b><\/p>\n<p style=\"font-weight: 400;\"><em>Dos contribuciones del profesor Hern\u00e1n Corral al estudio de la responsabilidad civil extracontractual<\/em><br \/>\nCarlos C\u00e9spedes Mu\u00f1oz<\/p>\n<p style=\"font-weight: 400;\"><em>Algunas reflexiones en torno a la causalidad en la responsabilidad civil contractual<\/em><br \/>\nClaudia Mej\u00edas Alonzo<\/p>\n<p style=\"font-weight: 400;\"><em>El perjuicio como elemento de la simulaci\u00f3n il\u00edcita<\/em><br \/>\nCarlos Pizarro Wilson<\/p>\n<p style=\"font-weight: 400;\"><em>Prevenir antes de curar. El reembolso de gastos preventivos en la responsabilidad civil extracontractual<\/em><br \/>\nAlberto Pino Emhart<\/p>\n<p style=\"font-weight: 400;\"><em>Sobre la naturaleza de la responsabilidad civil establecida para el propietario primer vendedor y el constructor de la obra en el art\u00edculo 18 de la Ley General de Urbanismo y Construcciones, DFL N\u00b0458\/1975<\/em><br \/>\nFabi\u00e1n Elorriaga De Bonis<\/p>\n<p style=\"font-weight: 400;\"><em>R\u00e9gimen de responsabilidad por ruina o defectos de un edificio<\/em><br \/>\nCristian Aedo Barrena<\/p>\n<p style=\"font-weight: 400;\"><em>La responsabilidad civil por defectos o fallas en las edificaciones sometidas a la ley general de urbanismo y construcciones: sujetos pasivos y criterios de atribuci\u00f3n del deber de reparar<\/em><br \/>\nPedro Zelaya Etchegaray<\/p>\n<p style=\"font-weight: 400;\"><em>Algunos aspectos de la responsabilidad civil derivados del tratamiento de datos personales en el uso de inteligencia artificial<\/em><br \/>\nHumberto Carrasco Blanc<\/p>\n<p style=\"font-weight: 400;\"><em>Tipolog\u00eda de casos de aplicaci\u00f3n de da\u00f1os punitivos en el derecho del consumo chileno<\/em><br \/>\nGabriel Hern\u00e1ndez Paulsen\u00a0\u00a0y Sebasti\u00e1n Nicol\u00e1s Campos Micin<\/p>\n<p style=\"font-weight: 400;\"><em>La suspensi\u00f3n del plazo de prescripci\u00f3n de la acci\u00f3n indemnizatoria de da\u00f1os extracontractuales. Un criterio que se consolida<\/em><br \/>\nRenzo Munita Marambio<\/p>\n<p style=\"font-weight: 400;\"><b><strong>DERECHO DE LA PERSONA, FAMILIA Y SUCESI\u00d3N<\/strong><\/b><\/p>\n<p><em>Derecho a la vida del nasciturus<\/em><br \/>\nCarmen Dom\u00ednguez Hidalgo<\/p>\n<p style=\"font-weight: 400;\"><em>El derecho de familia en una sociedad diferenciada<\/em><br \/>\nCarlos Pe\u00f1a Gonz\u00e1lez<\/p>\n<p style=\"font-weight: 400;\"><em>Las competencias parentales y en el desarrollo integral de ni\u00f1os, ni\u00f1as y adolescentes<\/em><br \/>\nYasna Otarola Espinoza<\/p>\n<p style=\"font-weight: 400;\"><em>El deber de cuidado intergeneracional: especial referencia al adulto mayor<\/em><br \/>\nSusana Espada Mallorqu\u00edn<\/p>\n<p style=\"font-weight: 400;\"><em>Autojuridicidad de la familia y orden p\u00fablico estatal. Fundamentos y l\u00edmites para una prudente interrelaci\u00f3n<\/em><br \/>\nIan Henr\u00edquez Herrera<\/p>\n<p style=\"font-weight: 400;\"><em>Nuevos criterios en la fijaci\u00f3n del monto de la compensaci\u00f3n econ\u00f3mica<\/em><br \/>\nLeonor Etcheberry Court &#8211; Susan Turner Saelzer<\/p>\n<p style=\"font-weight: 400;\"><em>Evaluaci\u00f3n de la aplicaci\u00f3n de la acci\u00f3n de nulidad de reconocimiento de paternidad<\/em><br \/>\nMaricruz G\u00f3mez de la Torre Vargas<\/p>\n<p style=\"font-weight: 400;\">Desheredamientos e indignidades sucesorias del c\u00f3nyuge sobreviviente. \u00bfQu\u00e9 est\u00e1 sucediendo en Chile?<br \/>\nMar\u00eda Sara Rodr\u00edguez Pinto<\/p>\n<p style=\"font-weight: 400;\"><em>La atribuci\u00f3n sucesoria del \u201chogar obrero\u201d. Un precedente de la adjudicaci\u00f3n preferente de la vivienda familiar del art. 1337, regla 10\u00aa del C\u00f3digo Civil<\/em><br \/>\nMarcelo Nasser Olea<\/p>\n<p style=\"font-weight: 400;\"><b><strong>DERECHO COMERCIAL<\/strong><\/b><\/p>\n<p style=\"font-weight: 400;\"><em>La exclusi\u00f3n de socio en la Sociedad An\u00f3nima<\/em><br \/>\nEnrique Alcalde Rodr\u00edguez<\/p>\n<p style=\"font-weight: 400;\"><em>\u00bfEs necesario un Derecho Comercial distinto al Derecho Civil hoy en Chile?<\/em><br \/>\nOsvaldo Lagos Villarreal<\/p>\n","protected":false},"excerpt":{"rendered":"<p>Diciembre A\u00f1o 2024\u00a0&#8211; 868 P\u00e1ginas<\/p>\n<p>Buscas un libro Jur\u00eddico.? Lo puedes encontrar en nuestra tienda virtual.<br \/>\nContamos con prestigiosos autores y muchas alternativas en sus diferentes materias al igual que grandes descuentos.! Vis\u00edtanos en <a class=\"uBRuLksiXRXJNxzCdmDLlNvbeHoNnTVInTsbWCI \" href=\"https:\/\/lnkd.in\/eiAG7jdZ\" target=\"_blank\" rel=\"noopener\" data-test-app-aware-link=\"\">https:\/\/lnkd.in\/eiAG7jdZ<\/a><br \/>\nEscr\u00edbenos al +56930565235 \/ <a class=\"uBRuLksiXRXJNxzCdmDLlNvbeHoNnTVInTsbWCI \" href=\"mailto:ventaslegallexglobal@gmail.com\" target=\"_self\" rel=\"noopener\" data-test-app-aware-link=\"\">ventaslegallexglobal@gmail.com<\/a><br \/>\nHacemos env\u00edos a todo Chile<\/p>\n","protected":false},"featured_media":1995,"comment_status":"open","ping_status":"closed","template":"","meta":{"inline_featured_image":false,"_joinchat":[]},"product_brand":[],"product_cat":[27,26],"product_tag":[],"class_list":{"0":"post-1940","1":"product","2":"type-product","3":"status-publish","4":"has-post-thumbnail","6":"product_cat-civil","7":"product_cat-derecho","9":"first","10":"instock","11":"shipping-taxable","12":"purchasable","13":"product-type-simple"},"_links":{"self":[{"href":"https:\/\/bibliotecajuridicavirtual.cl\/index.php\/wp-json\/wp\/v2\/product\/1940","targetHints":{"allow":["GET"]}}],"collection":[{"href":"https:\/\/bibliotecajuridicavirtual.cl\/index.php\/wp-json\/wp\/v2\/product"}],"about":[{"href":"https:\/\/bibliotecajuridicavirtual.cl\/index.php\/wp-json\/wp\/v2\/types\/product"}],"replies":[{"embeddable":true,"href":"https:\/\/bibliotecajuridicavirtual.cl\/index.php\/wp-json\/wp\/v2\/comments?post=1940"}],"wp:featuredmedia":[{"embeddable":true,"href":"https:\/\/bibliotecajuridicavirtual.cl\/index.php\/wp-json\/wp\/v2\/media\/1995"}],"wp:attachment":[{"href":"https:\/\/bibliotecajuridicavirtual.cl\/index.php\/wp-json\/wp\/v2\/media?parent=1940"}],"wp:term":[{"taxonomy":"product_brand","embeddable":true,"href":"https:\/\/bibliotecajuridicavirtual.cl\/index.php\/wp-json\/wp\/v2\/product_brand?post=1940"},{"taxonomy":"product_cat","embeddable":true,"href":"https:\/\/bibliotecajuridicavirtual.cl\/index.php\/wp-json\/wp\/v2\/product_cat?post=1940"},{"taxonomy":"product_tag","embeddable":true,"href":"https:\/\/bibliotecajuridicavirtual.cl\/index.php\/wp-json\/wp\/v2\/product_tag?post=1940"}],"curies":[{"name":"wp","href":"https:\/\/api.w.org\/{rel}","templated":true}]}}