{"id":1941,"date":"2026-02-28T00:56:44","date_gmt":"2026-02-28T03:56:44","guid":{"rendered":"https:\/\/bibliotecajuridicavirtual.cl\/?post_type=product&#038;p=1941"},"modified":"2026-02-28T00:57:11","modified_gmt":"2026-02-28T03:57:11","slug":"responsabilidad-extracontractual-pablo-rodriguez-grez-3ed-actualizada-diciembre-ano-2024-paginas-490","status":"publish","type":"product","link":"https:\/\/bibliotecajuridicavirtual.cl\/index.php\/product\/responsabilidad-extracontractual-pablo-rodriguez-grez-3ed-actualizada-diciembre-ano-2024-paginas-490\/","title":{"rendered":"Responsabilidad Extracontractual &#8211; Pablo Rodr\u00edguez Grez &#8211; 3ed. Actualizada Diciembre A\u00f1o 2024, P\u00e1ginas 490"},"content":{"rendered":"<p>COLECCION GRANDES MAESTROS DEL DERECHO CIVIL<\/p>\n<p>Como obligaci\u00f3n preexistente, la responsabilidad -presente en varias \u00e1reas del derecho y con clasificaciones diversas, seg\u00fan su naturaleza- puede catalogarse como contractual o extracontractual. Si ella emana de un contrato, nos encontraremos en el \u00e1mbito de la responsabilidad contractual. Si la obligaci\u00f3n emana de Ia comisi\u00f3n de un delito o cuasidelito civil, o de la ejecuci\u00f3n de un hecho voluntario no convencional, o de la mera disposici\u00f3n de la ley, estaremos en el \u00e1mbito de la responsabilidad extracontractual, materia abordada en este excelente ejemplar.<\/p>\n<p>A trav\u00e9s de sus p\u00e1ginas, su autor, don Pablo Rodr\u00edguez Grez, aborda aspectos clave para su conceptualizaci\u00f3n y aplicaci\u00f3n pr\u00e1ctica, con base en la estructura del il\u00edcito civil que, gen\u00e9ricamente concebido, acusa la ocurrencia de cinco elementos: el hecho cometido, la antijuridicidad del mismo, la imputabilidad a persona determinada, el da\u00f1o, y la relaci\u00f3n causal; nomenclatura que nos conduce a problemas de indiscutible actualidad e importancia, en los que podr\u00e1 adentrarse mientras avanza en la lectura.<\/p>\n<p>Condensados en siete cap\u00edtulos, encontramos aspectos de obligado estudio en este tema, como lo es todo lo relacionado con la en materia jur\u00eddica, desde su naturaleza hasta los sistemas de responsabilidad existentes. Adem\u00e1s,\u00a0su naturaleza hasta los sistemas de responsabilidad existentes. Adem\u00e1s, podr\u00e1 encontrar certeros an\u00e1lisis sobre la imputabilidad, que se complementa con el estudio de los factores de imputaci\u00f3n (dolo, culpa y riesgo), el da\u00f1o (con especial atenci\u00f3n en lo\u00a0relativo al da\u00f1o extrapatrimonial), la relaci\u00f3n de causalidad, el il\u00edcito civil t\u00edpico, las cl\u00e1usulas de irresponsabilidad, la extinci\u00f3n de la responsabilidad extracontractual, responsabilidad extracontractual colectiva, junto a otras consideraciones de gran trascendencia sobre el tema en el derecho civil chileno.<\/p>\n<p>En la actualidad, la jurisprudencia exige imperativamente realizar un gran esfuerzo para que esta rama de la responsabilidad pueda avanzar, y aportar, de ese modo, los elementos que permitan innovar en las decisiones judiciales en un \u00e1rea tan importante del derecho moderno.<\/p>\n<p>Abocadas en esa direcci\u00f3n se encuentran las acertadas observaciones que podr\u00e1 encontrar en este libro, donde su autor, una vez m\u00e1s, deja constancia de la urgencia de mantener renovado el Derecho, tanto en el \u00e1mbito nacional como internacional, con la convicci\u00f3n del papel trascendental que juega en la construcci\u00f3n de una sociedad justa y en constante progreso.<\/p>\n","protected":false},"excerpt":{"rendered":"<p>Buscas un libro Jur\u00eddico.? Lo puedes encontrar en nuestra tienda virtual.<br \/>\nContamos con prestigiosos autores y muchas alternativas en sus diferentes materias al igual que grandes descuentos.! Vis\u00edtanos en www.bibliotecajuridicavirtual.cl<\/p>\n<p>Escr\u00edbenos al +56930565235 \/ <a class=\"qvSiWRehwdpuZqOvuBIvoeyDGDgjQ \" href=\"mailto:ventaslegallexglobal@gmail.com\" target=\"_self\" data-test-app-aware-link=\"\" rel=\"noopener\">ventaslegallexglobal@gmail.com<\/a><br \/>\nHacemos env\u00edos a todo Chile &#8211; Starken o Correos Chile \/ Te esperamos.<\/p>\n","protected":false},"featured_media":1996,"comment_status":"open","ping_status":"closed","template":"","meta":{"inline_featured_image":false,"_joinchat":[]},"product_brand":[],"product_cat":[27,26,47],"product_tag":[],"class_list":{"0":"post-1941","1":"product","2":"type-product","3":"status-publish","4":"has-post-thumbnail","6":"product_cat-civil","7":"product_cat-derecho","8":"product_cat-sin-categorizar","10":"first","11":"instock","12":"shipping-taxable","13":"purchasable","14":"product-type-simple"},"_links":{"self":[{"href":"https:\/\/bibliotecajuridicavirtual.cl\/index.php\/wp-json\/wp\/v2\/product\/1941","targetHints":{"allow":["GET"]}}],"collection":[{"href":"https:\/\/bibliotecajuridicavirtual.cl\/index.php\/wp-json\/wp\/v2\/product"}],"about":[{"href":"https:\/\/bibliotecajuridicavirtual.cl\/index.php\/wp-json\/wp\/v2\/types\/product"}],"replies":[{"embeddable":true,"href":"https:\/\/bibliotecajuridicavirtual.cl\/index.php\/wp-json\/wp\/v2\/comments?post=1941"}],"wp:featuredmedia":[{"embeddable":true,"href":"https:\/\/bibliotecajuridicavirtual.cl\/index.php\/wp-json\/wp\/v2\/media\/1996"}],"wp:attachment":[{"href":"https:\/\/bibliotecajuridicavirtual.cl\/index.php\/wp-json\/wp\/v2\/media?parent=1941"}],"wp:term":[{"taxonomy":"product_brand","embeddable":true,"href":"https:\/\/bibliotecajuridicavirtual.cl\/index.php\/wp-json\/wp\/v2\/product_brand?post=1941"},{"taxonomy":"product_cat","embeddable":true,"href":"https:\/\/bibliotecajuridicavirtual.cl\/index.php\/wp-json\/wp\/v2\/product_cat?post=1941"},{"taxonomy":"product_tag","embeddable":true,"href":"https:\/\/bibliotecajuridicavirtual.cl\/index.php\/wp-json\/wp\/v2\/product_tag?post=1941"}],"curies":[{"name":"wp","href":"https:\/\/api.w.org\/{rel}","templated":true}]}}