{"id":1942,"date":"2026-02-28T00:56:45","date_gmt":"2026-02-28T03:56:45","guid":{"rendered":"https:\/\/bibliotecajuridicavirtual.cl\/?post_type=product&#038;p=1942"},"modified":"2026-02-28T00:57:12","modified_gmt":"2026-02-28T03:57:12","slug":"estudio-critico-de-las-reformas-laborales-en-materia-de-derecho-colectivo-y-derechos-fundamentales","status":"publish","type":"product","link":"https:\/\/bibliotecajuridicavirtual.cl\/index.php\/product\/estudio-critico-de-las-reformas-laborales-en-materia-de-derecho-colectivo-y-derechos-fundamentales\/","title":{"rendered":"Estudio Cr\u00edtico de las Reformas Laborales en Materia de Derecho Colectivo y Derechos Fundamentales"},"content":{"rendered":"<p style=\"font-weight: 400;\">El profesor Tapia es un destacado acad\u00e9mico y profesional. Quienes han tenido la oportunidad de conocerlo y el privilegio de recibir su generosidad intelectual y humana, saben que es mucho m\u00e1s que un acad\u00e9mico sobresaliente.<\/p>\n<p style=\"font-weight: 400;\">Su contribuci\u00f3n al derecho laboral chileno ha sido inestimable, promoviendo la justicia social, la solidaridad y la excelencia t\u00e9cnica en beneficio del bienestar efectivo y progresivo de los trabajadores, contribuyendo a la construcci\u00f3n de un mundo m\u00e1s justo y compasivo.<\/p>\n<p style=\"font-weight: 400;\">Este libro es testimonio de su impacto en la comunidad acad\u00e9mica nacional, en que sus amigos, disc\u00edpulos y destacados acad\u00e9micos, han querido rendir un homenaje en torno a dos materias que desarroll\u00f3 ampliamente.<\/p>\n<p style=\"font-weight: 400;\">Es as\u00ed como esta obra se estructura en dos tem\u00e1ticas fundamentales, todas ellas enmarcadas en el contexto del estudio cr\u00edtico de las reformas laborales en materia de Derecho Colectivo y Derechos Fundamentales.<\/p>\n<p style=\"font-weight: 400;\">En la primera parte del libro se abordan diversas tem\u00e1ticas relacionadas con los derechos fundamentales de los trabajadores, mientras que, en la segunda parte del libro, se analizan temas vinculados a la libertad sindical y los derechos colectivos del trabajo.<\/p>\n<p style=\"font-weight: 400;\">Los invitamos a adentrarse en las p\u00e1ginas de este libro y a unirse a nosotros en este homenaje dedicado a la destacada carrera y perdurable legado del querido profesor Francisco Tapia Guerrero, conocido cari\u00f1osamente como &#8220;Pancho&#8221; por sus cercanos.<\/p>\n<p style=\"font-weight: 400;\"><b><strong>PARTE I<\/strong><\/b><br \/>\n<b><strong>DERECHOS FUNDAMENTALES EN EL TRABAJO<\/strong><\/b><\/p>\n<p style=\"font-weight: 400;\"><em>Subcontrataci\u00f3n y derechos fundamentales de los trabajadores<\/em><br \/>\nSergio Fuica Guti\u00e9rrez<\/p>\n<p style=\"font-weight: 400;\"><em>Acci\u00f3n de tutela de derechos fundamentales de los funcionarios p\u00fablicos: Una regulaci\u00f3n necesaria, pero a\u00fan insuficiente<\/em><br \/>\nRoxana Ar\u00e1nguiz Cofr\u00e9<\/p>\n<p style=\"font-weight: 400;\"><em>La represalia como presupuesto de la garant\u00eda a la indemnidad en materia laboral<\/em><br \/>\nHugo F\u00e1brega Vega &#8211; Patricia Fuenzalida Mart\u00ednez<\/p>\n<p style=\"font-weight: 400;\"><em>Las cl\u00e1usulas de no competencia post contractual y la libertad del trabajo<\/em><br \/>\nPedro Matamala Souper &#8211; Catalina Ojeda Oyarz\u00fan<\/p>\n<p style=\"font-weight: 400;\"><em>La regla probatoria especial en la tutela de derechos fundamentales en materia laboral: \u00bfAlteraci\u00f3n de la carga de la prueba o disminuci\u00f3n o aligeramiento de est\u00e1ndar de prueba<\/em><br \/>\nJuan Carlos Ferrada B\u00f3rquez &#8211; Rodolfo Walter D\u00edaz<\/p>\n<p style=\"font-weight: 400;\"><em>Los indicios y la carga procesal del denunciante en el procedimiento de tutela de derechos fundamentales<\/em><br \/>\nIvonne Ponce Heinsohn<\/p>\n<p style=\"font-weight: 400;\"><b><strong>PARTE II<\/strong><\/b><br \/>\n<b><strong>LIBERTAD SINDICAL Y DERECHOS COLECTIVOS DEL TRABAJO<\/strong><\/b><\/p>\n<p style=\"font-weight: 400;\"><em>Los derechos colectivos en el trabajo de plataformas<\/em><br \/>\nLuis Lizama Portal<\/p>\n<p style=\"font-weight: 400;\"><em>Sujeto activo y pasivo en la accion de tutela por atentados a la libertad sindical<\/em><br \/>\nWendoling Silva Reyes<\/p>\n<p style=\"font-weight: 400;\"><em>Discriminaci\u00f3n entre sindicatos por parte del empleador en Chile. Una aproximaci\u00f3n<\/em><br \/>\nFrancisco Ruay S\u00e1ez<\/p>\n<p style=\"font-weight: 400;\"><em>El despido lesivo de la libertad sindical del trabajador no aforado: La problem\u00e1tica del reintegro y el pago del haz de indemnizaciones<\/em><br \/>\n\u00c1lvaro Dom\u00ednguez Montoya<\/p>\n<p style=\"font-weight: 400;\"><em>El da\u00f1o moral y la tutela de la libertad sindical<\/em><br \/>\nJos\u00e9 Francisco Castro Castro<\/p>\n<p style=\"font-weight: 400;\"><em>Sujetos titulares de la negociaci\u00f3n colectiva. El caso de las empresas o instituciones p\u00fablicas o privadas financiadas en m\u00e1s de 50% por el estado a la luz de la jurisprudencia judicial y administrativa<\/em><br \/>\nRodrigo Palomo V\u00e9lez &#8211; Camila Cruz Beltr\u00e1n<\/p>\n<p style=\"font-weight: 400;\"><em>Los grupos negociadores y el derecho a negociaci\u00f3n colectiva<\/em><br \/>\n\u00c1lvaro Mardones Fonseca<\/p>\n<p style=\"font-weight: 400;\"><em>Acuerdos colectivos de negociaciones colectivas at\u00edpicas: La expresi\u00f3n de un modelo de relaciones laborales en tensi\u00f3n<\/em><br \/>\nFrancisco Neira Reyes<\/p>\n<p style=\"font-weight: 400;\"><em>Seguridad social complementaria en la negociaci\u00f3n colectiva<\/em><br \/>\nHugo Cifuentes Lillo &#8211; Leonardo Medina Olivos<\/p>\n<p style=\"font-weight: 400;\"><em>Prevenci\u00f3n de riesgos con perspectiva de g\u00e9nero y el rol de la negociaci\u00f3n colectiva en estas materias<\/em><br \/>\nYenny Pinto Sarmiento<\/p>\n<p style=\"font-weight: 400;\"><em>Los pactos de extensi\u00f3n de beneficios de instrumentos colectivos y su aplicaci\u00f3n pr\u00e1ctica a la luz de los dict\u00e1menes de la direcci\u00f3n del trabajo<\/em><br \/>\nMar\u00eda Soledad Jofr\u00e9 Bustos &#8211; Solange Mena Coronel<\/p>\n<p style=\"font-weight: 400;\"><em>La huelga en Chile: Doctrina, Constituci\u00f3n y Ley<\/em><br \/>\nPatricio Mella Cabrera<\/p>\n<p style=\"font-weight: 400;\"><em>Servicios m\u00ednimos: Un breve an\u00e1lisis a su regulaci\u00f3n en Chile<\/em><br \/>\n\u00c1lvaro Cruz Gonz\u00e1lez<\/p>\n","protected":false},"excerpt":{"rendered":"<p>Romina Urz\u00faa Arce &#8211; Rodrigo Az\u00f3car Simont \/ edici\u00f3n &#8211;\u00a0 Noviembre 2024 &#8211; 480 P\u00e1ginas<\/p>\n<p>Buscas un libro Jur\u00eddico.? Lo puedes encontrar en nuestra tienda virtual.<br \/>\nContamos con prestigiosos autores y muchas alternativas en sus diferentes materias al igual que grandes descuentos.! Vis\u00edtanos en www.bibliotecajuridicavirtual.cl<\/p>\n<p>Escr\u00edbenos al +56930565235 \/ <a class=\"TSUUmBLgCBYgbinAiiknGsAHecRSeNvu \" href=\"mailto:ventaslegallexglobal@gmail.com\" target=\"_self\" rel=\"noopener\" data-test-app-aware-link=\"\">ventaslegallexglobal@gmail.com<\/a><br \/>\nHacemos env\u00edos a todo Chile &#8211; Starken o Correos Chile \/ Te esperamos.<\/p>\n","protected":false},"featured_media":1997,"comment_status":"open","ping_status":"closed","template":"","meta":{"inline_featured_image":false,"_joinchat":[]},"product_brand":[],"product_cat":[26,41],"product_tag":[],"class_list":{"0":"post-1942","1":"product","2":"type-product","3":"status-publish","4":"has-post-thumbnail","6":"product_cat-derecho","7":"product_cat-laboral","9":"first","10":"instock","11":"shipping-taxable","12":"purchasable","13":"product-type-simple"},"_links":{"self":[{"href":"https:\/\/bibliotecajuridicavirtual.cl\/index.php\/wp-json\/wp\/v2\/product\/1942","targetHints":{"allow":["GET"]}}],"collection":[{"href":"https:\/\/bibliotecajuridicavirtual.cl\/index.php\/wp-json\/wp\/v2\/product"}],"about":[{"href":"https:\/\/bibliotecajuridicavirtual.cl\/index.php\/wp-json\/wp\/v2\/types\/product"}],"replies":[{"embeddable":true,"href":"https:\/\/bibliotecajuridicavirtual.cl\/index.php\/wp-json\/wp\/v2\/comments?post=1942"}],"wp:featuredmedia":[{"embeddable":true,"href":"https:\/\/bibliotecajuridicavirtual.cl\/index.php\/wp-json\/wp\/v2\/media\/1997"}],"wp:attachment":[{"href":"https:\/\/bibliotecajuridicavirtual.cl\/index.php\/wp-json\/wp\/v2\/media?parent=1942"}],"wp:term":[{"taxonomy":"product_brand","embeddable":true,"href":"https:\/\/bibliotecajuridicavirtual.cl\/index.php\/wp-json\/wp\/v2\/product_brand?post=1942"},{"taxonomy":"product_cat","embeddable":true,"href":"https:\/\/bibliotecajuridicavirtual.cl\/index.php\/wp-json\/wp\/v2\/product_cat?post=1942"},{"taxonomy":"product_tag","embeddable":true,"href":"https:\/\/bibliotecajuridicavirtual.cl\/index.php\/wp-json\/wp\/v2\/product_tag?post=1942"}],"curies":[{"name":"wp","href":"https:\/\/api.w.org\/{rel}","templated":true}]}}