{"id":1968,"date":"2026-02-28T00:57:06","date_gmt":"2026-02-28T03:57:06","guid":{"rendered":"https:\/\/bibliotecajuridicavirtual.cl\/?post_type=product&#038;p=1968"},"modified":"2026-02-28T00:57:12","modified_gmt":"2026-02-28T03:57:12","slug":"jurisprudencia-de-violencia-intrafamiliar-veronica-barrera-miranda-3edicion-2024-500-paginas","status":"publish","type":"product","link":"https:\/\/bibliotecajuridicavirtual.cl\/index.php\/product\/jurisprudencia-de-violencia-intrafamiliar-veronica-barrera-miranda-3edicion-2024-500-paginas\/","title":{"rendered":"Jurisprudencia de Violencia Intrafamiliar &#8211; Ver\u00f3nica Barrera Miranda \/ 3\u00b0Edici\u00f3n 2024 500 P\u00e1ginas"},"content":{"rendered":"<p>Cap\u00edtulo I<br \/>\nConductas constitutivas<br \/>\nde violencia intrafamiliar<br \/>\n1. Definici\u00f3n de violencia intrafamiliar. Elementos y clasi<br \/>\nficaci\u00f3n &#8230;&#8230;&#8230;&#8230;&#8230;&#8230;&#8230;&#8230;&#8230;&#8230;&#8230;&#8230;&#8230;&#8230;&#8230;&#8230;&#8230;&#8230;&#8230;&#8230;&#8230;&#8230;&#8230;&#8230;&#8230;&#8230;&#8230;&#8230;.. 1<br \/>\n2. Objetivo de la ley de violencia intrafamiliar &#8230;&#8230;&#8230;&#8230;&#8230;&#8230;&#8230;&#8230;&#8230;&#8230;. 22<br \/>\n3. Hechos constitutivos de violencia intrafamiliar &#8230;&#8230;&#8230;&#8230;&#8230;&#8230;&#8230;&#8230;.. 24<br \/>\n4. Violencia contra personas mayores &#8230;&#8230;&#8230;&#8230;&#8230;&#8230;&#8230;&#8230;&#8230;&#8230;&#8230;&#8230;&#8230;&#8230;&#8230; 34<br \/>\n5. Obligaci\u00f3n del Estado de sancionar actos de violencia<br \/>\nintrafamiliar &#8230;&#8230;&#8230;&#8230;&#8230;&#8230;&#8230;&#8230;&#8230;&#8230;&#8230;&#8230;&#8230;&#8230;&#8230;&#8230;&#8230;&#8230;&#8230;&#8230;&#8230;&#8230;&#8230;&#8230;&#8230;&#8230;&#8230; 39<br \/>\nCap\u00edtulo II<br \/>\nDe la violencia intrafamiliar de conocimiento<br \/>\nde los juzgados de familia<br \/>\n1. Situaci\u00f3n de riesgo inminente &#8230;&#8230;&#8230;&#8230;&#8230;&#8230;&#8230;&#8230;&#8230;&#8230;&#8230;&#8230;&#8230;&#8230;&#8230;&#8230;&#8230;.. 51<br \/>\n2. Maltrato constitutivo de violencia intrafamiliar (Art\u00edculo 8\u00ba<br \/>\nde la Ley N\u00ba 20.066) &#8230;&#8230;&#8230;&#8230;&#8230;&#8230;&#8230;&#8230;&#8230;&#8230;&#8230;&#8230;&#8230;&#8230;&#8230;&#8230;&#8230;&#8230;&#8230;&#8230;&#8230;&#8230;.. 54<br \/>\n\u00cdndice II<br \/>\nP\u00e1gina<br \/>\nCap\u00edtulo III<br \/>\nDe la violencia intrafamiliar<br \/>\nconstitutiva de delito<br \/>\n1. Delito de maltrato habitual (Art\u00edculo 14 de la Ley N\u00ba 20.066) &#8230;&#8230;&#8230; 57<br \/>\n2. Definici\u00f3n de maltrato &#8230;&#8230;&#8230;&#8230;&#8230;&#8230;&#8230;&#8230;&#8230;&#8230;&#8230;&#8230;&#8230;&#8230;&#8230;&#8230;&#8230;&#8230;&#8230;&#8230;&#8230;.. 66<br \/>\n3. Elementos y configuraci\u00f3n de la \u201chabitualidad\u201d &#8230;&#8230;&#8230;&#8230;&#8230;&#8230;&#8230;&#8230;. 71<br \/>\nCap\u00edtulo IV<br \/>\nMedidas cautelares<br \/>\n1. Medidas cautelares &#8230;&#8230;&#8230;&#8230;&#8230;&#8230;&#8230;&#8230;&#8230;&#8230;&#8230;&#8230;&#8230;&#8230;&#8230;&#8230;&#8230;&#8230;&#8230;&#8230;&#8230;&#8230;&#8230;. 83<br \/>\n2. Medidas de seguridad &#8230;&#8230;&#8230;&#8230;&#8230;&#8230;&#8230;&#8230;&#8230;&#8230;&#8230;&#8230;&#8230;&#8230;&#8230;&#8230;&#8230;&#8230;&#8230;&#8230;&#8230;&#8230; 98<br \/>\n3. Medidas accesorias &#8230;&#8230;&#8230;&#8230;&#8230;&#8230;&#8230;&#8230;&#8230;&#8230;&#8230;&#8230;&#8230;&#8230;&#8230;&#8230;&#8230;&#8230;&#8230;&#8230;&#8230;&#8230;&#8230;. 103<br \/>\nCap\u00edtulo V<br \/>\nFemicidio<br \/>\n1. Elemento convivencia que conforma el tipo penal. Con<br \/>\ncepto de convivencia &#8230;&#8230;&#8230;&#8230;&#8230;&#8230;&#8230;&#8230;&#8230;&#8230;&#8230;&#8230;&#8230;&#8230;&#8230;&#8230;&#8230;&#8230;&#8230;&#8230;&#8230;&#8230;. 117<br \/>\n2. Identidad de g\u00e9nero de la v\u00edctima &#8230;&#8230;&#8230;&#8230;&#8230;&#8230;&#8230;&#8230;&#8230;&#8230;&#8230;&#8230;&#8230;&#8230;&#8230;.. 127<br \/>\n3. Femicidio frustrado &#8230;&#8230;&#8230;&#8230;&#8230;&#8230;&#8230;&#8230;&#8230;&#8230;&#8230;&#8230;&#8230;&#8230;&#8230;&#8230;&#8230;&#8230;&#8230;&#8230;&#8230;&#8230;&#8230; 132<br \/>\nCap\u00edtulo VI<br \/>\nViolencia intrafamiliar constitutiva<br \/>\nde violencia de g\u00e9nero<br \/>\n1. Definici\u00f3n de violencia de g\u00e9nero &#8230;&#8230;&#8230;&#8230;&#8230;&#8230;&#8230;&#8230;&#8230;&#8230;&#8230;&#8230;&#8230;&#8230;&#8230;.. 139<br \/>\n2. Violencia contra la mujer a la luz de las convenciones<br \/>\ninternacionales &#8230;&#8230;&#8230;&#8230;&#8230;&#8230;&#8230;&#8230;&#8230;&#8230;&#8230;&#8230;&#8230;&#8230;&#8230;&#8230;&#8230;&#8230;&#8230;&#8230;&#8230;&#8230;&#8230;&#8230;&#8230;.. 152<br \/>\n3. Leg\u00edtima defensa en contextos de violencia de g\u00e9nero &#8230;&#8230;&#8230;&#8230;&#8230; 155<br \/>\nIII \u00cdndice<br \/>\nP\u00e1gina<br \/>\nCap\u00edtulo VII<br \/>\nOtras figuras penales<br \/>\n1. Parricidio. Concepto de parricidio. Definici\u00f3n de convi<br \/>\nvencia &#8230;&#8230;&#8230;&#8230;&#8230;&#8230;&#8230;&#8230;&#8230;&#8230;&#8230;&#8230;&#8230;&#8230;&#8230;&#8230;&#8230;&#8230;&#8230;&#8230;&#8230;&#8230;&#8230;&#8230;&#8230;&#8230;&#8230;&#8230;&#8230;&#8230; 163<br \/>\n2. Delito de lesiones en contexto de VIF &#8230;&#8230;&#8230;&#8230;&#8230;&#8230;&#8230;&#8230;&#8230;&#8230;&#8230;&#8230;&#8230;.. 177<br \/>\n3. Amenazas en contexto de VIF. Elementos del tipo &#8230;&#8230;&#8230;&#8230;&#8230;&#8230;&#8230; 196<br \/>\n4. Delito de da\u00f1os en contexto de violencia intrafamiliar &#8230;&#8230;&#8230;&#8230;&#8230; 223<br \/>\nCap\u00edtulo VIII<br \/>\nDesacato<br \/>\n1. Concepto &#8230;&#8230;&#8230;&#8230;&#8230;&#8230;&#8230;&#8230;&#8230;&#8230;&#8230;&#8230;&#8230;&#8230;&#8230;&#8230;&#8230;&#8230;&#8230;&#8230;&#8230;&#8230;&#8230;&#8230;&#8230;&#8230;&#8230;&#8230;.. 227<br \/>\n2. Requisitos y elementos para configurar el desacato &#8230;&#8230;&#8230;&#8230;&#8230;&#8230;.. 229<br \/>\n3. Bien jur\u00eddico protegido en delito de desacato &#8230;&#8230;&#8230;&#8230;&#8230;&#8230;&#8230;&#8230;&#8230;.. 247<br \/>\n4. Interpretaci\u00f3n restrictiva del delito de desacato &#8230;&#8230;&#8230;&#8230;&#8230;&#8230;&#8230;&#8230;.. 255<br \/>\n5. Desacato como sanci\u00f3n penal por quebrantamiento de<br \/>\nmedidas cautelares &#8230;&#8230;&#8230;&#8230;&#8230;&#8230;&#8230;&#8230;&#8230;&#8230;&#8230;&#8230;&#8230;&#8230;&#8230;&#8230;&#8230;&#8230;&#8230;&#8230;&#8230;&#8230;&#8230;.. 260<br \/>\n6. Dolo en el delito de desacato &#8230;&#8230;&#8230;&#8230;&#8230;&#8230;&#8230;&#8230;&#8230;&#8230;&#8230;&#8230;&#8230;&#8230;&#8230;&#8230;&#8230;&#8230;. 271<br \/>\n7. Antecedentes legislativos &#8230;&#8230;&#8230;&#8230;&#8230;&#8230;&#8230;&#8230;&#8230;&#8230;&#8230;&#8230;&#8230;&#8230;&#8230;&#8230;&#8230;&#8230;&#8230;&#8230; 276<br \/>\n8. Configuraci\u00f3n del tipo &#8230;&#8230;&#8230;&#8230;&#8230;&#8230;&#8230;&#8230;&#8230;&#8230;&#8230;&#8230;&#8230;&#8230;&#8230;&#8230;&#8230;&#8230;&#8230;&#8230;&#8230;.. 282<br \/>\n9. Error de prohibici\u00f3n &#8230;&#8230;&#8230;&#8230;&#8230;&#8230;&#8230;&#8230;&#8230;&#8230;&#8230;&#8230;&#8230;&#8230;&#8230;&#8230;&#8230;&#8230;&#8230;&#8230;&#8230;&#8230;.. 305<br \/>\nCap\u00edtulo IX<br \/>\nPrueba<br \/>\n1. Audiencia preparatoria &#8230;&#8230;&#8230;&#8230;&#8230;&#8230;&#8230;&#8230;&#8230;&#8230;&#8230;&#8230;&#8230;&#8230;&#8230;&#8230;&#8230;&#8230;&#8230;&#8230;&#8230;. 309<br \/>\n2. Apreciaci\u00f3n de la prueba &#8230;&#8230;&#8230;&#8230;&#8230;&#8230;&#8230;&#8230;&#8230;&#8230;&#8230;&#8230;&#8230;&#8230;&#8230;&#8230;&#8230;&#8230;&#8230;&#8230;. 315<br \/>\n3. Apreciaci\u00f3n de la prueba en materia de violencia de<br \/>\ng\u00e9nero &#8230;&#8230;&#8230;&#8230;&#8230;&#8230;&#8230;&#8230;&#8230;&#8230;&#8230;&#8230;&#8230;&#8230;&#8230;&#8230;&#8230;&#8230;&#8230;&#8230;&#8230;&#8230;&#8230;&#8230;&#8230;&#8230;&#8230;&#8230;&#8230;.. 359<br \/>\n4. Carga de la prueba &#8230;&#8230;&#8230;&#8230;&#8230;&#8230;&#8230;&#8230;&#8230;&#8230;&#8230;&#8230;&#8230;&#8230;&#8230;&#8230;&#8230;&#8230;&#8230;&#8230;&#8230;&#8230;&#8230;.. 365<br \/>\n\u00cdndice IV<br \/>\nP\u00e1gina<br \/>\nCap\u00edtulo X<br \/>\nCompetencia y procedimiento<br \/>\n1. Primac\u00eda de ley VIF ante normas del C\u00f3digo Procesal<br \/>\nPenal &#8230;&#8230;&#8230;&#8230;&#8230;&#8230;&#8230;&#8230;&#8230;&#8230;&#8230;&#8230;&#8230;&#8230;&#8230;&#8230;&#8230;&#8230;&#8230;&#8230;&#8230;&#8230;&#8230;&#8230;&#8230;&#8230;&#8230;. 369<br \/>\n2. Garant\u00eda constitucional del debido proceso &#8230;&#8230;&#8230;&#8230;&#8230;&#8230;&#8230;&#8230;&#8230;&#8230;.. 377<br \/>\n3. Reglas generales &#8230;&#8230;&#8230;&#8230;&#8230;&#8230;&#8230;&#8230;&#8230;&#8230;&#8230;&#8230;&#8230;&#8230;&#8230;&#8230;&#8230;&#8230;&#8230;&#8230;&#8230;&#8230;&#8230;&#8230;.. 379<br \/>\nCompetencia &#8230;&#8230;&#8230;&#8230;&#8230;&#8230;&#8230;&#8230;&#8230;&#8230;&#8230;&#8230;&#8230;&#8230;&#8230;&#8230;&#8230;&#8230;&#8230;&#8230;&#8230;&#8230;&#8230;&#8230;&#8230;&#8230;. 379<br \/>\nComparecencia en Juicio &#8230;&#8230;&#8230;&#8230;&#8230;&#8230;&#8230;&#8230;&#8230;&#8230;&#8230;&#8230;&#8230;&#8230;&#8230;&#8230;&#8230;&#8230;&#8230;&#8230; 381<br \/>\nPrincipios del Procedimiento &#8230;&#8230;&#8230;&#8230;&#8230;&#8230;&#8230;&#8230;&#8230;&#8230;&#8230;&#8230;&#8230;&#8230;&#8230;&#8230;&#8230;&#8230; 383<br \/>\nDenuncia &#8230;&#8230;&#8230;&#8230;&#8230;&#8230;&#8230;&#8230;&#8230;&#8230;&#8230;&#8230;&#8230;&#8230;&#8230;&#8230;&#8230;&#8230;&#8230;&#8230;&#8230;&#8230;&#8230;&#8230;&#8230;&#8230;&#8230;&#8230;. 385<br \/>\n4. Potestad cautelar &#8230;&#8230;&#8230;&#8230;&#8230;&#8230;&#8230;&#8230;&#8230;&#8230;&#8230;&#8230;&#8230;&#8230;&#8230;&#8230;&#8230;&#8230;&#8230;&#8230;&#8230;&#8230;&#8230;&#8230;.. 399<br \/>\n5. Suspensi\u00f3n condicional del procedimiento &#8230;&#8230;&#8230;&#8230;&#8230;&#8230;&#8230;&#8230;&#8230;&#8230;&#8230; 412<br \/>\n6. Abandono del procedimiento &#8230;&#8230;&#8230;&#8230;&#8230;&#8230;&#8230;&#8230;&#8230;&#8230;&#8230;&#8230;&#8230;&#8230;&#8230;&#8230;&#8230;&#8230; 418<br \/>\n7. Sentencia &#8230;&#8230;&#8230;&#8230;&#8230;&#8230;&#8230;&#8230;&#8230;&#8230;&#8230;&#8230;&#8230;&#8230;&#8230;&#8230;&#8230;&#8230;&#8230;&#8230;&#8230;&#8230;&#8230;&#8230;&#8230;&#8230;&#8230;&#8230;. 421<br \/>\n8. Recursos procesales en el procedimiento de familia &#8230;&#8230;&#8230;&#8230;&#8230;&#8230;. 431<br \/>\nCap\u00edtulo XI<br \/>\nSanciones<br \/>\n1. Sanciones por incumplimiento de medidas cautelares &#8230;&#8230;&#8230;&#8230;&#8230;. 439<br \/>\n2. Determinaci\u00f3n de las penas &#8230;&#8230;&#8230;&#8230;&#8230;&#8230;&#8230;&#8230;&#8230;&#8230;&#8230;&#8230;&#8230;&#8230;&#8230;&#8230;&#8230;&#8230;&#8230; 447<br \/>\n3. Circunstancias modificatorias de responsabilidad penal &#8230;&#8230;&#8230;&#8230;. 457<br \/>\n4. Concurso aparente de leyes penales &#8230;&#8230;&#8230;&#8230;&#8230;&#8230;&#8230;&#8230;&#8230;&#8230;&#8230;&#8230;&#8230;&#8230;.. 466<br \/>\nC\u00f3mo acceder a este libro digital a trav\u00e9s de Thomson<br \/>\nReuters proview &#8230;&#8230;&#8230;&#8230;&#8230;&#8230;&#8230;&#8230;&#8230;&#8230;&#8230;&#8230;&#8230;&#8230;&#8230;&#8230;&#8230;&#8230;&#8230;&#8230;&#8230;&#8230;&#8230;&#8230;. 469<br \/>\nCap\u00edtulo I<br \/>\nConductas constitutivas de violencia intrafamiliar<br \/>\n1. Definici\u00f3n de violencia intrafamiliar. Elementos y cla<br \/>\nsificaci\u00f3n<br \/>\nConcepto legal de violencia intrafamiliar es amplio. Violencia intra<br \/>\nfamiliar, clasificaci\u00f3n y definiciones<br \/>\nHechos<br \/>\nParte demandada y denunciada interpone recurso de casaci\u00f3n en el fon<br \/>\ndo contra la sentencia de la Corte de Apelaciones, que confirm\u00f3 el fallo<br \/>\nde primer grado que acogi\u00f3 la denuncia de violencia intrafamiliar. La<br \/>\nCorte Suprema, actuando de oficio, invalida el fallo impugnado y dicta<br \/>\nsentencia de reemplazo.<br \/>\nAntecedentes del fallo<br \/>\nTribunal: Corte Suprema.<br \/>\nTipo de recurso: Recurso de Casaci\u00f3n en el Fondo.<br \/>\nRol: 90968-2022, de 23 de febrero de 2023.<br \/>\nMinistros: Sr. Ricardo Blanco H., Sra. Andrea Mu\u00f1oz S., Sr. Diego Simp\u00e9r<br \/>\ntigue L. Abogados Integrante Sra. Mar\u00eda Cristina Gajardo H., Sr. Gonzalo<br \/>\nRuz L.<br \/>\nDoctrina<br \/>\nComo lo ha sostenido esta Corte, entre otras en causas Roles<br \/>\nN\u00bas. 769 18, 131.585 20 y 224 2022, el concepto legal de violencia in<br \/>\n2<br \/>\nJurisprudencia violencia intrafamiliar<br \/>\ntrafamiliar es amplio, ya que comprende todo agravio que afecte la vida<br \/>\no integridad f\u00edsica o ps\u00edquica de las personas que se encuentran atadas<br \/>\npor los v\u00ednculos que se\u00f1ala el art\u00edculo 5\u00ba de la Ley N\u00ba 20.066, y que se<br \/>\ndevela por actos constitutivos de abusos reales de poder o maltrato que<br \/>\npuede ser f\u00edsico, psicol\u00f3gico o emocional, econ\u00f3mico y sexual que se<br \/>\nejerce entre las personas que indica la norma, esto es, de una en contra<br \/>\nde la otra; y cubre las categor\u00edas de maltrato infantil, violencia conyugal<br \/>\ny maltrato al adulto mayor.<br \/>\nLa violencia f\u00edsica se traduce en cualquier tipo de lesi\u00f3n no<br \/>\nfortuita; la econ\u00f3mica en el descuido o negativa a contribuir a las<br \/>\nnecesidades b\u00e1sicas del otro, ejerciendo un abusivo e injusto control<br \/>\nf\u00edsico y mental utilizando el poder econ\u00f3mico; la sexual obligando a<br \/>\nla otra persona a ejecutar actos sexuales en contra de su voluntad;<br \/>\ny la sicol\u00f3gica o emocional humillando, injuriando, descalificando,<br \/>\nofendiendo, siendo el designio del agresor generar miedo en la v\u00edc<br \/>\ntima, manejar sus sentimientos, su forma de pensar, su conducta en<br \/>\ngeneral, siendo el com\u00fan denominador producir un menoscabo del<br \/>\nmartirizado en su esfera espiritual.<br \/>\nPor \u00faltimo, constituye maltrato al adulto mayor todo abuso f\u00edsico,<br \/>\npsicol\u00f3gico, financiero, sexual o abandono cometido a una persona an<br \/>\nciana. Seg\u00fan el Servicio Nacional del Adulto Mayor, es cualquier acci\u00f3n<br \/>\nu omisi\u00f3n que produce da\u00f1o a una persona mayor y que vulnera el res<br \/>\npeto a su dignidad y al ejercicio de sus derechos como persona (Court<br \/>\nMurasso, Eduardo y Wegner Astudillo Veronika, Derecho de Familia,<br \/>\nLegislaci\u00f3n, Doctrina y Jurisprudencia, Abeledo Perrot, Legal Publishing<br \/>\nChile, 2011, pp. 251 y 252).<br \/>\nEntonces, no obstante tratarse de una noci\u00f3n amplia, no comprende<br \/>\ncualquier tipo o acto de agresi\u00f3n, sino m\u00e1s bien aquellos insertos en<br \/>\nuna relaci\u00f3n de car\u00e1cter abusiva generada entre personas vincula<br \/>\ndas de la manera descrita en la citada norma legal, esto es, en una<br \/>\nconformada en un contexto de desigualdad y que le permite a una<br \/>\nimponerse a la otra. Adem\u00e1s, que si se trata de violencia psicol\u00f3gica<br \/>\nes necesario que en la v\u00edctima genere quebranto o perturbaci\u00f3n en el<br \/>\n\u00e1mbito emocional, un detrimento a la estructura de su personalidad,<br \/>\nCap\u00edtulo I: Conductas constitutivas de violencia intrafamiliar<br \/>\n3<br \/>\npromoviendo, en definitiva, una disminuci\u00f3n de valor en la dignidad<br \/>\nde la persona afectada, precisamente, por haberse configurado un<br \/>\nhecho en las condiciones indicadas (considerando 2\u00ba de la sentencia<br \/>\nde reemplazo).<br \/>\nCita online: CL\/JUR\/7893\/2023<br \/>\nNormativa relevante citada: Art\u00edculo 5\u00ba de la Ley N\u00ba 20.066.<br \/>\nFallos en el mismo sentido:\u2013 Corte Suprema, 22\/01\/2024, Rol: 247211-2023,<br \/>\nCita online: CL\/JUR\/2148\/2024\u2013 Corte Suprema, 17\/02\/2023, Rol: 105993-2022,<br \/>\nCita online: CL\/JUR\/6309\/2023\u2013 Corte Suprema, 15\/11\/2023, Rol: 95759-2021,<br \/>\nCita online: CL\/JUR\/45343\/2023\u2013 Corte Suprema, 17\/02\/2023, Rol: 105993-2022,<br \/>\nCita online: CL\/JUR\/6309\/2023\u2013 Corte Suprema, 21\/02\/2022, Rol: 60763-2021,<br \/>\nCita online: CL\/JUR\/6610\/2022\u2013 Corte Suprema, 4\/11\/2021, Rol: 42534-2021<br \/>\nCita online: CL\/JUR\/82800\/2021\u2013 Corte de Apelaciones de Punta Arenas, 2\/11\/2021, Rol: 129-2021,<br \/>\nCita online: CL\/JUR\/82893\/2021\u2013 Corte Suprema, 27\/10\/2020, Rol: 30219-2020,<br \/>\nCita online: CL\/JUR\/106917\/2020\u2013 Corte Suprema, 3\/09\/2020, Rol N\u00ba 2701-2020,<br \/>\nCita online: CL\/JUR\/127937\/2020\u2013 Corte Suprema, 20\/07\/2020, Rol: 36955-2019,<br \/>\nCita online: CL\/JUR\/52903\/2020\u2013 Corte Suprema, 30\/06\/2020, Rol N\u00ba 24360-2020,<br \/>\nCita online: CL\/JUR\/45734\/2020\u2013 Corte Suprema, 26\/06\/2020, Rol N\u00ba 31957-2019,<br \/>\nCita online: CL\/JUR\/45730\/2020<\/p>\n","protected":false},"excerpt":{"rendered":"<p>Buscas un libro Jur\u00eddico.? Lo puedes encontrar en nuestra tienda virtual.<br \/>\nContamos con prestigiosos autores y muchas alternativas en sus diferentes materias al igual que grandes descuentos.! Vis\u00edtanos en www.bibliotecajuridicavirtual.cl<\/p>\n<p>Escr\u00edbenos al +56930565235 \/ ventaslegallexglobal@gmail.com<br \/>\nHacemos env\u00edos a todo Chile &#8211; Starken o Correos Chile \/ Te esperamos.<\/p>\n","protected":false},"featured_media":1998,"comment_status":"open","ping_status":"closed","template":"","meta":{"inline_featured_image":false,"_joinchat":[]},"product_brand":[],"product_cat":[26,29],"product_tag":[],"class_list":{"0":"post-1968","1":"product","2":"type-product","3":"status-publish","4":"has-post-thumbnail","6":"product_cat-derecho","7":"product_cat-familia-y-del-menor","9":"first","10":"instock","11":"shipping-taxable","12":"purchasable","13":"product-type-simple"},"_links":{"self":[{"href":"https:\/\/bibliotecajuridicavirtual.cl\/index.php\/wp-json\/wp\/v2\/product\/1968","targetHints":{"allow":["GET"]}}],"collection":[{"href":"https:\/\/bibliotecajuridicavirtual.cl\/index.php\/wp-json\/wp\/v2\/product"}],"about":[{"href":"https:\/\/bibliotecajuridicavirtual.cl\/index.php\/wp-json\/wp\/v2\/types\/product"}],"replies":[{"embeddable":true,"href":"https:\/\/bibliotecajuridicavirtual.cl\/index.php\/wp-json\/wp\/v2\/comments?post=1968"}],"wp:featuredmedia":[{"embeddable":true,"href":"https:\/\/bibliotecajuridicavirtual.cl\/index.php\/wp-json\/wp\/v2\/media\/1998"}],"wp:attachment":[{"href":"https:\/\/bibliotecajuridicavirtual.cl\/index.php\/wp-json\/wp\/v2\/media?parent=1968"}],"wp:term":[{"taxonomy":"product_brand","embeddable":true,"href":"https:\/\/bibliotecajuridicavirtual.cl\/index.php\/wp-json\/wp\/v2\/product_brand?post=1968"},{"taxonomy":"product_cat","embeddable":true,"href":"https:\/\/bibliotecajuridicavirtual.cl\/index.php\/wp-json\/wp\/v2\/product_cat?post=1968"},{"taxonomy":"product_tag","embeddable":true,"href":"https:\/\/bibliotecajuridicavirtual.cl\/index.php\/wp-json\/wp\/v2\/product_tag?post=1968"}],"curies":[{"name":"wp","href":"https:\/\/api.w.org\/{rel}","templated":true}]}}