{"id":1970,"date":"2026-02-28T00:57:06","date_gmt":"2026-02-28T03:57:06","guid":{"rendered":"https:\/\/bibliotecajuridicavirtual.cl\/?post_type=product&#038;p=1970"},"modified":"2026-02-28T00:57:16","modified_gmt":"2026-02-28T03:57:16","slug":"control-judicial-y-administracion-en-emergencia-sanitaria-paulo-collantes-bonilla-182-pag-ano-2024","status":"publish","type":"product","link":"https:\/\/bibliotecajuridicavirtual.cl\/index.php\/product\/control-judicial-y-administracion-en-emergencia-sanitaria-paulo-collantes-bonilla-182-pag-ano-2024\/","title":{"rendered":"Control Judicial y Administraci\u00f3n en Emergencia Sanitaria &#8211; Paulo Collantes Bonilla &#8211; 182 P\u00e1g. a\u00f1o 2024"},"content":{"rendered":"<p>El objetivo de este libro es aproximar al lector al estudio del control judicial sobre la actividad administrativa en el contexto de una emergencia sanitaria, revisando algunas de las lecciones aprendidas de la experiencia que dej\u00f3 la pandemia del COVID-19 en Chile. En tal sentido, la obra examina la problem\u00e1tica que se produce entre la necesaria intervenci\u00f3n del Estado para superar una emergencia sanitaria y el ejercicio leg\u00edtimo de los derechos fundamentales de las personas en el contexto de crisis.<\/p>\n<p><span lang=\"ES\">Para abordar esta problem\u00e1tica, se exploran perspectivas doctrinarias propias del Derecho P\u00fablico, como la din\u00e1mica relaci\u00f3n entre los actos administrativos de contenido discrecional y la intensidad del control que los tribunales ejercen sobre esta forma de intervenci\u00f3n estatal. Asimismo, el libro recoge y analiza cr\u00edticamente la jurisprudencia de los tribunales superiores de justicia en el marco de la pandemia COVID-19, en un intento de exponer los errores y aciertos que puedan ser \u00fatiles para enfrentar adecuadamente futuras emergencias sanitarias.<\/span><\/p>\n","protected":false},"excerpt":{"rendered":"<p>Buscas un libro Jur\u00eddico.? Lo puedes encontrar en nuestra tienda virtual.<br \/>\nContamos con prestigiosos autores y muchas alternativas en sus diferentes materias al igual que grandes descuentos.! Vis\u00edtanos en www.bibliotecajuridicavirtual.cl<\/p>\n<p>Escr\u00edbenos al +56930565235 \/ <a class=\"jCfTHtsPmIgRjtBDjLhWBFZYFwBhY \" href=\"mailto:ventaslegallexglobal@gmail.com\" target=\"_self\" data-test-app-aware-link=\"\">ventaslegallexglobal@gmail.com<\/a><br \/>\nHacemos env\u00edos a todo Chile &#8211; Starken o Correos Chile \/ Te esperamos.<\/p>\n","protected":false},"featured_media":2000,"comment_status":"open","ping_status":"closed","template":"","meta":{"inline_featured_image":false,"_joinchat":[]},"product_brand":[],"product_cat":[45,27],"product_tag":[],"class_list":{"0":"post-1970","1":"product","2":"type-product","3":"status-publish","4":"has-post-thumbnail","6":"product_cat-administrativo","7":"product_cat-civil","9":"first","10":"instock","11":"shipping-taxable","12":"purchasable","13":"product-type-simple"},"_links":{"self":[{"href":"https:\/\/bibliotecajuridicavirtual.cl\/index.php\/wp-json\/wp\/v2\/product\/1970","targetHints":{"allow":["GET"]}}],"collection":[{"href":"https:\/\/bibliotecajuridicavirtual.cl\/index.php\/wp-json\/wp\/v2\/product"}],"about":[{"href":"https:\/\/bibliotecajuridicavirtual.cl\/index.php\/wp-json\/wp\/v2\/types\/product"}],"replies":[{"embeddable":true,"href":"https:\/\/bibliotecajuridicavirtual.cl\/index.php\/wp-json\/wp\/v2\/comments?post=1970"}],"wp:featuredmedia":[{"embeddable":true,"href":"https:\/\/bibliotecajuridicavirtual.cl\/index.php\/wp-json\/wp\/v2\/media\/2000"}],"wp:attachment":[{"href":"https:\/\/bibliotecajuridicavirtual.cl\/index.php\/wp-json\/wp\/v2\/media?parent=1970"}],"wp:term":[{"taxonomy":"product_brand","embeddable":true,"href":"https:\/\/bibliotecajuridicavirtual.cl\/index.php\/wp-json\/wp\/v2\/product_brand?post=1970"},{"taxonomy":"product_cat","embeddable":true,"href":"https:\/\/bibliotecajuridicavirtual.cl\/index.php\/wp-json\/wp\/v2\/product_cat?post=1970"},{"taxonomy":"product_tag","embeddable":true,"href":"https:\/\/bibliotecajuridicavirtual.cl\/index.php\/wp-json\/wp\/v2\/product_tag?post=1970"}],"curies":[{"name":"wp","href":"https:\/\/api.w.org\/{rel}","templated":true}]}}