{"id":1971,"date":"2026-02-28T00:57:06","date_gmt":"2026-02-28T03:57:06","guid":{"rendered":"https:\/\/bibliotecajuridicavirtual.cl\/?post_type=product&#038;p=1971"},"modified":"2026-02-28T00:57:16","modified_gmt":"2026-02-28T03:57:16","slug":"acoso-en-ambientes-laborales-andres-dighero-eberhard-daniela-mora-gomez-175-pag-ano-2024","status":"publish","type":"product","link":"https:\/\/bibliotecajuridicavirtual.cl\/index.php\/product\/acoso-en-ambientes-laborales-andres-dighero-eberhard-daniela-mora-gomez-175-pag-ano-2024\/","title":{"rendered":"Acoso en Ambientes Laborales &#8211; Andr\u00e9s Dighero Eberhard \u2013 Daniela Mora G\u00f3mez &#8211; 175 P\u00e1g. a\u00f1o 2024"},"content":{"rendered":"<p><span lang=\"ES\">Esta obra desarrolla un entendimiento acabado de acoso laboral, cuyos cap\u00edtulos se dividen de la siguiente manera:<\/span><\/p>\n<p><b><span lang=\"ES\">Cap\u00edtulo I: Una comprensi\u00f3n general de acoso<\/span><\/b><span lang=\"ES\">.<\/span><\/p>\n<p><span lang=\"ES\">En el primero se entrega una informaci\u00f3n detalla sobre el origen, causas y posibles consecuencias que conlleva un caso de hostigamiento laboral.<\/span><\/p>\n<p><b><span lang=\"ES\">Cap\u00edtulo II: \u00bfEl hombre es un lobo para el hombre?<\/span><\/b><\/p>\n<p><span lang=\"ES\">evidencia, a trav\u00e9s de un an\u00e1lisis, c\u00f3mo la violencia que se genera a trav\u00e9s del hostigamiento laboral puede ser demostrada desde lo primitivo de la naturaleza humana.<\/span><\/p>\n<p><b><span lang=\"ES\">Cap\u00edtulo III: Aspectos psicol\u00f3gicos y socio-jur\u00eddicos del acoso<\/span><\/b><\/p>\n<p><span lang=\"ES\">En el tercer cap\u00edtulo se explica el hostigamiento desde una mirada psicol\u00f3gica y jur\u00eddica. Dado que corresponde a un riesgo psicosocial, y que vulnera derechos humanos esenciales, se consider\u00f3 necesario esclarecer de forma minuciosa las conductas y tipos de personalidad que tienen los hostigadores, entre otros aspectos relevantes.<\/span><\/p>\n<p><b>Cap\u00edtulo IV: Acoso a trav\u00e9s del teletrabajo<\/b><\/p>\n<p>Se describe de forma somera, los aspectos relevantes del trabajo a distancia, y posibles consecuencias para la salud.<\/p>\n<p><b>Cap\u00edtulo V: Reflexiones sobre \u201cLey Karin\u201d<\/b><\/p>\n<p>Este cap\u00edtulo se caracteriza por entregar detalles esenciales de la Ley N\u00b021.643, y tambi\u00e9n lo relacionado al Decreto Supremo N\u00b021 del Ministerio del Trabajo y de la Seguridad Social.<\/p>\n<p><b>Cap\u00edtulo VI: Prevenci\u00f3n y estrategias de afrontamiento<\/b><\/p>\n<p>Se enfoca en las distintas maneras de prevenci\u00f3n, factores protectores, habilidades de afrontamiento emocional y aspectos centrales de la Terapia Cognitivo- Conductual, como posible tratamiento a la persona afectada.<\/p>\n<p><b>Cap\u00edtulo VII: Conclusi\u00f3n<\/b><\/p>\n<p>Por \u00faltimo, se entrega un an\u00e1lisis de todos los elementos mencionados.<\/p>\n","protected":false},"excerpt":{"rendered":"<p>Buscas un libro Jur\u00eddico.? Lo puedes encontrar en nuestra tienda virtual.<br \/>\nContamos con prestigiosos autores y muchas alternativas en sus diferentes materias al igual que grandes descuentos.! Vis\u00edtanos en www.bibliotecajuridicavirtual.cl<\/p>\n<p>Escr\u00edbenos al +56930565235 \/ <a class=\"jCfTHtsPmIgRjtBDjLhWBFZYFwBhY \" href=\"mailto:ventaslegallexglobal@gmail.com\" target=\"_self\" data-test-app-aware-link=\"\">ventaslegallexglobal@gmail.com<\/a><br \/>\nHacemos env\u00edos a todo Chile &#8211; Starken o Correos Chile \/ Te esperamos.<\/p>\n","protected":false},"featured_media":2001,"comment_status":"open","ping_status":"closed","template":"","meta":{"inline_featured_image":false,"_joinchat":[]},"product_brand":[],"product_cat":[41],"product_tag":[],"class_list":{"0":"post-1971","1":"product","2":"type-product","3":"status-publish","4":"has-post-thumbnail","6":"product_cat-laboral","8":"first","9":"instock","10":"shipping-taxable","11":"purchasable","12":"product-type-simple"},"_links":{"self":[{"href":"https:\/\/bibliotecajuridicavirtual.cl\/index.php\/wp-json\/wp\/v2\/product\/1971","targetHints":{"allow":["GET"]}}],"collection":[{"href":"https:\/\/bibliotecajuridicavirtual.cl\/index.php\/wp-json\/wp\/v2\/product"}],"about":[{"href":"https:\/\/bibliotecajuridicavirtual.cl\/index.php\/wp-json\/wp\/v2\/types\/product"}],"replies":[{"embeddable":true,"href":"https:\/\/bibliotecajuridicavirtual.cl\/index.php\/wp-json\/wp\/v2\/comments?post=1971"}],"wp:featuredmedia":[{"embeddable":true,"href":"https:\/\/bibliotecajuridicavirtual.cl\/index.php\/wp-json\/wp\/v2\/media\/2001"}],"wp:attachment":[{"href":"https:\/\/bibliotecajuridicavirtual.cl\/index.php\/wp-json\/wp\/v2\/media?parent=1971"}],"wp:term":[{"taxonomy":"product_brand","embeddable":true,"href":"https:\/\/bibliotecajuridicavirtual.cl\/index.php\/wp-json\/wp\/v2\/product_brand?post=1971"},{"taxonomy":"product_cat","embeddable":true,"href":"https:\/\/bibliotecajuridicavirtual.cl\/index.php\/wp-json\/wp\/v2\/product_cat?post=1971"},{"taxonomy":"product_tag","embeddable":true,"href":"https:\/\/bibliotecajuridicavirtual.cl\/index.php\/wp-json\/wp\/v2\/product_tag?post=1971"}],"curies":[{"name":"wp","href":"https:\/\/api.w.org\/{rel}","templated":true}]}}