{"id":1973,"date":"2026-02-28T00:57:06","date_gmt":"2026-02-28T03:57:06","guid":{"rendered":"https:\/\/bibliotecajuridicavirtual.cl\/?post_type=product&#038;p=1973"},"modified":"2026-02-28T00:57:18","modified_gmt":"2026-02-28T03:57:18","slug":"compliance-y-proteccion-de-datos-personales-explicacion-de-la-nueva-ley-n21-719","status":"publish","type":"product","link":"https:\/\/bibliotecajuridicavirtual.cl\/index.php\/product\/compliance-y-proteccion-de-datos-personales-explicacion-de-la-nueva-ley-n21-719\/","title":{"rendered":"Compliance y Protecci\u00f3n de Datos Personales &#8211; Explicaci\u00f3n de la Nueva Ley N\u00b021.719"},"content":{"rendered":"<p style=\"font-weight: 400;\">La reforma a la Ley No. 19.628, sobre protecci\u00f3n de datos personales, significa un cambio hist\u00f3rico que redefine la forma en la que se usa la informaci\u00f3n personal de los chilenos, en cualquier espacio u organizaci\u00f3n. Por lo mismo, es necesario prepararse de manera adecuada, ya que dicha reforma implica un desaf\u00edo enorme para adaptar tanto pol\u00edticas, como procesos y pr\u00e1cticas en el procesamiento de informaci\u00f3n personal, sea de clientes, usuarios, trabajadores, proveedores o de otros stakeholders.<\/p>\n<p style=\"font-weight: 400;\">Este libro explica los principales cambios a la ley, su \u00e1mbito de aplicaci\u00f3n, las infracciones y sanciones y todas las consecuencias fundamentales que esta reforma conlleva. Adem\u00e1s, detalla el nuevo modelo de compliance que se requiere para garantizar la prevenci\u00f3n de infracciones al interior de las empresas y los servicios p\u00fablicos, precisando la importancia de los deberes de informaci\u00f3n y transparencia, la identificaci\u00f3n de actividades de riesgo y los mecanismos de reporte.<\/p>\n<p style=\"font-weight: 400;\"><b><strong>CAP\u00cdTULO I<\/strong><\/b><br \/>\n<b><strong>INTRODUCCI\u00d3N A LA PROTECCI\u00d3N DE DATOS PERSONALES EN CHILE<\/strong><\/b><\/p>\n<ol>\n<li style=\"font-weight: 400;\"><b><strong> EL DERECHO FUNDAMENTAL DE PROTECCI\u00d3N DE DATOS PERSONALES<\/strong><\/b><\/li>\n<\/ol>\n<p style=\"font-weight: 400;\">1.1. Identificaci\u00f3n de la norma de derecho fundamental<br \/>\n1.2. Titular del derecho fundamental<br \/>\n1.3. Objeto del derecho<br \/>\n1.4. Destinatarios del derecho<br \/>\n1.5. L\u00edmites al derecho<br \/>\n1.6. Garant\u00edas del derecho<\/p>\n<ol start=\"2\">\n<li style=\"font-weight: 400;\"><b><strong> LA REFORMA A LA LEGISLACI\u00d3N DE PROTECCI\u00d3N DE DATOS PERSONALES<\/strong><\/b><\/li>\n<\/ol>\n<p style=\"font-weight: 400;\">2.1. Los principales elementos de la nueva ley<br \/>\nA) La creaci\u00f3n de e una Agencia de Protecci\u00f3n de Datos Personales<br \/>\nB) Obligaci\u00f3n real de responder derechos del titular de datos personales<br \/>\nC) Un nuevo r\u00e9gimen de infracciones y sanciones<br \/>\nD) Estatuto de obligaciones del responsable del tratamiento<br \/>\nE) Obligaci\u00f3n de demostrar la base de licitud para tratar datos y el cumplimiento proactivo<br \/>\nF) Obligaciones de transparencia, y evaluaciones de protecci\u00f3n desde dise\u00f1o y por defecto<br \/>\nG) Garantizar la portabilidad de datos personales<br \/>\nH) Implementar un modelo de prevenci\u00f3n de infracciones<\/p>\n<p style=\"font-weight: 400;\">2.2. El proyecto de ley y su tramitaci\u00f3n inicial (Boletines N\u00b0 11.144-07 N\u00b0 11.092-07, refundidos)<br \/>\nA) Fuentes accesibles al p\u00fablico como fuente de licitud<br \/>\nB) Ausencia de reglas de aplicaci\u00f3n extraterritorial<br \/>\nC) Derecho de acceso limitado<br \/>\nD) Agencia ligada al Poder Ejecutivo<br \/>\nE) Sanciones<\/p>\n<p style=\"font-weight: 400;\">2.3. El segundo tr\u00e1mite constitucional<\/p>\n<p style=\"font-weight: 400;\">2.4. Las modificaciones realizadas por la C\u00e1mara de Diputados<\/p>\n<p style=\"font-weight: 400;\">2.5. La Comisi\u00f3n Mixta<br \/>\nA) Ratificaciones relevantes de lo despachado por la C\u00e1mara de Diputados]<br \/>\na. Eliminaci\u00f3n de las fuentes de acceso p\u00fablico<br \/>\nb. Derecho de oposici\u00f3n al tratamiento automatizado de datos (art\u00edculo 8\u00b0 bis)<br \/>\nc. Portabilidad de los datos personales (art\u00edculo 9\u00b0)<br \/>\nB) Ratificaciones texto del Senado: tratamiento de datos por parte de organismos aut\u00f3nomos constitucionales (art\u00edculo 54)<br \/>\nC) Innovaciones de la Comisi\u00f3n Mixta: r\u00e9gimen de sanciones<br \/>\nD) Votaciones en la sala<\/p>\n<p style=\"font-weight: 400;\">2.6. Control de constitucionalidad<\/p>\n<ol start=\"3\">\n<li style=\"font-weight: 400;\"><b><strong> EL \u00c1MBITO DE APLICACI\u00d3N<\/strong><\/b><\/li>\n<\/ol>\n<p style=\"font-weight: 400;\">3.1. \u00c1mbito de aplicaci\u00f3n material<br \/>\nA) Excepci\u00f3n de la libertad de opini\u00f3n y de informaci\u00f3n<br \/>\nB) Excepci\u00f3n dom\u00e9stica<\/p>\n<p style=\"font-weight: 400;\">3.2. \u00c1mbito de aplicaci\u00f3n territorial<br \/>\nA) Aplicaci\u00f3n de la ley a tratamientos de datos en donde el responsable o el encargado est\u00e1 establecido constituido en territorio nacional (art\u00edculo 1\u00ba bis letra a)<br \/>\nB) Aplicaci\u00f3n de la ley pero respecto de un responsable que est\u00e1 establecido o constituido en tratamientos efectuados por un encargado, territorio nacional (art\u00edculo 1\u00ba bis letra b)<br \/>\nC) Aplicaci\u00f3n de la ley a tratamientos que ofrezcan bienes servicios a titulares de datos que se encuentren en Chile (articulo 1\u00ba bis letra c)<br \/>\nD) Aplicaci\u00f3n de la ley por disposici\u00f3n de un contrato internacional (art\u00edculo 1\u00ba bis inciso final)<\/p>\n<ol start=\"4\">\n<li style=\"font-weight: 400;\"><b><strong> LAS PRINCIPALES DEFINICIONES DE LA LEY<\/strong><\/b><\/li>\n<\/ol>\n<p style=\"font-weight: 400;\">4.1. Dato personal<br \/>\nA) Cualquier informaci\u00f3n<br \/>\nB) Vinculada o referida a una persona<br \/>\nC) Persona natural<br \/>\nD) Identificada o identificable<\/p>\n<p style=\"font-weight: 400;\">4.2 Titular de dato personal<\/p>\n<p style=\"font-weight: 400;\">4.3. Tratamiento de datos<br \/>\nA) Cualquier operaci\u00f3n o conjunto de operaciones<br \/>\nB) Por medios automatizados o no<br \/>\nC) Realizado sobre datos personales<\/p>\n<p style=\"font-weight: 400;\">4.4. Responsable de datos<br \/>\nA) Toda persona natural o jur\u00eddica<br \/>\nB) Que decide<br \/>\nC) Fines<br \/>\nD) Medios<\/p>\n<p style=\"font-weight: 400;\">4.5. Encargado del tratamiento<br \/>\nA) Persona natural o jur\u00eddica<br \/>\nB) Tratamiento por cuenta del responsable del tratamiento<br \/>\nC) Las funciones son espec\u00edficas de cada operaci\u00f3n de tratamiento<br \/>\nD) Ejemplos<\/p>\n<p>4.6. Datos personales sensibles<\/p>\n<p style=\"font-weight: 400;\">4.7. Categor\u00edas especiales de datos personales<br \/>\nA) Datos personales relativos a los ni\u00f1os, ni\u00f1as y adolescentes<br \/>\nB) Datos personales con fines hist\u00f3ricos, estad\u00edsticos, cient\u00edficos y de estudios o investigaciones<br \/>\nC) Datos de geolocalizaci\u00f3n<br \/>\nD) Otros datos con reglas especiales<\/p>\n<p style=\"font-weight: 400;\">4.8. Anonimizaci\u00f3n<\/p>\n<p style=\"font-weight: 400;\">4.9. Seudonimizaci\u00f3n<\/p>\n<p style=\"font-weight: 400;\">4.10. Cesi\u00f3n de datos personales<\/p>\n<ol start=\"5\">\n<li style=\"font-weight: 400;\"><b><strong> LOS PRINCIPIOS RELATIVOS AL TRATAMIENTO DE DATOS PERSONALES<\/strong><\/b><\/li>\n<\/ol>\n<p style=\"font-weight: 400;\">5.1. Principio de licitud y lealtad<\/p>\n<p>5.2. Principio de finalidad<br \/>\nA) Recolecci\u00f3n de los datos<br \/>\nB) Fines espec\u00edfico<br \/>\nC) Fines expl\u00edcitos<br \/>\nD) Fines l\u00edcitos<br \/>\nE) Excepci\u00f3n: tratamiento posterior compatible<br \/>\nF) Otras excepciones<br \/>\na. Relaci\u00f3n contractual o pre contractual<br \/>\nb. El titular otorgue nuevamente su consentimiento<br \/>\nc. Cuando lo disponga la ley<\/p>\n<p style=\"font-weight: 400;\">5.3. Principio de proporcionalidad<br \/>\nA) Adecuaci\u00f3n o idoneidad<br \/>\nB) Pertinencia<br \/>\nC) Limitaci\u00f3n a lo necesario<\/p>\n<p style=\"font-weight: 400;\">5.4. Limitaci\u00f3n del plazo de conservaci\u00f3n<br \/>\nA) Deber de supresi\u00f3n o de anonimizaci\u00f3n<br \/>\nB) Limitaci\u00f3n del tiempo necesario para cumplir con los fines del tratamiento<br \/>\nC) La conservaci\u00f3n por un per\u00edodo de tiempo mayor requiere autorizaci\u00f3n legal o consentimiento del titular<\/p>\n<p style=\"font-weight: 400;\">5.5. Principio de calidad<\/p>\n<p style=\"font-weight: 400;\">5.6. Principio de responsabilidad<\/p>\n<p style=\"font-weight: 400;\">5.7. Principio de seguridad<\/p>\n<p style=\"font-weight: 400;\">5.8. Principio de transparencia e informaci\u00f3n<\/p>\n<p style=\"font-weight: 400;\">5.9. Principio de confidencialidad<\/p>\n<ol start=\"6\">\n<li style=\"font-weight: 400;\"><b><strong> BASES O FUENTES DE LICITUD PARA EL TRATAMIENTO DE DATOS PERSONALES<\/strong><\/b>\n<p>6.1. El esquema de bases de licitud bajo la nueva ley<\/li>\n<\/ol>\n<p style=\"font-weight: 400;\">6.2. La exclusi\u00f3n de las fuentes de acceso p\u00fablico como base de licitud<\/p>\n<p style=\"font-weight: 400;\">6.3. Consentimiento del titular<br \/>\nA) Consentimiento libre<br \/>\nB) Consentimiento informado<br \/>\nC) Consentimiento espec\u00edfico en cuanto a su finalidad<br \/>\nD) Consentimiento previo<br \/>\nE) Consentimiento inequ\u00edvoco<br \/>\nF) Acreditaci\u00f3n del consentimiento por el responsable<br \/>\nG) Revocaci\u00f3n del consentimiento<\/p>\n<p style=\"font-weight: 400;\">6.4. Tratamiento de datos relatives a obligaciones de car\u00e1cter econ\u00f3mico, financiero, bancario o comercial<\/p>\n<p style=\"font-weight: 400;\">6.5. Ejecuci\u00f3n o cumplimiento de una obligaci\u00f3n legal o los disponga la ley<br \/>\nA) Regla general de la base de licitud<br \/>\nB) La autorizaci\u00f3n legal para el tratamiento de datos personales por parte de los \u00f3rganos del Estado<\/p>\n<p style=\"font-weight: 400;\">6.6. Celebraci\u00f3n o ejecuci\u00f3n de un contrato entre el titular y el responsable<\/p>\n<p style=\"font-weight: 400;\">6.7. Inter\u00e9s leg\u00edtimo del responsable<br \/>\nA) El inter\u00e9s leg\u00edtimo con anterioridad a la reforma<br \/>\nB) El inter\u00e9s leg\u00edtimo como base de licitud general<\/p>\n<p style=\"font-weight: 400;\">6.8. Defensa de derechos ante tribunales u \u00f3rganos p\u00fablicos<\/p>\n<p style=\"font-weight: 400;\">6.9. Bases o fuentes de licitud para el tratamiento de datos personales sensibles<br \/>\nA) Bases o fuentes de licitud para el tratamiento de datos personales sensibles relativos a la salud del titular y a su perfil biol\u00f3gico<br \/>\nB) Bases o fuentes de licitud para el tratamiento de datos personales biom\u00e9tricos<\/p>\n<p style=\"font-weight: 400;\">6.10. Bases o fuentes de licitud para el tratamiento de categor\u00edas especiales de datos<br \/>\nA) Bases o fuentes de licitud para el tratamiento de datos personales relativos a los ni\u00f1os, ni\u00f1as y adolescentes<br \/>\nB) Bases o fuentes de licitud para el tratamiento de datos con fines hist\u00f3ricos, estad\u00edsticos, cient\u00edficos y de estudios o investigaciones<br \/>\nC) Bases o fuentes de licitud para el tratamiento de datos de geolocalizaci\u00f3n<\/p>\n<p style=\"font-weight: 400;\">6.11. Bases o fuentes de licitud para el tratamiento de datos relativos a infracciones penales, civiles, administrativas y disciplinarias<\/p>\n<ol start=\"7\">\n<li style=\"font-weight: 400;\"><b><strong> LOS DERECHOS DE LOS TITULARES DE DATOS<\/strong><\/b><\/li>\n<\/ol>\n<p style=\"font-weight: 400;\">7.1. Derecho de acceso<br \/>\nA) Contenido del derecho de acceso<br \/>\na. Los datos tratados y su origen<br \/>\nb. La finalidad o finalidades del tratamiento<br \/>\nc. El per\u00edodo de tiempo durante el cual los datos ser\u00e1n tratados<br \/>\nd. Las categor\u00edas, clases o tipos de destinatarios, o bien la identidad de cada destinatario, en caso de solicitarlo as\u00ed el titular, a los que se les hayan comunicado o cedido los datos o se prevea hacerlo<br \/>\ne. Los intereses leg\u00edtimos del responsable cuando el tratamiento se ase en lo dispuesto en el art\u00edculo 13 letra d)<br \/>\nf. Informaci\u00f3n significativa sobre la l\u00f3gica aplicada en el caso de que el responsable realice tratamiento de datos de conformidad con el art\u00edculo 8<br \/>\nB) Forma de entregar la informaci\u00f3n<\/p>\n<p style=\"font-weight: 400;\">7.2. Derecho de rectificaci\u00f3n<\/p>\n<p style=\"font-weight: 400;\">7.3. Derecho de supresi\u00f3n<br \/>\nA) El llamado &#8220;derecho al olvido&#8221;<\/p>\n<p style=\"font-weight: 400;\">7.4. Derecho de oposici\u00f3n<br \/>\nA) Derecho de oposici\u00f3n propiamente tal<br \/>\nB) Derecho de bloqueo del tratamiento<br \/>\nC) Derecho a oponerse y a no ser objeto de decisiones basadas en el tratamiento automatizado de sus datos personales<br \/>\na. \u00bfDerecho o prohibici\u00f3n?<br \/>\nb. \u00bfQu\u00e9 nivel de automatizaci\u00f3n es necesario?<br \/>\nc. Nivel de afectaci\u00f3n necesario<br \/>\nd. Elaboraci\u00f3n de perfiles<br \/>\ne. Bajo qu\u00e9 condiciones s s\u00ed se pueden tomar decisiones automatizadas basadas en el tratamiento automatizado de datos<br \/>\nf. Salvaguardas adicionales<\/p>\n<p style=\"font-weight: 400;\">7.5. Derecho a la portabilidad de datos personales<\/p>\n<p style=\"font-weight: 400;\">7.6. Forma y medios de ejercer los derechos del titular de datos<\/p>\n<p style=\"font-weight: 400;\">7.7. Procedimiento ante el responsable<\/p>\n<ol start=\"8\">\n<li style=\"font-weight: 400;\"><b><strong> LAS OBLIGACIONES DE LOS RESPONSABLES DEL TRATAMIENTO DE DATOS<\/strong><\/b><\/li>\n<\/ol>\n<p style=\"font-weight: 400;\">8.1. Obligaciones generales del responsable de datos<br \/>\n8.2. Deber de secreto o confidencialidad<br \/>\n8.3. Deber de informaci\u00f3n y transparencia<br \/>\n8.4. Deber de protecci\u00f3n desde el dise\u00f1o y por defecto<br \/>\n8.5. Deber de adoptar medidas de seguridad<br \/>\n8.6. Deber de reportar las vulneraciones a las medidas de seguridad<br \/>\n8.7. Diferenciaci\u00f3n de est\u00e1ndares de cumplimiento<\/p>\n<ol start=\"9\">\n<li style=\"font-weight: 400;\"><b><strong> PRINCIPALES INNOVACIONES DE LA LEY<\/strong><\/b><\/li>\n<\/ol>\n<p style=\"font-weight: 400;\">9.1. Protecci\u00f3n de datos personales desde el dise\u00f1o y por defecto<br \/>\nA) Las medidas a aplicar<br \/>\nB) La &#8220;naturaleza, \u00e1mbito, contexto y fines del tratamiento&#8221;<br \/>\nC) Medidas t\u00e9cnicas y organizativas para la privacidad por defecto<\/p>\n<p style=\"font-weight: 400;\">9.2. Evaluaciones de impacto<\/p>\n<ol start=\"10\">\n<li style=\"font-weight: 400;\"><b><strong> INFRACCIONES Y SANCIONES<\/strong><\/b><\/li>\n<\/ol>\n<p style=\"font-weight: 400;\">10.1. Infracciones leves<\/p>\n<p style=\"font-weight: 400;\">10.2. Infracciones graves<\/p>\n<p style=\"font-weight: 400;\">10.3. Infracciones grav\u00edsimas<\/p>\n<p style=\"font-weight: 400;\">10.4. Sanciones<\/p>\n<p style=\"font-weight: 400;\">10.5. Suspensi\u00f3n de actividades de tratamiento<\/p>\n<p style=\"font-weight: 400;\">10.6. Registro Nacional de Sanciones y Cumplimiento<\/p>\n<p style=\"font-weight: 400;\">10.7. Prescripci\u00f3n de acciones y sanciones<\/p>\n<p style=\"font-weight: 400;\">10.8. Criterios para la aplicaci\u00f3n de las multas de las multas<br \/>\nA) Circunstancias atenuantes y agravantes de responsabilidad<br \/>\nB) Determinaci\u00f3n del monto de las multas<\/p>\n<ol start=\"11\">\n<li style=\"font-weight: 400;\"><b><strong> LA AGENCIA DE PROTECCI\u00d3N DE DATOS PERSONALES<\/strong><\/b><\/li>\n<\/ol>\n<p style=\"font-weight: 400;\">11.1. Es un \u00f3rgano de rango legal, no constitucional<\/p>\n<p style=\"font-weight: 400;\">11.2. Es un \u00f3rgano colegiado<\/p>\n<p style=\"font-weight: 400;\">11.3. Participaci\u00f3n de dos poderes del Estado en el nombramiento de sus consejeros<\/p>\n<p style=\"font-weight: 400;\">11.4. Un robusto estatuto de consejeros que refuerza la independencia de la Agencia<\/p>\n<p style=\"font-weight: 400;\">11.5. Amplio repertorio de facultades y atribuciones<br \/>\nA) Facultades normativas y regulatorias (art\u00edculo 30 bis letras a) y h)<br \/>\nB) Facultades fiscalizadoras (art\u00edculo 30 bis letra c)<br \/>\nC) Facultades interpretativas (art\u00edculo 30 bis letra b)<br \/>\nD) Facultades resolutorias y sancionatorias (art\u00edculo 30 bis letras d), e), f) y m)<br \/>\nE) Facultades de difusi\u00f3n y colaboraci\u00f3n (art\u00edculo 30 bis letras g), i), j), k) y 1) y art\u00edculo 31)<\/p>\n<p style=\"font-weight: 400;\"><b><strong>CAP\u00cdTULO II<\/strong><\/b><br \/>\n<b><strong>IMPLEMENTANDO UN MODELO DE PREVENCI\u00d3N DE INFRACCIONES<\/strong><\/b><\/p>\n<ol>\n<li style=\"font-weight: 400;\"><b><strong> DESCRIPCI\u00d3N DE LOS NUEVOS EST\u00c1NDARES REGULATORIOS EN MATERIA DE COM PLIANCE<\/strong><\/b><\/li>\n<li style=\"font-weight: 400;\"><b><strong> DEBERES DE INFORMACI\u00d3N Y TRANSPARENCIA<\/strong><\/b><\/li>\n<\/ol>\n<p style=\"font-weight: 400;\">2.1. Pol\u00edtica de tratamiento de datos personales<br \/>\n2.2. Individualizaci\u00f3n del responsable del tratamiento de datos personales<br \/>\n2.3. Datos de contacto<br \/>\n2.4. Descripci\u00f3n general del tratamiento<br \/>\n2.5. Pol\u00edticas y medidas de seguridad<br \/>\n2.6. Derechos del titular<br \/>\n2.7. Derecho de reclamo ante la Agencia<br \/>\n2.8. Transferencia internacional de datos personales<br \/>\n2.9. Per\u00edodo de conservaci\u00f3n de los datos personales<br \/>\n2.10. Fuente de la cual provienen los datos personales<br \/>\n2.11. Derecho a retirar el consentimiento cuando el tratamiento de datos est\u00e1 fundado en dicha base de licitud]<br \/>\n2.12. Decisiones automatizadas y elaboraci\u00f3n de perfiles<br \/>\n2.13. La infracci\u00f3n y sanci\u00f3n por incumplimiento del deber de informaci\u00f3n y transparencia<\/p>\n<ol start=\"3\">\n<li style=\"font-weight: 400;\"><b><strong> SISTEMA DE GOBERNANZA DE DATOS DESIGNACI\u00d3N DE DELEGADO DE PROTECCI\u00d3N DE DATOS<\/strong><\/b><\/li>\n<\/ol>\n<p style=\"font-weight: 400;\">3.1. Gobernanza de datos y protecci\u00f3n de datos personales<\/p>\n<p style=\"font-weight: 400;\">3.2. Delegado de protecci\u00f3n de datos<\/p>\n<p style=\"font-weight: 400;\">3.3. Concepto de DPD<\/p>\n<p style=\"font-weight: 400;\">3.4. Justificaci\u00f3n de la designaci\u00f3n de un DPD<\/p>\n<p style=\"font-weight: 400;\">3.5. Caracter\u00edsticas y atribuciones de un DPD<br \/>\nA) Caracter\u00edsticas del DPD<br \/>\nB) Nombramiento del DPD<br \/>\nC) Autonom\u00eda o independencia del DPD<br \/>\nD) Conocimientos, experiencias y capacidades del DPD<br \/>\nE) Reportar al m\u00e1s alto nivel jer\u00e1rquico posible<br \/>\nF) Atribuciones del DPD<\/p>\n<p style=\"font-weight: 400;\">3.6. Alternativas para la designaci\u00f3n de un DPD<br \/>\nA) DPD interno o externo<br \/>\nB) Prevenci\u00f3n de los conflictos de intereses del DPD<\/p>\n<ol start=\"4\">\n<li style=\"font-weight: 400;\"><b><strong> IDENTIFICACI\u00d3N DE ACTIVIDADES O PROCESOS DE RIESGOS Y ESTABLECIMIENTO DE MEDIDAS DE PREVENCI\u00d3N<\/strong><\/b><\/li>\n<\/ol>\n<p style=\"font-weight: 400;\">4.1. Matriz de riesgos<br \/>\n4.2. Importancia del registro de actividades de tratamiento de datos personales<br \/>\n4.3. Elementos para la revisi\u00f3n y registro de las actividades de tratamiento d dalos personales<\/p>\n<ol start=\"5\">\n<li style=\"font-weight: 400;\"><b><strong> MECANISMOS DE REPORTE INTERNO Y DE REPORTE A LA AUTORIDAD DE PROTECCI\u00d3N DE DATOS<\/strong><\/b><\/li>\n<\/ol>\n<p style=\"font-weight: 400;\">5.1. Mecanismos de reporte interno sobre cumplimiento de la ley<br \/>\n5.2. Mecanismos de reporte a la Agencia de Protecci\u00f3n de datos Personales (vulneraciones a las medidas de seguridad)<\/p>\n<ol start=\"6\">\n<li style=\"font-weight: 400;\"><b><strong> SANCIONES INTERNAS<\/strong><\/b><\/li>\n<li style=\"font-weight: 400;\"><b><strong> PROTOCOLO DE RESPUESTA A SOLICITUDES DE TITULARES DE DATOS<\/strong><\/b><\/li>\n<li style=\"font-weight: 400;\"><b><strong> TRANSFERENCIAS INTERNACIONALES DE DATOS PERSONALES<\/strong><\/b><\/li>\n<\/ol>\n","protected":false},"excerpt":{"rendered":"<p>Pablo Contreras V\u00e1squez &#8211; Marcelo Drago Aguirre &#8211; Pablo Viollier \/ <span style=\"font-size: 16px;\">Noviembre a\u00f1o 2024 <\/span><span style=\"font-size: 16px;\">&#8211; 250 P\u00e1ginas.<\/span><\/p>\n<p>Buscas un libro Jur\u00eddico.? Lo puedes encontrar en nuestra tienda virtual.<br \/>\nContamos con prestigiosos autores y muchas alternativas en sus diferentes materias al igual que grandes descuentos.! Vis\u00edtanos en www.bibliotecajuridicavirtual.cl<\/p>\n<p>Escr\u00edbenos al +56930565235 \/ <a class=\"FTjHluXZKSEiALgwlatFdiSTzoafwZY \" href=\"mailto:ventaslegallexglobal@gmail.com\" target=\"_self\" data-test-app-aware-link=\"\">ventaslegallexglobal@gmail.com<\/a><br \/>\nHacemos env\u00edos a todo Chile &#8211; Starken o Correos Chile \/ Te esperamos.<\/p>\n<p>&nbsp;<\/p>\n","protected":false},"featured_media":2003,"comment_status":"open","ping_status":"closed","template":"","meta":{"inline_featured_image":false,"_joinchat":[]},"product_brand":[],"product_cat":[26,30],"product_tag":[],"class_list":{"0":"post-1973","1":"product","2":"type-product","3":"status-publish","4":"has-post-thumbnail","6":"product_cat-derecho","7":"product_cat-penal","9":"first","10":"instock","11":"shipping-taxable","12":"purchasable","13":"product-type-simple"},"_links":{"self":[{"href":"https:\/\/bibliotecajuridicavirtual.cl\/index.php\/wp-json\/wp\/v2\/product\/1973","targetHints":{"allow":["GET"]}}],"collection":[{"href":"https:\/\/bibliotecajuridicavirtual.cl\/index.php\/wp-json\/wp\/v2\/product"}],"about":[{"href":"https:\/\/bibliotecajuridicavirtual.cl\/index.php\/wp-json\/wp\/v2\/types\/product"}],"replies":[{"embeddable":true,"href":"https:\/\/bibliotecajuridicavirtual.cl\/index.php\/wp-json\/wp\/v2\/comments?post=1973"}],"wp:featuredmedia":[{"embeddable":true,"href":"https:\/\/bibliotecajuridicavirtual.cl\/index.php\/wp-json\/wp\/v2\/media\/2003"}],"wp:attachment":[{"href":"https:\/\/bibliotecajuridicavirtual.cl\/index.php\/wp-json\/wp\/v2\/media?parent=1973"}],"wp:term":[{"taxonomy":"product_brand","embeddable":true,"href":"https:\/\/bibliotecajuridicavirtual.cl\/index.php\/wp-json\/wp\/v2\/product_brand?post=1973"},{"taxonomy":"product_cat","embeddable":true,"href":"https:\/\/bibliotecajuridicavirtual.cl\/index.php\/wp-json\/wp\/v2\/product_cat?post=1973"},{"taxonomy":"product_tag","embeddable":true,"href":"https:\/\/bibliotecajuridicavirtual.cl\/index.php\/wp-json\/wp\/v2\/product_tag?post=1973"}],"curies":[{"name":"wp","href":"https:\/\/api.w.org\/{rel}","templated":true}]}}