{"id":1975,"date":"2026-02-28T00:57:06","date_gmt":"2026-02-28T03:57:06","guid":{"rendered":"https:\/\/bibliotecajuridicavirtual.cl\/?post_type=product&#038;p=1975"},"modified":"2026-02-28T00:57:19","modified_gmt":"2026-02-28T03:57:19","slug":"prueba-ilicita-regla-de-exclusion-y-criterios-de-admisibilidad-probatoria-sanabria-villamizar-ronald-jesus-392-pag-ano-2022-tapa-dura","status":"publish","type":"product","link":"https:\/\/bibliotecajuridicavirtual.cl\/index.php\/product\/prueba-ilicita-regla-de-exclusion-y-criterios-de-admisibilidad-probatoria-sanabria-villamizar-ronald-jesus-392-pag-ano-2022-tapa-dura\/","title":{"rendered":"Prueba Il\u00edcita, Regla de Exclusi\u00f3n y Criterios de Admisibilidad Probatoria &#8211; Sanabria Villamizar, Ronald Jes\u00fas &#8211; 392 P\u00e1g. a\u00f1o 2022 \/ tapa dura"},"content":{"rendered":"<p>Contenido: Cap\u00edtulo I. An\u00e1lisis hist\u00f3rico de la exclusi\u00f3n de prueba relevante : 1.1. Nacimiento de la regla de exclusi\u00f3n de la prueba. 1.2. Expansi\u00f3n territorial de la regla de exclusi\u00f3n: aplicaci\u00f3n de\u00a0<em>weeks\u00a0<\/em>en los estados federados. 1.3. Expansi\u00f3n sustancial de la regla de exclusi\u00f3n: la quinta y sexta enmienda como fundamentos de exclusi\u00f3n. 1.4. Nacimiento de la\u00a0<em>fruit of the poisonous tree doctrine<\/em>. 1.5. Desconstitucionalizaci\u00f3n de la\u00a0<em>exclusionary rule<\/em>: an\u00e1lisis del caso\u00a0<em>United States v. Calandra\u00a0<\/em>(1974). 1.6. Expansi\u00f3n de la regla de exclusi\u00f3n: m\u00e1s all\u00e1 de las fronteras de Estados Unidos. 1.7. Regla de exclusi\u00f3n en Colombia: genealog\u00eda del art\u00edculo 29 de la Constituci\u00f3n Pol\u00edtica de Colombia y de los art\u00edculos 23 y 455 de la ley 906 de 2004. Cap\u00edtulo II. Concepto de regla de exclusi\u00f3n y prueba il\u00edcita: 1.1. Metodolog\u00eda para una propuesta de conceptualizaci\u00f3n. 1.2. Significado de la regla de exclusi\u00f3n: an\u00e1lisis de la consecuencia procesal. 1.3. Facetas de la regla de exclusi\u00f3n como consecuencia procesal. 1.4. Objeto material de la regla de exclusi\u00f3n probatoria. 1.5. Causas de la regla de exclusi\u00f3n: presupuestos configurativos. 1.6. Prueba il\u00edcita y regla de exclusi\u00f3n. 1.7. Aspectos procesales de la aplicaci\u00f3n de la regla de exclusi\u00f3n en Colombia. Cap\u00edtulo III. Teleolog\u00eda de la regla de exclusi\u00f3n de prueba il\u00edcita: 1.1. Tutela de los derechos constitucionales fundamentales. 1.2. Efecto disuasivo de la exclusi\u00f3n de la prueba il\u00edcita (<em>deterren effect<\/em>). 1.3. Finalidad de la cl\u00e1usula de exclusi\u00f3n en el ordenamiento jur\u00eddico colombiano. Cap\u00edtulo IV. Criterios de admisibilidad probatoria de evidencia il\u00edcita en Colombia: 1.1. Insumos locales. 1.2. Insumos for\u00e1neos. 1.3. Juicio de constitucionalidad: an\u00e1lisis de la aplicabilidad de los insumos for\u00e1neos en el derecho colombiano.<\/p>\n","protected":false},"excerpt":{"rendered":"<p>Buscas un libro Jur\u00eddico.? Lo puedes encontrar en nuestra tienda virtual.<br \/>\nContamos con prestigiosos autores y muchas alternativas en sus diferentes materias al igual que grandes descuentos.! Vis\u00edtanos en <a class=\"QKwVMNcugJZCSCraHfEjkhgrjQqBBdvPIrI \" href=\"https:\/\/lnkd.in\/eiAG7jdZ\" target=\"_blank\" rel=\"noopener\" data-test-app-aware-link=\"\">https:\/\/lnkd.in\/eiAG7jdZ<\/a><br \/>\nEscr\u00edbenos al +56930565235 \/ <a class=\"QKwVMNcugJZCSCraHfEjkhgrjQqBBdvPIrI \" href=\"mailto:ventaslegallexglobal@gmail.com\" target=\"_self\" data-test-app-aware-link=\"\">ventaslegallexglobal@gmail.com<\/a><br \/>\nHacemos env\u00edos a todo Chile &#8211; Starken o Correos Chile \/ Te esperamos<\/p>\n","protected":false},"featured_media":2005,"comment_status":"open","ping_status":"closed","template":"","meta":{"inline_featured_image":false,"_joinchat":[]},"product_brand":[],"product_cat":[45,26,30,50,39],"product_tag":[],"class_list":{"0":"post-1975","1":"product","2":"type-product","3":"status-publish","4":"has-post-thumbnail","6":"product_cat-administrativo","7":"product_cat-derecho","8":"product_cat-penal","9":"product_cat-procedimientos-civiles","10":"product_cat-procesal-civil","12":"first","13":"instock","14":"shipping-taxable","15":"purchasable","16":"product-type-simple"},"_links":{"self":[{"href":"https:\/\/bibliotecajuridicavirtual.cl\/index.php\/wp-json\/wp\/v2\/product\/1975","targetHints":{"allow":["GET"]}}],"collection":[{"href":"https:\/\/bibliotecajuridicavirtual.cl\/index.php\/wp-json\/wp\/v2\/product"}],"about":[{"href":"https:\/\/bibliotecajuridicavirtual.cl\/index.php\/wp-json\/wp\/v2\/types\/product"}],"replies":[{"embeddable":true,"href":"https:\/\/bibliotecajuridicavirtual.cl\/index.php\/wp-json\/wp\/v2\/comments?post=1975"}],"wp:featuredmedia":[{"embeddable":true,"href":"https:\/\/bibliotecajuridicavirtual.cl\/index.php\/wp-json\/wp\/v2\/media\/2005"}],"wp:attachment":[{"href":"https:\/\/bibliotecajuridicavirtual.cl\/index.php\/wp-json\/wp\/v2\/media?parent=1975"}],"wp:term":[{"taxonomy":"product_brand","embeddable":true,"href":"https:\/\/bibliotecajuridicavirtual.cl\/index.php\/wp-json\/wp\/v2\/product_brand?post=1975"},{"taxonomy":"product_cat","embeddable":true,"href":"https:\/\/bibliotecajuridicavirtual.cl\/index.php\/wp-json\/wp\/v2\/product_cat?post=1975"},{"taxonomy":"product_tag","embeddable":true,"href":"https:\/\/bibliotecajuridicavirtual.cl\/index.php\/wp-json\/wp\/v2\/product_tag?post=1975"}],"curies":[{"name":"wp","href":"https:\/\/api.w.org\/{rel}","templated":true}]}}