{"id":1976,"date":"2026-02-28T00:57:06","date_gmt":"2026-02-28T03:57:06","guid":{"rendered":"https:\/\/bibliotecajuridicavirtual.cl\/?post_type=product&#038;p=1976"},"modified":"2026-02-28T00:57:19","modified_gmt":"2026-02-28T03:57:19","slug":"motivo-causa-y-fin-de-las-actuaciones-del-servicio-de-impuestos-internos-rodrigo-ugalde-prieto-florencia-larrain-villanueva","status":"publish","type":"product","link":"https:\/\/bibliotecajuridicavirtual.cl\/index.php\/product\/motivo-causa-y-fin-de-las-actuaciones-del-servicio-de-impuestos-internos-rodrigo-ugalde-prieto-florencia-larrain-villanueva\/","title":{"rendered":"Motivo, Causa y Fin de las Actuaciones del Servicio de Impuestos Internos &#8211;  Rodrigo Ugalde Prieto * Florencia Larrain Villanueva"},"content":{"rendered":"<p>La obra tal como indica su t\u00edtulo revisa doctrinaria y jurisprudencialmente el motivo, la causa y el fin del acto jur\u00eddico tributario. \u00a0A partir de dicho an\u00e1lisis, los autores buscan dilucidar la forma en que la motivaci\u00f3n se constituye en una garant\u00eda sustantiva del contribuyente que trasciende el \u00e1mbito administrativo y se proyecta en su eventual reclamo en sede judicial. El estudio de la motivaci\u00f3n de las actuaciones del Servicio de Impuestos Internos cobra especial relevancia y actualidad desde su consagraci\u00f3n legal expl\u00edcita en el listado de derechos del contribuyente contenido en el art\u00edculo 8 bis del C\u00f3digo Tributario. Es a partir de la puesta en vigencia de la Ley N\u00ba 21.210 que ella se erige como una de las reformas m\u00e1s profundas e innovadoras a nuestro sistema tributario. El derecho a la motivaci\u00f3n se consagra hoy en t\u00e9rminos amplios, dotando al contribuyente de una robusta protecci\u00f3n que abarca todas las actuaciones del Servicio, constituyan o no actuaciones o procedimientos de fiscalizaci\u00f3n. En conformidad al nuevo texto, todas ellas deben indicar con precisi\u00f3n las razones que motivan la actuaci\u00f3n que corresponda. El legislador exige al Servicio que toda actuaci\u00f3n sea \u00a0fundada, vale decir, que exprese los hechos, el derecho y el razonamiento l\u00f3gico y jur\u00eddico para llegar a una conclusi\u00f3n, sea que la respectiva norma legal as\u00ed lo disponga expresamente o no. Esta novedosa configuraci\u00f3n permite, asimismo, ligar con mayor claridad la motivaci\u00f3n a un derecho gen\u00e9rico m\u00e1s amplio y del cual forma parte esencial, cual es, el de la tutela judicial efectiva. En este sentido, los autores adhieren a la tesis de que s\u00f3lo asegurando una correcta motivaci\u00f3n del \u00a0acto jur\u00eddico tributario tendr\u00e1 vigencia real el derecho a la acci\u00f3n y a la defensa del contribuyente en el marco de un debido proceso.<\/p>\n<p>\u00cdndice<br \/>\nPr\u00f3logo, ANTONIO FA\u00daNDEZ UGALDE\u00a0\u00a0 \u00a0\u00a0\u00a0 \u00a011<br \/>\nCap\u00edtulo I<br \/>\nIntroducci\u00f3n a la obra<br \/>\nIntroducci\u00f3n a la obra\u00a0\u00a0 \u00a0\u00a0\u00a0 \u00a015<br \/>\nCap\u00edtulo II<br \/>\nMotivo, causa y fin de los actos administrativos.<br \/>\nVicios que pueden determinar su nulidad<br \/>\n1.\u00a0\u00a0 \u00a0INTRODUCCI\u00d3N\u00a0\u00a0 \u00a0\u00a0\u00a0 \u00a023<br \/>\n2.\u00a0\u00a0 \u00a0VICIOS QUE PUEDEN DETERMINAR LA NULIDAD DE LOS ACTOS ADMINISTRATIVOS\u00a0\u00a0 \u00a0\u00a0\u00a0 \u00a026<br \/>\nCap\u00edtulo III<br \/>\nConcepto y elementos del acto administrativo<br \/>\n1.\u00a0\u00a0 \u00a0CONCEPTO DE ACTO ADMINISTRATIVO\u00a0\u00a0 \u00a0\u00a0\u00a0 \u00a039<br \/>\n2.\u00a0\u00a0 \u00a0ELEMENTOS DEL ACTO ADMINISTRATIVO\u00a0\u00a0 \u00a0\u00a0\u00a0 \u00a045<br \/>\n3.\u00a0\u00a0 \u00a0MOTIVOS Y MOTIVACI\u00d3N DE LOS ACTOS ADMINISTRATIVOS\u00a0\u00a0 \u00a0\u00a0\u00a0 \u00a055<br \/>\n4.\u00a0\u00a0 \u00a0FUNCIONES DE LA MOTIVACI\u00d3N\u00a0\u00a0 \u00a0\u00a0\u00a0 \u00a057<br \/>\n5.\u00a0\u00a0 \u00a0OPORTUNIDAD DE LA MOTIVACI\u00d3N\u00a0\u00a0 \u00a0\u00a0\u00a0 \u00a059<br \/>\n6.\u00a0\u00a0 \u00a0SITUACI\u00d3N DEL ACTO ADMINISTRATIVO QUE CARECE DE MOTIVACI\u00d3N\u00a0\u00a0 \u00a0\u00a0\u00a0 \u00a062<br \/>\n7.\u00a0\u00a0 \u00a0ACTOS ADMINISTRATIVOS QUE DEBEN SER MOTIVADOS\u00a0\u00a0 \u00a0\u00a0\u00a0 \u00a063<br \/>\n8.\u00a0\u00a0 \u00a0NATURALEZA JUR\u00cdDICA DE LA MOTIVACI\u00d3N\u00a0\u00a0 \u00a0\u00a0\u00a0 \u00a068<br \/>\n9.\u00a0\u00a0 \u00a0REVISI\u00d3N DE LA MOTIVACI\u00d3N DE LOS ACTOS ADMINISTRATIVOS POR PARTE DE LOS \u00d3RGANOS JURISDICCIONALES\u00a0\u00a0 \u00a0\u00a0\u00a0 \u00a076<br \/>\n10.\u00a0\u00a0 \u00a0LA MOTIVACI\u00d3N DE LAS ACTOS ADMINISTRATIVOS DEL SERVICIO DE IMPUESTOS INTERNOS. GENERALIDADES\u00a0\u00a0 \u00a0\u00a0\u00a0 \u00a077<br \/>\n11.\u00a0\u00a0 \u00a0AN\u00c1LISIS PARTICULAR DE LOS REQUISITOS DE LA MOTIVACI\u00d3N DE LOS ACTOS DEL SERVICIO DE IMPUESTOS INTERNOS, DE ACUERDO A LA LETRA A) DEL N\u00b0 4 DEL ART. 8\u00b0 BIS DEL C\u00d3DIGO TRIBUTARIO\u00a0\u00a0 \u00a0\u00a0\u00a0 \u00a083<br \/>\n12.\u00a0\u00a0 \u00a0MODO EN QUE DEBEN SER CUMPLIDOS LOS REQUISITOS DE LA MOTIVACI\u00d3N DE LOS ACTOS ADMINISTRATIVOS DEL SERVICIO DE IMPUESTOS INTERNOS\u00a0\u00a0 \u00a0\u00a0\u00a0 \u00a097<br \/>\n12.1.\u00a0\u00a0 \u00a0La motivaci\u00f3n debe ser expresa\u00a0\u00a0 \u00a0\u00a0\u00a0 \u00a098<br \/>\n12.2.\u00a0\u00a0 \u00a0La motivaci\u00f3n debe ser suficiente\u00a0\u00a0 \u00a0\u00a0\u00a0 \u00a0104<br \/>\n12.3.\u00a0\u00a0 \u00a0La motivaci\u00f3n debe ser coherente o congruente\u00a0\u00a0 \u00a0\u00a0\u00a0 \u00a0108<br \/>\n13.\u00a0\u00a0 \u00a0LA CAUSA DEL ACTO ADMINISTRATIVO\u00a0\u00a0 \u00a0\u00a0\u00a0 \u00a0113<br \/>\n14.\u00a0\u00a0 \u00a0EL FIN DEL ACTO ADMINISTRATIVO\u00a0\u00a0 \u00a0\u00a0\u00a0 \u00a0128<br \/>\n15.\u00a0\u00a0 \u00a0LA DESVIACI\u00d3N DE PODER\u00a0\u00a0 \u00a0\u00a0\u00a0 \u00a0134<br \/>\n15.1.\u00a0\u00a0 \u00a0Introducci\u00f3n a la desviaci\u00f3n de poder\u00a0\u00a0 \u00a0\u00a0\u00a0 \u00a0134<br \/>\n15.2.\u00a0\u00a0 \u00a0Definici\u00f3n y variantes de la desviaci\u00f3n de poder\u00a0\u00a0 \u00a0\u00a0\u00a0 \u00a0136<br \/>\n15.3.\u00a0\u00a0 \u00a0El proceso para determinar la existencia de desviaci\u00f3n de poder. Su prueba y elementos\u00a0\u00a0 \u00a0\u00a0\u00a0 \u00a0141<br \/>\n15.4.\u00a0\u00a0 \u00a0Jurisprudencia extranjera que ha declarado la existencia de desviaci\u00f3n de poder\u00a0\u00a0 \u00a0\u00a0\u00a0 \u00a0149<br \/>\n15.5.\u00a0\u00a0 \u00a0Jurisprudencia nacional sobre la desviaci\u00f3n de poder\u00a0\u00a0 \u00a0\u00a0\u00a0 \u00a0154<br \/>\n15.6.\u00a0\u00a0 \u00a0Indicios de desviaci\u00f3n de poder\u00a0\u00a0 \u00a0\u00a0\u00a0 \u00a0157<br \/>\nCap\u00edtulo IV<br \/>\nPotestades regladas y discrecionales<br \/>\n1.\u00a0\u00a0 \u00a0LAS POTESTADES REGLADAS\u00a0\u00a0 \u00a0\u00a0\u00a0 \u00a0161<br \/>\n2.\u00a0\u00a0 \u00a0LAS POTESTADES DISCRECIONALES Y SUS L\u00cdMITES\u00a0\u00a0 \u00a0\u00a0\u00a0 \u00a0167<br \/>\n3.\u00a0\u00a0 \u00a0EL CONTROL JURISDICCIONAL DE LAS POTESTADES DISCRECIONALES\u00a0\u00a0 \u00a0\u00a0\u00a0 \u00a0185<br \/>\nCap\u00edtulo V<br \/>\nMotivaci\u00f3n del acto administrativo tributario<br \/>\ny la tutela judicial del contribuyente<br \/>\n1.\u00a0\u00a0 \u00a0INTRODUCCI\u00d3N\u00a0\u00a0 \u00a0\u00a0\u00a0 \u00a0193<br \/>\n2.\u00a0\u00a0 \u00a0LA TUTELA JUDICIAL DEL CONTRIBUYENTE Y SU VINCULACI\u00d3N CON LA MOTIVACI\u00d3N\u00a0\u00a0 \u00a0\u00a0\u00a0 \u00a0198<br \/>\n2.1.\u00a0\u00a0 \u00a0Delimitaci\u00f3n del concepto\u00a0\u00a0 \u00a0\u00a0\u00a0 \u00a0198<br \/>\n2.2.\u00a0\u00a0 \u00a0La tutela judicial efectiva en la jurisprudencia del Tribunal Constitucional\u00a0\u00a0 \u00a0\u00a0\u00a0 \u00a0202<br \/>\n2.3.\u00a0\u00a0 \u00a0La tutela judicial efectiva en el \u00e1mbito tributario\u00a0\u00a0 \u00a0\u00a0\u00a0 \u00a0207<br \/>\n2.4.\u00a0\u00a0 \u00a0Jurisprudencia espa\u00f1ola en materia de tutela judicial efectiva\u00a0\u00a0 \u00a0\u00a0\u00a0 \u00a0213<br \/>\n2.5.\u00a0\u00a0 \u00a0Resumen y definici\u00f3n de tutela judicial efectiva para efectos del presente an\u00e1lisis\u00a0\u00a0 \u00a0\u00a0\u00a0 \u00a0220<br \/>\n3.\u00a0\u00a0 \u00a0ALCANCE DE LAS POTESTADES FISCALIZADORAS DEL SII Y SU RELACI\u00d3N CON LA MOTIVACI\u00d3N DE LOS ACTOS ADMINISTRATIVOS RESULTANTES DE SU EJERCICIO\u00a0\u00a0 \u00a0\u00a0\u00a0 \u00a0226<br \/>\n4.\u00a0\u00a0 \u00a0EVOLUCI\u00d3N DEL DERECHO A LA MOTIVACI\u00d3N DEL ACTO JUR\u00cdDICO TRIBUTARIO EN CHILE Y DE LOS DERECHOS DE LOS CONTRIBUYENTES\u00a0\u00a0 \u00a0\u00a0\u00a0 \u00a0229<br \/>\n5.\u00a0\u00a0 \u00a0EL DERECHO A RECIBIR INFORMACI\u00d3N POR PARTE DEL SII. VINCULACI\u00d3N CON LA MOTIVACI\u00d3N\u00a0\u00a0 \u00a0\u00a0\u00a0 \u00a0241<br \/>\n6.\u00a0\u00a0 \u00a0SITUACIONES ESPECIALES EN MATERIA DE MOTIVACI\u00d3N\u00a0\u00a0 \u00a0\u00a0\u00a0 \u00a0242<br \/>\n6.1.\u00a0\u00a0 \u00a0Utilizaci\u00f3n de presunciones legales por parte de la Administraci\u00f3n Tributaria\u00a0\u00a0 \u00a0\u00a0\u00a0 \u00a0242<br \/>\n6.2.\u00a0\u00a0 \u00a0La motivaci\u00f3n de la liquidaci\u00f3n tributaria\u00a0\u00a0 \u00a0\u00a0\u00a0 \u00a0246<br \/>\n6.3.\u00a0\u00a0 \u00a0Los actos administrativos generados por la v\u00eda de algoritmos computacionales\u00a0\u00a0 \u00a0\u00a0\u00a0 \u00a0252<br \/>\n7.\u00a0\u00a0 \u00a0CRITERIO DEL TRIBUNAL CONSTITUCIONAL RESPECTO A LA MOTIVACI\u00d3N DE LA LIQUIDACI\u00d3N TRIBUTARIA. (ANTERIOR AL TEXTO ACTUAL DEL N\u00b0 4 DEL ART. 8 BIS DEL CT)\u00a0\u00a0 \u00a0\u00a0\u00a0 \u00a0254<br \/>\nCap\u00edtulo VI<br \/>\nConclusiones<br \/>\nConclusiones\u00a0\u00a0 \u00a0\u00a0\u00a0 \u00a0257<br \/>\nBibliograf\u00eda citada\u00a0\u00a0 \u00a0\u00a0\u00a0 \u00a0261<\/p>\n","protected":false},"excerpt":{"rendered":"<p>1\u00aa edici\u00f3n actualizada a Enero a\u00f1o 2025\u00a0 \/ 268 p\u00e1gs.<\/p>\n<p>Buscas un libro Jur\u00eddico.? Lo puedes encontrar en nuestra tienda virtual.<br \/>\nContamos con prestigiosos autores y muchas alternativas en sus diferentes materias al igual que grandes descuentos.! Vis\u00edtanos en www.bibliotecajuridicavirtual.cl<\/p>\n<p>Escr\u00edbenos al +56930565235 \/ <a class=\"VqtxQbWoLpIbcJnGtZXbaJEBDNpAbVzwGjIU \" href=\"mailto:ventaslegallexglobal@gmail.com\" target=\"_self\" data-test-app-aware-link=\"\">ventaslegallexglobal@gmail.com<\/a><br \/>\nHacemos env\u00edos a todo Chile \u2013 Starken o Correos Chile \/ Te esperamos.<\/p>\n","protected":false},"featured_media":2006,"comment_status":"open","ping_status":"closed","template":"","meta":{"inline_featured_image":false,"_joinchat":[]},"product_brand":[],"product_cat":[26,28],"product_tag":[],"class_list":{"0":"post-1976","1":"product","2":"type-product","3":"status-publish","4":"has-post-thumbnail","6":"product_cat-derecho","7":"product_cat-tributario","9":"first","10":"instock","11":"shipping-taxable","12":"purchasable","13":"product-type-simple"},"_links":{"self":[{"href":"https:\/\/bibliotecajuridicavirtual.cl\/index.php\/wp-json\/wp\/v2\/product\/1976","targetHints":{"allow":["GET"]}}],"collection":[{"href":"https:\/\/bibliotecajuridicavirtual.cl\/index.php\/wp-json\/wp\/v2\/product"}],"about":[{"href":"https:\/\/bibliotecajuridicavirtual.cl\/index.php\/wp-json\/wp\/v2\/types\/product"}],"replies":[{"embeddable":true,"href":"https:\/\/bibliotecajuridicavirtual.cl\/index.php\/wp-json\/wp\/v2\/comments?post=1976"}],"wp:featuredmedia":[{"embeddable":true,"href":"https:\/\/bibliotecajuridicavirtual.cl\/index.php\/wp-json\/wp\/v2\/media\/2006"}],"wp:attachment":[{"href":"https:\/\/bibliotecajuridicavirtual.cl\/index.php\/wp-json\/wp\/v2\/media?parent=1976"}],"wp:term":[{"taxonomy":"product_brand","embeddable":true,"href":"https:\/\/bibliotecajuridicavirtual.cl\/index.php\/wp-json\/wp\/v2\/product_brand?post=1976"},{"taxonomy":"product_cat","embeddable":true,"href":"https:\/\/bibliotecajuridicavirtual.cl\/index.php\/wp-json\/wp\/v2\/product_cat?post=1976"},{"taxonomy":"product_tag","embeddable":true,"href":"https:\/\/bibliotecajuridicavirtual.cl\/index.php\/wp-json\/wp\/v2\/product_tag?post=1976"}],"curies":[{"name":"wp","href":"https:\/\/api.w.org\/{rel}","templated":true}]}}