{"id":1978,"date":"2026-02-28T00:57:06","date_gmt":"2026-02-28T03:57:06","guid":{"rendered":"https:\/\/bibliotecajuridicavirtual.cl\/?post_type=product&#038;p=1978"},"modified":"2026-02-28T00:57:21","modified_gmt":"2026-02-28T03:57:21","slug":"violencia-y-acoso-en-el-trabajo-analisis-de-la-ley-n21-643-ley-karin-julio-salinas-palma-enero-ano-2025-180-pag","status":"publish","type":"product","link":"https:\/\/bibliotecajuridicavirtual.cl\/index.php\/product\/violencia-y-acoso-en-el-trabajo-analisis-de-la-ley-n21-643-ley-karin-julio-salinas-palma-enero-ano-2025-180-pag\/","title":{"rendered":"Violencia y Acoso en el Trabajo &#8211; An\u00e1lisis de la Ley N\u00b021.643 \/ Ley Karin &#8211; Julio Salinas Palma &#8211; enero a\u00f1o 2025 &#8211; 180 P\u00e1g."},"content":{"rendered":"<p style=\"font-weight: 400;\">La Ley N\u00b0 21.643, que modifica el C\u00f3digo del Trabajo y otros cuerpos legales, en materia de prevenci\u00f3n, investigaci\u00f3n y sanci\u00f3n del acoso laboral, sexual o de violencia en el trabajo, conocida como &#8220;Ley Karin&#8221;, constituye un esfuerzo de nuestro legislador para abordar situaciones que, actual- mente, ocurren en los lugares de trabajo y que afectan gravemente la dignidad de los trabajadores.<\/p>\n<p style=\"font-weight: 400;\">En este libro, el autor recorre el contexto normativo que sirvi\u00f3 de base para la publicaci\u00f3n de la Ley, as\u00ed como la visi\u00f3n de nuestra jurisprudencia y doctrina, nacional comparada, acerca de los conceptos de acoso y violencia en el trabajo. Asimismo, resulta relevante el tratamiento que hace el autor de la necesidad del empleador, sea privado o p\u00fablico, de proteger la vida y salud de los trabajadores, obligaci\u00f3n que es transversal en nuestro derecho laboral.<\/p>\n<p style=\"font-weight: 400;\">Ciertamente, la necesidad de cautelar por el empleador el ejercicio de los derechos fundamentales de parte de los trabajadores, independiente de la calidad contractual que estos tengan, se materializa en conductas concretas como las que se se\u00f1alan en este libro. De esta manera, el lector encontrar\u00e1 respuestas a diversas interrogantes referidas a la necesaria protecci\u00f3n laboral que debe dar el empleador a sus trabajadores.<\/p>\n<ol>\n<li style=\"font-weight: 400;\"><b><strong> NORMAS INTERNACIONALES Y NORMAS NACIONALES<\/strong><\/b><\/li>\n<li style=\"font-weight: 400;\">a) Organizaci\u00f3n Internacional del Trabajo (OIT) y Tratados Internacionales ratificados por Chile<br \/>\nb) Convenio 190<br \/>\ni) Principios<br \/>\nii) Art\u00edculos m\u00e1s relevantes, Convenio 190<br \/>\nc) Recomendaci\u00f3n 206<\/li>\n<li style=\"font-weight: 400;\"><b><strong> EFICACIA HORIZONTAL DE LOS DERECHOS LABORALES<\/strong><\/b><\/li>\n<li style=\"font-weight: 400;\">a) Ciudadan\u00eda en la empresa<br \/>\nb) Dignidad e ideas generales de los derechos fundamentales en el \u00e1mbito laboral<br \/>\nc) Derechos fundamentales relevantes a la luz de la Ley No 21.643<br \/>\ni) Derecho a la vida<br \/>\nii) Derecho a la integridad f\u00edsica y ps\u00edquica<br \/>\niii) Derecho a la vida privada<br \/>\niv) Derecho a la honra<br \/>\nv) Derecho a la no discriminaci\u00f3n arbitraria<br \/>\nvi) Libertad de conciencia<br \/>\nvii) Libertad de expresi\u00f3n<\/li>\n<li style=\"font-weight: 400;\"><b><strong> DEBER DE PROTECCI\u00d3N<\/strong><\/b><\/li>\n<li style=\"font-weight: 400;\">a) Consideraciones respecto del deber de protecci\u00f3n<br \/>\nb) Comit\u00e9 paritario de Higiene y Seguridad<br \/>\nc) Gesti\u00f3n de riesgos psicosociales laborales<br \/>\ni) Concepto de riesgos psicosociales laborales<br \/>\nii) Prevenci\u00f3n primaria, secundaria y terciaria .<br \/>\niii) Protocolo de prevenci\u00f3n<br \/>\niv) Comit\u00e9 de aplicaci\u00f3n<br \/>\nd) Da\u00f1o moral como indemnizaci\u00f3n de perjuicios<br \/>\ne) Garant\u00eda de indemnidad .<\/li>\n<li style=\"font-weight: 400;\"><b><strong> LEY N\u00b0 21.643<\/strong><\/b><\/li>\n<li style=\"font-weight: 400;\">a) Conceptos de la Ley No 21.643<br \/>\ni) Acoso laboral<br \/>\nPerd\u00f3n del ofendido<br \/>\n2. Casos en que no existe acoso laboral<br \/>\n3. Perspectiva de g\u00e9nero en el acoso laboral<br \/>\nii) Acoso sexual<br \/>\n1. An\u00e1lisis doctrinal y jurisprudencial del concepto de acoso sexual<br \/>\na. Debe existir un requerimiento<br \/>\nb. El acto no debe ser consentido por la v\u00edctima<br \/>\n2. Tipos de acoso sexual<br \/>\na. Acoso quid pro quo o Chantaje sexual<br \/>\nb. Acoso sexual ambiental<br \/>\nc. Acercamientos sexuales no deseados<br \/>\n3. Perspectiva de g\u00e9nero en el acoso sexual<br \/>\niii) Acoso horizontal, vertical y complejo o mixto<br \/>\n1. Acoso horizontal<br \/>\n2. Acoso vertical descendente<br \/>\n3. Acoso vertical ascendente<br \/>\n4. Acoso mixto o complejo<br \/>\niv) Conceptos relacionados con el acoso laboral y sexual<br \/>\n1. Comportamientos inc\u00edvicos<br \/>\n2. Sexismo<br \/>\nv) Violencia en el trabajo<br \/>\nb) Reglamento de Orden, Higiene y Seguridad<br \/>\nc) Denuncia<br \/>\nd) Investigaci\u00f3n<br \/>\ne) Principios<br \/>\ni) Confidencialidad<br \/>\nii) Imparcialidad<br \/>\niii) Celeridad<br \/>\niv) Perspectiva de g\u00e9nero<br \/>\nf) Medidas de resguardo<br \/>\ng) Perspectiva de g\u00e9nero e interseccionalidad<br \/>\ni) Interseccionalidad<br \/>\nii) Tratados internacionales sobre Derechos Humanos<br \/>\n1. Convenci\u00f3n sobre la Eliminaci\u00f3n de Todas las Formas de Discriminaci\u00f3n Contra la Mujer (CEDAW)<br \/>\n2. Convenci\u00f3n de Belem do Par\u00e1<br \/>\n3. Convenci\u00f3n sobre los Derechos de las Personas con Discapacidad<\/li>\n<li style=\"font-weight: 400;\"><b><strong> APLICACI\u00d3N FUNCIONARIOS P\u00daBLICOS<\/strong><\/b><\/li>\n<li style=\"font-weight: 400;\">a) Concepto funcionario p\u00fablico<br \/>\nb) El fen\u00f3meno de laboralizaci\u00f3n en la funci\u00f3n p\u00fablica<br \/>\nc) Modificaciones introducidas por la Ley No 21.643<br \/>\ni) Denuncia<br \/>\nii) Protocolo de prevenci\u00f3n<br \/>\niii) Principio de probidad<br \/>\niv) Perspectiva de g\u00e9nero<br \/>\nv) Sumario administrativo<br \/>\nvi) Medidas de resguardo<br \/>\nvii) Sanciones<br \/>\nviii) Entrada en vigencia de la Ley No 21.643 en el \u00e1mbito p\u00fablico<\/li>\n<li style=\"font-weight: 400;\"><b><strong> APLICACI\u00d3N FUNCIONARIOS MUNICIPALES<\/strong><\/b><\/li>\n<li style=\"font-weight: 400;\">a) Modificaciones a la Ley No 18.883<br \/>\ni) Denuncia<br \/>\nii) Principio de probidad<br \/>\niii) Sumario administrativo<br \/>\niv) Sanciones<br \/>\nb) Modificaciones a la Ley No 18.695<\/li>\n<li style=\"font-weight: 400;\"><b><strong> APLICACI\u00d3N DOCENTES Y ASISTENTES DE LA EDUCACI\u00d3N<\/strong><\/b><\/li>\n<li style=\"font-weight: 400;\">a) Conceptos relevantes<br \/>\ni) Concepto docente<br \/>\nii) Concepto asistente de la educaci\u00f3n<br \/>\niii) Concepto asistente de la educaci\u00f3n p\u00fablica<br \/>\niv) Reglamento interno de Convivencia Escolar<br \/>\nv) Comunidad educativa<br \/>\nb) Ordinario 1189 de 2024 de la Superintendencia de Educaci\u00f3n<\/li>\n<\/ol>\n<p style=\"font-weight: 400;\"><b><strong>ANEXOS<\/strong><\/b><\/p>\n<p style=\"font-weight: 400;\">Anexo 1: Ley No 21.643<\/p>\n<p style=\"font-weight: 400;\">Anexo 2: Auto acordado que adecua la regulaci\u00f3n del Poder Judicial en materia de procedimientos de investigaci\u00f3n y sanci\u00f3n de acoso laboral y acoso sexual<\/p>\n","protected":false},"excerpt":{"rendered":"<p>Buscas un libro Jur\u00eddico.? Lo puedes encontrar en nuestra tienda virtual.<br \/>\nContamos con prestigiosos autores y muchas alternativas en sus diferentes materias al igual que grandes descuentos.!<br \/>\nVis\u00edtanos en www.bibliotecajuridicavirtual.cl<br \/>\nEscr\u00edbenos al +56930565235 \/ <a class=\"UCscCatRDSWOVGPsBHtBFxutMeBcJczyetPkw \" href=\"mailto:ventaslegallexglobal@gmail.com\" target=\"_self\" data-test-app-aware-link=\"\">ventaslegallexglobal@gmail.com<\/a><br \/>\nHacemos env\u00edos a todo Chile \u2013 Starken o Correos Chile \/ Te esperamos.<\/p>\n","protected":false},"featured_media":2008,"comment_status":"open","ping_status":"closed","template":"","meta":{"inline_featured_image":false,"_joinchat":[]},"product_brand":[],"product_cat":[26,41],"product_tag":[],"class_list":{"0":"post-1978","1":"product","2":"type-product","3":"status-publish","4":"has-post-thumbnail","6":"product_cat-derecho","7":"product_cat-laboral","9":"first","10":"instock","11":"shipping-taxable","12":"purchasable","13":"product-type-simple"},"_links":{"self":[{"href":"https:\/\/bibliotecajuridicavirtual.cl\/index.php\/wp-json\/wp\/v2\/product\/1978","targetHints":{"allow":["GET"]}}],"collection":[{"href":"https:\/\/bibliotecajuridicavirtual.cl\/index.php\/wp-json\/wp\/v2\/product"}],"about":[{"href":"https:\/\/bibliotecajuridicavirtual.cl\/index.php\/wp-json\/wp\/v2\/types\/product"}],"replies":[{"embeddable":true,"href":"https:\/\/bibliotecajuridicavirtual.cl\/index.php\/wp-json\/wp\/v2\/comments?post=1978"}],"wp:featuredmedia":[{"embeddable":true,"href":"https:\/\/bibliotecajuridicavirtual.cl\/index.php\/wp-json\/wp\/v2\/media\/2008"}],"wp:attachment":[{"href":"https:\/\/bibliotecajuridicavirtual.cl\/index.php\/wp-json\/wp\/v2\/media?parent=1978"}],"wp:term":[{"taxonomy":"product_brand","embeddable":true,"href":"https:\/\/bibliotecajuridicavirtual.cl\/index.php\/wp-json\/wp\/v2\/product_brand?post=1978"},{"taxonomy":"product_cat","embeddable":true,"href":"https:\/\/bibliotecajuridicavirtual.cl\/index.php\/wp-json\/wp\/v2\/product_cat?post=1978"},{"taxonomy":"product_tag","embeddable":true,"href":"https:\/\/bibliotecajuridicavirtual.cl\/index.php\/wp-json\/wp\/v2\/product_tag?post=1978"}],"curies":[{"name":"wp","href":"https:\/\/api.w.org\/{rel}","templated":true}]}}